{"id":442,"date":"2016-06-12T20:08:54","date_gmt":"2016-06-12T20:08:54","guid":{"rendered":"http:\/\/moverdb.com\/?page_id=442"},"modified":"2026-01-08T14:48:14","modified_gmt":"2026-01-08T14:48:14","slug":"euromovers","status":"publish","type":"page","link":"https:\/\/moverdb.com\/nb\/euromovers\/","title":{"rendered":"European Mover Partnership (EUROMOVERS International) Forklaret"},"content":{"rendered":"<p>Euromovers er basert i <a href=\"https:\/\/moverdb.com\/nb\/moving-to-luxembourg\/\" data-internallinksmanager029f6b8e52c=\"349\" title=\"Flytter du til Luxembourg? 2023 Levekostnader og flyttetips\">Luxembourg<\/a> og best\u00e5r av en rekke ledende <a href=\"https:\/\/moverdb.com\/nb\/flyttefirmaer\/\">internasjonale flyttebyr\u00e5er<\/a> som har dannet et nettverk p\u00e5 grunnlag av felles standarder, visjon og retning. <\/p>\n<p>Gruppen tilbyr flyttetjenester som leveres bedre p\u00e5 grunn av sitt nettverk av tilknyttede selskaper.<\/p>\n<p><strong>N\u00f8kkelfakta om Euromovers:<\/strong><\/p>\n<ol>\n<li>  Euromovers er et nettverk av mer enn 70 flyttebyr\u00e5er.<\/li>\n<li>  Medlemsorganisasjonene kommer fra en rekke ulike land, inkludert <a href=\"https:\/\/moverdb.com\/nb\/moving-to-austria\/\" data-internallinksmanager029f6b8e52c=\"343\" title=\"Flytter du til \u00d8sterrike? 2023 Levekostnader og flyttetips\">\u00d8sterrike<\/a>, <a href=\"https:\/\/moverdb.com\/nb\/moving-to-belgium\/\" data-internallinksmanager029f6b8e52c=\"323\" title=\"Flytte til Belgia? 2023 Levekostnader og flyttetips\">Belgia<\/a>, <a href=\"https:\/\/moverdb.com\/nb\/moving-to-the-czech-republic\/\" data-internallinksmanager029f6b8e52c=\"391\" title=\"Skal du flytte til Tsjekkia? 2024 Levekostnader og tips om flytting\">Tsjekkia<\/a>, <a href=\"https:\/\/moverdb.com\/nb\/moving-to-denmark\/\" data-internallinksmanager029f6b8e52c=\"335\" title=\"Flytter du til Danmark? 2023 Levekostnader og flyttetips\">Danmark<\/a>, <a href=\"https:\/\/moverdb.com\/nb\/moving-to-finland\/\" data-internallinksmanager029f6b8e52c=\"345\" title=\"Flytter du til Finland? 2023 Levekostnader og flyttetips\">Finland<\/a>, <a href=\"https:\/\/moverdb.com\/nb\/moving-to-france\/\" data-internallinksmanager029f6b8e52c=\"315\" title=\"Flytte til Frankrike? 2023 Levekostnader og flyttetips\">Frankrike<\/a>, <a href=\"https:\/\/moverdb.com\/nb\/moving-to-germany\/\" data-internallinksmanager029f6b8e52c=\"321\" title=\"Flytte til Tyskland? 2023 Levekostnader og flyttetips\">Tyskland<\/a>, <a href=\"https:\/\/moverdb.com\/nb\/moving-to-greece\/\" data-internallinksmanager029f6b8e52c=\"353\" title=\"Flytter du til Hellas? 2023 Levekostnader og flyttetips\">Hellas<\/a>, <a href=\"https:\/\/moverdb.com\/nb\/moving-to-italy\/\" data-internallinksmanager029f6b8e52c=\"346\" title=\"Flytter du til Italia? 2023 Levekostnader og flyttetips\">Italia<\/a>, Luxembourg, <a href=\"https:\/\/moverdb.com\/nb\/moving-to-the-netherlands\/\" data-internallinksmanager029f6b8e52c=\"328\" title=\"Flytte til Nederland? 2023 Levekostnader og flyttetips\">Nederland<\/a>, <a href=\"https:\/\/moverdb.com\/nb\/moving-to-slovakia\/\" data-internallinksmanager029f6b8e52c=\"338\" title=\"Flytter du til Slovakia? 2023 Levekostnader og flyttetips\">Slovakia<\/a>, <a href=\"https:\/\/moverdb.com\/nb\/moving-to-spain\/\" data-internallinksmanager029f6b8e52c=\"266\" title=\"Flytte til Spania? 2023 Levekostnader og flyttetips\">Spania<\/a>, <a href=\"https:\/\/moverdb.com\/nb\/moving-to-switzerland\/\" data-internallinksmanager029f6b8e52c=\"327\" title=\"Flytte til Sveits? 2023 Levekostnader og flyttetips\">Sveits<\/a> og <a href=\"https:\/\/moverdb.com\/nb\/internasjonale-flyttinger\/\">Storbritannia<\/a>, og utenfor Europa i <a href=\"https:\/\/moverdb.com\/nb\/moving-to-the-united-states\/\" data-internallinksmanager029f6b8e52c=\"94\" title=\"Flytte til USA? 2023 Levekostnader og flyttetips\">De forente stater<\/a>, <a href=\"https:\/\/moverdb.com\/nb\/moving-to-australia\/living-in-australia\/\" data-internallinksmanager029f6b8e52c=\"240\" title=\"21 hemmeligheter om \u00e5 bo i Australia for \u00e5 vite f\u00f8r du flytter\">Australia<\/a>, Den russiske f\u00f8derasjon og <a href=\"https:\/\/moverdb.com\/nb\/moving-to-china\/\" data-internallinksmanager029f6b8e52c=\"357\" title=\"Flytter du til Kina? 2023 Levekostnader og flyttetips\">Kina<\/a>.<\/li>\n<li>  Euromovers tilbyr flyttetjenester, det er ikke en bransjeorganisasjon.<\/li>\n<li>  Alle tilknyttede partnere i Euromovers-nettverket deltar i periodiske revisjoner og gjennomganger for \u00e5 sikre samsvar med etablerte standarder.<\/li>\n<li>  Euromovers er medlem hvis <a href=\"https:\/\/moverdb.com\/nb\/iam\/\">International Association of Movers<\/a> og innehar kvalitetssertifikatene ISO 9001 (kvalitetsstyringstjenester), ISO 14001 (milj\u00f8styringssystemer) og ISO 27001 (informasjonssikkerhetssystemer).<\/li>\n<\/ol>\n<p><strong>European Mover Partnership-profil:<\/strong><\/p>\n<p>Euromovers tilbyr <a href=\"https:\/\/moverdb.com\/nb\/internasjonale-flyttinger\/\">Europeiske flyttinger og oversj\u00f8iske flyttinger<\/a> via sine 70 medlemmer som er spredt over land i Europa og andre steder, som Kina og Russland. <\/p>\n<p>Selskapet tilbyr d\u00f8r-til-d\u00f8r-flytting og relokaliseringstjenester for bedrifter og privatpersoner, lagringsl\u00f8sninger, bedriftsl\u00f8sninger og frakt av kunst. Det gjensidige partnerskapet som Euromovers er basert p\u00e5, hjelper virksomheten med \u00e5 n\u00e5 sin visjon om integrert flytting til enhver global destinasjon.<\/p>\n<p><strong>Kriterier for medlemskap:<\/strong><\/p>\n<p>Det gis ingen detaljer om kriteriene for medlemskap p\u00e5 nettet.<\/p>\n<p><strong>Eksempel p\u00e5 medlemsbedrifter<\/strong><\/p>\n<ul>\n<li> <a href=\"https:\/\/moverdb.com\/nb\/atlas-van-lines-international\/\">Atlas Van Lines<\/a><\/li>\n<\/ul>\n<p><strong>Meninger om det europeiske Mover-partnerskapet<\/strong><\/p>\n<p>Bortsett fra sitt eget nettsted ser ikke European Mover Partnership ut til \u00e5 v\u00e6re nevnt andre steder p\u00e5 nettet. Det finnes en annen organisasjon med et lignende navn - Euro Movers International LLC, som har sitt hovedkvarter i <a href=\"https:\/\/moverdb.com\/nb\/moving-to-dubai\/\" data-internallinksmanager029f6b8e52c=\"246\" title=\"Flytte til Dubai? 2023 Levekostnader og tips om flytting\">Dubai<\/a>, men er ikke en del av gruppen. <\/p>\n<p>Dubai Euromovers mottar <a href=\"http:\/\/www.complaintsboard.com\/complaints\/euro-movers-dubai-c431198.html\" target=\"_blank\" rel=\"noopener\">sv\u00e6rt negative vurderinger<\/a>.<\/p>\n<p><strong>Nettsted:<\/strong> <a href=\"http:\/\/www.euromovers.com\/\" target=\"_blank\" rel=\"noopener\">http:\/\/www.euromovers.com\/<\/a><\/p>","protected":false},"excerpt":{"rendered":"<p>Euromovers is based in Luxembourg and is made up of a number of leading international moving companies who have formed a network on the basis of shared standards, vision and direction. The group offers moving services that are better provided because of its network of connected companies. Key facts about Euromovers: Euromovers is a network [&hellip;]<\/p>\n","protected":false},"author":1,"featured_media":0,"parent":0,"menu_order":0,"comment_status":"closed","ping_status":"closed","template":"","meta":{"_genesis_hide_title":false,"_genesis_hide_breadcrumbs":false,"_genesis_hide_singular_image":false,"_genesis_hide_footer_widgets":false,"_genesis_custom_body_class":"","_genesis_custom_post_class":"","_genesis_layout":"","footnotes":""},"class_list":{"0":"post-442","1":"page","2":"type-page","3":"status-publish","5":"entry"},"_links":{"self":[{"href":"https:\/\/moverdb.com\/nb\/wp-json\/wp\/v2\/pages\/442","targetHints":{"allow":["GET"]}}],"collection":[{"href":"https:\/\/moverdb.com\/nb\/wp-json\/wp\/v2\/pages"}],"about":[{"href":"https:\/\/moverdb.com\/nb\/wp-json\/wp\/v2\/types\/page"}],"author":[{"embeddable":true,"href":"https:\/\/moverdb.com\/nb\/wp-json\/wp\/v2\/users\/1"}],"replies":[{"embeddable":true,"href":"https:\/\/moverdb.com\/nb\/wp-json\/wp\/v2\/comments?post=442"}],"version-history":[{"count":5,"href":"https:\/\/moverdb.com\/nb\/wp-json\/wp\/v2\/pages\/442\/revisions"}],"predecessor-version":[{"id":6203,"href":"https:\/\/moverdb.com\/nb\/wp-json\/wp\/v2\/pages\/442\/revisions\/6203"}],"wp:attachment":[{"href":"https:\/\/moverdb.com\/nb\/wp-json\/wp\/v2\/media?parent=442"}],"curies":[{"name":"wp","href":"https:\/\/api.w.org\/{rel}","templated":true}]}}