{"id":441,"date":"2016-06-18T21:28:02","date_gmt":"2016-06-18T21:28:02","guid":{"rendered":"http:\/\/moverdb.com\/?page_id=441"},"modified":"2026-01-08T15:30:43","modified_gmt":"2026-01-08T15:30:43","slug":"arbeidstaker-flytting-rad","status":"publish","type":"page","link":"https:\/\/moverdb.com\/nb\/employee-relocation-council\/","title":{"rendered":"Worldwide Employee Relocation Council (ERC) Forklaret"},"content":{"rendered":"<p>Worldwide Employee Relocation Council (ERC) beskriver seg selv som en organisasjon for arbeidskraftmobilitet for fagfolk som overv\u00e5ker, administrerer eller st\u00f8tter innenlandsk og internasjonal flytting av ansatte i USA. <\/p>\n<p>Form\u00e5let er \u00e5 hjelpe medlemmene - som kommer fra en rekke yrker, blant annet HR, eiendomsbransjen og milit\u00e6ret - med \u00e5 h\u00e5ndtere utfordringene knyttet til arbeidskraftens mobilitet.<\/p>\n<p><strong>N\u00f8kkelfakta om ERC:<\/strong><\/p>\n<ol>\n<li>  ERC-medlemmene kommer fra et bredt spekter av yrker, inkludert HR, rekruttering, myndigheter, milit\u00e6ret, eiendom, finansielle tjenester, flytting, r\u00e5dgivning og konsulentvirksomhet.<\/li>\n<li>  ERCs ansvarsomr\u00e5de dekker sp\u00f8rsm\u00e5l og forvaltningspraksis for omplassering av fagfolk innen <a href=\"https:\/\/moverdb.com\/nb\/moving-to-the-united-states\/\" data-internallinksmanager029f6b8e52c=\"94\" title=\"Flytte til USA? 2023 Levekostnader og flyttetips\">De forente stater<\/a> og mellom alle andre land.<\/li>\n<li>  ERC har hovedkontor i <a href=\"https:\/\/moverdb.com\/nb\/moving-to-washington-dc\/\">Washington, DC,<\/a> med et europeisk kontor i Brussel, <a href=\"https:\/\/moverdb.com\/nb\/moving-to-belgium\/\" data-internallinksmanager029f6b8e52c=\"323\" title=\"Flytte til Belgia? 2023 Levekostnader og flyttetips\">Belgia<\/a>.<\/li>\n<li>  ERC tilbyr akkrediteringer som Certified Relocation Professional og Global Mobility Specialist.<\/li>\n<li>  Det finnes ulike medlemskategorier, blant annet bedriftsmedlemskap (for det meste interne fagfolk), medlemskap for mobilitetstjenester (for bedrifter som tilbyr arbeidskraftmobilitet), medlemskap for personlige\/profesjonelle (PERC\u2122) (de som s\u00f8ker informasjon, for eksempel akademikere og arbeidss\u00f8kere), relokaliseringseksperter, eiendomsmeglere og relokaliseringsfirmaer.<\/li>\n<li>  Per 2005 hadde ERC mer enn 12 000 medlemmer (den mest oppdaterte statistikken som er tilgjengelig).<\/li>\n<\/ol>\n<p><strong>Worldwide Employee Relocation Council-profil:<\/strong><\/p>\n<p>ERC har mange funksjoner, blant annet lobbyvirksomhet p\u00e5 vegne av medlemmene, oppl\u00e6ring og utdanning, samt muligheter for nettverksbygging. Det er ogs\u00e5 involvert i \u00e5 bidra til \u00e5 utvikle bransjestandardisering og konsensusbygging og utvikle nye arbeidsmetoder og e-l\u00f8sninger. <\/p>\n<p>I tillegg til \u00e5 handle for og med sine medlemmer har ERC blitt kjent for \u00e5 samle inn en rekke data via unders\u00f8kelser, blant annet ved \u00e5 analysere byenes egnethet for nyinnflyttede familier. ERC har etablert seg som en autoritet p\u00e5 arbeidsmobilitet.<\/p>\n<p><strong>Kriterier for medlemskap:<\/strong><\/p>\n<p>Kriteriene for medlemskap er ikke oppf\u00f8rt p\u00e5 nettstedet.<\/p>\n<p><strong>Liste over ERC-medlemmer p\u00e5 verdensbasis <a href=\"https:\/\/moverdb.com\/nb\/moving-companies\/\" data-internallinksmanager029f6b8e52c=\"79\" title=\"Topp 25 internasjonale flyttebyr\u00e5er p\u00e5 nettet\">Flyttefirmaer<\/a><\/strong><\/p>\n<ul>\n<li> <a href=\"https:\/\/moverdb.com\/nb\/aires\/\">Aires<\/a><\/li>\n<li> <a href=\"https:\/\/moverdb.com\/nb\/armstrong-relocation\/\">Armstrong Relocation<\/a><\/li>\n<li> <a href=\"https:\/\/moverdb.com\/nb\/arpin-international\/\">Arpin International<\/a><\/li>\n<li> <a href=\"https:\/\/moverdb.com\/nb\/atlas-van-lines-international\/\">Atlas Van Lines<\/a><\/li>\n<li> <a href=\"https:\/\/moverdb.com\/nb\/santa-fe-flytting\/\">Santa Fe Relocation Services<\/a><\/li>\n<li> <a href=\"https:\/\/moverdb.com\/nb\/sterling-flytting\/\">Sterling Relocation<\/a><\/li>\n<li> <a href=\"https:\/\/moverdb.com\/nb\/arpin-van-lines\/\">Arpin Van Lines<\/a><\/li>\n<li> <a href=\"https:\/\/moverdb.com\/nb\/suddath\/\">Suddath<\/a><\/li>\n<li> <a href=\"https:\/\/moverdb.com\/nb\/dt-moving\/\">DT Moving<\/a><\/li>\n<li> <a href=\"https:\/\/moverdb.com\/nb\/btr-international\/\">BTR International<\/a><\/li>\n<p><a href=\"https:\/\/moverdb.com\/nb\/packimpex\/\">Packimpex<\/a>\n<\/ul>\n<p><strong>Meninger om ERC<\/strong><\/p>\n<p>ERC er ikke nevnt p\u00e5 s\u00e5 mange nettsteder. N\u00e5r det nevnes, er det ofte i forbindelse med organisasjoner som er tilknyttet det, for eksempel Great Lakes Relocation Council.<\/p>\n<blockquote><p>For \u00e5 dekke behovene p\u00e5 relokaliseringsmarkedet og dermed hjelpe ansatte med en smidig start p\u00e5 den nye livsperioden, grunnla seks enkeltpersoner forl\u00f8peren til Worldwide Employee Relocation Council (ERC) i 1964 i <a href=\"https:\/\/moverdb.com\/nb\/flytting-til-chicago\/\">Chicago<\/a>.<\/p><\/blockquote>\n<p>- <a href=\"http:\/\/start-up-services.de\/en\/company-profile-relocation-service\/relocation-associations\/worldwide-employee-relocation-council\/\" target=\"_blank\" rel=\"noopener\">Oppstartstjenester<\/a><\/p>\n<p><strong>Nettsted:<\/strong> <a href=\"http:\/\/www.worldwideerc.org\/Pages\/index.aspx\" target=\"_blank\" rel=\"noopener\">http:\/\/www.worldwideerc.org\/Pages\/index.aspx<\/a><\/p>","protected":false},"excerpt":{"rendered":"<p>The Worldwide Employee Relocation Council (ERC) describes itself as the workforce mobility association for professionals who oversee, manage, or support U.S. domestic and international employee transfer. Its purpose is to help members &#8211; who come from a range of professions, including HR, real estate and military &#8211; to deal with the challenges of workforce mobility. [&hellip;]<\/p>\n","protected":false},"author":1,"featured_media":0,"parent":0,"menu_order":0,"comment_status":"closed","ping_status":"closed","template":"","meta":{"_genesis_hide_title":false,"_genesis_hide_breadcrumbs":false,"_genesis_hide_singular_image":false,"_genesis_hide_footer_widgets":false,"_genesis_custom_body_class":"","_genesis_custom_post_class":"","_genesis_layout":"","footnotes":""},"class_list":{"0":"post-441","1":"page","2":"type-page","3":"status-publish","5":"entry"},"_links":{"self":[{"href":"https:\/\/moverdb.com\/nb\/wp-json\/wp\/v2\/pages\/441","targetHints":{"allow":["GET"]}}],"collection":[{"href":"https:\/\/moverdb.com\/nb\/wp-json\/wp\/v2\/pages"}],"about":[{"href":"https:\/\/moverdb.com\/nb\/wp-json\/wp\/v2\/types\/page"}],"author":[{"embeddable":true,"href":"https:\/\/moverdb.com\/nb\/wp-json\/wp\/v2\/users\/1"}],"replies":[{"embeddable":true,"href":"https:\/\/moverdb.com\/nb\/wp-json\/wp\/v2\/comments?post=441"}],"version-history":[{"count":15,"href":"https:\/\/moverdb.com\/nb\/wp-json\/wp\/v2\/pages\/441\/revisions"}],"predecessor-version":[{"id":6255,"href":"https:\/\/moverdb.com\/nb\/wp-json\/wp\/v2\/pages\/441\/revisions\/6255"}],"wp:attachment":[{"href":"https:\/\/moverdb.com\/nb\/wp-json\/wp\/v2\/media?parent=441"}],"curies":[{"name":"wp","href":"https:\/\/api.w.org\/{rel}","templated":true}]}}