{"id":440,"date":"2016-06-12T19:59:07","date_gmt":"2016-06-12T19:59:07","guid":{"rendered":"http:\/\/moverdb.com\/?page_id=440"},"modified":"2026-01-08T13:19:01","modified_gmt":"2026-01-08T13:19:01","slug":"iata","status":"publish","type":"page","link":"https:\/\/moverdb.com\/nb\/iata\/","title":{"rendered":"Den internasjonale lufttransportorganisasjonen (IATA) Forklart"},"content":{"rendered":"<p>International Air Transport Association (IATA) er den globale bransjeorganisasjonen for verdens flyselskaper. <\/p>\n<p>Dens oppgave er \u00e5 lede og betjene sine medlemmer, samt \u00e5 representere deres interesser p\u00e5 en m\u00e5te som fremmer flyplasstransportindustrien.<\/p>\n<p><strong>N\u00f8kkelfakta om IATA:<\/strong><\/p>\n<ol>\n<li>  Det representerer rundt 260 flyselskaper eller 83% av den totale flytrafikken.<\/li>\n<li>  Den har global rekkevidde.<\/li>\n<li>  Flyvninger utf\u00f8rt av IATA-medlemmer utgj\u00f8r 83% av den totale trafikken.<\/li>\n<li>  Det ble grunnlagt i Havanna, Cuba, i april 1945.<\/li>\n<li>  Den hadde 57 medlemmer fra 31 nasjoner, hovedsakelig i Europa og Nord-Amerika, da den ble opprettet i 1945. I dag har den rundt 260 medlemmer fra 117 nasjoner i alle deler av verden.<\/li>\n<li>  Prioriteringene omfatter sikkerhet, milj\u00f8, tjenester, forenkling av virksomheten og hjelp til \u00e5 bygge relasjoner i bransjen.<\/li>\n<li>  IATAs fakturerings- og oppgj\u00f8rsplan fungerer som den finansielle ryggraden i bransjen ved \u00e5 styre flyten av de over 470 milliarder euro som \u00e5rlig genereres av reisebyr\u00e5enes billettsalg til flyselskapene.<\/li>\n<\/ol>\n<p><strong>Den internasjonale lufttransportforeningens profil:<\/strong><\/p>\n<p>IATA er en globalt anerkjent bransjeorganisasjon for flyselskaper og har v\u00e6rt i virksomhet i mer enn 50 \u00e5r. Medlemmene omfatter b\u00e5de <a href=\"https:\/\/moverdb.com\/nb\/speditor\/\">frakt<\/a> og passasjertransport\u00f8rer og har kontorer i 53 land over hele verden. <\/p>\n<p>Den har vokst sammen med luftfartsindustrien, og samarbeider med sektoren for \u00e5 bidra til \u00e5 utvikle standarder, praksis og prosedyrer for \u00e5 regulere den og sikre enhetlige serviceniv\u00e5er for kundene. IATA er en virkelig global organisasjon, og dens 260 medlemmer kommer fra mer enn 117 nasjoner.<\/p>\n<p>I tillegg til forbrukerbeskyttelse har IATA v\u00e6rt involvert i \u00e5 hjelpe flybransjen med \u00e5 bli mer b\u00e6rekraftig. Organisasjonen tilbyr informasjon om flyselskaper, en rekke publikasjoner og oppl\u00e6ringsprogrammer og akkreditering for dem som arbeider i reisebransjen. <\/p>\n<p>I tillegg leverer det en rekke finansielle tjenester, for eksempel en inkassotjeneste for flyselskaper.<\/p>\n<p><strong>Kriterier for medlemskap<\/strong><\/p>\n<p>IATA-medlemskap med fulle rettigheter og privilegier kan bare oppn\u00e5s etter: IATA Operational Safety Audit (IOSA) registrering, en administrativ gjennomgang av medlemsavdelingen, betaling av alle s\u00f8knadsgebyrer og medlemskontingenter.<\/p>\n<p>Vellykket gjennomf\u00f8ring av en IOSA vil resultere i tillegg til IOSA-registeret. Et flyselskap m\u00e5 v\u00e6re oppf\u00f8rt i IOSA-registeret f\u00f8r IATA-medlemskap kan godkjennes.<\/p>\n<p>Deretter sendes det inn et s\u00f8knadsskjema med f\u00f8lgende st\u00f8ttedokumenter:<\/p>\n<ul>\n<li> En bekreftet kopi av Air Operator's Certificate (AOC), gyldig i minst seks m\u00e5neder, med ORIGINAL stempel, dato og signatur fra utstedende myndighet (ikke notarius publicus), sammen med de operasjonelle spesifikasjonene utstedt av registreringsstaten, hvis relevant.<\/li>\n<li> En bekreftet kopi av registreringsbeviset fra relevant myndighet, f.eks. handelskammeret eller tilsvarende. Attestering av en notarius publicus er akseptabelt.<\/li>\n<li> Reviderte \u00e5rsregnskaper for s\u00f8kerflyselskapet, og hvis det er majoritetseid av et annet selskap (inkludert statlig eierskap), \u00e5rsregnskapene til eierselskapet. Disse m\u00e5 v\u00e6re attestert av en autorisert eller statsautorisert revisor. For nye flyselskaper kan en forretningsplan utarbeidet av en autorisert eller statsautorisert revisor godtas.<\/li>\n<li> \u00c5rsrapporten til s\u00f8kerens flyselskap, eller selskapets vedtekter som viser hvordan det er sammensatt, eller flyselskapets profil.<\/li>\n<li> Gyldige forsikringssertifikater med luftfart\u00f8ytype, registreringsnummer for hvert luftfart\u00f8y og respektive opplysninger om registreringsmyndighet, gyldig i minst seks m\u00e5neder.<\/li>\n<li> Trafikkstatistikk for de to foreg\u00e5ende \u00e5rene. Dette kravet gjelder ikke for nye flyselskaper.<\/li>\n<li> Offentlig rutetabell\/tidtabell, hvis flyselskapet har ruteflyging. For ikke-regelmessige operasjoner bes det om en liste over destinasjoner.<\/li>\n<\/ul>\n<p><strong>Liste over IATA-medlemmer <a href=\"https:\/\/moverdb.com\/nb\/moving-companies\/\" data-internallinksmanager029f6b8e52c=\"79\" title=\"Topp 25 internasjonale flyttebyr\u00e5er p\u00e5 nettet\">Flyttefirmaer<\/a><\/strong><\/p>\n<ul>\n<li> <a href=\"https:\/\/moverdb.com\/nb\/armstrong-relocation\/\">Armstrong Relocation<\/a><\/li>\n<li> <a href=\"https:\/\/moverdb.com\/nb\/atlas-van-lines-international\/\">Atlas Van Lines<\/a><\/li>\n<li> <a href=\"https:\/\/moverdb.com\/nb\/suddath\/\">Suddath<\/a><\/li>\n<li> <a href=\"https:\/\/moverdb.com\/nb\/nippon-express\/\">Nippon Express<\/a><\/li>\n<li> <a href=\"https:\/\/moverdb.com\/nb\/bolliger\/\">Bolliger<\/a><\/li>\n<\/ul>\n<p><strong>Meninger om International Air Transport Association<\/strong><\/p>\n<p>IATA vises p\u00e5 de fleste store flyselskapenes nettsteder (ofte via en IATA-kode) og har ogs\u00e5 sin egen Wikipedia-side. <\/p>\n<p>Dens betydning som bransjeorganisasjon er \u00e5penbar, og det samme er dens engasjement i utviklingen av visse bransjestandarder for luftfartssektoren. Det faktum at medlemmene st\u00e5r for opp mot 90% av verdens ruteflytrafikk, er et poeng som ofte trekkes frem. <\/p>\n<p>Nettartikler om flybransjen nevner ofte IATA og organisasjonens engasjement i viktige sp\u00f8rsm\u00e5l og viktige forslag, f.eks. regulering av st\u00f8rrelsen p\u00e5 bagasje til bagasjehyller. <\/p>\n<p>IATA nevnes i en rekke sammenhenger, fra partnerskap for prosjektledelse til EU-regulering. Med tanke p\u00e5 hyppigheten og omfanget av nyhetsrapporter som nevner IATA, er det helt klart en aktiv og fremtredende bransjeorganisasjon.<\/p>\n<p><strong>Nettsted:<\/strong> <a href=\"http:\/\/www.iata.org\/Pages\/default.aspx\" target=\"_blank\" rel=\"noopener\">http:\/\/www.iata.org\/Pages\/default.aspx<\/a><\/p>","protected":false},"excerpt":{"rendered":"<p>The International Air Transport Association (IATA) is the global trade association for the world&#8217;s airlines. Its mission is to lead and serve its members, as well as to represent their interests in a way that boosts the airport transport industry. Key facts about IATA: It represents around 260 airlines or 83% of total air traffic. [&hellip;]<\/p>\n","protected":false},"author":1,"featured_media":0,"parent":0,"menu_order":0,"comment_status":"closed","ping_status":"closed","template":"","meta":{"_genesis_hide_title":false,"_genesis_hide_breadcrumbs":false,"_genesis_hide_singular_image":false,"_genesis_hide_footer_widgets":false,"_genesis_custom_body_class":"","_genesis_custom_post_class":"","_genesis_layout":"","footnotes":""},"class_list":{"0":"post-440","1":"page","2":"type-page","3":"status-publish","5":"entry"},"_links":{"self":[{"href":"https:\/\/moverdb.com\/nb\/wp-json\/wp\/v2\/pages\/440","targetHints":{"allow":["GET"]}}],"collection":[{"href":"https:\/\/moverdb.com\/nb\/wp-json\/wp\/v2\/pages"}],"about":[{"href":"https:\/\/moverdb.com\/nb\/wp-json\/wp\/v2\/types\/page"}],"author":[{"embeddable":true,"href":"https:\/\/moverdb.com\/nb\/wp-json\/wp\/v2\/users\/1"}],"replies":[{"embeddable":true,"href":"https:\/\/moverdb.com\/nb\/wp-json\/wp\/v2\/comments?post=440"}],"version-history":[{"count":10,"href":"https:\/\/moverdb.com\/nb\/wp-json\/wp\/v2\/pages\/440\/revisions"}],"predecessor-version":[{"id":13161,"href":"https:\/\/moverdb.com\/nb\/wp-json\/wp\/v2\/pages\/440\/revisions\/13161"}],"wp:attachment":[{"href":"https:\/\/moverdb.com\/nb\/wp-json\/wp\/v2\/media?parent=440"}],"curies":[{"name":"wp","href":"https:\/\/api.w.org\/{rel}","templated":true}]}}