{"id":438,"date":"2016-06-12T15:34:55","date_gmt":"2016-06-12T15:34:55","guid":{"rendered":"http:\/\/moverdb.com\/?page_id=438"},"modified":"2026-01-08T15:20:25","modified_gmt":"2026-01-08T15:20:25","slug":"ncbfaa","status":"publish","type":"page","link":"https:\/\/moverdb.com\/nb\/ncbfaa\/","title":{"rendered":"National Customs Brokers &amp; Forwarders Association of America (NCBFAA) (den amerikanske tollmegler- og spedit\u00f8rforeningen)"},"content":{"rendered":"<p>National Customs Brokers &amp; Forwarders Association of America (NCBFAA) blir sett p\u00e5 som transportlogistikkbransjens stemme i USA. <\/p>\n<p>Det er en organisasjon som kontinuerlig arbeider for \u00e5 representere sine medlemmer og sin sektor, p\u00e5 juridisk og regulatorisk niv\u00e5.<\/p>\n<p><strong>N\u00f8kkelfakta om NCBFAA:<\/strong><\/p>\n<ol>\n<li>  NCBFAA representerer mer enn 970 medlemsbedrifter med 110 000 ansatte i internasjonal handel.<\/li>\n<li>  NCBFAA ble opprettet i 1897 i <a href=\"https:\/\/moverdb.com\/nb\/moving-to-nyc\/\">New York<\/a>.<\/li>\n<li>  NCBFAA-medlemmene omfatter <a href=\"https:\/\/moverdb.com\/nb\/speditor\/\">spedit\u00f8rer<\/a>, tollmeglere, sj\u00f8transportformidlere, NVOCC-er og luftfraktagenter, som betjener mer enn 250 000 import\u00f8rer og eksport\u00f8rer.<\/li>\n<li>  NCBFAAs medlemmer er utelukkende amerikanske virksomheter, bortsett fra de assosierte medlemmene.<\/li>\n<li>  NCBFAA har en rekke hovedtyper medlemskap: Regular (lisensierte tollmeglere, lisensierte spedit\u00f8rer, internasjonale luftfraktagenter og transport\u00f8rer som ikke opererer med fart\u00f8y i Amerika), Affiliate (i virksomhet som leverand\u00f8rer eller selgere av transportrelaterte tjenester, internasjonale forretningstjenester eller produkter som er spesifikke for funksjoner innen internasjonal handel), Associate (tollmeglere og\/eller internasjonale <a href=\"https:\/\/moverdb.com\/nb\/freight-forwarder\/\" data-internallinksmanager029f6b8e52c=\"17\" title=\"Spedit\u00f8r &amp; NVOCC Internasjonal kostnads- og selskapsguide\">spedit\u00f8r<\/a> hjemmeh\u00f8rende utenfor Amerika).<\/li>\n<li>  NCBFAA har hovedkvarter i <a href=\"https:\/\/moverdb.com\/nb\/moving-to-washington-dc\/\">Washington<\/a>.<\/li>\n<li>  NCBFAAs viktigste rolle er \u00e5 f\u00f8lge n\u00f8ye med p\u00e5 lovgivnings- og reguleringssp\u00f8rsm\u00e5l som ber\u00f8rer medlemmene - og \u00e5 holde medlemmene informert om disse sp\u00f8rsm\u00e5lene.<\/li>\n<li>  NCBFAA anser seg selv som en effektiv nasjonal stemme for bransjen.<\/li>\n<\/ol>\n<p><strong>National Customs Brokers &amp; Forwarders Association of America profil<\/strong><\/p>\n<p>NCBFAA spiller en viktig rolle i \u00e5 representere medlemmer av logistikkbransjen i USA. Den har v\u00e6rt involvert i diskusjoner om sp\u00f8rsm\u00e5l som ber\u00f8rer bransjen, for eksempel tollovgivning, og har drevet lobbyvirksomhet overfor kongressen for \u00e5 forf\u00f8lge og beskytte medlemmenes rettigheter og interesser. <\/p>\n<p>NCBFAA var en gang kjent som Baltimore Customs Brokers and Forwarders Association og startet som en bransjeorganisasjon for \u00e5 fremme og utdanne tollmeglere og spedit\u00f8rer. <a href=\"https:\/\/moverdb.com\/nb\/top-49-container-ports\/\" data-internallinksmanager029f6b8e52c=\"80\" title=\"De 49 st\u00f8rste og travleste containerhavnene i 2025\">Port<\/a> i Baltimore. <\/p>\n<p>Organisasjonen ble til NCBFAA i 1983 \"for bedre \u00e5 gjenspeile et nytt og bredere omfang\". NCBFAA er en ideell organisasjon som er utformet for \u00e5 fremme medlemmenes interesser - og for \u00e5 fremme deres m\u00e5l - b\u00e5de overfor forbrukermarkedet og myndighetene.<\/p>\n<p><strong>Kriterier for medlemskap:<\/strong><\/p>\n<p>I henhold til NCBFAAs vedtekter m\u00e5 alle ordin\u00e6re medlemss\u00f8kere: <\/p>\n<blockquote><p>... foresl\u00e5s av ett ordin\u00e6rt medlem og st\u00f8ttes av et annet ordin\u00e6rt medlem p\u00e5 et skjema fastsatt for dette form\u00e5l, som skal inneholde s\u00f8kerens navn, adresse og yrke og navnene p\u00e5 de ordin\u00e6re medlemmene som foresl\u00e5r og st\u00f8tter s\u00f8knaden. Medlemmene som foresl\u00e5r og st\u00f8tter s\u00f8knaden, har plikt til \u00e5 gi opplysninger om s\u00f8kerens stilling og vandel.<\/p><\/blockquote>\n<p>Det m\u00e5 betales kontingent, et skjema m\u00e5 fylles ut, og potensielle medlemmer m\u00e5 dokumentere at de faller inn under en av medlemskategoriene, f.eks.<\/p>\n<ul>\n<li> Tollmegler - lisensnummer for tollmegler<\/li>\n<li> OTI - FMC-lisensnummer<\/li>\n<li> Internasjonal spedit\u00f8r\/luftfraktagent: CNS\/<a href=\"https:\/\/moverdb.com\/nb\/iata\/\">IATA<\/a> Registreringsnummer<\/li>\n<li> NVOCC: FMC-obligasjonsnummer<\/li>\n<\/ul>\n<p><strong>Meninger om NCBFAA<\/strong><\/p>\n<p>NCBFAA nevnes ikke s\u00e6rlig ofte p\u00e5 de enkelte virksomhetenes nettsteder. Det siteres imidlertid oftere som en informasjonskilde og en ressurs for nyttige data om og for spedit\u00f8rer. <\/p>\n<p>Det finnes ogs\u00e5 en rekke nettsteder der standardvilk\u00e5r utarbeidet av NCBFAA vises - med en merknad om at disse er frigitt til medlemmene og at NCBFAA ikke tar noe juridisk ansvar for dem. <\/p>\n<p>Dette tyder p\u00e5 at foreningen tilbyr sine medlemmer en database med dokumenter, samt informasjon og r\u00e5dgivning. Den \u00e5rlige konferansen er ogs\u00e5 tydeligvis en fremtredende begivenhet og nevnes p\u00e5 nettstedet. <a href=\"https:\/\/www.cbp.gov\/newsroom\/speeches-and-statements\/2016-04-20-000000\/commissioner-kerlikowske%E2%80%99s-remarks-national\" target=\"_blank\" rel=\"noopener\">Det amerikanske toll- og grensevernets nettsted<\/a>.<\/p>\n<blockquote><p>NCBFAA er bransjens effektive nasjonale taler\u00f8r. Gjennom sine ulike komiteer, r\u00e5dgivere og representanter f\u00f8lger foreningen n\u00f8ye med p\u00e5 lovgivnings- og reguleringssp\u00f8rsm\u00e5l som ber\u00f8rer medlemmene.<\/p><\/blockquote>\n<p>- <a href=\"http:\/\/www.shipuwl.com\/member-of-national-customs-brokers-forwarders-association-of-america-inc-ncbfaa\/\" target=\"_blank\" rel=\"noopener\">UWL<\/a><\/p>\n<blockquote><p>Byr\u00e5et holder et v\u00e5kent \u00f8ye med lovgivnings- og reguleringssp\u00f8rsm\u00e5l som p\u00e5virker medlemmene...<\/p><\/blockquote>\n<p>- <a href=\"http:\/\/www.bdpinternational.com\/news-advisories-events\/trend-watch\/bdp-international-joins-the-national-customs-brokers-forwarders-association-of-america-inc\/\" target=\"_blank\" rel=\"noopener\">BDP International<\/a><\/p>\n<p><strong>Finn ut mer:<\/strong> <a href=\"https:\/\/moverdb.com\/nb\/speditor\/\">Spedit\u00f8r &amp; NVOCC Internasjonal kostnads- og selskapsguide<\/a> <\/p>\n<p><strong>Nettsted:<\/strong> <a href=\"http:\/\/www.ncbfaa.org\/\" target=\"_blank\" rel=\"noopener\">http:\/\/www.ncbfaa.org\/<\/a><\/p>","protected":false},"excerpt":{"rendered":"<p>The National Customs Brokers &#038; Forwarders Association of America (NCBFAA) is viewed as the voice of the transportation logistics industry in America. It is an organisation that constantly works to represent its members and sector, on a legal and regulatory level. Key facts about NCBFAA: The NCBFAA represents more than 970 member companies, with 110,000 [&hellip;]<\/p>\n","protected":false},"author":1,"featured_media":0,"parent":0,"menu_order":0,"comment_status":"closed","ping_status":"closed","template":"","meta":{"_genesis_hide_title":false,"_genesis_hide_breadcrumbs":false,"_genesis_hide_singular_image":false,"_genesis_hide_footer_widgets":false,"_genesis_custom_body_class":"","_genesis_custom_post_class":"","_genesis_layout":"","footnotes":""},"class_list":{"0":"post-438","1":"page","2":"type-page","3":"status-publish","5":"entry"},"_links":{"self":[{"href":"https:\/\/moverdb.com\/nb\/wp-json\/wp\/v2\/pages\/438","targetHints":{"allow":["GET"]}}],"collection":[{"href":"https:\/\/moverdb.com\/nb\/wp-json\/wp\/v2\/pages"}],"about":[{"href":"https:\/\/moverdb.com\/nb\/wp-json\/wp\/v2\/types\/page"}],"author":[{"embeddable":true,"href":"https:\/\/moverdb.com\/nb\/wp-json\/wp\/v2\/users\/1"}],"replies":[{"embeddable":true,"href":"https:\/\/moverdb.com\/nb\/wp-json\/wp\/v2\/comments?post=438"}],"version-history":[{"count":8,"href":"https:\/\/moverdb.com\/nb\/wp-json\/wp\/v2\/pages\/438\/revisions"}],"predecessor-version":[{"id":6223,"href":"https:\/\/moverdb.com\/nb\/wp-json\/wp\/v2\/pages\/438\/revisions\/6223"}],"wp:attachment":[{"href":"https:\/\/moverdb.com\/nb\/wp-json\/wp\/v2\/media?parent=438"}],"curies":[{"name":"wp","href":"https:\/\/api.w.org\/{rel}","templated":true}]}}