{"id":437,"date":"2016-06-12T15:02:39","date_gmt":"2016-06-12T15:02:39","guid":{"rendered":"http:\/\/moverdb.com\/?page_id=437"},"modified":"2026-01-08T13:18:34","modified_gmt":"2026-01-08T13:18:34","slug":"hgfaa","status":"publish","type":"page","link":"https:\/\/moverdb.com\/nb\/hgfaa\/","title":{"rendered":"Household Goods Forwarders Association of America (HGFAA) Forklaret"},"content":{"rendered":"<p>Household Goods Forwarders Association of America (HGFAA) beskriver seg selv som en global sammenslutning av spedit\u00f8rer som har forpliktet seg til \u00e5 sikre at kundene f\u00e5r best mulig service under flyttingen. Den har n\u00e5 blitt erstattet av <a href=\"https:\/\/moverdb.com\/nb\/iam\/\">International Association of Movers<\/a> (<a href=\"https:\/\/moverdb.com\/nb\/iam\/\" data-internallinksmanager029f6b8e52c=\"23\" title=\"International Association of Movers (IAM) Forklaret\">IAM<\/a>), selv om flere flyttebyr\u00e5er fortsatt oppgir det p\u00e5 nettsidene sine. <\/p>\n<p><strong>N\u00f8kkelfakta om HGFAA:<\/strong><\/p>\n<ol>\n<li>  HGFAA har over 1800 medlemmer over hele verden.<\/li>\n<li>  HGFAA er en global organisasjon med medlemmer fra mer enn 160 land og territorier.<\/li>\n<li>  Portal er foreningens bransjemagasin.<\/li>\n<li>  Sammenslutningen representerer flyttebransjen i <a href=\"https:\/\/moverdb.com\/nb\/moving-to-the-united-states\/\" data-internallinksmanager029f6b8e52c=\"94\" title=\"Flytte til USA? 2023 Levekostnader og flyttetips\">De forente stater<\/a>.<\/li>\n<li>  HGFAA er kjent for sitt kommunikasjonsnettverk og oppl\u00e6ringstilbud.<\/li>\n<\/ol>\n<p><strong>Profilen til Household Goods Forwarders Association of America:<\/strong><\/p>\n<p>HGFAA er forbrukerfokusert og tilbyr en database med p\u00e5litelige flyttebyr\u00e5er som kan hjelpe til med flytting hvor som helst i verden. Den har forpliktet seg til \u00e5 legge til rette for h\u00f8ye servicestandarder og sikre at forbrukerne har all den informasjonen de trenger for \u00e5 flytte, fra organisering av flyttedagen til flytting og helsetjenester. <\/p>\n<p>HGFAA produserer sitt eget bransjemagasin Portal, som kommer ut med seks utgaver i \u00e5ret. Nettstedet inneholder et vell av lenker for b\u00e5de bransjen og forbrukere til emner som er av interesse, for eksempel diett, reise og transport og flytting med kj\u00e6ledyr.<\/p>\n<p><strong>Kriterier for medlemskap:<\/strong><\/p>\n<p>HGFAA tilbyr et nedlastbart medlemsskjema, men dette er for \u00f8yeblikket ikke tilgjengelig via nettstedet. Ingen vilk\u00e5r for medlemskap er oppf\u00f8rt p\u00e5 nettstedet.<\/p>\n<p><strong>Eksempel p\u00e5 medlemsbedrifter<\/strong><\/p>\n<ul>\n<li> <a href=\"https:\/\/moverdb.com\/nb\/atlas-van-lines-international\/\">Atlas Van Lines<\/a><\/li>\n<li> <a href=\"https:\/\/moverdb.com\/nb\/orne-flyttinger\/\">Flytting av \u00f8rn<\/a><\/li>\n<li> <a href=\"https:\/\/moverdb.com\/nb\/excess-international-movers\/\">Overskytende internasjonale flyttere<\/a><\/li>\n<li> <a href=\"https:\/\/moverdb.com\/nb\/fn-fjernelser\/\">F&amp;N verdensomspennende flyttinger<\/a><\/li>\n<li> <a href=\"https:\/\/moverdb.com\/nb\/mudanzas-gou\/\">Mudanzas Gou<\/a><\/li>\n<\/ul>\n<p><strong>Meninger om HGFAA:<\/strong><\/p>\n<p>HGFAA har ikke en stor profil p\u00e5 nettet, og den er ikke nevnt p\u00e5 mange flyttebyr\u00e5ers nettsteder. De flyttebyr\u00e5ene som nevner HGFAA p\u00e5 nettsidene sine, fokuserer p\u00e5 organisasjonens globale karakter og dens forpliktelse til h\u00f8ye servicestandarder.<\/p>\n<p><a href=\"http:\/\/www.bloomberg.com\/profiles\/companies\/0774891D:US-household-goods-forwarders-association-of-america\" target=\"_blank\" rel=\"noopener\">Bloomberg fokuserer p\u00e5<\/a> p\u00e5 dets representasjon av bransjen, det faktum at det fungerer som et kommunikasjonsnettverk og oppl\u00e6ringsfasilitet og det store utvalget av oppl\u00e6ring, ressurser, publikasjoner og henvisningstjenester.<\/p>\n<blockquote><p>HHGFAA er en global sammenslutning av spedit\u00f8rer og flyttebyr\u00e5er som har forpliktet seg til \u00e5 gi kundene det h\u00f8yeste serviceniv\u00e5et som er tilgjengelig.<\/p><\/blockquote>\n<p>- <a href=\"http:\/\/www.amjbc.ca\/international-moving-services\/\" target=\"_blank\" rel=\"noopener\">AMJ Campbell Worldwide Relocations<\/a><\/p>\n<p><strong>Nettsted:<\/strong> <a href=\"http:\/\/www.hhgfaa.org\/\" target=\"_blank\" rel=\"noopener\">http:\/\/www.hhgfaa.org\/<\/a><\/p>","protected":false},"excerpt":{"rendered":"<p>The Household Goods Forwarders Association of America (HGFAA) describes itself as a global association of movers who are committed to ensuring that customers receive the best possible service during their move. It has now been replaced by the International Association of Movers (IAM), although several movers still list it on their websites. Key facts about [&hellip;]<\/p>\n","protected":false},"author":1,"featured_media":0,"parent":0,"menu_order":0,"comment_status":"closed","ping_status":"closed","template":"","meta":{"_genesis_hide_title":false,"_genesis_hide_breadcrumbs":false,"_genesis_hide_singular_image":false,"_genesis_hide_footer_widgets":false,"_genesis_custom_body_class":"","_genesis_custom_post_class":"","_genesis_layout":"","footnotes":""},"class_list":{"0":"post-437","1":"page","2":"type-page","3":"status-publish","5":"entry"},"_links":{"self":[{"href":"https:\/\/moverdb.com\/nb\/wp-json\/wp\/v2\/pages\/437","targetHints":{"allow":["GET"]}}],"collection":[{"href":"https:\/\/moverdb.com\/nb\/wp-json\/wp\/v2\/pages"}],"about":[{"href":"https:\/\/moverdb.com\/nb\/wp-json\/wp\/v2\/types\/page"}],"author":[{"embeddable":true,"href":"https:\/\/moverdb.com\/nb\/wp-json\/wp\/v2\/users\/1"}],"replies":[{"embeddable":true,"href":"https:\/\/moverdb.com\/nb\/wp-json\/wp\/v2\/comments?post=437"}],"version-history":[{"count":12,"href":"https:\/\/moverdb.com\/nb\/wp-json\/wp\/v2\/pages\/437\/revisions"}],"predecessor-version":[{"id":6221,"href":"https:\/\/moverdb.com\/nb\/wp-json\/wp\/v2\/pages\/437\/revisions\/6221"}],"wp:attachment":[{"href":"https:\/\/moverdb.com\/nb\/wp-json\/wp\/v2\/media?parent=437"}],"curies":[{"name":"wp","href":"https:\/\/api.w.org\/{rel}","templated":true}]}}