{"id":436,"date":"2016-06-12T14:04:20","date_gmt":"2016-06-12T14:04:20","guid":{"rendered":"http:\/\/moverdb.com\/?page_id=436"},"modified":"2026-01-08T14:47:42","modified_gmt":"2026-01-08T14:47:42","slug":"aima","status":"publish","type":"page","link":"https:\/\/moverdb.com\/nb\/aima\/","title":{"rendered":"Australian International Movers Association (AIMA) Forklart (p\u00e5 engelsk)"},"content":{"rendered":"<p>Australian International Movers Association (AIMA) beskriver seg selv som et profesjonelt forum for den australske flyttebransjen. <a href=\"https:\/\/moverdb.com\/nb\/international-removals\/\" data-internallinksmanager029f6b8e52c=\"27\" title=\"De 36 beste internasjonale flyttebyr\u00e5ene i Storbritannia\">internasjonale flyttinger<\/a> industrien. Medlemmene m\u00e5 ha <a href=\"https:\/\/moverdb.com\/nb\/fidi-faim\/\">FIDI\/FAIM<\/a> eller oppfylle strenge kriterier for medlemskap, herunder krav til finansiell integritet.<\/p>\n<p><strong>N\u00f8kkelfakta om AIMA:<\/strong><\/p>\n<ol>\n<li>  Det ble opprettet i 1975.<\/li>\n<li>  Den har rundt 60 medlemmer i <a href=\"https:\/\/moverdb.com\/nb\/moving-to-australia\/living-in-australia\/\" data-internallinksmanager029f6b8e52c=\"240\" title=\"21 hemmeligheter om \u00e5 bo i Australia for \u00e5 vite f\u00f8r du flytter\">Australia<\/a>.<\/li>\n<li>  AIMA representerer flyttebransjen i Australia og tiltrekker seg ikke medlemmer utenfor landet. Den dekker imidlertid australske selskaper som driver med <a href=\"https:\/\/moverdb.com\/nb\/flyttefirmaer\/\">internasjonale bevegelser<\/a>.<\/li>\n<li>  Det er anerkjent som <a href=\"https:\/\/moverdb.com\/nb\/fidi-faim\/\" data-internallinksmanager029f6b8e52c=\"16\" title=\"FIDI &amp; FAIM (FIDI-akkreditert internasjonal spedit\u00f8r) forklart\">FIDI<\/a> Forening i Australia.<\/li>\n<li>  Medlemmer trenger ikke \u00e5 ha FIDI\/FAIM-sertifiseringer for \u00e5 bli medlem.<\/li>\n<li>  AIMA representerer de FIDI-tilknyttede <a href=\"https:\/\/moverdb.com\/nb\/moving-companies\/australia-moving-companies\/\" data-internallinksmanager029f6b8e52c=\"176\" title=\"17 beste internasjonale flyttefirmaer i Australia\">flyttebyr\u00e5er i Australia<\/a> som \"FIDI Association\" og sender delegater til FIDI-kongressen og generalforsamlingen som avholdes hvert \u00e5r.<\/li>\n<\/ol>\n<p><strong>Profilen til Australian International Movers Association:<\/strong><\/p>\n<p>AIMAs form\u00e5lsparagraf er \u00e5 gj\u00f8re det mulig for den australske flyttebransjen \u00e5 styre seg selv, forbedre sine tjenester, sikre at kundene f\u00e5r bedre tjenester, beskytte offentlige interesser og gi bransjen en m\u00e5te \u00e5 samarbeide med myndighetene p\u00e5. <\/p>\n<p>AIMA tilbyr ogs\u00e5 en uavhengig tvistel\u00f8sningsdomstol. Det er den anerkjente FIDI-sammenslutningen i Australia, noe som betyr at spedit\u00f8rer med FIDI\/FAIM automatisk er kvalifisert til \u00e5 bli medlem av AIMA. Australsk <a href=\"https:\/\/moverdb.com\/nb\/moving-companies\/\" data-internallinksmanager029f6b8e52c=\"79\" title=\"Topp 25 internasjonale flyttebyr\u00e5er p\u00e5 nettet\">flyttefirmaer<\/a> uten FAIM er fortsatt kvalifisert for AIMA-medlemskap, men m\u00e5 oppfylle kriterier som m\u00e5ler deres spesialistkunnskap, ressurser, erfaring og finansielle stilling. <\/p>\n<p>Bare AIMA-medlemmer er bundet av AIMAs tvistel\u00f8sningsprosess.<\/p>\n<p><strong>Kriterier for medlemskap:<\/strong><\/p>\n<p>AIMAs strenge kriterier for medlemskap omfatter verifisering av operativ kapasitet og finansiell integritet. Detaljene i disse kriteriene deles ikke p\u00e5 nettstedet.<\/p>\n<p>Selskaper som allerede har FIDI\/FAIM, har automatisk rett til medlemskap.<\/p>\n<p><strong>Medlemsbedrifter<\/strong><\/p>\n<ul>\n<li> <a href=\"https:\/\/moverdb.com\/nb\/conroy-fjernelser\/\">Conroy Removings<\/a><\/li>\n<\/ul>\n<p><strong>Meninger om AIMA:<\/strong><\/p>\n<p>AIMA blir sett p\u00e5 som en av en rekke internasjonale flytteorganisasjoner som gir trygghet for at en flytting vil bli h\u00e5ndtert etter h\u00f8yest mulig standard. Det er en forsikring om at et flyttebyr\u00e5 har de rette kvalifikasjonene og er oppdatert p\u00e5 hva som anses som beste praksis lokalt. <\/p>\n<p>En rekke virksomheter oppgir AIMA p\u00e5 nettsidene sine som en internasjonal akkreditering, et kvalitetsstempel p\u00e5 linje med andre som FIDI. AIMAs rekkevidde er imidlertid ganske begrenset, ettersom den ikke har s\u00e5 mange medlemmer som noen lignende organisasjoner i andre land.<\/p>\n<p>Det er <a href=\"http:\/\/vandijktrack.com\/mim\/\" target=\"_blank\" rel=\"noopener\">ett negativt nettsted<\/a> som indikerer at en kunde har en tvist med et AIMA-medlem, og at det har tatt lang tid \u00e5 f\u00e5 et resultat av tvisten. <\/p>\n<p>Denne personen indikerer at vedkommende ikke ville tatt en AIMA-akkreditering for alvorlig som en indikasjon p\u00e5 kvalitet. Nettstedet oppgir imidlertid ogs\u00e5 at AIMA ga dem bistand, og tvisten ser ikke ut til \u00e5 ha blitt oppdatert siden 2010, noe som tyder p\u00e5 at den ble h\u00e5ndtert.<\/p>\n<blockquote><p>Medlemmer av allmennheten som velger et AIMA-medlem til \u00e5 utf\u00f8re sin internasjonale flytting, kan derfor gj\u00f8re det med tillit.<\/p><\/blockquote>\n<p>- <a href=\"http:\/\/www.ossworldwidemovers.com\/australian-international-movers-association\" target=\"_blank\" rel=\"noopener\">OSS World Wide Movers<\/a><\/p>\n<blockquote><p>Australian International Movers Association (AIMA) - Sikrer at medlemmene er tilstrekkelig kvalifisert med oppdatert beste bransjepraksis.<\/p><\/blockquote>\n<p>- <a href=\"http:\/\/www.internationalremovalsaustralia.com.au\/why-choose-us\" target=\"_blank\" rel=\"noopener\">KeysBros flyttel\u00f8sninger<\/a><\/p>\n<p><strong>Nettsted:<\/strong> <a href=\"http:\/\/aima.com.au\/\" target=\"_blank\" rel=\"noopener\">http:\/\/aima.com.au\/<\/a><\/p>\n<h2>Andre nyttige guider til Australia<\/h2>\n<ul>\n<li> <a href=\"https:\/\/moverdb.com\/nb\/containertransport\/australia\/\">2024 Fraktpriser for containerfrakt til og fra Australia<\/a><\/li>\n<li> <a href=\"https:\/\/moverdb.com\/nb\/flyttefirmaer\/australia-moving-companies\/\">17 beste internasjonale flyttefirmaer i Australia<\/a><\/li>\n<li> <a href=\"https:\/\/moverdb.com\/nb\/internasjonale-pengeoverforingstjenester\/money-transfer-companies-australia\/\">De 10 beste pengeoverf\u00f8ringsselskapene i Australia<\/a><\/li>\n<li> <a href=\"https:\/\/moverdb.com\/nb\/flytting-til-australia\/\">Flytte til Australia? 2024 Levekostnader og flyttetips<\/a><\/li>\n<li> <a href=\"https:\/\/moverdb.com\/nb\/flytting-til-australia\/best-places-to-live-australia\/\">De 13 beste stedene \u00e5 bo i Australia<\/a><\/li>\n<li> <a href=\"https:\/\/moverdb.com\/nb\/flytting-til-australia\/living-in-australia\/\">21 hemmeligheter om \u00e5 bo i Australia for \u00e5 vite f\u00f8r du flytter<\/a><\/li>\n<li> <a href=\"https:\/\/moverdb.com\/nb\/flytting-til-australia\/moving-to-perth\/\">Skal du flytte til Perth? 2024 Levekostnader og tips om flytting<\/a><\/li>\n<li> <a href=\"https:\/\/moverdb.com\/nb\/flytting-til-australia\/moving-to-australia-from-the-us\/\">Flytte til Australia fra USA<\/a><\/li>\n<li> <a href=\"https:\/\/moverdb.com\/nb\/containertransport\/to-australia-from-the-united-states\/\">Containerfrakt til Australia fra USA koster<\/a><\/li>\n<li> <a href=\"https:\/\/moverdb.com\/nb\/flytting-til-australia\/moving-to-australia-from-the-uk\/\">Flytte til Australia fra Storbritannia<\/a><\/li>\n<li> <a href=\"https:\/\/moverdb.com\/nb\/containertransport\/to-australia-from-the-uk\/\">Kostnader og tider for containerfrakt til Australia fra Storbritannia<\/a><\/li>\n<li> <a href=\"https:\/\/moverdb.com\/nb\/flytting-til-australia\/moving-to-australia-from-bahrain\/\">\u00c5 flytte til Australia fra Bahrain<\/a><\/li>\n<li> <a href=\"https:\/\/moverdb.com\/nb\/flytting-til-australia\/moving-to-australia-from-the-uae\/\">Flytte til Australia fra Dubai og De forente arabiske emirater<\/a><\/li>\n<li> <a href=\"https:\/\/moverdb.com\/nb\/containertransport\/to-australia-from-dubai\/\">Kostnader og tider for containerfrakt til Australia fra Dubai<\/a><\/li>\n<li> <a href=\"https:\/\/moverdb.com\/nb\/containertransport\/to-australia-from-uae\/\">Containerfrakt til Australia fra De forente arabiske emirater Kostnader og tider<\/a><\/li>\n<li> <a href=\"https:\/\/moverdb.com\/nb\/flytting-til-australia\/moving-to-australia-from-kuwait\/\">\u00c5 flytte til Australia fra Kuwait<\/a><\/li>\n<li> <a href=\"https:\/\/moverdb.com\/nb\/flytting-til-australia\/moving-to-australia-from-qatar\/\">Flytte til Australia fra Qatar<\/a><\/li>\n<li> <a href=\"https:\/\/moverdb.com\/nb\/containertransport\/to-australia-from-qatar\/\">Kostnader og tider for containerfrakt til Australia fra Qatar<\/a><\/li>\n<li> <a href=\"https:\/\/moverdb.com\/nb\/flytting-til-australia\/moving-to-australia-from-singapore\/\">Flytte til Australia fra Singapore<\/a><\/li>\n<li> <a href=\"https:\/\/moverdb.com\/nb\/containertransport\/to-australia-from-singapore\/\">Containerfrakt til Australia fra Singapore - kostnader og tider<\/a><\/li>\n<li> <a href=\"https:\/\/moverdb.com\/nb\/flytting-til-australia\/moving-to-australia-from-south-africa\/\">Flytte til Australia fra S\u00f8r-Afrika<\/a><\/li>\n<li> <a href=\"https:\/\/moverdb.com\/nb\/containertransport\/to-australia-from-canada\/\">Containerfrakt til Australia fra Canada koster<\/a><\/li>\n<li> <a href=\"https:\/\/moverdb.com\/nb\/containertransport\/to-australia-from-new-zealand\/\">Containerfrakt til Australia fra New Zealand koster<\/a><\/li>\n<li> <a href=\"https:\/\/moverdb.com\/nb\/flytting-til-australia\/moving-to-hobart\/\">Skal du flytte til Hobart? 2024 Levekostnader og tips om flytting<\/a><\/li>\n<li> <a href=\"https:\/\/moverdb.com\/nb\/flytting-til-australia\/moving-to-gold-coast\/\">Skal du flytte til Gold Coast? 2024 Levekostnader og tips om flytting<\/a><\/li>\n<li> <a href=\"https:\/\/moverdb.com\/nb\/flytting-til-australia\/moving-to-melbourne\/\">Skal du flytte til Melbourne? 2024 Levekostnader og tips om flytting<\/a><\/li>\n<\/ul>","protected":false},"excerpt":{"rendered":"<p>The Australian International Movers Association (AIMA) describes itself as a professional forum for the international removals industry. Members must hold FIDI\/FAIM or meet strict membership criteria, including requirements for financial integrity. Key facts about AIMA: It was established in 1975. It has around 60 members in Australia. AIMA represents the moving industry in Australia and [&hellip;]<\/p>\n","protected":false},"author":1,"featured_media":0,"parent":0,"menu_order":0,"comment_status":"closed","ping_status":"closed","template":"","meta":{"_genesis_hide_title":false,"_genesis_hide_breadcrumbs":false,"_genesis_hide_singular_image":false,"_genesis_hide_footer_widgets":false,"_genesis_custom_body_class":"","_genesis_custom_post_class":"","_genesis_layout":"","footnotes":""},"class_list":{"0":"post-436","1":"page","2":"type-page","3":"status-publish","5":"entry"},"_links":{"self":[{"href":"https:\/\/moverdb.com\/nb\/wp-json\/wp\/v2\/pages\/436","targetHints":{"allow":["GET"]}}],"collection":[{"href":"https:\/\/moverdb.com\/nb\/wp-json\/wp\/v2\/pages"}],"about":[{"href":"https:\/\/moverdb.com\/nb\/wp-json\/wp\/v2\/types\/page"}],"author":[{"embeddable":true,"href":"https:\/\/moverdb.com\/nb\/wp-json\/wp\/v2\/users\/1"}],"replies":[{"embeddable":true,"href":"https:\/\/moverdb.com\/nb\/wp-json\/wp\/v2\/comments?post=436"}],"version-history":[{"count":9,"href":"https:\/\/moverdb.com\/nb\/wp-json\/wp\/v2\/pages\/436\/revisions"}],"predecessor-version":[{"id":17998,"href":"https:\/\/moverdb.com\/nb\/wp-json\/wp\/v2\/pages\/436\/revisions\/17998"}],"wp:attachment":[{"href":"https:\/\/moverdb.com\/nb\/wp-json\/wp\/v2\/media?parent=436"}],"curies":[{"name":"wp","href":"https:\/\/api.w.org\/{rel}","templated":true}]}}