{"id":435,"date":"2016-06-12T14:17:13","date_gmt":"2016-06-12T14:17:13","guid":{"rendered":"http:\/\/moverdb.com\/?page_id=435"},"modified":"2026-01-08T14:47:40","modified_gmt":"2026-01-08T14:47:40","slug":"afra","status":"publish","type":"page","link":"https:\/\/moverdb.com\/nb\/afra\/","title":{"rendered":"Australian Furniture Removers Association (AFRA) forklart"},"content":{"rendered":"<p>Australian Furniture Removers Association (AFRA) beskriver seg selv b\u00e5de som en representant for, og regulator av, flyttebyr\u00e5bransjen i <a href=\"https:\/\/moverdb.com\/nb\/moving-to-australia\/living-in-australia\/\" data-internallinksmanager029f6b8e52c=\"240\" title=\"21 hemmeligheter om \u00e5 bo i Australia for \u00e5 vite f\u00f8r du flytter\">Australia<\/a>. <\/p>\n<p>Det har bred geografisk rekkevidde i Australia og blir ofte nevnt som et kvalitetsstempel.<\/p>\n<p><strong>N\u00f8kkelfakta om AFRA:<\/strong><\/p>\n<ol>\n<li>  For tiden er rundt 350 m\u00f8beltransport- og tilknyttede selskaper medlemmer av AFRA.<\/li>\n<li>  AFRA-medlemskapet dekker praktisk talt alle regioner i Australia - men ikke internasjonale steder.<\/li>\n<li>  Revisjon er noe AFRA-medlemmer m\u00e5 gjennomg\u00e5 med jevne mellomrom. Det er en innledende revisjon som finner sted sammen med medlemss\u00f8knaden, etterfulgt av en revisjon 12 m\u00e5neder etter godkjenning og deretter en revisjon hvert fjerde \u00e5r. Hvis revisjonene avdekker at medlemmene ikke oppfyller grunnleggende krav, har de 21 dager p\u00e5 seg til \u00e5 rette opp dette f\u00f8r AFRA kan iverksette disiplin\u00e6rtiltak mot medlemmene.<\/li>\n<li>  AFRAs medlemsmasse er mangfoldig, fra sm\u00e5 eierdrevne selskaper med \u00e9n lastebil til store multinasjonale selskaper med mange filialer b\u00e5de i Australia og Europa. <a href=\"https:\/\/moverdb.com\/nb\/flyttefirmaer\/\">utenlands<\/a>.<\/li>\n<li>  AFRA har visse grunnleggende krav som medlemmene m\u00e5 oppfylle, og disse er omfattende og gjelder alt fra lokaler til ansatte, kj\u00f8ret\u00f8y, utstyr og forsikring.<\/li>\n<li>  Hvis klager eller krav ikke l\u00f8ses av medlemmene, kan de henvises av kunden til AFRA.<\/li>\n<li>  Alle AFRA-medlemmer har ansvarsforsikring og er autorisert til \u00e5 tilby transittforsikring for alle varer og gjenstander som transporteres.<\/li>\n<\/ol>\n<p><strong>Profilen til Australian Furniture Removers Association:<\/strong><\/p>\n<p>AFRA er et offisielt organ for flytteeksperter som gir akkreditering til medlemmer som \u00f8nsker et p\u00e5litelig kvalitetstegn \u00e5 vise til forbrukerne. <\/p>\n<p>Bare flyttebyr\u00e5er som har det rette utstyret, kj\u00f8ret\u00f8yene, lokalene og personaloppl\u00e6ringen for \u00e5 gjennomf\u00f8re en profesjonell flytting, vil f\u00e5 en AFRA-medlemsakkreditering. N\u00e5r akkrediteringen er mottatt, fortsetter organisasjonen \u00e5 vurdere medlemmene sine for \u00e5 sikre at standardene ikke har blitt svekket. <\/p>\n<p>Kravene AFRA stiller til sine medlemmer er ment \u00e5 gj\u00f8re flyttebransjen til et bedre sted for forbrukerne n\u00e5r det gjelder faktorer som \u00f8konomisk beskyttelse og god service. AFRA tilbyr kun medlemskap til australske selskaper, men de kan betjene kunder som flytter innen Australia eller til utlandet. <a href=\"https:\/\/moverdb.com\/nb\/internasjonale-flyttinger\/\">utenlands<\/a>. <\/p>\n<p>Som en del av medlemsfordelene tilbyr AFRA oppl\u00e6ring, informasjon og veiledning for medlemmene, i tillegg til \u00e5 tilby en ressurs om de siste nyhetene og endringene som p\u00e5virker bransjen.<\/p>\n<p><strong>Kriterier for medlemskap:<\/strong><\/p>\n<p>Kriteriene for medlemskap er ikke oppf\u00f8rt p\u00e5 nettstedet, men p\u00e5 s\u00f8knadsskjemaet (som heller ikke er tilgjengelig p\u00e5 nettstedet). En medlemspakke kan f\u00e5s fra <a href=\"mailto:admin@afra.com.au\">admin@afra.com.au<\/a>.<\/p>\n<p>Hvert selskap vil bli gjenstand for en revisjon f\u00f8r medlemskap innvilges.<\/p>\n<p><strong>Medlemsbedrifter<\/strong><\/p>\n<ul>\n<li> <a href=\"https:\/\/moverdb.com\/nb\/conroy-fjernelser\/\">Conroy Removings<\/a><\/li>\n<\/ul>\n<p><strong>Meninger om AFRA:<\/strong><\/p>\n<p>AFRA blir sett p\u00e5 som en indikator p\u00e5 en kvalitetsbedrift og foresl\u00e5s av offentlige nettsteder som en m\u00e5te \u00e5 sikre at en flyttemann har de rette ressursene, standardene og ferdighetene til \u00e5 gjennomf\u00f8re en flytting. <\/p>\n<p>Det faktum at AFRA bare godkjenner dem som er i stand til \u00e5 gjennomf\u00f8re en flytting profesjonelt, anses som viktig, i tillegg til kravene til AFRA-medlemmer om \u00e5 ha beskyttelse som ulike forsikringer p\u00e5 plass. <\/p>\n<p>Det p\u00e5pekes at hvis en virksomhet er medlem av AFRA, gir dette kundene deres mulighet til \u00e5 f\u00e5 tilgang til AFRA-informasjon og til \u00e5 f\u00e5 trygghet fra tvistel\u00f8sningstjenesten. Nettuttalelsen fremhever at \"alle de store nasjonale <a href=\"https:\/\/moverdb.com\/nb\/international-removals\/\" data-internallinksmanager029f6b8e52c=\"27\" title=\"De 36 beste internasjonale flyttebyr\u00e5ene i Storbritannia\">flyttebyr\u00e5er<\/a> er forpliktet til AFRA-idealet.\" <\/p>\n<p>\u00c5 bruke en AFRA-medlemsflytter er et av tipsene for flytting gitt av en <a href=\"https:\/\/www.allianz.com.au\/home-insurance\/news\/6-tips-on-how-to-hire-the-best-removalists\" target=\"_blank\" rel=\"noopener\">st\u00f8rre selskap innen finansielle tjenester<\/a>som p\u00e5peker at australsk lov ikke krever at flyttebyr\u00e5er har forsikring, men at AFRA har det. Det verdsetter ogs\u00e5 det faktum at AFRA-medlemmer vil v\u00e6re oppdatert med den siste utviklingen og holdes til minimumsstandarder.<\/p>\n<blockquote><p>Flyttebyr\u00e5er som er akkreditert av AFRA, m\u00e5 oppfylle visse standarder i forhold til utstyr, kj\u00f8ret\u00f8y, lokaler og oppl\u00e6ring av personalet som er n\u00f8dvendig for \u00e5 gjennomf\u00f8re en profesjonell flytting.<\/p><\/blockquote>\n<p>- <a href=\"http:\/\/www.fairtrading.nsw.gov.au\/ftw\/Consumers\/Buying_services\/Hiring_a_removalist.page\" target=\"_blank\" rel=\"noopener\">NSW-regjeringen<\/a><\/p>\n<blockquote><p>AFRA er et offisielt organ for flytteeksperter i Australia som bidrar til \u00e5 regulere flyttebransjen. AFRA godkjenner bare de flyttebyr\u00e5ene som har det n\u00f8dvendige utstyret, kj\u00f8ret\u00f8yene, lokalene og personaloppl\u00e6ringen som trengs for \u00e5 gjennomf\u00f8re en profesjonell flytting.<\/p><\/blockquote>\n<p>- <a href=\"http:\/\/www.ashtons.com.au\/afra-accreditation.html\" target=\"_blank\" rel=\"noopener\">Ashtons Removals<\/a><\/p>\n<p><strong>Nettsted:<\/strong> <a href=\"http:\/\/www.afra.com.au\/\" target=\"_blank\" rel=\"noopener\">http:\/\/www.afra.com.au\/<\/a><\/p>\n<h2>Andre nyttige guider til Australia<\/h2>\n<ul>\n<li> <a href=\"https:\/\/moverdb.com\/nb\/containertransport\/australia\/\">2024 Fraktpriser for containerfrakt til og fra Australia<\/a><\/li>\n<li> <a href=\"https:\/\/moverdb.com\/nb\/flyttefirmaer\/australia-moving-companies\/\">17 beste internasjonale flyttefirmaer i Australia<\/a><\/li>\n<li> <a href=\"https:\/\/moverdb.com\/nb\/internasjonale-pengeoverforingstjenester\/money-transfer-companies-australia\/\">De 10 beste pengeoverf\u00f8ringsselskapene i Australia<\/a><\/li>\n<li> <a href=\"https:\/\/moverdb.com\/nb\/flytting-til-australia\/\">Flytte til Australia? 2024 Levekostnader og flyttetips<\/a><\/li>\n<li> <a href=\"https:\/\/moverdb.com\/nb\/flytting-til-australia\/best-places-to-live-australia\/\">De 13 beste stedene \u00e5 bo i Australia<\/a><\/li>\n<li> <a href=\"https:\/\/moverdb.com\/nb\/flytting-til-australia\/living-in-australia\/\">21 hemmeligheter om \u00e5 bo i Australia for \u00e5 vite f\u00f8r du flytter<\/a><\/li>\n<li> <a href=\"https:\/\/moverdb.com\/nb\/flytting-til-australia\/moving-to-australia-from-the-us\/\">Flytte til Australia fra USA<\/a><\/li>\n<li> <a href=\"https:\/\/moverdb.com\/nb\/containertransport\/to-australia-from-the-united-states\/\">Containerfrakt til Australia fra USA koster<\/a><\/li>\n<li> <a href=\"https:\/\/moverdb.com\/nb\/flytting-til-australia\/moving-to-australia-from-the-uk\/\">Flytte til Australia fra Storbritannia<\/a><\/li>\n<li> <a href=\"https:\/\/moverdb.com\/nb\/containertransport\/to-australia-from-the-uk\/\">Kostnader og tider for containerfrakt til Australia fra Storbritannia<\/a><\/li>\n<li> <a href=\"https:\/\/moverdb.com\/nb\/flytting-til-australia\/moving-to-australia-from-bahrain\/\">\u00c5 flytte til Australia fra Bahrain<\/a><\/li>\n<li> <a href=\"https:\/\/moverdb.com\/nb\/flytting-til-australia\/moving-to-australia-from-the-uae\/\">Flytte til Australia fra Dubai og De forente arabiske emirater<\/a><\/li>\n<li> <a href=\"https:\/\/moverdb.com\/nb\/containertransport\/to-australia-from-dubai\/\">Kostnader og tider for containerfrakt til Australia fra Dubai<\/a><\/li>\n<li> <a href=\"https:\/\/moverdb.com\/nb\/containertransport\/to-australia-from-uae\/\">Containerfrakt til Australia fra De forente arabiske emirater Kostnader og tider<\/a><\/li>\n<li> <a href=\"https:\/\/moverdb.com\/nb\/flytting-til-australia\/moving-to-australia-from-kuwait\/\">\u00c5 flytte til Australia fra Kuwait<\/a><\/li>\n<li> <a href=\"https:\/\/moverdb.com\/nb\/flytting-til-australia\/moving-to-australia-from-qatar\/\">Flytte til Australia fra Qatar<\/a><\/li>\n<li> <a href=\"https:\/\/moverdb.com\/nb\/containertransport\/to-australia-from-qatar\/\">Kostnader og tider for containerfrakt til Australia fra Qatar<\/a><\/li>\n<li> <a href=\"https:\/\/moverdb.com\/nb\/flytting-til-australia\/moving-to-perth\/\">Skal du flytte til Perth? 2024 Levekostnader og tips om flytting<\/a><\/li>\n<li> <a href=\"https:\/\/moverdb.com\/nb\/flytting-til-australia\/moving-to-australia-from-singapore\/\">Flytte til Australia fra Singapore<\/a><\/li>\n<li> <a href=\"https:\/\/moverdb.com\/nb\/containertransport\/to-australia-from-singapore\/\">Containerfrakt til Australia fra Singapore - kostnader og tider<\/a><\/li>\n<li> <a href=\"https:\/\/moverdb.com\/nb\/flytting-til-australia\/moving-to-australia-from-south-africa\/\">Flytte til Australia fra S\u00f8r-Afrika<\/a><\/li>\n<li> <a href=\"https:\/\/moverdb.com\/nb\/containertransport\/to-australia-from-canada\/\">Containerfrakt til Australia fra Canada koster<\/a><\/li>\n<li> <a href=\"https:\/\/moverdb.com\/nb\/containertransport\/to-australia-from-new-zealand\/\">Containerfrakt til Australia fra New Zealand koster<\/a><\/li>\n<li> <a href=\"https:\/\/moverdb.com\/nb\/flytting-til-australia\/moving-to-hobart\/\">Skal du flytte til Hobart? 2024 Levekostnader og tips om flytting<\/a><\/li>\n<li> <a href=\"https:\/\/moverdb.com\/nb\/flytting-til-australia\/moving-to-gold-coast\/\">Skal du flytte til Gold Coast? 2024 Levekostnader og tips om flytting<\/a><\/li>\n<li> <a href=\"https:\/\/moverdb.com\/nb\/flytting-til-australia\/moving-to-melbourne\/\">Skal du flytte til Melbourne? 2024 Levekostnader og tips om flytting<\/a><\/li>\n<\/ul>","protected":false},"excerpt":{"rendered":"<p>The Australian Furniture Removers Association (AFRA) describes itself both as a representative of, and regulator of, the removals industry in Australia. It has broad geographic reach within Australia and is often cited as a mark of quality. Key facts about the AFRA: Currently, around 350 furniture removal and associated companies are members of AFRA. The [&hellip;]<\/p>\n","protected":false},"author":1,"featured_media":0,"parent":0,"menu_order":0,"comment_status":"closed","ping_status":"closed","template":"","meta":{"_genesis_hide_title":false,"_genesis_hide_breadcrumbs":false,"_genesis_hide_singular_image":false,"_genesis_hide_footer_widgets":false,"_genesis_custom_body_class":"","_genesis_custom_post_class":"","_genesis_layout":"","footnotes":""},"class_list":{"0":"post-435","1":"page","2":"type-page","3":"status-publish","5":"entry"},"_links":{"self":[{"href":"https:\/\/moverdb.com\/nb\/wp-json\/wp\/v2\/pages\/435","targetHints":{"allow":["GET"]}}],"collection":[{"href":"https:\/\/moverdb.com\/nb\/wp-json\/wp\/v2\/pages"}],"about":[{"href":"https:\/\/moverdb.com\/nb\/wp-json\/wp\/v2\/types\/page"}],"author":[{"embeddable":true,"href":"https:\/\/moverdb.com\/nb\/wp-json\/wp\/v2\/users\/1"}],"replies":[{"embeddable":true,"href":"https:\/\/moverdb.com\/nb\/wp-json\/wp\/v2\/comments?post=435"}],"version-history":[{"count":11,"href":"https:\/\/moverdb.com\/nb\/wp-json\/wp\/v2\/pages\/435\/revisions"}],"predecessor-version":[{"id":17997,"href":"https:\/\/moverdb.com\/nb\/wp-json\/wp\/v2\/pages\/435\/revisions\/17997"}],"wp:attachment":[{"href":"https:\/\/moverdb.com\/nb\/wp-json\/wp\/v2\/media?parent=435"}],"curies":[{"name":"wp","href":"https:\/\/api.w.org\/{rel}","templated":true}]}}