{"id":434,"date":"2016-06-05T06:20:47","date_gmt":"2016-06-05T06:20:47","guid":{"rendered":"http:\/\/moverdb.com\/?page_id=434"},"modified":"2026-01-08T14:48:22","modified_gmt":"2026-01-08T14:48:22","slug":"fidi-faim","status":"publish","type":"page","link":"https:\/\/moverdb.com\/nb\/fidi-faim\/","title":{"rendered":"FIDI &amp; FAIM (FIDI-akkreditert internasjonal spedit\u00f8r) forklart"},"content":{"rendered":"<p>FIDI (F\u00e9d\u00e9ration Internationale des D\u00e9m\u00e9nageurs Internationaux; The Federation of International Movers) er en global paraplyorganisasjon for internasjonale flyttebyr\u00e5er. <\/p>\n<p>Den beskriver seg selv som en verdensomspennende bransjestandard for flyttebyr\u00e5er av topp kvalitet og har v\u00e6rt en pioner i FIDI Accredited International Mover (FAIM) Quality Management Programme, et kvalitetssertifiseringsprogram som utelukkende er dedikert til den internasjonale flyttebransjen.<\/p>\n<p><strong>N\u00f8kkelfakta om organisasjonen:<\/strong><\/p>\n<ol>\n<li>  FIDI representerer over <strong>600 uavhengige <a href=\"https:\/\/moverdb.com\/nb\/flyttefirmaer\/\">selskaper<\/a><\/strong> i mer enn <strong>100 land<\/strong>.<\/li>\n<li>  FIDI er den st\u00f8rste paraplyorganisasjonen for <a href=\"https:\/\/moverdb.com\/nb\/internasjonale-flyttinger\/\">internasjonale flyttinger<\/a> og relokaliseringsselskaper.<\/li>\n<li>  FIDI tilbyr b\u00e5de personlig flytting og forretningsflytting.<\/li>\n<li>  Alle FIDI-medlemmer m\u00e5 overholde en streng FIDI-FAIM-kvalitetsstandard.<\/li>\n<li>  FIDI tilbyr FAIM-kvalitetsstyringsprogrammet, som regnes som en av de strengeste standardene i bransjen med mer enn <strong>200 kvalitetskrav<\/strong> knyttet til b\u00e5de drift og kundeservice.<\/li>\n<li>  Alle FIDI-medlemmer m\u00e5 gjennomg\u00e5 en periodisk uavhengig vurdering av sine internasjonale flytteaktiviteter. Hvis de ikke best\u00e5r vurderingen, blir de ekskludert fra FIDI.<\/li>\n<li>  Alle FIDI-medlemmer m\u00e5 undertegne og overholde et obligatorisk charter mot bestikkelser og korrupsjon.<\/li>\n<li>  Alle FIDI-medlemmer m\u00e5 ogs\u00e5 v\u00e6re FAIM-sertifisert - dette s\u00f8kes om samtidig med medlemskapet.<\/li>\n<li>  FAIM Plus er tilgjengelig for de som har ISO 9001-sertifisering.<\/li>\n<\/ol>\n<p><strong>FIDI organisasjonsprofil<\/strong><\/p>\n<p>FIDI er en global spedit\u00f8rforening som tilbyr sine medlemmer et sterkt, anerkjent kvalitetsstempel for tjenester, \u00f8kte nettverksmuligheter og muligheten til \u00e5 utvide virksomheten. <\/p>\n<p>FIDI arrangerer regelmessige konferanser og kurs for medlemmer fra hele verden og tilbyr medlemmene en betalingssikringsplan som hjelper dem med \u00e5 beskytte opptil 90% av verdien av fakturaene deres. FIDI har ogs\u00e5 posisjonert seg for \u00e5 holde sine medlemmer oppdatert med de siste nyhetene i bransjen og har et bransjepanel som tilbyr ekspertveiledning og h\u00e5ndterer tvister mellom medlemmene. <\/p>\n<p>FIDI Accredited International Mover (FAIM) Quality Management Programme er en del av FIDI-tilbudet, en kvalitetssertifisering for flyttebransjen som ble utviklet gjennom konsultasjon og beste praksis fra store, sm\u00e5, private og offentlige flyttebyr\u00e5er. <a href=\"https:\/\/moverdb.com\/nb\/moving-companies\/\" data-internallinksmanager029f6b8e52c=\"79\" title=\"Topp 25 internasjonale flyttebyr\u00e5er p\u00e5 nettet\">internasjonale flyttebyr\u00e5er<\/a> fra hele verden.<\/p>\n<p><strong>Kriterier for medlemskap:<\/strong><\/p>\n<p>For \u00e5 bli medlem av FIDI Global Alliance m\u00e5 du oppfylle f\u00f8lgende obligatoriske krav:<\/p>\n<ul>\n<li> Overholde FIDIs regelverk<\/li>\n<li> Operere i interkontinentale flyttetjenester i minst 2 \u00e5r f\u00f8r s\u00f8knaden.<\/li>\n<li> Gjennomf\u00f8re minst 10 interkontinentale flyttinger per \u00e5r*.<\/li>\n<li> ha passende og tilstrekkelig forsikringsdekning<\/li>\n<li> Signer FIDIs charter mot bestikkelser og korrupsjon (FIDI ABC Charter).<\/li>\n<li> ha en sunn \u00f8konomi (din \u00f8konomi vil bli kontrollert av en uavhengig revisor i s\u00f8knadsfasen).<\/li>\n<li> V\u00e6re FIDI-FAIM-sertifisert (du s\u00f8ker om FAIM-sertifisering samtidig som du s\u00f8ker om FIDI-medlemskap).<\/li>\n<\/ul>\n<p><strong>FAIM-sertifisering:<\/strong><\/p>\n<p>FIDI-FAIM-sertifiseringsprogrammet krever at internasjonale flyttebyr\u00e5er f\u00e5r en periodisk uavhengig vurdering av sine interkontinentale flytteaktiviteter gjennom en uavhengig revisjon, som utf\u00f8res hvert tredje \u00e5r.<\/p>\n<p>Dette sikrer at FIDI-selskaper arbeider etter en verdensomspennende felles standard for \u00e5 administrere og utf\u00f8re internasjonale flyttetjenester p\u00e5 en enhetlig, kvalitetsbevisst og effektiv m\u00e5te. Det gir ogs\u00e5 en gjennomsiktig mekanisme som sikrer at standardene forblir h\u00f8ye.<\/p>\n<p>Fra sluttkundens synspunkt gir et FAIM-sertifisert selskap personen som flytter og HR-avdelingen som organiserer flyttingen, tillit til at selskapet kjenner virksomheten og har ressurser og kunnskap til \u00e5 gj\u00f8re jobben skikkelig.<\/p>\n<p>Vurderingen p\u00e5 stedet utf\u00f8res uavhengig av det internasjonale vurderingsfirmaet Ernst &amp; Young.<\/p>\n<p><strong>Noen medlemsbedrifter<\/strong><\/p>\n<ul>\n<li> <a href=\"https:\/\/moverdb.com\/nb\/aires\/\">Aires<\/a><\/li>\n<li> <a href=\"https:\/\/moverdb.com\/nb\/cadogan-tate\/\">Cadogan Tate<\/a><\/li>\n<li> <a href=\"https:\/\/moverdb.com\/nb\/harve-gronn\/\">Harrow Green<\/a><\/li>\n<li> <a href=\"https:\/\/moverdb.com\/nb\/santa-fe-flytting\/\">Flytting av Santa Fe<\/a><\/li>\n<li> <a href=\"https:\/\/moverdb.com\/nb\/flytting-av-team\/\">Flytting av team<\/a><\/li>\n<li> <a href=\"https:\/\/moverdb.com\/nb\/nippon-express\/\">Nippon Express<\/a><\/li>\n<li> <a href=\"https:\/\/moverdb.com\/nb\/settelen\/\">Settelen<\/a><\/li>\n<li> <a href=\"https:\/\/moverdb.com\/nb\/conroy-fjernelser\/\">Conroy Removings<\/a><\/li>\n<li> <a href=\"https:\/\/moverdb.com\/nb\/bolliger\/\">Bolliger<\/a><\/li>\n<li> <a href=\"https:\/\/moverdb.com\/nb\/mudanzas-gou\/\">Mudanzas Gou<\/a><\/li>\n<li> <a href=\"https:\/\/moverdb.com\/nb\/gil-stauffer\/\">Gil Stauffer<\/a><\/li>\n<li> <a href=\"https:\/\/moverdb.com\/nb\/packimpex\/\">Packimpex<\/a><\/li>\n<\/ul>\n<p><strong>Meninger om organisasjonen<\/strong><\/p>\n<p>FIDI er h\u00f8yt ansett av de flyttebyr\u00e5ene som nevner det p\u00e5 sine nettsteder, b\u00e5de med hensyn til de betydelige ressursene det har, og det faktum at revisjonen p\u00e5g\u00e5r kontinuerlig. <\/p>\n<p>Uavhengighet er en annen n\u00f8kkelfaktor i omd\u00f8mmet som FIDI har bygget opp - hvert flyttebyr\u00e5 har en samsvarsprosedyre p\u00e5 stedet som utf\u00f8res av en konsulent fra et annet land. <\/p>\n<blockquote><p>For flyttebyr\u00e5er som streber etter det h\u00f8yeste kvalitetsniv\u00e5et, tilbyr FAIM\/ISO den h\u00f8yeste sertifiseringsstandarden som er tilgjengelig i verden.<\/p><\/blockquote>\n<p> - <a href=\"http:\/\/www.ossworldwidemovers.com\/fidi-accredited-international-mover\" target=\"_blank\" rel=\"noopener\">OSS World Wide Movers<\/a><\/p>\n<blockquote><p>Det finnes mange flyttebyr\u00e5er over hele verden. Hvordan skiller du de gode fra de d\u00e5rlige? Du begynner med FIDI\/FAIM, gullstandarden for internasjonal flytting.<\/p><\/blockquote>\n<p>- <a href=\"http:\/\/www.jkmoving.com\/International\/International_Network-_FIDI\/FAIM\/\" target=\"_blank\" rel=\"noopener\">JK Flyttetjenester<\/a><\/p>\n<p><a href=\"http:\/\/www.jkmoving.com\/International\/International_Network-_FIDI\/FAIM\/\" target=\"_blank\" rel=\"noopener\"><\/a><\/p>\n<blockquote><p>Dette er det strengeste, altomfattende kvalitetsprogrammet for den internasjonale flyttebransjen og har mer enn 200 kvalitetskrav knyttet til en organisasjons drift og tjenester til kunder. FIDI tilbyr n\u00e5 en akkreditering kalt FAIM.<\/p><\/blockquote>\n<p>- <a href=\"http:\/\/www.suddathinternational.com\/news\/2013\/8\/1\/faim-plus.aspx\" target=\"_blank\" rel=\"noopener\">Suddath<\/a><\/p>\n<p><strong>Nettsted:<\/strong> <a href=\"https:\/\/www.fidi.org\" target=\"_blank\" rel=\"noopener\">https:\/\/www.fidi.org<\/a><\/p>","protected":false},"excerpt":{"rendered":"<p>FIDI (F\u00e9d\u00e9ration Internationale des D\u00e9m\u00e9nageurs Internationaux; The Federation of International Movers) is a global umbrella organisation of international moving and relocation businesses. It describes itself as a worldwide industry standard for top quality movers and has pioneered the FIDI Accredited International Mover (FAIM) Quality Management Programme, a quality certification programme dedicated exclusively to the international [&hellip;]<\/p>\n","protected":false},"author":1,"featured_media":0,"parent":0,"menu_order":0,"comment_status":"closed","ping_status":"closed","template":"","meta":{"_genesis_hide_title":false,"_genesis_hide_breadcrumbs":false,"_genesis_hide_singular_image":false,"_genesis_hide_footer_widgets":false,"_genesis_custom_body_class":"","_genesis_custom_post_class":"","_genesis_layout":"","footnotes":""},"class_list":{"0":"post-434","1":"page","2":"type-page","3":"status-publish","5":"entry"},"_links":{"self":[{"href":"https:\/\/moverdb.com\/nb\/wp-json\/wp\/v2\/pages\/434","targetHints":{"allow":["GET"]}}],"collection":[{"href":"https:\/\/moverdb.com\/nb\/wp-json\/wp\/v2\/pages"}],"about":[{"href":"https:\/\/moverdb.com\/nb\/wp-json\/wp\/v2\/types\/page"}],"author":[{"embeddable":true,"href":"https:\/\/moverdb.com\/nb\/wp-json\/wp\/v2\/users\/1"}],"replies":[{"embeddable":true,"href":"https:\/\/moverdb.com\/nb\/wp-json\/wp\/v2\/comments?post=434"}],"version-history":[{"count":28,"href":"https:\/\/moverdb.com\/nb\/wp-json\/wp\/v2\/pages\/434\/revisions"}],"predecessor-version":[{"id":6210,"href":"https:\/\/moverdb.com\/nb\/wp-json\/wp\/v2\/pages\/434\/revisions\/6210"}],"wp:attachment":[{"href":"https:\/\/moverdb.com\/nb\/wp-json\/wp\/v2\/media?parent=434"}],"curies":[{"name":"wp","href":"https:\/\/api.w.org\/{rel}","templated":true}]}}