{"id":433,"date":"2016-06-12T13:45:04","date_gmt":"2016-06-12T13:45:04","guid":{"rendered":"http:\/\/moverdb.com\/?page_id=433"},"modified":"2026-01-08T14:47:29","modified_gmt":"2026-01-08T14:47:29","slug":"amsa","status":"publish","type":"page","link":"https:\/\/moverdb.com\/nb\/amsa\/","title":{"rendered":"American Moving &amp; Storage Association (AMSA) forklart"},"content":{"rendered":"<p>American Moving &amp; Storage Association (AMSA) er den nasjonale bransjeorganisasjonen for den amerikanske flyttebransjen. <\/p>\n<p>Den er opprettet for \u00e5 representere interessene til akt\u00f8rene i flytte- og lagringsbransjen, b\u00e5de nasjonalt og internasjonalt, og for \u00e5 v\u00e6re en kilde til informasjon og bistand til kunder som bruker bedrifter i bransjen.<\/p>\n<p><strong>N\u00f8kkelfakta om AMSA:<\/strong><\/p>\n<ol>\n<li>  Den har rundt 4 200 medlemmer.<\/li>\n<li>  AMSAs medlemmer best\u00e5r av interstatlige flytte- og lagringsselskaper og lokale flyttebyr\u00e5er, <a href=\"https:\/\/moverdb.com\/nb\/flyttefirmaer\/\">internasjonale flyttebyr\u00e5er<\/a> samt bransjeleverand\u00f8rer og medlemmer av statlige sammenslutninger.<\/li>\n<li>  Det er den eneste nasjonale sammenslutningen som representerer alle sektorer i flytte- og lagringsbransjen.<\/li>\n<li>  AMSA lanserte <a href=\"https:\/\/moverdb.com\/nb\/rim-promover\/\" data-internallinksmanager029f6b8e52c=\"76\" title=\"RIM International ProMover-sertifisering forklart\">ProMover<\/a> sertifisering i 2009, utformet for \u00e5 lede forbrukerne til kvalitetsflyttebyr\u00e5er som st\u00f8tter AMSA-m\u00e5lene.<\/li>\n<li>  Medlemskap er ikke bare \u00e5pent for flyttebyr\u00e5er, men ogs\u00e5 tilknyttede selskaper (de som leverer produkter eller tjenester knyttet til flyttebransjen), enkeltpersoner og profesjonelle bransjeorganisasjoner.<\/li>\n<li>  AMSA-medlemskap er en viktig del av s\u00f8knadsprosessen for \u00e5 f\u00e5 tilgang til <a href=\"https:\/\/moverdb.com\/nb\/felgpromover\/\">ProMover-sertifisering<\/a> - dette m\u00e5 ha v\u00e6rt holdt uten utstedelse i 18 m\u00e5neder.<\/li>\n<li>  Det er godt kjent blant forbrukerne for sin database med \"flyttetips\", med informasjon om alt fra pakking til hvordan man h\u00e5ndterer flyttedagen.<\/li>\n<li>  Den tilbyr et program for tvistel\u00f8sning og har etiske retningslinjer som medlemmene m\u00e5 f\u00f8lge.<\/li>\n<li>  Medlemmene transporterer mellom 1,3 og 1,5 millioner husholdninger hvert \u00e5r.<\/li>\n<\/ol>\n<p><strong>Profilen til American Moving &amp; Storage Association:<\/strong><\/p>\n<p>AMSA-medlemmer drar nytte av et bredt spekter av tjenester, fra nyheter og informasjon om saker som p\u00e5virker bransjen, til representasjon av f\u00f8derale myndigheter, skattehjelp, finansiell og statistisk rapportering og juridisk bistand. <\/p>\n<p>AMSA tilbyr ogs\u00e5 en voldgiftstjeneste for \u00e5 h\u00e5ndtere tvister om tap og skade, samt profesjonelle utdannings- og sertifiseringsprogrammer, som ProMover. <\/p>\n<p>AMSA startet med den eldste bransjeorganisasjonen for flyttemenn i USA - National Furniture Warehousemen's Association, som ble grunnlagt i 1920. Dens historie, brede dekningsomr\u00e5de og etiske retningslinjer gj\u00f8r den til en h\u00f8yt respektert organisasjon. <\/p>\n<p>Det er ansvarlig for ProMover-sertifiseringen, som har blitt sett p\u00e5 som et merke for en p\u00e5litelig flyttemann.<\/p>\n<p><strong>Kriterier for medlemskap:<\/strong><\/p>\n<p>Kriteriene for \u00e5 bli medlem av AMSA ser ut til \u00e5 v\u00e6re sv\u00e6rt enkle - det er bare \u00e5 fylle ut skjemaet og betale et gebyr. Det kreves imidlertid mer for virksomheter som \u00f8nsker \u00e5 oppn\u00e5 f\u00f8lgende fordeler <a href=\"https:\/\/moverdb.com\/nb\/felgpromover\/\">ProMover-sertifisering<\/a>.<\/p>\n<p><strong>Topp medlemsbedrifter<\/strong><\/p>\n<ol>\n<li> <a href=\"https:\/\/moverdb.com\/nb\/united-van-lines\/\">United Van Lines<\/a><\/li>\n<li> <a href=\"https:\/\/moverdb.com\/nb\/atlas-van-lines-international\/\">Atlas Van Lines International<\/a><\/li>\n<li> <a href=\"https:\/\/moverdb.com\/nb\/mayflower-transitt\/\">Mayflower Transit<\/a><\/li>\n<li> <a href=\"https:\/\/moverdb.com\/nb\/allierte-van-linjer\/\">Allied Van Lines<\/a><\/li>\n<li> <a href=\"https:\/\/moverdb.com\/nb\/north-american-van-lines\/\">Nordamerikanske varebilruter<\/a><\/li>\n<li> <a href=\"https:\/\/moverdb.com\/nb\/hvete\/\">Wheaton World Wide Moving<\/a><\/li>\n<li> <a href=\"https:\/\/moverdb.com\/nb\/bekins-van-lines\/\">Bekins Van Lines<\/a><\/li>\n<li> <a href=\"https:\/\/moverdb.com\/nb\/graebel-van-lines\/\">Graebel Van Lines<\/a><\/li>\n<li> <a href=\"https:\/\/moverdb.com\/nb\/arpin-van-lines\/\">Arpin Van Lines<\/a><\/li>\n<li> <a href=\"https:\/\/moverdb.com\/nb\/stevens-worldwide-van-lines\/\">Stevens Worldwide Van Lines<\/a><\/li>\n<li> <a href=\"https:\/\/moverdb.com\/nb\/vip-transport\/\">VIP-transport<\/a><\/li>\n<li> <a href=\"https:\/\/moverdb.com\/nb\/oyflyttere\/\">Island Movers<\/a><\/li>\n<li> <a href=\"https:\/\/moverdb.com\/nb\/mudanzas-gou\/\">Mudanzas Gou<\/a><\/li>\n<li> <a href=\"https:\/\/moverdb.com\/nb\/gil-stauffer\/\">Gil Stauffer<\/a><\/li>\n<\/ol>\n<p><strong>Meninger om American Moving &amp; Storage Association<\/strong><\/p>\n<p>N\u00e5r AMSA nevnes p\u00e5 nettet, er det ofte i forbindelse med organisasjonens ProMover-sertifisering, som har blitt et internasjonalt kvalitetsstempel. <\/p>\n<p>Sertifiseringen blir sett p\u00e5 som en del av AMSA-plattformen for b\u00e5de \u00e5 representere og forbedre ting for de som er i bransjen - og de som bruker bedrifter i bransjen - gjennom effektiv p\u00e5virkningsarbeid og ved \u00e5 bygge en respektert merkevare. <\/p>\n<p>Opinionen p\u00e5 nettet fokuserer b\u00e5de p\u00e5 det faktum at AMSAs arv knytter den til de eldste handelsforeningene i Amerika og dens oppgave med \u00e5 gj\u00f8re det enklere for forbrukerne \u00e5 flytte. I nettuttalelsene nevnes arrangementer i regi av AMSA - som \u00e5penbart er godt bes\u00f8kt og h\u00f8yt verdsatt, <em>\"Som alltid samlet \u00e5rets AMSA-konferanse noen av de fremste lederne i flyttebransjen.\"<\/em> <\/p>\n<p>AMSA-utmerkelser nevnes ogs\u00e5, og disse ser ut til \u00e5 bli sett p\u00e5 som en reell indikator p\u00e5 prestasjoner og kvalitet.<\/p>\n<blockquote><p>AMSAs oppgave er \u00e5 \"representere interessene til den innenlandske og internasjonale flytte- og lagringsindustrien og \u00e5 hjelpe kundene den betjener\".\n<\/p><\/blockquote>\n<p>- <a href=\"http:\/\/www.atlasvanlines.com\/pro-mover\/\" target=\"_blank\" rel=\"noopener\">Atlas Van Lines<\/a><\/p>\n<blockquote><p>AMSA er opptatt av \u00e5 sikre at de 40 millioner amerikanerne som flytter hvert \u00e5r og som velger et profesjonelt flyttebyr\u00e5, kan ta informerte beslutninger.<\/p><\/blockquote>\n<p>- <a href=\"http:\/\/www.ossworldwidemovers.com\/american-moving-and-storage-association\" target=\"_blank\" rel=\"noopener\">OSS World Wide Movers<\/a><\/p>\n<blockquote><p>AMSA kontrollerer n\u00f8ye sine flyttemedlemmer og s\u00f8rger for at forbrukerne blir matchet med flyttebyr\u00e5er som har oppfylt alle lisens- og forsikringskrav, og s\u00f8rger for mekling av tvister mellom forbrukere og flyttebyr\u00e5er gjennom sitt \"Household Goods Dispute Settlement Program\". Et av AMSAs m\u00e5l er et velinformert publikum som bedre forst\u00e5r verdien av profesjonelle flyttetjenester.<\/p><\/blockquote>\n<p>- <a href=\"http:\/\/www.moving.com\/articles\/amsa\/who-is-amsa.asp\" target=\"_blank\" rel=\"noopener\">Moving.com<\/a><\/p>\n<p><strong>Nettsted:<\/strong> <a href=\"http:\/\/www.moving.org\/\" target=\"_blank\" rel=\"noopener\">http:\/\/www.moving.org\/<\/a><\/p>","protected":false},"excerpt":{"rendered":"<p>The American Moving &#038; Storage Association (AMSA) is the national trade association for the American moving industry. It has been set up to help represent the interests of those in the moving and storage industry, both domestic and international, and also to provide a source of information and assistance to customers using businesses in the [&hellip;]<\/p>\n","protected":false},"author":1,"featured_media":0,"parent":0,"menu_order":0,"comment_status":"closed","ping_status":"closed","template":"","meta":{"_genesis_hide_title":false,"_genesis_hide_breadcrumbs":false,"_genesis_hide_singular_image":false,"_genesis_hide_footer_widgets":false,"_genesis_custom_body_class":"","_genesis_custom_post_class":"","_genesis_layout":"","footnotes":""},"class_list":{"0":"post-433","1":"page","2":"type-page","3":"status-publish","5":"entry"},"_links":{"self":[{"href":"https:\/\/moverdb.com\/nb\/wp-json\/wp\/v2\/pages\/433","targetHints":{"allow":["GET"]}}],"collection":[{"href":"https:\/\/moverdb.com\/nb\/wp-json\/wp\/v2\/pages"}],"about":[{"href":"https:\/\/moverdb.com\/nb\/wp-json\/wp\/v2\/types\/page"}],"author":[{"embeddable":true,"href":"https:\/\/moverdb.com\/nb\/wp-json\/wp\/v2\/users\/1"}],"replies":[{"embeddable":true,"href":"https:\/\/moverdb.com\/nb\/wp-json\/wp\/v2\/comments?post=433"}],"version-history":[{"count":25,"href":"https:\/\/moverdb.com\/nb\/wp-json\/wp\/v2\/pages\/433\/revisions"}],"predecessor-version":[{"id":6170,"href":"https:\/\/moverdb.com\/nb\/wp-json\/wp\/v2\/pages\/433\/revisions\/6170"}],"wp:attachment":[{"href":"https:\/\/moverdb.com\/nb\/wp-json\/wp\/v2\/media?parent=433"}],"curies":[{"name":"wp","href":"https:\/\/api.w.org\/{rel}","templated":true}]}}