{"id":432,"date":"2016-06-12T09:28:19","date_gmt":"2016-06-12T09:28:19","guid":{"rendered":"http:\/\/moverdb.com\/?page_id=432"},"modified":"2026-01-08T14:47:56","modified_gmt":"2026-01-08T14:47:56","slug":"canadian-association-of-movers","status":"publish","type":"page","link":"https:\/\/moverdb.com\/nb\/canadian-association-of-movers\/","title":{"rendered":"Canadian Association of Movers (CAM) Explained (p\u00e5 engelsk)"},"content":{"rendered":"<p>Canadian Association of Movers er <a href=\"https:\/\/moverdb.com\/nb\/moving-to-canada\/\" data-internallinksmanager029f6b8e52c=\"265\" title=\"Flytte til Canada? 2023 Levekostnader og tips om flytting\">Canada<\/a>er en bransjeorganisasjon som representerer flytte- og lagringsselskaper. Den ble opprettet for \u00e5 bidra til \u00e5 beskytte og utvide medlemsbedriftene og ogs\u00e5 for \u00e5 tilby forbrukerne en m\u00e5te \u00e5 finne anerkjente, profesjonelle og p\u00e5litelige flyttetjenester p\u00e5.<\/p>\n<p><strong>N\u00f8kkelfakta om alternativ behandling:<\/strong><\/p>\n<ol>\n<li>  Medlemskapet omfatter transport\u00f8rer b\u00e5de i Canada og i utlandet.<\/li>\n<li>  Medlemskapet omfatter flyttebyr\u00e5er, flyttebyr\u00e5er, leverand\u00f8rer til bransjen og virksomheter som tilbyr flytterelaterte tjenester, for eksempel pakketjenester.<\/li>\n<li>  De etiske retningslinjene krever at medlemmene overholder vilk\u00e5r som rettferdighet og \u00e6rlighet overfor kundene og en sikkerhetsbevisst tiln\u00e6rming til enhver tid.<\/li>\n<li>  Canadian Association of Movers tilbyr en klageprosess for forbrukere.<\/li>\n<li>  CAM tilbyr Certified Canadian Mover-programmet som gir forbrukerne trygghet for \u00e5 motta tjenester som er basert p\u00e5 etisk oppf\u00f8rsel, profesjonell kompetanse og effektiv klagebehandling.<\/li>\n<li>  CAM er den eneste flyttebyr\u00e5foreningen i Canada som regulerer og f\u00f8rer registre over anerkjente og useri\u00f8se flyttebyr\u00e5er.<\/li>\n<\/ol>\n<p><strong>Profilen til Canadian Association of Movers:<\/strong><\/p>\n<p>Canadian Association of Movers er den kanadiske bransjeorganisasjonen for flyttebyr\u00e5er. Den best\u00e5r av kanadiske bedrifter og utenlandske organisasjoner. <\/p>\n<p>CAM har en rekke m\u00e5l, blant annet \u00e5 styrke faglig ekspertise og driftskompetanse og bygge forbindelser mellom flyttebyr\u00e5er og varebilselskaper for \u00e5 dele informasjon og styrke flyttebransjen som helhet.<\/p>\n<p>CAMs medlemmer er ansett som landets fremste <a href=\"https:\/\/moverdb.com\/nb\/moving-companies\/\" data-internallinksmanager029f6b8e52c=\"79\" title=\"Topp 25 internasjonale flyttebyr\u00e5er p\u00e5 nettet\">flyttefirmaer<\/a>. Det er to sertifiseringer tilgjengelig for CAM-medlemmer - Certified Overseas Mover og Certified Canadian Mover. <\/p>\n<p>Begge disse er utformet for \u00e5 gi forbrukerne et utvalg av anerkjente flyttebyr\u00e5er som har oppdatert dokumentasjon, f\u00f8lger etiske retningslinjer, vet hvordan de skal h\u00e5ndtere kundeklager og f\u00f8lger retningslinjer for god praksis.<\/p>\n<p><strong>Kriterier for medlemskap:<\/strong><\/p>\n<p>S\u00f8kere kan bli bedt om \u00e5 sende inn ulike dokumenter for \u00e5 fullf\u00f8re godkjenningsprosessen for medlemskap. Alle s\u00f8knader om medlemskap m\u00e5 godkjennes av styret.<\/p>\n<p><strong>Flyttere<\/strong><\/p>\n<p>CAM krever at s\u00f8kere har v\u00e6rt i virksomhet som flyttelass i minst to \u00e5r.<\/p>\n<p>S\u00f8kere om medlemskap som mover m\u00e5 fylle ut et s\u00f8knadsskjema og gi CAM f\u00f8lgende dokumentasjon (kun fotokopier):<\/p>\n<ul>\n<li> Virksomhetslisens<\/li>\n<li> Bilder av lokaler og kj\u00f8ret\u00f8y<\/li>\n<li> GST\/HST-registrering og -nummer<\/li>\n<li> Sertifikat for yrkesskadeforsikring<\/li>\n<li> Forsikringssertifikat som viser minimum $1 million ansvar og en lastgrense p\u00e5 minimum $250 000<\/li>\n<li> Sertifikat for inkorporering<\/li>\n<li> To handelsreferanser med lengde p\u00e5 forholdet (f.eks. bank, leverand\u00f8r av flytteutstyr osv.).<\/li>\n<li> Gule sider-annonse eller reklameartikler (valgfritt)<\/li>\n<li> Signert skjema for etiske retningslinjer<\/li>\n<\/ul>\n<p><strong>Tilknyttede selskaper<\/strong><\/p>\n<p>Et selskap som ikke flytter flyttegods med lastebil, men som tilbyr tjenester knyttet til flyttebransjen, for eksempel pakketjenester, nedbemanningstjenester, fjerning av s\u00f8ppel osv. kan kvalifisere som tilknyttet medlem. <\/p>\n<p>S\u00f8kere om medlemsskap m\u00e5 fylle ut et s\u00f8knadsskjema og kan bli bedt om \u00e5 gi CAM f\u00f8lgende dokumentasjon som er relevant for deres virksomhet, for eksempel (kun fotokopier):<\/p>\n<ul>\n<li> Virksomhetslisens<\/li>\n<li> Bilder av lokaler og kj\u00f8ret\u00f8y<\/li>\n<li> GST\/HST-registrering og -nummer<\/li>\n<li> Sertifikat for yrkesskadeforsikring<\/li>\n<li> Forsikringssertifikat som viser minimum $1 million ansvar.<\/li>\n<li> Sertifikat for inkorporering<\/li>\n<li> To handelsreferanser med lengden p\u00e5 relasjonen (f.eks. bank, flyttebyr\u00e5 osv.).<\/li>\n<li> Gule sider-annonse eller reklameartikler (valgfritt)<\/li>\n<li> Signert skjema for etiske retningslinjer<\/li>\n<\/ul>\n<p><strong>Internasjonale flyttere<\/strong><\/p>\n<ul>\n<li> Anbefalingsbrev fra to internasjonale flyttemenn som er CAM, <a href=\"https:\/\/moverdb.com\/nb\/fidi-faim\/\">FIDI<\/a> eller <a href=\"https:\/\/moverdb.com\/nb\/iam\/\">IAM<\/a> medlemmer<\/li>\n<li> Signerte kanadiske etiske retningslinjer for internasjonale flyttebyr\u00e5er skjema<\/li>\n<\/ul>\n<p><strong>Topp 10 medlemsbedrifter innen flytting<\/strong> (etter st\u00f8rrelse)<\/p>\n<ol>\n<li> <a href=\"https:\/\/moverdb.com\/nb\/united-van-lines\/\">United Van Lines<\/a><\/li>\n<li> <a href=\"https:\/\/moverdb.com\/nb\/north-american-van-lines\/\">Nordamerikanske varebilruter<\/a><\/li>\n<li> <a href=\"https:\/\/moverdb.com\/nb\/amj-campbell-van-lines\/\">AMJ Campbell Van Lines<\/a><\/li>\n<\/ol>\n<p><strong>Movers meninger om CAM:<\/strong><\/p>\n<p>CAM anses som en nyttig ressurs for \u00e5 hjelpe forbrukerne med \u00e5 unng\u00e5 svindel og akt\u00f8rer som tilbyr urealistiske reduserte priser, som deretter bl\u00e5ses opp p\u00e5 flyttedagen. <\/p>\n<p>De som er medlemmer av CAM, anses \u00e5 kunne tilby et visst serviceniv\u00e5 som andre transport\u00f8rer - uten sertifisering - ikke har. <\/p>\n<p>Online opinion ser p\u00e5 CAM som en m\u00e5te \u00e5 verifisere p\u00e5liteligheten til et flyttefirma, s\u00e6rlig fordi CAM skiller mellom <em>\"det gode, fra det onde, fra det stygge.\"<\/em> Organisasjonen er h\u00f8yt ansett for sitt \u00f8nske om \u00e5 fremme h\u00f8ye etiske standarder og det faktum at den har en streng s\u00f8knadsprosess. <\/p>\n<p>De som nevner organisasjonen p\u00e5 nettet, p\u00e5peker at det er en m\u00e5te \u00e5 forsikre seg om at flyttebyr\u00e5et har tilstrekkelige forsikrings- og servicestandarder. Det fremheves ofte at CAM ikke bare holder oversikt over sine egne medlemmer, men ogs\u00e5 over flyttebyr\u00e5er som ikke er s\u00e5 velrenommerte. <\/p>\n<p>Dette blir sett p\u00e5 som en indikator p\u00e5 at organisasjonen har et godt perspektiv p\u00e5 flyttebransjen og at medlemmene er p\u00e5 riktig side av streken.<\/p>\n<blockquote><p>Blant flytte- og lagringsselskaper skiller CAM de gode fra de d\u00e5rlige. Dens m\u00e5l er \u00e5 fremme h\u00f8ye standarder for etisk opptreden i flyttebransjen, fremme kvalitetsinitiativer, l\u00e6re opp og utdanne personell og overv\u00e5ke medlemmenes prestasjoner. <\/p>\n<p>Det hjelper forbrukerne med \u00e5 f\u00e5 tilgang til troverdige og profesjonelle flyttetjenester. Gjennom sin strenge s\u00f8knadsprosess krever CAM at medlemmene undertegner strenge etiske regler, har tilstrekkelig forsikring og opprettholder standarder for sine anlegg.<\/p><\/blockquote>\n<p>- <a href=\"http:\/\/www.uvl.ca\/Content\/Canadian+Association+of+Movers\" target=\"_blank\" rel=\"noopener noreferrer\">United Van Lines Canada<\/a> <\/p>\n<blockquote><p>Canadian Association of Movers (CAM) er den eneste flyttebyr\u00e5foreningen i Canada som regulerer og f\u00f8rer register over anerkjente og useri\u00f8se flyttebyr\u00e5er. <\/p><\/blockquote>\n<p>- <a href=\"http:\/\/www.greatcanadianvanlines.com\/how-to-choose-a-moving-company\/\" target=\"_blank\" rel=\"noopener noreferrer\">Great Canadian Van Lines<\/a><\/p>\n<blockquote><p>Feil valg av flyttebyr\u00e5 for \u00e5 flytte et helt livs innbo kan v\u00e6re katastrofalt. Svindlere utnytter forbrukere ved \u00e5 tilby lave priser, gi urealistiske l\u00f8fter, bl\u00e5se opp prisen p\u00e5 flyttedagen og kreve l\u00f8sepenger for innboet. <\/p>\n<p>Disse selskapene tar ikke ansvar for kvaliteten p\u00e5 tjenestene som leveres. Hvis et flyttetilbud ser ut og h\u00f8res for godt ut til \u00e5 v\u00e6re sant, er det det ogs\u00e5.<\/p>\n<p>Hvorfor ta sjansen? Flytt med et flyttebyr\u00e5 som er medlem av CAM. CAM er Canadas bransjeorganisasjon for flytte- og lagringsselskaper.<\/p><\/blockquote>\n<p>- <a href=\"http:\/\/amjtorontomoving.com\/Partners\/ArticleID\/44\/Canadian-Association-of-Movers-CAM\" target=\"_blank\" rel=\"noopener noreferrer\">AMJ Campbell - Toronto<\/a><\/p>\n<p><strong>Nettsted:<\/strong> <a href=\"http:\/\/www.mover.net\/\" target=\"_blank\" rel=\"noopener noreferrer\">http:\/\/www.mover.net\/<\/a><\/p>\n<p><strong>MERK: P\u00e5 skjemaet nedenfor kan det hende at noen flyttebyr\u00e5er som kontakter deg etter at du har sendt inn skjemaet, ikke er CAM-partnere.<\/strong><\/p>","protected":false},"excerpt":{"rendered":"<p>The Canadian Association of Movers is Canada&#8217;s trade association representing moving and storage companies. It was established to help protect and grow its member businesses and also to offer consumers a way to find reputable, professional and reliable moving services. Key facts about CAM: Membership includes movers both in Canada and overseas. Membership covers movers [&hellip;]<\/p>\n","protected":false},"author":1,"featured_media":0,"parent":0,"menu_order":0,"comment_status":"closed","ping_status":"closed","template":"","meta":{"_genesis_hide_title":false,"_genesis_hide_breadcrumbs":false,"_genesis_hide_singular_image":false,"_genesis_hide_footer_widgets":false,"_genesis_custom_body_class":"","_genesis_custom_post_class":"","_genesis_layout":"","footnotes":""},"class_list":{"0":"post-432","1":"page","2":"type-page","3":"status-publish","5":"entry"},"_links":{"self":[{"href":"https:\/\/moverdb.com\/nb\/wp-json\/wp\/v2\/pages\/432","targetHints":{"allow":["GET"]}}],"collection":[{"href":"https:\/\/moverdb.com\/nb\/wp-json\/wp\/v2\/pages"}],"about":[{"href":"https:\/\/moverdb.com\/nb\/wp-json\/wp\/v2\/types\/page"}],"author":[{"embeddable":true,"href":"https:\/\/moverdb.com\/nb\/wp-json\/wp\/v2\/users\/1"}],"replies":[{"embeddable":true,"href":"https:\/\/moverdb.com\/nb\/wp-json\/wp\/v2\/comments?post=432"}],"version-history":[{"count":9,"href":"https:\/\/moverdb.com\/nb\/wp-json\/wp\/v2\/pages\/432\/revisions"}],"predecessor-version":[{"id":3502,"href":"https:\/\/moverdb.com\/nb\/wp-json\/wp\/v2\/pages\/432\/revisions\/3502"}],"wp:attachment":[{"href":"https:\/\/moverdb.com\/nb\/wp-json\/wp\/v2\/media?parent=432"}],"curies":[{"name":"wp","href":"https:\/\/api.w.org\/{rel}","templated":true}]}}