{"id":431,"date":"2016-06-05T20:02:57","date_gmt":"2016-06-05T20:02:57","guid":{"rendered":"http:\/\/moverdb.com\/?page_id=431"},"modified":"2026-01-08T13:19:02","modified_gmt":"2026-01-08T13:19:02","slug":"iam","status":"publish","type":"page","link":"https:\/\/moverdb.com\/nb\/iam\/","title":{"rendered":"International Association of Movers (IAM) Forklaret"},"content":{"rendered":"<p>International Association of Movers (IAM) er en global bransjeorganisasjon med medlemmer som tilbyr flytting, spedisjon, frakt, logistikk og relaterte tjenester. <\/p>\n<p>Det er den st\u00f8rste internasjonale bransjeorganisasjonen for industrien, opprinnelig grunnlagt av charterselskaper som gjorde forretninger med EU. <a href=\"https:\/\/moverdb.com\/nb\/moving-to-the-united-states\/\" data-internallinksmanager029f6b8e52c=\"94\" title=\"Flytte til USA? 2023 Levekostnader og flyttetips\">USA<\/a> regjeringen.<\/p>\n<p><strong>N\u00f8kkelfakta om IAM:<\/strong><\/p>\n<ol>\n<li>  Representerer mer enn <strong>2,000 <a href=\"https:\/\/moverdb.com\/nb\/flyttefirmaer\/\" target=\"_blank\" rel=\"noopener\">selskaper<\/a><\/strong> i over <strong>170 land<\/strong>.<\/li>\n<li>  IAM har etiske retningslinjer som blant annet krever toleranse for kulturelle forskjeller, en profesjonell tiln\u00e6rming og \u00e5 unng\u00e5 urettferdig konkurranse med andre medlemmer.<\/li>\n<li>  IAM ble etablert i 1962 og har fremmet vekst for sine medlemmer siden den gang.<\/li>\n<li>  Det er flytte- og spedisjonsbransjens st\u00f8rste globale bransjeorganisasjon.<\/li>\n<li>  Utmerkelser i bransjen anerkjennes gjennom IAM Hall of Honor. Nominasjoner til Hall of Honor kan sendes inn av alle IAM-medlemmer, klienter eller kunder, og avgj\u00f8res av IAMs medlemmer.<\/li>\n<li>  Det var tidligere kjent som Household Good Forwarders Association of America - IAM endret navn i 2009.<\/li>\n<li>  IAM tilbyr en tvistel\u00f8sningsprosess for problemer mellom medlemmer - den dekker fakturatvister.<\/li>\n<li>  IAMs Receivable Protection Program tilbyr en beskyttelse fra de IAM-medlemmene som er i \u00f8konomiske vanskeligheter, slik at et medlem kan sende inn et krav og motta refusjon for ubetalte kommersielle fakturaer hvis det ser ut til at et medlem er i ferd med \u00e5 g\u00e5 konkurs.<\/li>\n<\/ol>\n<p><strong>International Association of Movers profil:<\/strong><\/p>\n<p>IAM ble etablert for mer enn 50 \u00e5r siden og har n\u00e5 mer enn 2 000 medlemmer over hele verden. IAM tilbyr en rekke programmer, ressurser og medlemsbeskyttelse, samt regelmessige arrangementer som er utformet for \u00e5 oppmuntre til nettverksbygging og kunnskapsdeling, inkludert IAMs \u00e5rsm\u00f8ter. <\/p>\n<p>Alt IAM gj\u00f8r er ment \u00e5 fremme medlemmenes vekst og suksess. IAMs medlemsbeskyttelse er der for \u00e5 beskytte verdien av IAM-medlemskap i bransjens, kundenes og kollegaforeningenes \u00f8yne - dette omfatter strenge krav for \u00e5 bli IAM-medlem, h\u00e5ndheving av de etiske retningslinjene og arbeid med sp\u00f8rsm\u00e5l som varemerkeoverv\u00e5king. <\/p>\n<p>IAM har en s\u00f8kbar nettbasert medlemskatalog som kundene kan bruke til \u00e5 finne en flyttemann som er medlem av organisasjonen.<\/p>\n<p><strong>Kriterier for medlemskap:<\/strong><\/p>\n<ul>\n<li> minst ett \u00e5rs erfaring<\/li>\n<li> Sponsorbrev fra to n\u00e5v\u00e6rende IAM-medlemmer om at de anbefaler deg for medlemskap, p\u00e5 sponsorbedriftens brevpapir, signert av en representant for bedriften.<\/li>\n<li> En PDF eller JPG av gjeldende land\/delstat\/provins virksomhetslisens eller registrering og, hvis aktuelt, skatte-ID-nummer.<\/li>\n<li> En PDF eller JPG av offentlig utstedt fotoidentifikasjon (f.eks. pass, f\u00f8rerkort) for hver hovedperson i selskapet som eier og\/eller har en kontrollerende interesse i 5% eller mer av selskapet.<\/li>\n<li> Betaling av innmeldingsavgift og kontingent<\/li>\n<\/ul>\n<p>Potensielle medlemmer legges ut p\u00e5 IAMs nettsted i 30 dager slik at n\u00e5v\u00e6rende IAM-medlemmer kan vurdere dem, og deretter bekreftes medlemskapet.<\/p>\n<p><strong>Noen medlemsbedrifter<\/strong><\/p>\n<ul>\n<li> <a href=\"https:\/\/moverdb.com\/nb\/aires\/\">Aires<\/a><\/li>\n<li> <a href=\"https:\/\/moverdb.com\/nb\/matthew-james\/\">Matthew James Global Relocations<\/a><\/li>\n<li> <a href=\"https:\/\/moverdb.com\/nb\/santa-fe-flytting\/\">Santa Fe Relocation Services<\/a><\/li>\n<li> <a href=\"https:\/\/moverdb.com\/nb\/sterling-flytting\/\">Sterling Relocation<\/a><\/li>\n<li> <a href=\"https:\/\/moverdb.com\/nb\/cadogan-tate\/\">Cadogan Tate<\/a><\/li>\n<li> <a href=\"https:\/\/moverdb.com\/nb\/harve-gronn\/\">Harrow Green<\/a><\/li>\n<li> <a href=\"https:\/\/moverdb.com\/nb\/flytting-av-team\/\">Flytting av team<\/a><\/li>\n<li> <a href=\"https:\/\/moverdb.com\/nb\/mcgimpsey-brothers-removings\/\">Flytting av McGimpsey-br\u00f8drene<\/a><\/li>\n<li> <a href=\"https:\/\/moverdb.com\/nb\/land-porter-samfunn\/\">The Shore Porters Society<\/a><\/li>\n<li> <a href=\"https:\/\/moverdb.com\/nb\/nippon-express\/\">Nippon Express<\/a><\/li>\n<li> <a href=\"https:\/\/moverdb.com\/nb\/sirva\/\">Sirva<\/a><\/li>\n<li> <a href=\"https:\/\/moverdb.com\/nb\/kroneflyttinger\/\">Kroneflyttinger<\/a><\/li>\n<li> <a href=\"https:\/\/moverdb.com\/nb\/samtransport-med-skip\/\">Shipco Transport<\/a><\/li>\n<li> <a href=\"https:\/\/moverdb.com\/nb\/conroy-fjernelser\/\">Conroy Removings<\/a><\/li>\n<li> <a href=\"https:\/\/moverdb.com\/nb\/bolliger\/\">Bolliger<\/a><\/li>\n<li> <a href=\"https:\/\/moverdb.com\/nb\/oyflyttere\/\">Island Movers<\/a><\/li>\n<li> <a href=\"https:\/\/moverdb.com\/nb\/gil-stauffer\/\">Gil Stauffer<\/a><\/li>\n<li> <a href=\"https:\/\/moverdb.com\/nb\/royal-hawaiian-movers\/\">Royal Hawaiian Movers<\/a><\/li>\n<li> <a href=\"https:\/\/moverdb.com\/nb\/teletrans\/\">Teletrans<\/a><\/li>\n<\/ul>\n<p><strong>Flyttemenns meninger om The International Association of Movers:<\/strong><\/p>\n<p>IAM siteres p\u00e5 mange nettsteder som ofte nevner organisasjonens globale karakter og antall medlemmer. <\/p>\n<p>Mange fokuserer p\u00e5 det faktum at det er den st\u00f8rste bransjeorganisasjonen for bransjen og rekkevidden dens - at den virkelig er global med medlemmer i selv de fjerneste avkroker. Ett nettsted nevner ogs\u00e5 at det \u00e5 v\u00e6re medlem av IAM bidrar til \u00e5 <a href=\"https:\/\/moverdb.com\/nb\/moving-companies\/\" data-internallinksmanager029f6b8e52c=\"79\" title=\"Topp 25 internasjonale flyttebyr\u00e5er p\u00e5 nettet\">flyttefirmaer<\/a> \u00e5 bli funnet av kundene, og at det er en indikator p\u00e5 en virksomhet som er i stand til \u00e5 yte god service. <\/p>\n<p>Generelt synes foreningen \u00e5 fungere b\u00e5de som et kvalitetsmerke og et nyttig verkt\u00f8y for \u00e5 utvide virksomheten og nettverkene.<\/p>\n<blockquote><p>Medlemmer over hele verden, som er involvert i den daglige transporten av husholdningsvarer og personlige eiendeler, er like forskjellige som komponentene i en internasjonal flytting i seg selv. Transport og utveksling av varer og tjenester er livsnerven som driver dagens globale \u00f8konomiske vekst.\n<\/p><\/blockquote>\n<p>- <a href=\"http:\/\/www.abels.co.uk\/articles\/international-association-of-movers-iam-what-is-this\/\" target=\"_blank\" rel=\"noopener\">Abels<\/a><\/p>\n<blockquote><p>IAM er en global sammenslutning av transport\u00f8rer og spedit\u00f8rer som har forpliktet seg til \u00e5 gi kundene det h\u00f8yeste serviceniv\u00e5et som er tilgjengelig.<\/p><\/blockquote>\n<p>- <a href=\"http:\/\/www.amjbc.ca\/international-moving-services\/\" target=\"_blank\" rel=\"noopener\">AMJ Campbell p\u00e5 verdensbasis<\/a><\/p>\n<blockquote><p>IAM-medlemskap er virkelig globalt I alle deler av verden finner du IAM-flyttere. Dette hjelper oss med \u00e5 gi kundene v\u00e5re en virkelig d\u00f8r-til-d\u00f8r-tjeneste. Hjem til hjem, som vi liker \u00e5 si.<\/p><\/blockquote>\n<p>- <a href=\"http:\/\/hometohome.nl\/2016\/02\/12\/iam-international-association-of-movers\/\" target=\"_blank\" rel=\"noopener\">Hjem til hjem<\/a><\/p>\n<p><strong>Nettsted:<\/strong> <a href=\"http:\/\/www.iamovers.org\/\" target=\"_blank\" rel=\"noopener\">http:\/\/www.iamovers.org<\/a><\/p>","protected":false},"excerpt":{"rendered":"<p>The International Association of Movers (IAM) is a global trade body with members who provide moving, forwarding, shipping, logistics, and related services. It is the largest international trade association for the industry, originally founded by charter businesses that were doing business with the US government. Key facts about the IAM: Represents more than 2,000 companies [&hellip;]<\/p>\n","protected":false},"author":1,"featured_media":0,"parent":0,"menu_order":0,"comment_status":"closed","ping_status":"closed","template":"","meta":{"_genesis_hide_title":false,"_genesis_hide_breadcrumbs":false,"_genesis_hide_singular_image":false,"_genesis_hide_footer_widgets":false,"_genesis_custom_body_class":"","_genesis_custom_post_class":"","_genesis_layout":"","footnotes":""},"class_list":{"0":"post-431","1":"page","2":"type-page","3":"status-publish","5":"entry"},"_links":{"self":[{"href":"https:\/\/moverdb.com\/nb\/wp-json\/wp\/v2\/pages\/431","targetHints":{"allow":["GET"]}}],"collection":[{"href":"https:\/\/moverdb.com\/nb\/wp-json\/wp\/v2\/pages"}],"about":[{"href":"https:\/\/moverdb.com\/nb\/wp-json\/wp\/v2\/types\/page"}],"author":[{"embeddable":true,"href":"https:\/\/moverdb.com\/nb\/wp-json\/wp\/v2\/users\/1"}],"replies":[{"embeddable":true,"href":"https:\/\/moverdb.com\/nb\/wp-json\/wp\/v2\/comments?post=431"}],"version-history":[{"count":24,"href":"https:\/\/moverdb.com\/nb\/wp-json\/wp\/v2\/pages\/431\/revisions"}],"predecessor-version":[{"id":13162,"href":"https:\/\/moverdb.com\/nb\/wp-json\/wp\/v2\/pages\/431\/revisions\/13162"}],"wp:attachment":[{"href":"https:\/\/moverdb.com\/nb\/wp-json\/wp\/v2\/media?parent=431"}],"curies":[{"name":"wp","href":"https:\/\/api.w.org\/{rel}","templated":true}]}}