{"id":430,"date":"2016-06-08T14:50:20","date_gmt":"2016-06-08T14:50:20","guid":{"rendered":"http:\/\/moverdb.com\/?page_id=430"},"modified":"2026-01-08T14:47:52","modified_gmt":"2026-01-08T14:47:52","slug":"bar-overseas","status":"publish","type":"page","link":"https:\/\/moverdb.com\/nb\/bar-overseas\/","title":{"rendered":"British Association of Removers (BAR) Overseas Group Explained (p\u00e5 engelsk)"},"content":{"rendered":"<p><a href=\"https:\/\/moverdb.com\/nb\/british-association-of-removers\/\" data-internallinksmanager029f6b8e52c=\"9\" title=\"British Association of Removers (BAR) Forklart (p\u00e5 engelsk)\">BAR<\/a> Overseas Group er en del av <a href=\"https:\/\/moverdb.com\/nb\/british-association-of-removers\/\">British Association of Removers<\/a> (BAR), en bransjeorganisasjon. <\/p>\n<p>P\u00e5 samme m\u00e5te som moderorganisasjonen er den dedikert til \u00e5 fremme profesjonell ekspertise i flyttebransjen og har s\u00e6rlig erfaring med \u00e5 h\u00e5ndtere del- og helhetsl\u00f8sninger. <a href=\"https:\/\/moverdb.com\/nb\/containertransport\/\">forsendelser med full containerlast<\/a> over hele verden og varer som kommer inn i <a href=\"https:\/\/moverdb.com\/nb\/moving-to-the-uk\/\" data-internallinksmanager029f6b8e52c=\"93\" title=\"Flytte til Storbritannia? 2023 Levekostnader og flyttetips\">STORBRITANNIA<\/a> fra utlandet.<\/p>\n<p><strong>N\u00f8kkelfakta om BAR Overseas Group:<\/strong><\/p>\n<ol>\n<li>  BAR Overseas best\u00e5r av en gruppe p\u00e5 50 eksperter fra Storbritannia. <a href=\"https:\/\/moverdb.com\/nb\/flyttefirmaer\/\">selskaper<\/a> som spesialiserer seg p\u00e5 alle aspekter av <a href=\"https:\/\/moverdb.com\/nb\/internasjonale-flyttinger\/\">oversj\u00f8iske og internasjonale flyttinger<\/a> og omplasseringer.<\/li>\n<li>  Medlemmene abonnerer p\u00e5 en forh\u00e5ndsbetalingsgarantiordning som er utformet for \u00e5 beskytte alle forskuddsbetalinger fra kunder.<\/li>\n<li>  Medlemmene er profesjonelle selskaper som har forpliktet seg til de h\u00f8yeste servicestandardene og som spesialiserer seg p\u00e5 utenlandsflytting.<\/li>\n<li>  BAR Overseas Group krever h\u00f8ye standarder fra sine medlemmer med hensyn til elementer som oppl\u00e6ring av ansatte, kj\u00f8ret\u00f8y og utstyr, og bes\u00f8k p\u00e5 stedet kan finne sted p\u00e5 et tilfeldig tidspunkt.<\/li>\n<li>  Kvalitetsstandarden BS 8564 ble utviklet av BAR Overseas Group i samarbeid med BSI (British Standards Institution). Alle medlemmer m\u00e5 ha denne.<\/li>\n<li>  BAR Advanced Payment Guarantee beskytter kundene - hvis flyttebyr\u00e5et som kunden har bestilt hos, er i \u00f8konomiske vanskeligheter, tar et annet flyttebyr\u00e5 over for \u00e5 sikre at jobben blir fullf\u00f8rt, uten ekstra kostnad. <a href=\"https:\/\/moverdb.com\/nb\/flyttekostnader\/\">kostnad<\/a> til kunden.<\/li>\n<\/ol>\n<p><strong>Organisasjonsprofil:<\/strong><\/p>\n<p>BAR er den eldste bransjeorganisasjonen i flyttesektoren, og det er den <strong>Oversj\u00f8isk gruppe<\/strong> er utformet for \u00e5 utvide rekkevidden fra Storbritannia til destinasjoner over hele verden. <\/p>\n<p>Medlemskap er bare \u00e5pent for flyttebyr\u00e5er som allerede er medlem av BAR, men dette garanterer ikke at de blir akseptert som en del av Overseas Group. Gruppens visjon er \u00e5 gj\u00f8re medlemmene til det foretrukne valget for utenlandsflytting i bransjen og \u00e5 fremme og utvikle beste praksis for profesjonell flytting til utlandet.<\/p>\n<p><strong>Kriterier for medlemskap:<\/strong><\/p>\n<ul>\n<li> Medlemmene m\u00e5 allerede v\u00e6re medlem av BAR.<\/li>\n<li> Medlemmene m\u00e5 tilh\u00f8re en godkjent forskuddsgarantiordning (APG).<\/li>\n<li> Medlemmene m\u00e5 enten ha <a href=\"https:\/\/moverdb.com\/nb\/fidi-faim\/\">FIDI-FAIM<\/a>eller BS 8564 (The Overseas Moving Standard), eller tilsvarende eller h\u00f8yere godkjent eksternt revidert standard.<\/li>\n<\/ul>\n<p><strong>Eksempel p\u00e5 medlemsbedrifter:<\/strong><\/p>\n<ul>\n<li> <a href=\"https:\/\/moverdb.com\/nb\/harve-gronn\/\">Harrow Green<\/a><\/li>\n<li> <a href=\"https:\/\/moverdb.com\/nb\/anglo-stillehavsomradet\/\">Anglo-Stillehavet<\/a><\/li>\n<li> <a href=\"https:\/\/moverdb.com\/nb\/matthew-james\/\">Matthew James<\/a><\/li>\n<li> <a href=\"https:\/\/moverdb.com\/nb\/land-porter-samfunn\/\">The Shore Porters Society<\/a><\/li>\n<li> <a href=\"https:\/\/moverdb.com\/nb\/pss-fjerninger\/\">PSS internasjonale flyttinger<\/a><\/li>\n<\/ul>\n<p><strong>Meninger om BAR Overseas Group<\/strong><\/p>\n<p>BAR Overseas anses \u00e5 ha strenge kriterier for medlemskap, og medlemmene inspiseres jevnlig for \u00e5 sikre at standardene ikke har blitt svekket. Foreningens omd\u00f8mme bygger p\u00e5 den omfattende gjennomgangen av medlemmene, som omfatter alt fra drift til fasiliteter. <\/p>\n<p>Den finansielle beskyttelsesordningen anses som en stor fordel for medlemmene, ettersom de kan tilby kundene ytterligere finansiell beskyttelse. BAR Overseas nyter godt av omd\u00f8mmet til British Association of Removers og anses som en kvalitetsstandard for utenlandsflytting. <\/p>\n<p>Et selskap fremhever det faktum at det bare er 50-60 selskaper i Storbritannia som har oppfylt kriteriene for \u00e5 bli med i BAR Overseas Group, og at dette er en av grunnene til at det er en stor prestasjon \u00e5 bli medlem.<\/p>\n<blockquote><p>Medlemmene m\u00e5 oppfylle strenge standarder og inspiseres regelmessig for \u00e5 sikre at deres anlegg, utstyr, personaloppl\u00e6ring og driftsprosedyrer holder seg p\u00e5 h\u00f8yeste niv\u00e5.<\/p><\/blockquote>\n<p>- <a href=\"http:\/\/www.abels.co.uk\/european-removals-moving-to-europe\/bar-overseas-group-what-is-this\/\" target=\"_blank\" rel=\"noopener\">Abels<\/a><\/p>\n<blockquote><p>BAR Overseas Group opprettet IMMI (International Movers Mutual Insurance) Advance Payment Scheme for \u00e5 beskytte kundene.<\/p><\/blockquote>\n<p>- <a href=\"http:\/\/www.johnmason.com\/about-us\/accreditations\/bar-overseas-group\/\" target=\"_blank\" rel=\"noopener\">JohnMason<\/a> <\/p>\n<blockquote><p>The BAR Overseas Group er en spesialisert seksjon av British Association of Removers, hvis medlemmer er eksperter p\u00e5 alle omr\u00e5der av utenlandsflytting. Mindre enn 60 selskaper i Storbritannia oppfyller de strenge kriteriene for medlemskap og de h\u00f8ye standardene som kreves av medlemmene.<\/p><\/blockquote>\n<p>- <a href=\"http:\/\/www.simpsons-uk.com\/removals_accreditations\/overseas_group\" target=\"_blank\" rel=\"noopener\">Simpsons<\/a><\/p>\n<p><strong>Nettsted:<\/strong> <a href=\"http:\/\/www.baroverseas.co.uk\/\" target=\"_blank\" rel=\"noopener\">http:\/\/www.baroverseas.co.uk\/<\/a><\/p>","protected":false},"excerpt":{"rendered":"<p>BAR Overseas Group is part of the British Association of Removers (BAR), a Trade Association. Just like its parent organisation, it is dedicated to promoting professional excellence in the removals industry and has particular experience dealing with part and full container load shipments worldwide and goods coming into the UK from abroad. Key facts about [&hellip;]<\/p>\n","protected":false},"author":1,"featured_media":0,"parent":0,"menu_order":0,"comment_status":"closed","ping_status":"closed","template":"","meta":{"_genesis_hide_title":false,"_genesis_hide_breadcrumbs":false,"_genesis_hide_singular_image":false,"_genesis_hide_footer_widgets":false,"_genesis_custom_body_class":"","_genesis_custom_post_class":"","_genesis_layout":"","footnotes":""},"class_list":{"0":"post-430","1":"page","2":"type-page","3":"status-publish","5":"entry"},"_links":{"self":[{"href":"https:\/\/moverdb.com\/nb\/wp-json\/wp\/v2\/pages\/430","targetHints":{"allow":["GET"]}}],"collection":[{"href":"https:\/\/moverdb.com\/nb\/wp-json\/wp\/v2\/pages"}],"about":[{"href":"https:\/\/moverdb.com\/nb\/wp-json\/wp\/v2\/types\/page"}],"author":[{"embeddable":true,"href":"https:\/\/moverdb.com\/nb\/wp-json\/wp\/v2\/users\/1"}],"replies":[{"embeddable":true,"href":"https:\/\/moverdb.com\/nb\/wp-json\/wp\/v2\/comments?post=430"}],"version-history":[{"count":16,"href":"https:\/\/moverdb.com\/nb\/wp-json\/wp\/v2\/pages\/430\/revisions"}],"predecessor-version":[{"id":6187,"href":"https:\/\/moverdb.com\/nb\/wp-json\/wp\/v2\/pages\/430\/revisions\/6187"}],"wp:attachment":[{"href":"https:\/\/moverdb.com\/nb\/wp-json\/wp\/v2\/media?parent=430"}],"curies":[{"name":"wp","href":"https:\/\/api.w.org\/{rel}","templated":true}]}}