{"id":42,"date":"2016-03-19T18:09:36","date_gmt":"2016-03-19T18:09:36","guid":{"rendered":"http:\/\/moverdb.com\/?page_id=42"},"modified":"2026-01-08T15:20:50","modified_gmt":"2026-01-08T15:20:50","slug":"vilkar-for-bruk","status":"publish","type":"page","link":"https:\/\/moverdb.com\/nb\/terms-of-use\/","title":{"rendered":"Vilk\u00e5r for bruk"},"content":{"rendered":"<p><strong>VENNLIGST LES DISSE N\u00d8YE F\u00d8R DU BRUKER DETTE NETTSTEDET.<\/strong><\/p>\n<p>Velkommen til MoverDB.com. Hvis du fortsetter \u00e5 bla gjennom og bruke dette nettstedet, samtykker du i \u00e5 overholde og v\u00e6re bundet av f\u00f8lgende vilk\u00e5r og betingelser for bruk, som sammen med v\u00e5r <a href=\"https:\/\/MoverDB.com\/privacy-policy\/\" target=\"_blank\" rel=\"noopener\">Retningslinjer for personvern<\/a> regulerer MoverDB.coms forhold til deg i forbindelse med dette nettstedet. Hvis du er uenig i noen del av disse vilk\u00e5rene og betingelsene, vennligst ikke bruk nettstedet v\u00e5rt.<\/p>\n<p>Disse vilk\u00e5rene for bruk, sammen med de andre dokumentene det vises til nedenfor, fastsetter vilk\u00e5rene og betingelsene for bruk av https:\/\/MoverDB.com\/ (\"nettstedet v\u00e5rt\"). <\/p>\n<p>Andre viktige dokumenter <\/p>\n<p>Vilk\u00e5rene for bruk viser til v\u00e5r <a href=\"https:\/\/MoverDB.com\/privacy-policy\/\" target=\"_blank\" rel=\"noopener\">Retningslinjer for personvern<\/a>, som fastsetter vilk\u00e5rene for behandling av personopplysninger som du oppgir til oss. <a href=\"https:\/\/moverdb.com\/nb\/moving-to-the-united-states\/\" data-internallinksmanager029f6b8e52c=\"94\" title=\"Flytte til USA? 2023 Levekostnader og flyttetips\">oss<\/a>eller som vi samler inn fra deg. Du kan ogs\u00e5 lese hele v\u00e5r <a href=\"https:\/\/moverdb.com\/nb\/retningslinjer-for-databehandling\/\">Retningslinjer for databehandling<\/a>. Ved \u00e5 bruke nettstedet v\u00e5rt samtykker du til slik behandling.<\/p>\n<p>Bruken av dette nettstedet er underlagt f\u00f8lgende vilk\u00e5r for bruk:<\/p>\n<ul>\n<li>Innholdet p\u00e5 sidene p\u00e5 dette nettstedet er kun til generell informasjon og bruk. Det kan endres uten varsel.<\/li>\n<li> Ved \u00e5 fylle ut et tilbudsskjema samtykker du i at vi kan dele denne informasjonen med tredjeparter for \u00e5 hjelpe deg med \u00e5 f\u00e5 det beste pristilbudet for din internasjonale flytting.<\/li>\n<li>Dette nettstedet bruker informasjonskapsler for \u00e5 overv\u00e5ke surfepreferanser. Hvis du tillater bruk av informasjonskapsler, kan personopplysninger lagres av oss for bruk av tredjeparter.<\/li>\n<li> Verken vi eller noen tredjepart gir noen garanti for n\u00f8yaktigheten, aktualiteten, ytelsen, fullstendigheten eller egnetheten til informasjonen og materialet som finnes eller tilbys p\u00e5 dette nettstedet for noe bestemt form\u00e5l. Du erkjenner at slik informasjon og slikt materiale kan inneholde un\u00f8yaktigheter eller feil, og vi fraskriver oss uttrykkelig ansvar for slike un\u00f8yaktigheter eller feil i den grad loven tillater det.<\/li>\n<li> Din bruk av informasjon eller materiale p\u00e5 dette nettstedet skjer helt og holdent p\u00e5 eget ansvar, og vi kan ikke holdes ansvarlig for dette. Det er ditt eget ansvar \u00e5 s\u00f8rge for at produkter, tjenester eller informasjon som er tilgjengelig via dette nettstedet, oppfyller dine spesifikke krav.<\/li>\n<li> Dette nettstedet inneholder materiale som eies av eller er lisensiert til oss. Dette materialet omfatter, men er ikke begrenset til, design, layout, utseende og grafikk. Reproduksjon er forbudt p\u00e5 annen m\u00e5te enn i samsvar med merknaden om opphavsrett, som utgj\u00f8r en del av disse vilk\u00e5rene og betingelsene.<\/li>\n<li> Uautorisert bruk av dette nettstedet kan f\u00f8re til erstatningskrav og\/eller v\u00e6re straffbart.<\/li>\n<li> Fra tid til annen kan dette nettstedet ogs\u00e5 inneholde lenker til andre nettsteder. Disse lenkene er gitt for din bekvemmelighet for \u00e5 gi ytterligere informasjon. De betyr ikke at vi g\u00e5r god for disse nettstedene. Vi har ikke noe ansvar for innholdet p\u00e5 nettstedene det lenkes til.<\/li>\n<\/ul>","protected":false},"excerpt":{"rendered":"<p>PLEASE READ THESE CAREFULLY BEFORE USING THIS WEBSITE. Welcome to MoverDB.com. If you continue to browse and use this website, you are agreeing to comply with and be bound by the following terms and conditions of use, which together with our privacy policy govern MoverDB.com&#8217;s relationship with you in relation to this website. If you [&hellip;]<\/p>\n","protected":false},"author":1,"featured_media":0,"parent":0,"menu_order":0,"comment_status":"closed","ping_status":"closed","template":"","meta":{"_genesis_hide_title":false,"_genesis_hide_breadcrumbs":false,"_genesis_hide_singular_image":false,"_genesis_hide_footer_widgets":false,"_genesis_custom_body_class":"","_genesis_custom_post_class":"","_genesis_layout":"","footnotes":""},"class_list":{"0":"post-42","1":"page","2":"type-page","3":"status-publish","5":"entry"},"_links":{"self":[{"href":"https:\/\/moverdb.com\/nb\/wp-json\/wp\/v2\/pages\/42","targetHints":{"allow":["GET"]}}],"collection":[{"href":"https:\/\/moverdb.com\/nb\/wp-json\/wp\/v2\/pages"}],"about":[{"href":"https:\/\/moverdb.com\/nb\/wp-json\/wp\/v2\/types\/page"}],"author":[{"embeddable":true,"href":"https:\/\/moverdb.com\/nb\/wp-json\/wp\/v2\/users\/1"}],"replies":[{"embeddable":true,"href":"https:\/\/moverdb.com\/nb\/wp-json\/wp\/v2\/comments?post=42"}],"version-history":[{"count":5,"href":"https:\/\/moverdb.com\/nb\/wp-json\/wp\/v2\/pages\/42\/revisions"}],"predecessor-version":[{"id":3243,"href":"https:\/\/moverdb.com\/nb\/wp-json\/wp\/v2\/pages\/42\/revisions\/3243"}],"wp:attachment":[{"href":"https:\/\/moverdb.com\/nb\/wp-json\/wp\/v2\/media?parent=42"}],"curies":[{"name":"wp","href":"https:\/\/api.w.org\/{rel}","templated":true}]}}