{"id":4183,"date":"2022-06-17T03:27:11","date_gmt":"2022-06-17T03:27:11","guid":{"rendered":"https:\/\/moverdb.com\/?page_id=4183"},"modified":"2026-01-08T13:19:46","modified_gmt":"2026-01-08T13:19:46","slug":"curacao","status":"publish","type":"page","link":"https:\/\/moverdb.com\/nb\/container-shipping\/curacao\/","title":{"rendered":"2023 Sj\u00f8fraktpriser for containerfrakt til og fra Cura\u00e7ao"},"content":{"rendered":"<div class=\"wp-block-image\">\n<figure class=\"aligncenter size-full\"><img loading=\"lazy\" decoding=\"async\" width=\"1000\" height=\"667\" src=\"https:\/\/moverdb.com\/wp-content\/uploads\/willemstad-curacao.jpg\" alt=\"En ber\u00f8mt kai i byen Willemstad p\u00e5 Cura\u00e7ao.\" class=\"wp-image-4140\" srcset=\"https:\/\/moverdb.com\/wp-content\/uploads\/willemstad-curacao.jpg 1000w, https:\/\/moverdb.com\/wp-content\/uploads\/willemstad-curacao-300x200.jpg 300w, https:\/\/moverdb.com\/wp-content\/uploads\/willemstad-curacao-18x12.jpg 18w, https:\/\/moverdb.com\/wp-content\/uploads\/willemstad-curacao-600x400.jpg 600w\" sizes=\"auto, (max-width: 1000px) 100vw, 1000px\" \/><\/figure>\n<\/div>\n\n\n<p><strong><a href=\"https:\/\/moverdb.com\/nb\/moving-to-curacao\/\" data-internallinksmanager029f6b8e52c=\"429\" title=\"Flytter du til Cura\u00e7ao? 2023 Levekostnader og flyttetips\">Cura\u00e7ao<\/a><\/strong> er en \u00f8ystat i Karibia og en del av kongeriket Storbritannia. <a href=\"https:\/\/moverdb.com\/nb\/moving-to-the-netherlands\/\" data-internallinksmanager029f6b8e52c=\"328\" title=\"Flytte til Nederland? 2023 Levekostnader og flyttetips\">Nederland<\/a>. Cura\u00e7ao har mye \u00e5 tilby, fra museer og kulturminner til strender og koralldykkersteder, og livskvaliteten er av h\u00f8y standard.<\/p>\n\n\n\n<p>B\u00e5de fastboende og bes\u00f8kende kan nyte et liv med sikkerhet, h\u00f8y toleranse, \u00f8konomisk stabilitet, rikelig med solskinn og behagelige temperaturer p\u00e5 Cura\u00e7ao.<\/p>\n\n\n\n<p>Hvis planen din er \u00e5 bli en langsiktig Cura\u00e7ao-borger, vil du mest sannsynlig oppleve betydelige kostnader for \u00e5 flytte husholdningsartiklene dine til dette fantastiske stedet.<\/p>\n\n\n\n<p>For \u00e5 finne ut av det (men ogs\u00e5 l\u00e6re om kostnadene ved \u00e5 flytte fra Cura\u00e7ao), s\u00e5 vi opp de laveste Cura\u00e7ao <a href=\"https:\/\/moverdb.com\/nb\/container-shipping\/\" data-internallinksmanager029f6b8e52c=\"3\" title=\"Diagram over internasjonale fraktrater for containere: April 2026\">satser for containerfrakt<\/a> for 20' og 40' skipskonteinere og omfattet kartene og kartene nedenfor.<\/p>\n\n\n\n<p>Cura\u00e7ao er en liten \u00f8ystat som ikke ofte bes\u00f8kes av fraktskip, derfor er prisalternativene for frakt av containere til eller fra hovedstaden Willemstad knappe. Vi kan imidlertid hjelpe deg hvis du fyller ut opplysningene dine i tilbudsverkt\u00f8yet ovenfor og ber om et tilpasset tilbud.<\/p>\n\n\n\n<h2 class=\"wp-block-heading\">Frakt container kostnader til Cura\u00e7ao (Willemstad)<\/h2>\n\n\n<div class=\"wp-block-image\">\n<figure class=\"aligncenter size-large\"><img loading=\"lazy\" decoding=\"async\" width=\"1024\" height=\"539\" src=\"https:\/\/moverdb.com\/wp-content\/uploads\/Shipping-Container-Costs-to-Curacao-1024x539.png\" alt=\"Frakt container kostnader til Cura\u00e7ao (Willemstad)\" class=\"wp-image-4142\" srcset=\"https:\/\/moverdb.com\/wp-content\/uploads\/Shipping-Container-Costs-to-Curacao-1024x539.png 1024w, https:\/\/moverdb.com\/wp-content\/uploads\/Shipping-Container-Costs-to-Curacao-300x158.png 300w, https:\/\/moverdb.com\/wp-content\/uploads\/Shipping-Container-Costs-to-Curacao-1536x809.png 1536w, https:\/\/moverdb.com\/wp-content\/uploads\/Shipping-Container-Costs-to-Curacao-18x9.png 18w, https:\/\/moverdb.com\/wp-content\/uploads\/Shipping-Container-Costs-to-Curacao-600x316.png 600w, https:\/\/moverdb.com\/wp-content\/uploads\/Shipping-Container-Costs-to-Curacao.png 2000w\" sizes=\"auto, (max-width: 1024px) 100vw, 1024px\" \/><\/figure>\n<\/div>\n\n\n<table id=\"tablepress-87\" class=\"tablepress tablepress-id-87\">\n<thead>\n<tr class=\"row-1\">\n\t<th class=\"column-1\">Destinasjonsland (<a href=\"https:\/\/moverdb.com\/nb\/top-49-container-ports\/\" data-internallinksmanager029f6b8e52c=\"80\" title=\"De 49 st\u00f8rste og travleste containerhavnene i 2025\">Port<\/a>\/by)<\/th><th class=\"column-2\">20FT<\/th><th class=\"column-3\">40FT<\/th>\n<\/tr>\n<\/thead>\n<tbody class=\"row-striping row-hover\">\n<tr class=\"row-2\">\n\t<td class=\"column-1\"><a href=\"https:\/\/moverdb.com\/nb\/container-shipping\/andorra\/\" data-internallinksmanager029f6b8e52c=\"88\" title=\"2026 Priser for sj\u00f8frakt av containere til og fra Andorra\">Andorra (Andorra la Vella)<\/a><\/td><td class=\"column-2\">1868<\/td><td class=\"column-3\">3171<\/td>\n<\/tr>\n<tr class=\"row-3\">\n\t<td class=\"column-1\"><a href=\"https:\/\/moverdb.com\/nb\/container-shipping\/australia\/\" data-internallinksmanager029f6b8e52c=\"89\" title=\"2026 Containerfraktpriser til og fra Australia\">Australia (Sydney)<\/a><\/td><td class=\"column-2\">N\/A<\/td><td class=\"column-3\">12406<\/td>\n<\/tr>\n<tr class=\"row-4\">\n\t<td class=\"column-1\"><a href=\"https:\/\/moverdb.com\/nb\/container-shipping\/austria\/\" data-internallinksmanager029f6b8e52c=\"95\" title=\"2026 Priser for sj\u00f8frakt av containere til og fra \u00d8sterrike\">\u00d8sterrike (Wien)<\/a><\/td><td class=\"column-2\">N\/A<\/td><td class=\"column-3\">3739<\/td>\n<\/tr>\n<tr class=\"row-5\">\n\t<td class=\"column-1\"><a href=\"https:\/\/moverdb.com\/nb\/container-shipping\/bahrain\/\" data-internallinksmanager029f6b8e52c=\"96\" title=\"2026 Priser for sj\u00f8frakt av containere til og fra Bahrain\">Bahrain (Manama)<\/a><\/td><td class=\"column-2\">N\/A<\/td><td class=\"column-3\">12306<\/td>\n<\/tr>\n<tr class=\"row-6\">\n\t<td class=\"column-1\"><a href=\"https:\/\/moverdb.com\/nb\/container-shipping\/belgium\/\" data-internallinksmanager029f6b8e52c=\"86\" title=\"2026 Priser for sj\u00f8frakt av containere til og fra Belgia\">Belgia (Antwerpen)<\/a><\/td><td class=\"column-2\">1936<\/td><td class=\"column-3\">3276<\/td>\n<\/tr>\n<tr class=\"row-7\">\n\t<td class=\"column-1\"><a href=\"https:\/\/moverdb.com\/nb\/container-shipping\/belize\/\" data-internallinksmanager029f6b8e52c=\"137\" title=\"2023 Sj\u00f8fraktpriser for containerfrakt til og fra Belize\">Belize (Belize City)<\/a><\/td><td class=\"column-2\">2008<\/td><td class=\"column-3\">2839<\/td>\n<\/tr>\n<tr class=\"row-8\">\n\t<td class=\"column-1\"><a href=\"https:\/\/moverdb.com\/nb\/container-shipping\/china\/\" data-internallinksmanager029f6b8e52c=\"105\" title=\"2026 Priser for sj\u00f8frakt av containere til og fra Kina\">Kina (Beijing)<\/a><\/td><td class=\"column-2\">13250<\/td><td class=\"column-3\">13750<\/td>\n<\/tr>\n<tr class=\"row-9\">\n\t<td class=\"column-1\">Kina (Shanghai)<\/td><td class=\"column-2\">13250<\/td><td class=\"column-3\">13750<\/td>\n<\/tr>\n<tr class=\"row-10\">\n\t<td class=\"column-1\"><a href=\"https:\/\/moverdb.com\/nb\/container-shipping\/colombia\/\" data-internallinksmanager029f6b8e52c=\"106\" title=\"2023 Sj\u00f8fraktpriser for containerfrakt til og fra Colombia\">Colombia (Barranquilla)<\/a><\/td><td class=\"column-2\">1400<\/td><td class=\"column-3\">2336<\/td>\n<\/tr>\n<tr class=\"row-11\">\n\t<td class=\"column-1\"><a href=\"https:\/\/moverdb.com\/nb\/container-shipping\/dominican-republic\/\" data-internallinksmanager029f6b8e52c=\"112\" title=\"2023 Sj\u00f8fraktpriser for containerfrakt til og fra Den dominikanske republikk\">Den dominikanske republikk (Santo Domingo)<\/a><\/td><td class=\"column-2\">1969<\/td><td class=\"column-3\">3024<\/td>\n<\/tr>\n<tr class=\"row-12\">\n\t<td class=\"column-1\"><a href=\"https:\/\/moverdb.com\/nb\/container-shipping\/germany\/\" data-internallinksmanager029f6b8e52c=\"118\" title=\"2026 Priser for sj\u00f8frakt av containere til og fra Tyskland\">Tyskland (Hamburg)<\/a><\/td><td class=\"column-2\">4298<\/td><td class=\"column-3\">5834<\/td>\n<\/tr>\n<tr class=\"row-13\">\n\t<td class=\"column-1\"><a href=\"https:\/\/moverdb.com\/nb\/container-shipping\/greece\/\" data-internallinksmanager029f6b8e52c=\"120\" title=\"2026 Priser for sj\u00f8frakt av containere til og fra Hellas\">Hellas (Pireus)<\/a><\/td><td class=\"column-2\">2622<\/td><td class=\"column-3\">3835<\/td>\n<\/tr>\n<tr class=\"row-14\">\n\t<td class=\"column-1\"><a href=\"https:\/\/moverdb.com\/nb\/container-shipping\/haiti\/\" data-internallinksmanager029f6b8e52c=\"122\" title=\"2026 Priser for sj\u00f8frakt av containere til og fra Haiti\">Haiti (Port-au-Prince)<\/a><\/td><td class=\"column-2\">1969<\/td><td class=\"column-3\">3024<\/td>\n<\/tr>\n<tr class=\"row-15\">\n\t<td class=\"column-1\"><a href=\"https:\/\/moverdb.com\/nb\/container-shipping\/hong-kong\/\" data-internallinksmanager029f6b8e52c=\"123\" title=\"2026 Priser for sj\u00f8frakt av containere til og fra Hong Kong\">Hong Kong (Hong Kong)<\/a><\/td><td class=\"column-2\">13250<\/td><td class=\"column-3\">13750<\/td>\n<\/tr>\n<tr class=\"row-16\">\n\t<td class=\"column-1\"><a href=\"https:\/\/moverdb.com\/nb\/container-shipping\/india\/\" data-internallinksmanager029f6b8e52c=\"125\" title=\"2026 Priser for sj\u00f8frakt av containere til og fra India\">India (Mumbai)<\/a><\/td><td class=\"column-2\">11935<\/td><td class=\"column-3\">12758<\/td>\n<\/tr>\n<tr class=\"row-17\">\n\t<td class=\"column-1\"><a href=\"https:\/\/moverdb.com\/nb\/container-shipping\/indonesia\/\" data-internallinksmanager029f6b8e52c=\"126\" title=\"2023 Sj\u00f8fraktpriser for containerfrakt til og fra Indonesia\">Indonesia (Jakarta)<\/a><\/td><td class=\"column-2\">5979<\/td><td class=\"column-3\">5822<\/td>\n<\/tr>\n<tr class=\"row-18\">\n\t<td class=\"column-1\"><a href=\"https:\/\/moverdb.com\/nb\/container-shipping\/lithuania\/\" data-internallinksmanager029f6b8e52c=\"145\" title=\"2026 Priser for sj\u00f8frakt av containere til og fra Litauen\">Litauen (Klaipeda)<\/a><\/td><td class=\"column-2\">2202<\/td><td class=\"column-3\">3518<\/td>\n<\/tr>\n<tr class=\"row-19\">\n\t<td class=\"column-1\"><a href=\"https:\/\/moverdb.com\/nb\/container-shipping\/luxembourg\/\" data-internallinksmanager029f6b8e52c=\"146\" title=\"2026 Priser for sj\u00f8frakt av containere til og fra Luxembourg\">Luxembourg (Luxembourg)<\/a><\/td><td class=\"column-2\">1936<\/td><td class=\"column-3\">3276<\/td>\n<\/tr>\n<tr class=\"row-20\">\n\t<td class=\"column-1\"><a href=\"https:\/\/moverdb.com\/nb\/container-shipping\/macau\/\" data-internallinksmanager029f6b8e52c=\"147\" title=\"2023 Sj\u00f8fraktpriser for containerfrakt til og fra Macao\">Macao (Macao)<\/a><\/td><td class=\"column-2\">5525<\/td><td class=\"column-3\">5331<\/td>\n<\/tr>\n<tr class=\"row-21\">\n\t<td class=\"column-1\"><a href=\"https:\/\/moverdb.com\/nb\/container-shipping\/malaysia\/\" data-internallinksmanager029f6b8e52c=\"148\" title=\"2023 Sj\u00f8fraktpriser for containerfrakt til og fra Malaysia\">Malaysia (Port Kelang)<\/a><\/td><td class=\"column-2\">6039<\/td><td class=\"column-3\">5822<\/td>\n<\/tr>\n<tr class=\"row-22\">\n\t<td class=\"column-1\"><a href=\"https:\/\/moverdb.com\/nb\/container-shipping\/mexico\/\" data-internallinksmanager029f6b8e52c=\"162\" title=\"2026 Priser for sj\u00f8frakt av containere til og fra Mexico\">Mexico (Manzanillo)<\/a><\/td><td class=\"column-2\">2167<\/td><td class=\"column-3\">3161<\/td>\n<\/tr>\n<tr class=\"row-23\">\n\t<td class=\"column-1\"><a href=\"https:\/\/moverdb.com\/nb\/container-shipping\/netherlands\/\" data-internallinksmanager029f6b8e52c=\"151\" title=\"2023 Sj\u00f8fraktpriser for containerfrakt til og fra Nederland\">Nederland (Rotterdam)<\/a><\/td><td class=\"column-2\">1936<\/td><td class=\"column-3\">3276<\/td>\n<\/tr>\n<tr class=\"row-24\">\n\t<td class=\"column-1\"><a href=\"https:\/\/moverdb.com\/nb\/container-shipping\/philippines\/\" data-internallinksmanager029f6b8e52c=\"156\" title=\"2026 Priser for sj\u00f8frakt av containere til og fra Filippinene\">Filippinene (Manila)<\/a><\/td><td class=\"column-2\">6123<\/td><td class=\"column-3\">5993<\/td>\n<\/tr>\n<tr class=\"row-25\">\n\t<td class=\"column-1\"><a href=\"https:\/\/moverdb.com\/nb\/container-shipping\/poland\/\" data-internallinksmanager029f6b8e52c=\"157\" title=\"2023 Sj\u00f8fraktpriser for containere til og fra Polen\">Polen (Gdansk)<\/a><\/td><td class=\"column-2\">2202<\/td><td class=\"column-3\">3518<\/td>\n<\/tr>\n<tr class=\"row-26\">\n\t<td class=\"column-1\"><a href=\"https:\/\/moverdb.com\/nb\/container-shipping\/russia\/\" data-internallinksmanager029f6b8e52c=\"160\" title=\"2023 Sj\u00f8fraktpriser for containerfrakt til og fra Russland\">Russland (Sankt Petersburg)<\/a><\/td><td class=\"column-2\">2497<\/td><td class=\"column-3\">3791<\/td>\n<\/tr>\n<tr class=\"row-27\">\n\t<td class=\"column-1\"><a href=\"https:\/\/moverdb.com\/nb\/container-shipping\/singapore\/\" data-internallinksmanager029f6b8e52c=\"179\" title=\"2023 Sj\u00f8fraktpriser for containerfrakt til og fra Singapore\">Singapore (Singapore)<\/a><\/td><td class=\"column-2\">5979<\/td><td class=\"column-3\">5765<\/td>\n<\/tr>\n<tr class=\"row-28\">\n\t<td class=\"column-1\"><a href=\"https:\/\/moverdb.com\/nb\/container-shipping\/south-korea\/\" data-internallinksmanager029f6b8e52c=\"180\" title=\"2023 Sj\u00f8fraktpriser for containerfrakt til og fra S\u00f8r-Korea\">S\u00f8r-Korea (Busan)<\/a><\/td><td class=\"column-2\">5979<\/td><td class=\"column-3\">5765<\/td>\n<\/tr>\n<tr class=\"row-29\">\n\t<td class=\"column-1\"><a href=\"https:\/\/moverdb.com\/nb\/container-shipping\/spain\/\" data-internallinksmanager029f6b8e52c=\"182\" title=\"2026 Priser for sj\u00f8frakt av containere til og fra Spania\">Spania (Valencia)<\/a><\/td><td class=\"column-2\">3982<\/td><td class=\"column-3\">5875<\/td>\n<\/tr>\n<tr class=\"row-30\">\n\t<td class=\"column-1\"><a href=\"https:\/\/moverdb.com\/nb\/container-shipping\/taiwan\/\" data-internallinksmanager029f6b8e52c=\"183\" title=\"2023 Sj\u00f8fraktpriser for containerfrakt til og fra Taiwan\">Taiwan (Kaohsiung)<\/a><\/td><td class=\"column-2\">5382<\/td><td class=\"column-3\">5137<\/td>\n<\/tr>\n<tr class=\"row-31\">\n\t<td class=\"column-1\"><a href=\"https:\/\/moverdb.com\/nb\/container-shipping\/thailand\/\" data-internallinksmanager029f6b8e52c=\"189\" title=\"2023 Sj\u00f8fraktpriser for containerfrakt til og fra Thailand\">Thailand (Laem Chabang)<\/a><\/td><td class=\"column-2\">4895<\/td><td class=\"column-3\">4715<\/td>\n<\/tr>\n<tr class=\"row-32\">\n\t<td class=\"column-1\"><a href=\"https:\/\/moverdb.com\/nb\/container-shipping\/turkey\/\" data-internallinksmanager029f6b8e52c=\"190\" title=\"2026 Priser for sj\u00f8frakt av containere til og fra Tyrkia\">Tyrkia (Istanbul)<\/a><\/td><td class=\"column-2\">8294<\/td><td class=\"column-3\">11613<\/td>\n<\/tr>\n<tr class=\"row-33\">\n\t<td class=\"column-1\"><a href=\"https:\/\/moverdb.com\/nb\/container-shipping\/united-arab-emirates\/\" data-internallinksmanager029f6b8e52c=\"188\" title=\"2026 Containerfraktpriser til og fra De forente arabiske emirater\">De forente arabiske emirater (Jebel Ali)<\/a><\/td><td class=\"column-2\">2090<\/td><td class=\"column-3\">3465<\/td>\n<\/tr>\n<tr class=\"row-34\">\n\t<td class=\"column-1\"><a href=\"https:\/\/moverdb.com\/nb\/moving-to-the-united-states\/\" data-internallinksmanager029f6b8e52c=\"94\" title=\"Flytte til USA? 2023 Levekostnader og flyttetips\">USA<\/a> (<a href=\"https:\/\/moverdb.com\/nb\/moving-to-los-angeles\/\" data-internallinksmanager029f6b8e52c=\"51\" title=\"Skal du flytte til Los Angeles? 2026 LA Levekostnader og tips om flytting\">Los Angeles<\/a>)<\/td><td class=\"column-2\">912<\/td><td class=\"column-3\">1309<\/td>\n<\/tr>\n<tr class=\"row-35\">\n\t<td class=\"column-1\"><a href=\"https:\/\/moverdb.com\/nb\/container-shipping\/united-states\/\" data-internallinksmanager029f6b8e52c=\"87\" title=\"2023 Sj\u00f8fraktpriser for containerfrakt til og fra USA\">USA (New York)<\/a><\/td><td class=\"column-2\">2228<\/td><td class=\"column-3\">1937<\/td>\n<\/tr>\n<tr class=\"row-36\">\n\t<td class=\"column-1\">Venezuela (Puerto Cabello)<\/td><td class=\"column-2\">688<\/td><td class=\"column-3\">1250<\/td>\n<\/tr>\n<tr class=\"row-37\">\n\t<td class=\"column-1\"><a href=\"https:\/\/moverdb.com\/nb\/container-shipping\/vietnam\/\" data-internallinksmanager029f6b8e52c=\"245\" title=\"2026 Priser for sj\u00f8frakt av containere til og fra Vietnam\">Vietnam (Saigon)<\/a><\/td><td class=\"column-2\">5979<\/td><td class=\"column-3\">5765<\/td>\n<\/tr>\n<\/tbody>\n<\/table>\n<!-- #tablepress-87 from cache -->\n\n\n\n<h2 class=\"wp-block-heading\">Frakt container kostnader fra Cura\u00e7ao (Willemstad)<\/h2>\n\n\n<div class=\"wp-block-image\">\n<figure class=\"aligncenter size-large\"><img loading=\"lazy\" decoding=\"async\" width=\"1024\" height=\"539\" src=\"https:\/\/moverdb.com\/wp-content\/uploads\/Shipping-Container-Costs-from-Curacao-1024x539.png\" alt=\"Frakt container kostnader fra Cura\u00e7ao (Willemstad)\" class=\"wp-image-4141\" srcset=\"https:\/\/moverdb.com\/wp-content\/uploads\/Shipping-Container-Costs-from-Curacao-1024x539.png 1024w, https:\/\/moverdb.com\/wp-content\/uploads\/Shipping-Container-Costs-from-Curacao-300x158.png 300w, https:\/\/moverdb.com\/wp-content\/uploads\/Shipping-Container-Costs-from-Curacao-1536x809.png 1536w, https:\/\/moverdb.com\/wp-content\/uploads\/Shipping-Container-Costs-from-Curacao-18x9.png 18w, https:\/\/moverdb.com\/wp-content\/uploads\/Shipping-Container-Costs-from-Curacao-600x316.png 600w, https:\/\/moverdb.com\/wp-content\/uploads\/Shipping-Container-Costs-from-Curacao.png 2000w\" sizes=\"auto, (max-width: 1024px) 100vw, 1024px\" \/><\/figure>\n<\/div>\n\n\n<table id=\"tablepress-83\" class=\"tablepress tablepress-id-83\">\n<thead>\n<tr class=\"row-1\">\n\t<th class=\"column-1\">Destinasjonsland (havn\/by)<\/th><th class=\"column-2\">20FT<\/th><th class=\"column-3\">40FT<\/th>\n<\/tr>\n<\/thead>\n<tbody class=\"row-striping row-hover\">\n<tr class=\"row-2\">\n\t<td class=\"column-1\">Andorra (Andorra la Vella)<\/td><td class=\"column-2\">346<\/td><td class=\"column-3\">355<\/td>\n<\/tr>\n<tr class=\"row-3\">\n\t<td class=\"column-1\"><a href=\"https:\/\/moverdb.com\/nb\/container-shipping\/antigua-and-barbuda\/\" data-internallinksmanager029f6b8e52c=\"92\" title=\"2023 Sj\u00f8fraktpriser for containerfrakt til og fra Antigua og Barbuda\">Antigua og Barbuda (St John's)<\/a><\/td><td class=\"column-2\">605<\/td><td class=\"column-3\">801<\/td>\n<\/tr>\n<tr class=\"row-4\">\n\t<td class=\"column-1\">Australia (Sydney)<\/td><td class=\"column-2\">2845<\/td><td class=\"column-3\">N\/A<\/td>\n<\/tr>\n<tr class=\"row-5\">\n\t<td class=\"column-1\">Belgia (Antwerpen)<\/td><td class=\"column-2\">979<\/td><td class=\"column-3\">1344<\/td>\n<\/tr>\n<tr class=\"row-6\">\n\t<td class=\"column-1\"><a href=\"https:\/\/moverdb.com\/nb\/container-shipping\/brazil\/\" data-internallinksmanager029f6b8e52c=\"98\" title=\"2023 Sj\u00f8fraktpriser for containerfrakt til og fra Brasil\">Brasil (Santos)<\/a><\/td><td class=\"column-2\">1567<\/td><td class=\"column-3\">2434<\/td>\n<\/tr>\n<tr class=\"row-7\">\n\t<td class=\"column-1\">Kina (Shanghai)<\/td><td class=\"column-2\">1012<\/td><td class=\"column-3\">1171<\/td>\n<\/tr>\n<tr class=\"row-8\">\n\t<td class=\"column-1\">Colombia (Barranquilla)<\/td><td class=\"column-2\">968<\/td><td class=\"column-3\">2037<\/td>\n<\/tr>\n<tr class=\"row-9\">\n\t<td class=\"column-1\">Den dominikanske republikk (Santo Domingo)<\/td><td class=\"column-2\">704<\/td><td class=\"column-3\">1061<\/td>\n<\/tr>\n<tr class=\"row-10\">\n\t<td class=\"column-1\">Haiti (Port-au-Prince)<\/td><td class=\"column-2\">704<\/td><td class=\"column-3\">1061<\/td>\n<\/tr>\n<tr class=\"row-11\">\n\t<td class=\"column-1\">Hong Kong (Hong Kong)<\/td><td class=\"column-2\">1291<\/td><td class=\"column-3\">1171<\/td>\n<\/tr>\n<tr class=\"row-12\">\n\t<td class=\"column-1\">Indonesia (Jakarta)<\/td><td class=\"column-2\">1392<\/td><td class=\"column-3\">1413<\/td>\n<\/tr>\n<tr class=\"row-13\">\n\t<td class=\"column-1\"><a href=\"https:\/\/moverdb.com\/nb\/container-shipping\/japan\/\" data-internallinksmanager029f6b8e52c=\"131\" title=\"2026 Priser for sj\u00f8frakt av containere til og fra Japan\">Japan (Tokyo)<\/a><\/td><td class=\"column-2\">1265<\/td><td class=\"column-3\">1413<\/td>\n<\/tr>\n<tr class=\"row-14\">\n\t<td class=\"column-1\">Luxembourg (Luxembourg)<\/td><td class=\"column-2\">979<\/td><td class=\"column-3\">1344<\/td>\n<\/tr>\n<tr class=\"row-15\">\n\t<td class=\"column-1\">Nederland (Rotterdam)<\/td><td class=\"column-2\">979<\/td><td class=\"column-3\">1344<\/td>\n<\/tr>\n<tr class=\"row-16\">\n\t<td class=\"column-1\">Russland (Sankt Petersburg)<\/td><td class=\"column-2\">1593<\/td><td class=\"column-3\">2018<\/td>\n<\/tr>\n<tr class=\"row-17\">\n\t<td class=\"column-1\">S\u00f8r-Korea (Busan)<\/td><td class=\"column-2\">1076<\/td><td class=\"column-3\">1171<\/td>\n<\/tr>\n<tr class=\"row-18\">\n\t<td class=\"column-1\">Taiwan (Kaohsiung)<\/td><td class=\"column-2\">1076<\/td><td class=\"column-3\">1171<\/td>\n<\/tr>\n<tr class=\"row-19\">\n\t<td class=\"column-1\">Thailand (Laem Chabang)<\/td><td class=\"column-2\">1391<\/td><td class=\"column-3\">1413<\/td>\n<\/tr>\n<tr class=\"row-20\">\n\t<td class=\"column-1\">USA (Los Angeles)<\/td><td class=\"column-2\">2068<\/td><td class=\"column-3\">2993<\/td>\n<\/tr>\n<tr class=\"row-21\">\n\t<td class=\"column-1\">USA (New York)<\/td><td class=\"column-2\">1297<\/td><td class=\"column-3\">1383<\/td>\n<\/tr>\n<\/tbody>\n<\/table>\n<!-- #tablepress-83 from cache -->\n\n\n\n<h3 class=\"wp-block-heading\">Merknader om data:<\/h3>\n\n\n\n<ul class=\"wp-block-list\"><li>Alle $-tall i amerikanske dollar (USD);<\/li><li>Prisene er n\u00f8yaktige fra midten av 2022;<\/li><li>Kartene i denne artikkelen ble laget ved hjelp av <a href=\"https:\/\/www.mapchart.net\" target=\"_blank\" rel=\"noreferrer noopener\">https:\/\/www.mapchart.net<\/a>. Du st\u00e5r fritt til \u00e5 dele kartene s\u00e5 lenge du oppgir en attribusjonslenke tilbake til <a href=\"https:\/\/moverdb.com\/nb\/\" target=\"_blank\" rel=\"noreferrer noopener\">MoverDB<\/a>;<\/li><li>Satsene ovenfor er kun estimater og kan ha endret seg siden denne artikkelen ble publisert (juni 2022). De er basert p\u00e5 den laveste ansl\u00e5tte satsen fra enten <a href=\"https:\/\/www.icontainers.com\" target=\"_blank\" rel=\"noreferrer noopener\">https:\/\/www.icontainers.com<\/a> eller <a href=\"https:\/\/www.freightos.com\" target=\"_blank\" rel=\"noreferrer noopener\">https:\/\/www.freightos.com<\/a>;<\/li><li>For \u00e5 f\u00e5 et mer n\u00f8yaktig inntrykk av kostnadene for deg, vennligst bruk tilbudsskjemaet \u00f8verst p\u00e5 denne siden;<\/li><li>Se ogs\u00e5 v\u00e5r veiledning om <a href=\"https:\/\/moverdb.com\/nb\/containertransport\/\" target=\"_blank\" rel=\"noreferrer noopener\">internasjonal containertransport<\/a>.<\/li><\/ul>","protected":false},"excerpt":{"rendered":"<p>Cura\u00e7ao is an island country in the Caribbean and a constituent of the Kingdom of the Netherlands. With much to offer, from museums and heritage houses to beaches and coral diving spots, Cura\u00e7ao\u2019s quality of life is of a high standard. Both permanent residents and visitors get to enjoy a life of security, high tolerance, [&hellip;]<\/p>\n","protected":false},"author":2,"featured_media":4140,"parent":44,"menu_order":0,"comment_status":"open","ping_status":"closed","template":"","meta":{"_genesis_hide_title":false,"_genesis_hide_breadcrumbs":false,"_genesis_hide_singular_image":false,"_genesis_hide_footer_widgets":false,"_genesis_custom_body_class":"","_genesis_custom_post_class":"","_genesis_layout":"","footnotes":""},"class_list":{"0":"post-4183","1":"page","2":"type-page","3":"status-publish","4":"has-post-thumbnail","6":"entry"},"_links":{"self":[{"href":"https:\/\/moverdb.com\/nb\/wp-json\/wp\/v2\/pages\/4183","targetHints":{"allow":["GET"]}}],"collection":[{"href":"https:\/\/moverdb.com\/nb\/wp-json\/wp\/v2\/pages"}],"about":[{"href":"https:\/\/moverdb.com\/nb\/wp-json\/wp\/v2\/types\/page"}],"author":[{"embeddable":true,"href":"https:\/\/moverdb.com\/nb\/wp-json\/wp\/v2\/users\/2"}],"replies":[{"embeddable":true,"href":"https:\/\/moverdb.com\/nb\/wp-json\/wp\/v2\/comments?post=4183"}],"version-history":[{"count":1,"href":"https:\/\/moverdb.com\/nb\/wp-json\/wp\/v2\/pages\/4183\/revisions"}],"predecessor-version":[{"id":4184,"href":"https:\/\/moverdb.com\/nb\/wp-json\/wp\/v2\/pages\/4183\/revisions\/4184"}],"up":[{"embeddable":true,"href":"https:\/\/moverdb.com\/nb\/wp-json\/wp\/v2\/pages\/44"}],"wp:featuredmedia":[{"embeddable":true,"href":"https:\/\/moverdb.com\/nb\/wp-json\/wp\/v2\/media\/4140"}],"wp:attachment":[{"href":"https:\/\/moverdb.com\/nb\/wp-json\/wp\/v2\/media?parent=4183"}],"curies":[{"name":"wp","href":"https:\/\/api.w.org\/{rel}","templated":true}]}}