{"id":414,"date":"2016-07-03T15:12:27","date_gmt":"2016-07-03T15:12:27","guid":{"rendered":"http:\/\/moverdb.com\/?page_id=414"},"modified":"2026-01-08T14:39:56","modified_gmt":"2026-01-08T14:39:56","slug":"flyttekostnader","status":"publish","type":"page","link":"https:\/\/moverdb.com\/nb\/moving-costs\/","title":{"rendered":"Internasjonale flyttekostnader: 9 ting du ikke kan ignorere"},"content":{"rendered":"<p><img loading=\"lazy\" decoding=\"async\" src=\"https:\/\/moverdb.com\/wp-content\/uploads\/International-Moving-Costs.jpg\" alt=\"Internasjonale flyttekostnader\" width=\"720\" height=\"477\" class=\"aligncenter size-full wp-image-780\" srcset=\"https:\/\/moverdb.com\/wp-content\/uploads\/International-Moving-Costs.jpg 720w, https:\/\/moverdb.com\/wp-content\/uploads\/International-Moving-Costs-300x200.jpg 300w, https:\/\/moverdb.com\/wp-content\/uploads\/International-Moving-Costs-600x398.jpg 600w\" sizes=\"auto, (max-width: 720px) 100vw, 720px\" \/><\/p>\n<p>Mange som flytter til utlandet blir overrasket over hvor h\u00f8ye flyttekostnadene kan v\u00e6re. Nedenfor ser vi p\u00e5 mange av de forventede og uventede utgiftene du kan m\u00f8te, og hvordan du kan spare penger. <\/p>\n<div id=\"ez-toc-container\" class=\"ez-toc-v2_0_82_2 ez-toc-wrap-left counter-hierarchy ez-toc-counter ez-toc-transparent ez-toc-container-direction\">\n<div class=\"ez-toc-title-container\">\n<p class=\"ez-toc-title\" style=\"cursor:inherit\">Seksjoner<\/p>\n<span class=\"ez-toc-title-toggle\"><a href=\"#\" class=\"ez-toc-pull-right ez-toc-btn ez-toc-btn-xs ez-toc-btn-default ez-toc-toggle\" aria-label=\"Bytt innholdsfortegnelse\"><span class=\"ez-toc-js-icon-con\"><span class=\"\"><span class=\"eztoc-hide\" style=\"display:none;\">Toggle<\/span><span class=\"ez-toc-icon-toggle-span\"><svg style=\"fill: #999;color:#999\" xmlns=\"http:\/\/www.w3.org\/2000\/svg\" class=\"list-377408\" width=\"20px\" height=\"20px\" viewbox=\"0 0 24 24\" fill=\"none\"><path d=\"M6 6H4v2h2V6zm14 0H8v2h12V6zM4 11h2v2H4v-2zm16 0H8v2h12v-2zM4 16h2v2H4v-2zm16 0H8v2h12v-2z\" fill=\"currentColor\"><\/path><\/svg><svg style=\"fill: #999;color:#999\" class=\"arrow-unsorted-368013\" xmlns=\"http:\/\/www.w3.org\/2000\/svg\" width=\"10px\" height=\"10px\" viewbox=\"0 0 24 24\" version=\"1.2\" baseprofile=\"tiny\"><path d=\"M18.2 9.3l-6.2-6.3-6.2 6.3c-.2.2-.3.4-.3.7s.1.5.3.7c.2.2.4.3.7.3h11c.3 0 .5-.1.7-.3.2-.2.3-.5.3-.7s-.1-.5-.3-.7zM5.8 14.7l6.2 6.3 6.2-6.3c.2-.2.3-.5.3-.7s-.1-.5-.3-.7c-.2-.2-.4-.3-.7-.3h-11c-.3 0-.5.1-.7.3-.2.2-.3.5-.3.7s.1.5.3.7z\"\/><\/svg><\/span><\/span><\/span><\/a><\/span><\/div>\n<nav><ul class='ez-toc-list ez-toc-list-level-1 eztoc-toggle-hide-by-default' ><li class='ez-toc-page-1 ez-toc-heading-level-2'><a class=\"ez-toc-link ez-toc-heading-1\" href=\"https:\/\/moverdb.com\/nb\/moving-costs\/#1_Moving_Transportation_Costs\" >1. Flytting og transportkostnader<\/a><\/li><li class='ez-toc-page-1 ez-toc-heading-level-2'><a class=\"ez-toc-link ez-toc-heading-2\" href=\"https:\/\/moverdb.com\/nb\/moving-costs\/#2_Packing_Unpacking_Costs\" >2. Kostnader for pakking og utpakking<\/a><\/li><li class='ez-toc-page-1 ez-toc-heading-level-2'><a class=\"ez-toc-link ez-toc-heading-3\" href=\"https:\/\/moverdb.com\/nb\/moving-costs\/#3_Moving_Insurance_Costs\" >3. Flytteforsikringskostnader<\/a><\/li><li class='ez-toc-page-1 ez-toc-heading-level-2'><a class=\"ez-toc-link ez-toc-heading-4\" href=\"https:\/\/moverdb.com\/nb\/moving-costs\/#4_Storage_Costs\" >4. Lagringskostnader<\/a><\/li><li class='ez-toc-page-1 ez-toc-heading-level-2'><a class=\"ez-toc-link ez-toc-heading-5\" href=\"https:\/\/moverdb.com\/nb\/moving-costs\/#5Customs_Duty_Charges_Taxes\" >5. tollavgifter og skatter<\/a><\/li><li class='ez-toc-page-1 ez-toc-heading-level-2'><a class=\"ez-toc-link ez-toc-heading-6\" href=\"https:\/\/moverdb.com\/nb\/moving-costs\/#6_Visa_Fees\" >6. Visumavgifter<\/a><\/li><li class='ez-toc-page-1 ez-toc-heading-level-2'><a class=\"ez-toc-link ez-toc-heading-7\" href=\"https:\/\/moverdb.com\/nb\/moving-costs\/#7_Lawyer_Fees\" >7. Advokatsal\u00e6r<\/a><\/li><li class='ez-toc-page-1 ez-toc-heading-level-2'><a class=\"ez-toc-link ez-toc-heading-8\" href=\"https:\/\/moverdb.com\/nb\/moving-costs\/#8_Housing_Costs\" >8. Boligkostnader<\/a><\/li><li class='ez-toc-page-1 ez-toc-heading-level-2'><a class=\"ez-toc-link ez-toc-heading-9\" href=\"https:\/\/moverdb.com\/nb\/moving-costs\/#9_Other_Costs\" >9. Andre kostnader<\/a><\/li><\/ul><\/nav><\/div>\n<h2><span class=\"ez-toc-section\" id=\"1_Moving_Transportation_Costs\"><\/span>1. Flytting og transportkostnader<span class=\"ez-toc-section-end\"><\/span><\/h2>\n<p>Den st\u00f8rste enkeltutgiften du vil st\u00e5 overfor er \u00e5 ansette et <a href=\"https:\/\/moverdb.com\/nb\/flyttefirmaer\/\">internasjonalt flyttebyr\u00e5<\/a> for \u00e5 flytte varene dine fra huset ditt i land A til ditt nye hjem i land B. Du kan sammenligne selskaper ved hjelp av skjemaet ovenfor.<\/p>\n<p>Kostnadene vil v\u00e6re basert p\u00e5 noen f\u00e5 hovedfaktorer:<\/p>\n<ul>\n<li> <strong>St\u00f8rrelsen p\u00e5 flyttingen:<\/strong> Jo st\u00f8rre flyttingen er, desto dyrere blir den. Dette gjelder b\u00e5de n\u00e5r det gjelder vekt og volum. Samlastingstjenester kan redusere dette gebyret hvis du ikke har nok varer til en full last.<\/li>\n<li> <strong>Avstand:<\/strong> Jo lenger du m\u00e5 flytte, jo dyrere blir det.<\/li>\n<li> <strong>Rute:<\/strong> Noen destinasjoner er ganske vanlige, mens andre er ganske sjeldne. For eksempel er internasjonale flyttinger mellom <a href=\"https:\/\/moverdb.com\/nb\/moving-to-canada\/\" data-internallinksmanager029f6b8e52c=\"265\" title=\"Flytte til Canada? 2023 Levekostnader og tips om flytting\">Canada<\/a> og <a href=\"https:\/\/moverdb.com\/nb\/moving-to-the-united-states\/\" data-internallinksmanager029f6b8e52c=\"94\" title=\"Flytte til USA? 2023 Levekostnader og flyttetips\">De forente stater<\/a> eller innen Europa er vanlige, og disse rutene vil generelt v\u00e6re billigere p\u00e5 grunn av konkurranse, sammenlignet med mindre vanlige ruter.<\/li>\n<li> <strong>Transportmetode:<\/strong> Hvilken metode du velger for \u00e5 frakte varene dine, har mye \u00e5 si for den endelige prisen du m\u00e5 betale. Sj\u00f8transport er det billigste alternativet, mens flytransport er det dyreste. Lastebiler vil nesten alltid utf\u00f8re de f\u00f8rste og siste etappene av en flytting, uavhengig av hvilken eller hvilke metoder som brukes i mellomtiden.<\/li>\n<\/ul>\n<p>Gitt at sj\u00f8frakt er det billigste alternativet, pr\u00f8ver noen \u00e5 g\u00e5 direkte med et <a href=\"https:\/\/moverdb.com\/nb\/rederier\/\">internasjonalt rederi<\/a>. Selv om dette noen ganger kan v\u00e6re billigere, er de fleste av disse selskapene ikke egentlig satt opp for flytting av hjem, men tar seg i stedet f\u00f8rst og fremst av <a href=\"https:\/\/moverdb.com\/nb\/speditor\/\">godstransport<\/a>.    <\/p>\n<p>For \u00e5 f\u00e5 en bedre forst\u00e5else av flytte- og transportkostnader kan du ogs\u00e5 lese veiledningen v\u00e5r til <a href=\"https:\/\/moverdb.com\/nb\/containertransport\/\">Internasjonale fraktkostnader for containere<\/a> eller g\u00e5 rett p\u00e5 \u00e5 f\u00e5 <a href=\"https:\/\/moverdb.com\/nb\/sitater\/\">internasjonale flyttetilbud<\/a>.<\/p>\n<p><strong>Typisk kostnad:<\/strong> Fra og med <strong>$1,000<\/strong> USD (\u00a3 750; \u20ac 900) og kan lett overstige $10 000 for langdistanseflytting utenlands.<\/p>\n<h2><span class=\"ez-toc-section\" id=\"2_Packing_Unpacking_Costs\"><\/span>2. Kostnader for pakking og utpakking<span class=\"ez-toc-section-end\"><\/span><\/h2>\n<p>Selv om ikke alle <a href=\"https:\/\/moverdb.com\/nb\/moving-companies\/\" data-internallinksmanager029f6b8e52c=\"79\" title=\"Topp 25 internasjonale flyttebyr\u00e5er p\u00e5 nettet\">flyttefirmaer<\/a> ta ekstra betalt for pakking og utpakking, er det mange som gj\u00f8r det. Avhengig av hvilket land du flytter til, har du kanskje ikke noe valg n\u00e5r det gjelder \u00e5 p\u00e5dra deg denne kostnaden. \u00c5rsaken er at enkelte lands tolldokumenter krever at flyttebyr\u00e5et g\u00e5r god for varene som importeres, og forsikrer at det ikke fraktes noe ulovlig.<\/p>\n<p>Ulovlige gjenstander omfatter \u00e5penbare ting som narkotika og v\u00e5pen, men kan ogs\u00e5 omfatte ting du kanskje ikke er klar over, som visse planter eller dyr. Flyttefirmaer som blir tatt for lovbrudd, kan f\u00e5 b\u00f8ter eller miste lisensen og dermed muligheten til \u00e5 drive virksomhet i det aktuelle landet.<\/p>\n<p>Hvis du \u00f8nsker \u00e5 unng\u00e5 eller redusere denne kostnaden, m\u00e5 du snakke med flyttebyr\u00e5et og se om det er noe du kan gj\u00f8re. Noen ganger kan du spare penger ved \u00e5 pakke ting selv, men la eskene st\u00e5 \u00e5pne slik at de kan inspisere dem. Og du kan alltid spare penger i den andre enden hvis du velger \u00e5 pakke ut ting selv i ditt nye hjem. <\/p>\n<p>Til slutt, bare husk at det ikke er noen vei utenom \u00e5 betale for pakkematerialer som esker, bobleplast og tape. <\/p>\n<p><strong>Typiske kostnader:<\/strong> Fra og med <strong>$100<\/strong> USD (\u00a375, \u20ac90), men vanligvis noen hundre dollar.    <\/p>\n<h2><span class=\"ez-toc-section\" id=\"3_Moving_Insurance_Costs\"><\/span>3. Flytteforsikringskostnader<span class=\"ez-toc-section-end\"><\/span><\/h2>\n<p>Noen flyttebyr\u00e5er inkluderer forsikring i den oppgitte prisen, men ikke alle. S\u00f8rg for \u00e5 sjekke n\u00f8yaktig hva forsikringen dekker og ikke dekker. <\/p>\n<p>Hvis varene dine sendes sj\u00f8veien, b\u00f8r du s\u00f8rge for at det finnes en form for sj\u00f8forsikring. Uansett b\u00f8r du ha en forsikring som dekker hele verdien av tap, tyveri og\/eller skade p\u00e5 varene dine.   <\/p>\n<p><strong>Typisk kostnad:<\/strong> Fra og med <strong>$100<\/strong> USD (\u00a375, \u20ac90), men kan v\u00e6re mye h\u00f8yere ved transport av varer av h\u00f8y verdi, uvanlige og\/eller sjeldne varer.<\/p>\n<h2><span class=\"ez-toc-section\" id=\"4_Storage_Costs\"><\/span>4. Lagringskostnader<span class=\"ez-toc-section-end\"><\/span><\/h2>\n<p>N\u00e5r du flytter utenlands, kan det hende at du m\u00e5 betale for lagring i tillegg til de vanlige flyttekostnadene. Dette skyldes at det kan v\u00e6re vanskelig \u00e5 koordinere flyttedatoene dine med forsendelsesdatoene som brukes av <a href=\"https:\/\/moverdb.com\/nb\/container-shipping\/\" data-internallinksmanager029f6b8e52c=\"3\" title=\"Diagram over internasjonale fraktrater for containere: April 2026\">internasjonal skipsfart<\/a> selskaper. <\/p>\n<p>S\u00e5 lenge varene dine ikke er i transitt, m\u00e5 de lagres et sted. S\u00f8rg for \u00e5 huske p\u00e5 dette n\u00e5r du setter forventninger til n\u00e5r varene dine skal ankomme.<\/p>\n<p>Det kan ogs\u00e5 v\u00e6re lurt \u00e5 lagre varene dine mens du leter etter et sted \u00e5 bo i det nye landet. Eller du vil kanskje bare betale for \u00e5 lagre ting til du kommer tilbake, hvis du regner med at dette er en midlertidig flytting.  <\/p>\n<p><strong>Typisk kostnad:<\/strong> Fra og med <strong>$100<\/strong> USD (\u00a375, \u20ac90) per m\u00e5ned for en liten leilighet med \u00e9n eller to senger, og prisene kan stige derfra. Heldigvis er det en god del konkurranse p\u00e5 dette omr\u00e5det, noe som bidrar til \u00e5 holde prisene nede. <\/p>\n<h2><span class=\"ez-toc-section\" id=\"5Customs_Duty_Charges_Taxes\"><\/span>5. tollavgifter og skatter<span class=\"ez-toc-section-end\"><\/span><\/h2>\n<p>En annen liten kostnad du b\u00f8r unders\u00f8ke f\u00f8r du flytter, er tollavgifter i landet du flytter til. Noen land, som USA, tillater at de fleste varer til husholdningsbruk flyttes tollfritt. <\/p>\n<p>Mens land som f.eks. <a href=\"https:\/\/moverdb.com\/nb\/moving-to-the-uk\/\" data-internallinksmanager029f6b8e52c=\"93\" title=\"Flytte til Storbritannia? 2023 Levekostnader og flyttetips\">Storbritannia<\/a> har mer kompliserte regler som avhenger av hvor du flytter fra. For eksempel er flytting fra EU (i skrivende stund) fritatt for tollavgifter, mens flytting fra land utenfor EU kan f\u00f8re til toll og avgifter som du kan kreve fritak for. <\/p>\n<p>Toll og avgifter beregnes som oftest p\u00e5 grunnlag av selve varens verdi. <\/p>\n<p><strong>Typisk kostnad:<\/strong> Alt fra gratis til nesten ubegrenset, avhengig av verdien og typen varer du skal ha med deg. <\/p>\n<h2><span class=\"ez-toc-section\" id=\"6_Visa_Fees\"><\/span>6. Visumavgifter<span class=\"ez-toc-section-end\"><\/span><\/h2>\n<p>N\u00e5r du flytter til et annet land for \u00e5 jobbe eller studere, m\u00e5 du vanligvis s\u00f8ke om visum, med mindre du flytter innenfor EU, der du kan flytte mellom land uten visum. Arbeids- og studievisum inneb\u00e6rer nesten alltid mye papirarbeid og betaling av til dels betydelige gebyrer. <\/p>\n<p>I Storbritannia koster for eksempel noen visum over 1 000 pund ($1 300 USD; 1 200 euro). Og husk at dette gebyret m\u00e5 betales hver gang du fornyer visumet ditt. Dette kan \u00f8ke de samlede kostnadene betydelig og b\u00f8r v\u00e6re noe du budsjetterer med.<\/p>\n<p><strong>Typisk kostnad:<\/strong> Gratis innenfor EU, og varierer fra land til land, men kan komme opp i flere tusen dollar per visum.<\/p>\n<h2><span class=\"ez-toc-section\" id=\"7_Lawyer_Fees\"><\/span>7. Advokatsal\u00e6r<span class=\"ez-toc-section-end\"><\/span><\/h2>\n<p>Vanligvis kan du fylle ut visum og andre tolldokumenter p\u00e5 egen h\u00e5nd ved hjelp av litt netts\u00f8k p\u00e5 myndighetenes nettsider i hjemlandet ditt og i landet du planlegger \u00e5 flytte til. <\/p>\n<p>Mange f\u00f8ler seg imidlertid mer komfortable med \u00e5 bruke en advokat for \u00e5 ordne opp i den noen ganger ekstremt komplekse verden av internasjonale flyttinger. <\/p>\n<p>Derfor velger mange \u00e5 ansette en advokat til \u00e5 fylle ut alt papirarbeidet de trenger, i stedet for \u00e5 gj\u00f8re ting selv. Selv om dette kan gi ro i sjelen, kan det komme med ganske betydelige kostnader. <\/p>\n<p><strong>Typisk kostnad:<\/strong> Varierer mye fra land til land, vanligvis starter prisene fra ikke mindre enn <strong>$100USD\/time<\/strong> (\u00a375, \u20ac90), med faste avgifter for vanlige tjenester som lett kan stige over <strong>$1 000 USD<\/strong> for selv de mest grunnleggende tjenestene.  <\/p>\n<h2><span class=\"ez-toc-section\" id=\"8_Housing_Costs\"><\/span>8. Boligkostnader<span class=\"ez-toc-section-end\"><\/span><\/h2>\n<p>Den st\u00f8rste enkeltutgiften din i det nye landet vil sannsynligvis v\u00e6re bolig. V\u00e6r imidlertid oppmerksom p\u00e5 at hvordan bolig fungerer og hvilke skatter og avgifter som er involvert, kan variere mye fra land til land. <\/p>\n<p>I USA er for eksempel eiendomsprisene utenfor de store kystbyene ekstremt lave. Du m\u00e5 imidlertid betale eiendomsskatt hvert \u00e5r basert p\u00e5 eiendommens verdi, men bare hvis du eier. Denne skatten varierer fra 0,28% i <a href=\"https:\/\/moverdb.com\/nb\/moving-to-the-united-states\/moving-to-hawaii\/\" data-internallinksmanager029f6b8e52c=\"403\" title=\"Flytter du til Hawaii? 2023 Levekostnader og flyttetips\">Hawaii<\/a> opp til 2,29% i <a href=\"https:\/\/moverdb.com\/nb\/moving-to-the-united-states\/moving-to-new-jersey\/\" data-internallinksmanager029f6b8e52c=\"417\" title=\"Flytter du til New Jersey? 2023 Levekostnader og flyttetips\">New Jersey<\/a>.<\/p>\n<p>P\u00e5 den annen side har land som Storbritannia ingen direkte eiendomsskatt. I stedet betaler du <a href=\"https:\/\/www.gov.uk\/stamp-duty-land-tax\/residential-property-rates\" target=\"_blank\" rel=\"noopener\">stempelavgift<\/a> n\u00e5r du kj\u00f8per en porpety, som kan v\u00e6re opp 12% av kj\u00f8pesummen (kj\u00f8peren betaler hele gebyret, selgeren gj\u00f8r det ikke). I tillegg m\u00e5 b\u00e5de huseiere og leietakere betale <a href=\"https:\/\/www.gov.uk\/council-tax\/working-out-your-council-tax\" target=\"_blank\" rel=\"noopener\">kommuneskatt<\/a> hvert \u00e5r basert p\u00e5 eiendommens verdi i 1991. I gjennomsnitt utgj\u00f8r det rundt 1 200 GBP (1 600 USD; 1 400 euro) per \u00e5r.<\/p>\n<p>N\u00e5r du ser p\u00e5 bolig, m\u00e5 du derfor ikke bare se p\u00e5 kj\u00f8pesummen og\/eller leieprisen. Forsikre deg om at du forst\u00e5r alle gebyrer, avgifter og skatter du vil v\u00e6re ansvarlig for, gitt typen, beliggenheten og leieforholdet til boligen du skal bruke. <\/p>\n<p><strong>Typisk kostnad:<\/strong> Avhenger helt av landet, men skatten er vanligvis ikke mindre enn $1,000 USD per \u00e5r og kan v\u00e6re betydelig h\u00f8yere i land med et prosentbasert eiendomsskatteregime.    <\/p>\n<h2><span class=\"ez-toc-section\" id=\"9_Other_Costs\"><\/span>9. Andre kostnader<span class=\"ez-toc-section-end\"><\/span><\/h2>\n<p>N\u00e5r du flytter utenlands, m\u00e5 du ogs\u00e5 ta h\u00f8yde for en rekke andre sm\u00e5 og ikke s\u00e5 sm\u00e5 avgifter og kostnader. Dette kan omfatte ting som \u00e5 kj\u00f8pe nye m\u00f8bler hvis du flytter fra et land der det er vanlig med m\u00f8blerte leiligheter til land som USA eller Canada, der dette er sjelden.<\/p>\n<p>Selv om du eier dine egne m\u00f8bler, kan det hende du m\u00e5 kj\u00f8pe nye apparater, siden forskjellige land bruker forskjellige spenninger og\/eller har forskjellige st\u00f8psler. Bruk av feil type apparater kan skade det elektriske anlegget ditt, s\u00e5 sjekk alltid f\u00f8r du flytter. <\/p>\n<p>Du kan ogs\u00e5 trenge nye kl\u00e6r hvis du flytter fra et omr\u00e5de med kaldt v\u00e6r til et med varmt v\u00e6r eller omvendt. Hvis du vil vite mer om denne typen kostnader, er det best \u00e5 finne ut mer om det landet du skal flytte til.<\/p>\n<p>Derfor har vi laget noen spesifikke landguider som kan hjelpe deg med \u00e5 finne ut mer om kostnadene i landet du skal flytte til.   <\/p>","protected":false},"excerpt":{"rendered":"<p>Many people who move abroad are surprised a just how high international moving costs can be. Below we look at many of the expected and unexpected expenses you may face and how to save money. 1. Moving &#038; Transportation Costs The biggest single expense you&#8217;ll face is hiring an international moving company to move your [&hellip;]<\/p>\n","protected":false},"author":1,"featured_media":780,"parent":0,"menu_order":0,"comment_status":"closed","ping_status":"closed","template":"","meta":{"_genesis_hide_title":false,"_genesis_hide_breadcrumbs":false,"_genesis_hide_singular_image":false,"_genesis_hide_footer_widgets":false,"_genesis_custom_body_class":"","_genesis_custom_post_class":"","_genesis_layout":"","footnotes":""},"class_list":{"0":"post-414","1":"page","2":"type-page","3":"status-publish","4":"has-post-thumbnail","6":"entry"},"_links":{"self":[{"href":"https:\/\/moverdb.com\/nb\/wp-json\/wp\/v2\/pages\/414","targetHints":{"allow":["GET"]}}],"collection":[{"href":"https:\/\/moverdb.com\/nb\/wp-json\/wp\/v2\/pages"}],"about":[{"href":"https:\/\/moverdb.com\/nb\/wp-json\/wp\/v2\/types\/page"}],"author":[{"embeddable":true,"href":"https:\/\/moverdb.com\/nb\/wp-json\/wp\/v2\/users\/1"}],"replies":[{"embeddable":true,"href":"https:\/\/moverdb.com\/nb\/wp-json\/wp\/v2\/comments?post=414"}],"version-history":[{"count":15,"href":"https:\/\/moverdb.com\/nb\/wp-json\/wp\/v2\/pages\/414\/revisions"}],"predecessor-version":[{"id":13165,"href":"https:\/\/moverdb.com\/nb\/wp-json\/wp\/v2\/pages\/414\/revisions\/13165"}],"wp:featuredmedia":[{"embeddable":true,"href":"https:\/\/moverdb.com\/nb\/wp-json\/wp\/v2\/media\/780"}],"wp:attachment":[{"href":"https:\/\/moverdb.com\/nb\/wp-json\/wp\/v2\/media?parent=414"}],"curies":[{"name":"wp","href":"https:\/\/api.w.org\/{rel}","templated":true}]}}