{"id":3842,"date":"2022-04-06T13:40:09","date_gmt":"2022-04-06T13:40:09","guid":{"rendered":"https:\/\/moverdb.com\/?page_id=3842"},"modified":"2026-01-08T14:47:23","modified_gmt":"2026-01-08T14:47:23","slug":"omplasseringsagenter","status":"publish","type":"page","link":"https:\/\/moverdb.com\/nb\/relocation-agents\/","title":{"rendered":"7 grunner til at du b\u00f8r bruke en relokaliseringsagent?"},"content":{"rendered":"<p>Du har nettopp takket ja til en fantastisk ny stilling p\u00e5 et glamor\u00f8st internasjonalt sted. Du gleder deg til \u00e5 ta fatt, og \u00e5 flytte til et nytt land virker spennende til \u00e5 begynne med, men n\u00e5r du innser n\u00f8yaktig hvor mye du m\u00e5 gj\u00f8re for \u00e5 komme dit, kan det hele virke ganske skremmende.<\/p>\n<p><img loading=\"lazy\" decoding=\"async\" src=\"https:\/\/moverdb.com\/wp-content\/uploads\/relocation-agent.jpg\" alt=\"\" width=\"1000\" height=\"563\" class=\"aligncenter size-full wp-image-3845\" data-wp-pid=\"3845\" srcset=\"https:\/\/moverdb.com\/wp-content\/uploads\/relocation-agent.jpg 1000w, https:\/\/moverdb.com\/wp-content\/uploads\/relocation-agent-300x169.jpg 300w, https:\/\/moverdb.com\/wp-content\/uploads\/relocation-agent-18x10.jpg 18w, https:\/\/moverdb.com\/wp-content\/uploads\/relocation-agent-600x338.jpg 600w\" sizes=\"auto, (max-width: 1000px) 100vw, 1000px\" \/><\/p>\n<p>La oss ta en titt p\u00e5 noen av de tingene du kanskje m\u00e5 takle hvis du flytter selv i forhold til \u00e5 bruke en <a href=\"https:\/\/www.cornerstonelondon.com\/\" target=\"_blank\" rel=\"noopener\">omplasseringsagent<\/a>.<\/p>\n<div id=\"ez-toc-container\" class=\"ez-toc-v2_0_82_2 ez-toc-wrap-left counter-hierarchy ez-toc-counter ez-toc-transparent ez-toc-container-direction\">\n<div class=\"ez-toc-title-container\">\n<p class=\"ez-toc-title\" style=\"cursor:inherit\">Seksjoner<\/p>\n<span class=\"ez-toc-title-toggle\"><a href=\"#\" class=\"ez-toc-pull-right ez-toc-btn ez-toc-btn-xs ez-toc-btn-default ez-toc-toggle\" aria-label=\"Bytt innholdsfortegnelse\"><span class=\"ez-toc-js-icon-con\"><span class=\"\"><span class=\"eztoc-hide\" style=\"display:none;\">Toggle<\/span><span class=\"ez-toc-icon-toggle-span\"><svg style=\"fill: #999;color:#999\" xmlns=\"http:\/\/www.w3.org\/2000\/svg\" class=\"list-377408\" width=\"20px\" height=\"20px\" viewbox=\"0 0 24 24\" fill=\"none\"><path d=\"M6 6H4v2h2V6zm14 0H8v2h12V6zM4 11h2v2H4v-2zm16 0H8v2h12v-2zM4 16h2v2H4v-2zm16 0H8v2h12v-2z\" fill=\"currentColor\"><\/path><\/svg><svg style=\"fill: #999;color:#999\" class=\"arrow-unsorted-368013\" xmlns=\"http:\/\/www.w3.org\/2000\/svg\" width=\"10px\" height=\"10px\" viewbox=\"0 0 24 24\" version=\"1.2\" baseprofile=\"tiny\"><path d=\"M18.2 9.3l-6.2-6.3-6.2 6.3c-.2.2-.3.4-.3.7s.1.5.3.7c.2.2.4.3.7.3h11c.3 0 .5-.1.7-.3.2-.2.3-.5.3-.7s-.1-.5-.3-.7zM5.8 14.7l6.2 6.3 6.2-6.3c.2-.2.3-.5.3-.7s-.1-.5-.3-.7c-.2-.2-.4-.3-.7-.3h-11c-.3 0-.5.1-.7.3-.2.2-.3.5-.3.7s.1.5.3.7z\"\/><\/svg><\/span><\/span><\/span><\/a><\/span><\/div>\n<nav><ul class='ez-toc-list ez-toc-list-level-1 eztoc-toggle-hide-by-default' ><li class='ez-toc-page-1 ez-toc-heading-level-2'><a class=\"ez-toc-link ez-toc-heading-1\" href=\"https:\/\/moverdb.com\/nb\/relocation-agents\/#1_Do_What_Needs_To_Be_Done\" >1. Gj\u00f8r det som m\u00e5 gj\u00f8res<\/a><\/li><li class='ez-toc-page-1 ez-toc-heading-level-2'><a class=\"ez-toc-link ez-toc-heading-2\" href=\"https:\/\/moverdb.com\/nb\/relocation-agents\/#2_Shipping_Your_Household_Goods\" >2. Frakt av husholdningsvarer<\/a><\/li><li class='ez-toc-page-1 ez-toc-heading-level-2'><a class=\"ez-toc-link ez-toc-heading-3\" href=\"https:\/\/moverdb.com\/nb\/relocation-agents\/#3_Where_To_Stay\" >3. Hvor \u00e5 bo<\/a><\/li><li class='ez-toc-page-1 ez-toc-heading-level-2'><a class=\"ez-toc-link ez-toc-heading-4\" href=\"https:\/\/moverdb.com\/nb\/relocation-agents\/#4_Finding_A_Home\" >4. Finne et hjem<\/a><\/li><li class='ez-toc-page-1 ez-toc-heading-level-2'><a class=\"ez-toc-link ez-toc-heading-5\" href=\"https:\/\/moverdb.com\/nb\/relocation-agents\/#5_School_Search\" >5. Skoles\u00f8k<\/a><\/li><li class='ez-toc-page-1 ez-toc-heading-level-2'><a class=\"ez-toc-link ez-toc-heading-6\" href=\"https:\/\/moverdb.com\/nb\/relocation-agents\/#6_Pet_Travel\" >6. Reise med kj\u00e6ledyr<\/a><\/li><li class='ez-toc-page-1 ez-toc-heading-level-2'><a class=\"ez-toc-link ez-toc-heading-7\" href=\"https:\/\/moverdb.com\/nb\/relocation-agents\/#7_And_what_else\" >7. Og hva mer?<\/a><\/li><li class='ez-toc-page-1 ez-toc-heading-level-2'><a class=\"ez-toc-link ez-toc-heading-8\" href=\"https:\/\/moverdb.com\/nb\/relocation-agents\/#In_conclusion\" >Avslutningsvis<\/a><\/li><\/ul><\/nav><\/div>\n<h2><span class=\"ez-toc-section\" id=\"1_Do_What_Needs_To_Be_Done\"><\/span>1. Gj\u00f8r det som m\u00e5 gj\u00f8res<span class=\"ez-toc-section-end\"><\/span><\/h2>\n<p>Hvis du \"gj\u00f8r det alene\", m\u00e5 du finne selskaper som kan ta seg av alt. Hva trenger du \u00e5 gj\u00f8re, hvem skal gj\u00f8re det, og hvordan vet du om de er gode, er de viktigste sp\u00f8rsm\u00e5lene du m\u00e5 svare p\u00e5. <\/p>\n<p>Du kan bruke timevis p\u00e5 \u00e5 tr\u00e5le gjennom anmeldelser p\u00e5 internett og likevel ikke v\u00e6re noe n\u00e6rmere \u00e5 finne ut om et selskap du engasjerer deg med er virkelig anerkjent (det er noen falske anmeldelser der ute) og faktisk vil f\u00e5 jobben gjort. <\/p>\n<p>Ikke bare det, du er kanskje ikke engang klar over hva du trenger \u00e5 vite og organisere, s\u00e5 \u00e5 g\u00e5 glipp av tilsynelatende sm\u00e5 detaljer kan for\u00e5rsake store katastrofer i den store planen for flyttingen din.<\/p>\n<p>N\u00e5r du har funnet folk til \u00e5 ta p\u00e5 seg jobbene du trenger, kommer du til \u00e5 f\u00e5 hodebry med \u00e5 koordinere alt til rett tid. <\/p>\n<p>Visst kan du f\u00e5 hentet alt innboet ditt dagen f\u00f8r du flyr, men hvor skal du sove n\u00e5r sengene dine st\u00e5r i en lagercontainer og venter p\u00e5 \u00e5 bli fraktet? <\/p>\n<p>Dette er bare ett eksempel p\u00e5 hvor det kan v\u00e6re til stor hjelp \u00e5 bruke et relokaliseringsbyr\u00e5. De er erfarne fagfolk, s\u00e5 de kjenner til alle fallgruvene som du sannsynligvis vil m\u00f8te, og vil ha v\u00e6rt i stand til \u00e5 planlegge for dem lenge f\u00f8r de i det hele tatt har blitt et problem. Ting g\u00e5r bare mye smidigere n\u00e5r eksperter er involvert!<\/p>\n<p>En flytteagent vil ha en rekke kontrollerte kontakter som de vet at de kan stole p\u00e5 for \u00e5 sikre at alt blir gjort p\u00e5 riktig m\u00e5te. De vil alltid ha brukt dem til utallige flyttinger og vil vite at de kan stole p\u00e5 dem for en p\u00e5litelig, s\u00f8ml\u00f8s tjeneste.<\/p>\n<p>Hvis du bruker et relokaliseringsbyr\u00e5, er det likevel verdt \u00e5 holde oversikt over hvilke kontakter som er ansvarlige for hver oppgave, slik at du vet hvem du skal kontakte med sp\u00f8rsm\u00e5l. <\/p>\n<p>Lag en liste eller et regneark over alle kontaktpersonene du har, inkludert navn, e-postadresser, telefonnumre og, viktigst av alt, hvilken del av flyttingen de er ansvarlige for.<\/p>\n<p>La oss n\u00e5 se p\u00e5 noen av tjenestene du kan f\u00e5 bruk for...<\/p>\n<h2><span class=\"ez-toc-section\" id=\"2_Shipping_Your_Household_Goods\"><\/span>2. Frakt av husholdningsvarer<span class=\"ez-toc-section-end\"><\/span><\/h2>\n<p>Alle kommer med mye bagasje, bokstavelig talt. S\u00e5 hvordan finner alle tingene dine veien til det nye hjemmet ditt?<\/p>\n<p>Hvis du bare har noen f\u00e5 ting \u00e5 ta med deg, kl\u00e6r og noen f\u00e5 personlige ting, kan du kanskje slippe unna med \u00e5 ta med alt som overvektsbagasje n\u00e5r du reiser. <\/p>\n<p>Hvis det er noe st\u00f8rre, som m\u00f8bler eller en stor TV, m\u00e5 du bruke en eller annen form for husholdningsartikler. <a href=\"https:\/\/moverdb.com\/nb\/containertransport\/\">frakttjeneste<\/a>. <\/p>\n<p>Men hva slags tjeneste trenger du? Vil en flyforsendelse v\u00e6re bra, eller trenger du en overflateforsendelse? Hva slags container trenger du, en 20 fots? En 40 fots? Kanskje begge deler!<\/p>\n<p>Alt dette virker veldig skremmende, men det er her en frakttjeneste for husholdningsvarer (HHG) kommer inn i bildet. Flyttingskonsulenten din vil sette deg i kontakt med <a href=\"https:\/\/moverdb.com\/nb\/rederier\/\">spedisjonsselskap for husholdningsvarer<\/a>. <\/p>\n<p>Vanligvis vil det f\u00f8rste trinnet v\u00e6re \u00e5 organisere en unders\u00f8kelse av innboet ditt for \u00e5 finne ut n\u00f8yaktig hva <a href=\"https:\/\/moverdb.com\/nb\/shipping-container-sizes-and-dimensions\/\" data-internallinksmanager029f6b8e52c=\"247\" title=\"Den ultimate guiden til st\u00f8rrelser og dimensjoner p\u00e5 fraktcontainere\">beholderst\u00f8rrelse<\/a> eller st\u00f8rrelser du trenger. De vil arrangere en dag for \u00e5 pakke sammen alle gjenstandene dine p\u00e5 den ene siden, og n\u00e5r du har sikret din langsiktige eiendom, vil de ogs\u00e5 organisere en dag for \u00e5 levere dine dyrebare eiendeler til deg.<\/p>\n<h2><span class=\"ez-toc-section\" id=\"3_Where_To_Stay\"><\/span>3. Hvor \u00e5 bo<span class=\"ez-toc-section-end\"><\/span><\/h2>\n<p>Siden det er beste praksis \u00e5 se en eiendom personlig f\u00f8r du forplikter deg til en leieavtale p\u00e5 et \u00e5r eller mer, med mindre du har v\u00e6rt p\u00e5 en spesiell boligs\u00f8ketur f\u00f8r du flytter og du skal til en fullt m\u00f8blert eiendom, trenger du et sted \u00e5 bo n\u00e5r du f\u00f8rst ankommer.<\/p>\n<p>N\u00e5 kan du bestille et hotell, men hvis du flytter med hele familien, med mindre du er booket inn i en luksuri\u00f8s suite med rom, kommer ting til \u00e5 bli ganske klaustrofobiske i l\u00f8pet av den gjennomsnittlige perioden p\u00e5 4 eller 5 uker det tar for deg \u00e5 flytte inn i en langsiktig eiendom. Det er kanskje heller ikke det mest \u00f8konomiske alternativet.<\/p>\n<p><a href=\"https:\/\/www.airbnb.co.uk\/\" target=\"_blank\" rel=\"noopener\">Airbnb<\/a> kan ogs\u00e5 v\u00e6re et alternativ, i likhet med en betjent leilighet. Begge har den fordelen at de gir deg plass og fasiliteter som kan sammenlignes med det du forventer i ditt eget hjem. <\/p>\n<p>For de som ikke vet om betjente leiligheter, er de en slags hyggelig mellomting mellom et hotell og en langsiktig eiendom. Du f\u00e5r vanligvis noen til \u00e5 rengj\u00f8re leiligheten, kanskje en gang i uken. <\/p>\n<p>De skifter ogs\u00e5 senget\u00f8y og h\u00e5ndkl\u00e6r. I tillegg f\u00e5r du fordelen av \u00e5 bo i et fullt m\u00f8blert og utstyrt hjem med alt du trenger av kj\u00f8kkenutstyr og fasiliteter, som TV og internett.<\/p>\n<p>Men akkurat som med mange andre ting, hvordan vet du om den betjente leiligheten du skal bo i vil v\u00e6re bra? Flyttebyr\u00e5er vil ha brukt leverand\u00f8rene sine til mange flyttinger, slik at du vet at du jobber med noen du kan stole p\u00e5, og ni av ti ganger vil leverand\u00f8rene v\u00e6re mer motivert til \u00e5 hjelpe hvis det skulle oppst\u00e5 problemer p\u00e5 grunn av deres forhold til boligleverand\u00f8ren!<\/p>\n<h2><span class=\"ez-toc-section\" id=\"4_Finding_A_Home\"><\/span>4. Finne et hjem<span class=\"ez-toc-section-end\"><\/span><\/h2>\n<p><img loading=\"lazy\" decoding=\"async\" width=\"1000\" height=\"665\" src=\"https:\/\/moverdb.com\/wp-content\/uploads\/findding-a-home.jpg\" alt=\"\u00c5 finne et hjem\" class=\"aligncenter size-full wp-image-3847\" data-wp-pid=\"3847\" srcset=\"https:\/\/moverdb.com\/wp-content\/uploads\/findding-a-home.jpg 1000w, https:\/\/moverdb.com\/wp-content\/uploads\/findding-a-home-300x200.jpg 300w, https:\/\/moverdb.com\/wp-content\/uploads\/findding-a-home-18x12.jpg 18w, https:\/\/moverdb.com\/wp-content\/uploads\/findding-a-home-600x399.jpg 600w\" sizes=\"auto, (max-width: 1000px) 100vw, 1000px\" \/><\/p>\n<p>Hvis du gj\u00f8r dette p\u00e5 egen h\u00e5nd, m\u00e5 du kanskje tr\u00e5le gjennom endel\u00f8se lister p\u00e5 nettsteder som f.eks. <a href=\"https:\/\/www.rightmove.co.uk\/\" target=\"_blank\" rel=\"noopener\">Rightmove<\/a> og <a href=\"https:\/\/www.zoopla.co.uk\/\" target=\"_blank\" rel=\"noopener\">Zoopla<\/a> bare for \u00e5 finne ut at alle eiendommer er borte! <\/p>\n<p>Selv om du finner en bolig \u00e5 leie, vil du ikke ha noen veiledning om hvordan alt skal fungere, noe som gj\u00f8r det lettere \u00e5 bli lurt eller g\u00e5 i fellen og signere en leieavtale som ikke er gunstig for deg. Selv om du har leid i hjemlandet ditt f\u00f8r, vil ikke reglene og normene i et annet land n\u00f8dvendigvis v\u00e6re de samme. <\/p>\n<p>Som et eksempel, i <a href=\"https:\/\/moverdb.com\/nb\/moving-to-the-uk\/\" data-internallinksmanager029f6b8e52c=\"93\" title=\"Flytte til Storbritannia? 2023 Levekostnader og flyttetips\">STORBRITANNIA<\/a>, er det vanlig at eiendommer, selv um\u00f8blerte, har et fullt utstyrt kj\u00f8kken med alle st\u00f8rre apparater som stekeovn, komfyr og kj\u00f8leskap med fryser. <\/p>\n<p>I <a href=\"https:\/\/moverdb.com\/nb\/moving-to-germany\/\" data-internallinksmanager029f6b8e52c=\"321\" title=\"Flytte til Tyskland? 2023 Levekostnader og flyttetips\">Tyskland<\/a>m\u00e5 du kanskje skaffe deg et eget kj\u00f8kken n\u00e5r du flytter inn! I de fleste land er det vanlig at eiendomsmegleren sjekker om du har r\u00e5d til \u00e5 leie en bolig, men i Norge er det ikke s\u00e5 vanlig. <a href=\"https:\/\/moverdb.com\/nb\/moving-to-switzerland\/moving-to-geneva\/\" data-internallinksmanager029f6b8e52c=\"416\" title=\"Flytter du til Gen\u00e8ve? 2023 Levekostnader og flyttetips\">Gen\u00e8ve<\/a>Det er strenge grenser for hvor lite du kan bruke p\u00e5 husleie avhengig av l\u00f8nnen din, et system som skal sikre at leietakere ikke leier under sine egne forutsetninger og holde billigere boliger unna dem som akkurat har r\u00e5d til dem.<\/p>\n<p>Nok en gang er det her det l\u00f8nner seg \u00e5 ha en relokaliseringsagent som har lokale Home Search-konsulenter p\u00e5 bakken. De kjenner det lokale markedet, og de kjenner til alle raritetene og nyansene du vil st\u00f8te p\u00e5. <\/p>\n<p>De vil gj\u00f8re unders\u00f8kelsene for deg, sette opp en reiserute for boligs\u00f8kedagen din og deretter f\u00f8lge deg til hver eiendom. De vil ikke bare stole p\u00e5 eiendomsnettsteder for \u00e5 finne ditt nye hjem! <\/p>\n<p>De vil vanligvis ha kontakter de har jobbet med tidligere ved de ulike lokale byr\u00e5ene, og de vil samarbeide med dem for \u00e5 finne ut hvilke agenter som faktisk har tilgjengelig som fungerer for dine kriterier, eller i det minste er s\u00e5 n\u00e6r som mulig det du leter etter. <\/p>\n<p>P\u00e5 det siste punktet vil de vite om budsjettet og \u00f8nskene dine er realistiske og gi deg r\u00e5d deretter, eller styre deg mot omr\u00e5der der du kan ha st\u00f8rre sjanse for \u00e5 finne dr\u00f8mmeboligen.<\/p>\n<p>Du kan selvf\u00f8lgelig g\u00e5 direkte til meglere selv, men det du b\u00f8r huske er at meglere jobber for utleierne, og deres f\u00f8rsteprioritet vil v\u00e6re \u00e5 ivareta deres interesser. Det er tross alt utleierne som betaler meglerne. <\/p>\n<p>P\u00e5 den annen side jobber boligkonsulenter for deg og deg alene. De vil ikke v\u00e6re interessert i \u00e5 presse deg mot noen eiendom spesielt med mindre de tror det kommer til \u00e5 v\u00e6re i dine beste interesser, hovedsakelig fordi de aldri f\u00e5r betalt provisjon. I hovedsak er de p\u00e5 din side, og du kan stole p\u00e5 at de styrer deg i riktig retning.<\/p>\n<p>Med en boligs\u00f8kerkonsulent f\u00e5r du hjelp og r\u00e5d n\u00e5r du sender inn tilbudet ditt, og deretter f\u00e5r du hjelp med alt som kommer etterp\u00e5, inkludert gjennomgang av leiekontrakten for \u00e5 sikre at du ikke signerer p\u00e5 noe som er urettferdig for deg. I utgangspunktet vil du ha noen tilgjengelig for \u00e5 hjelpe deg til hele prosessen er fullf\u00f8rt og du er p\u00e5 plass!<\/p>\n<h2><span class=\"ez-toc-section\" id=\"5_School_Search\"><\/span>5. Skoles\u00f8k<span class=\"ez-toc-section-end\"><\/span><\/h2>\n<p>Hvis du har barn i skolealder, vil en av de viktigste drivkreftene bak flyttingen v\u00e6re utdanningen deres. Hvor er de gode skolene, hvordan s\u00f8ker du, og vil den skolen du velger, v\u00e6re i stand til \u00e5 im\u00f8tekomme barnets eller barnas spesifikke behov?<\/p>\n<p>Det er en annen av de tingene du kan unders\u00f8ke p\u00e5 nettet til en viss grad, men uten \u00e5 ha en ekspert til \u00e5 tolke dataene og gi faktiske tilbakemeldinger fra den virkelige verden, er det fullt mulig \u00e5 komme til en helt feil konklusjon om en institusjon. <\/p>\n<p>N\u00e5r barnets potensielle lykke og velv\u00e6re st\u00e5r p\u00e5 spill, er det vel uvurderlig \u00e5 ha noen som kan veilede deg gjennom prosessen med \u00e5 velge og deretter s\u00f8ke p\u00e5 skoler? <\/p>\n<p>Skoleeksperter kan ikke bare gi viktig innsikt, men ogs\u00e5 bidra til \u00e5 forst\u00e5 forskjellene i l\u00e6replaner fra land til land, etoset i visse typer utdanning og institusjoner, og st\u00f8tte der det er n\u00f8dvendig for barn som trenger spesialundervisning.<\/p>\n<h2><span class=\"ez-toc-section\" id=\"6_Pet_Travel\"><\/span>6. Reise med kj\u00e6ledyr<span class=\"ez-toc-section-end\"><\/span><\/h2>\n<p><img loading=\"lazy\" decoding=\"async\" width=\"1000\" height=\"667\" src=\"https:\/\/moverdb.com\/wp-content\/uploads\/pet-travel.jpg\" alt=\"Reise med kj\u00e6ledyr\" class=\"aligncenter size-full wp-image-3848\" data-wp-pid=\"3848\" srcset=\"https:\/\/moverdb.com\/wp-content\/uploads\/pet-travel.jpg 1000w, https:\/\/moverdb.com\/wp-content\/uploads\/pet-travel-300x200.jpg 300w, https:\/\/moverdb.com\/wp-content\/uploads\/pet-travel-18x12.jpg 18w, https:\/\/moverdb.com\/wp-content\/uploads\/pet-travel-600x400.jpg 600w\" sizes=\"auto, (max-width: 1000px) 100vw, 1000px\" \/><\/p>\n<p>\u00c5 f\u00e5 familiens pelsdyr til det nye landet ditt er ogs\u00e5 en vurdering. F\u00e6rre og f\u00e6rre flyselskaper i disse dager vil tillate kj\u00e6ledyr \u00e5 reise i kabinen, s\u00e5 du m\u00e5 i \u00f8kende grad sende dem i lasterommet. <\/p>\n<p>Det kan ogs\u00e5 hende at du m\u00e5 skaffe dem forskjellige vaksiner og papirer samt annet byr\u00e5krati avhengig av destinasjonen, f\u00f8r de kan flytte til ditt nye hjem sammen med deg. <\/p>\n<p>Igjen kan du gj\u00f8re unders\u00f8kelsene selv og organisere reisen selv, men \u00e5 ha et dedikert byr\u00e5 til \u00e5 ta seg av det vil gi deg trygghet for at kj\u00e6ledyret ditt kommer trygt frem. <\/p>\n<p>Reiseselskaper for kj\u00e6ledyr er bemannet av dyreelskere som vil s\u00f8rge for at kj\u00e6ledyret ditt blir tatt vare p\u00e5 som om det var deres eget. De vil holde deg oppdatert om hvordan det g\u00e5r med dyret og ofte sende deg bilder av kj\u00e6ledyret ditt mens det er borte fra deg, slik at du vet at det blir behandlet godt.<\/p>\n<h2><span class=\"ez-toc-section\" id=\"7_And_what_else\"><\/span>7. Og hva mer?<span class=\"ez-toc-section-end\"><\/span><\/h2>\n<p>Ovennevnte er bare noen av de viktigste aspektene ved flyttingen som m\u00e5 organiseres. Det kan ogs\u00e5 hende du trenger hjelp med skattesituasjonen din, eller kanskje du trenger leiem\u00f8bler for \u00e5 fylle gapet mellom leiekontraktens start og ankomsten av dine egne m\u00f8bler. <\/p>\n<p>Du kommer helt sikkert til \u00e5 trenge innvandringsst\u00f8tte for \u00e5 ordne visum, arbeidstillatelser og lokale registreringer. R\u00e5d eller en henvisning til \u00e5 \u00e5pne en bankkonto vil ogs\u00e5 v\u00e6re viktig, slik at det er et sted du kan f\u00e5 l\u00f8nnen din utbetalt og et sted du kan f\u00e5 husleie og regninger trukket fra. <\/p>\n<p>Apropos verkt\u00f8y, hvordan f\u00e5r du satt dem opp i det nye landet ditt, hvilke leverand\u00f8rer b\u00f8r du bruke, og hvordan f\u00e5r du de beste tilbudene? <\/p>\n<p>Alle disse tingene kan f\u00f8re til det ene massive bryet etter det andre, men n\u00e5r du bruker en relokaliseringsagent er alt enkelt. Noen av dem kan du til og med glemme helt, og det er derfor det er uvurderlig \u00e5 ha en erfaren fagperson for h\u00e5nden som dekker alle basene!<\/p>\n<h2><span class=\"ez-toc-section\" id=\"In_conclusion\"><\/span>Avslutningsvis<span class=\"ez-toc-section-end\"><\/span><\/h2>\n<p>Selv om det er mulig \u00e5 organisere alt selv uten et flyttebyr\u00e5, er det langt mer stressende, langt mer tidkrevende og langt mindre sannsynlig at det g\u00e5r knirkefritt enn om du bruker et flyttebyr\u00e5. Selv om det ofte virker som en stor kostnad \u00e5 investere i tjenestene til et flyttebyr\u00e5, vil du oppdage at det vil spare deg for b\u00e5de tid, penger og stress n\u00e5r flyttingen er over!<\/p>\n<p>\u00c5 flytte til et nytt hjem i en ny by i et nytt land vil naturligvis f\u00f8re til en hel del angst for selv den erfarne flytteren, s\u00e5 alt du kan gj\u00f8re for \u00e5 redusere, for ikke \u00e5 nevne alt det harde arbeidet og tiden du m\u00e5 bruke, er verdt pengene. <\/p>\n<p>Ganske enkelt sagt, hvis du vil at flyttingen din skal v\u00e6re s\u00e5 enkel som mulig, er et relokaliseringsbyr\u00e5 veien \u00e5 g\u00e5!<\/p>\n<p><em>Denne artikkelen ble levert av Cornerstone, et London-basert <a href=\"https:\/\/www.cornerstonelondon.com\/\" target=\"_blank\" rel=\"noopener\">omplasseringsbyr\u00e5<\/a> hjelpe omplasseringsflyttere over hele verden.<\/em><\/p>","protected":false},"excerpt":{"rendered":"<p>You&#8217;ve just signed up for a fantastic new position in a glamourous international location. You&#8217;re looking forward to upping sticks, and moving to a new country seems exciting at first, but once you realise exactly how much you have to do in order to get there, it can all seem quite daunting. Let&#8217;s have a [&hellip;]<\/p>\n","protected":false},"author":1,"featured_media":3845,"parent":0,"menu_order":0,"comment_status":"closed","ping_status":"closed","template":"","meta":{"_genesis_hide_title":false,"_genesis_hide_breadcrumbs":false,"_genesis_hide_singular_image":false,"_genesis_hide_footer_widgets":false,"_genesis_custom_body_class":"","_genesis_custom_post_class":"","_genesis_layout":"","footnotes":""},"class_list":{"0":"post-3842","1":"page","2":"type-page","3":"status-publish","4":"has-post-thumbnail","6":"entry"},"_links":{"self":[{"href":"https:\/\/moverdb.com\/nb\/wp-json\/wp\/v2\/pages\/3842","targetHints":{"allow":["GET"]}}],"collection":[{"href":"https:\/\/moverdb.com\/nb\/wp-json\/wp\/v2\/pages"}],"about":[{"href":"https:\/\/moverdb.com\/nb\/wp-json\/wp\/v2\/types\/page"}],"author":[{"embeddable":true,"href":"https:\/\/moverdb.com\/nb\/wp-json\/wp\/v2\/users\/1"}],"replies":[{"embeddable":true,"href":"https:\/\/moverdb.com\/nb\/wp-json\/wp\/v2\/comments?post=3842"}],"version-history":[{"count":4,"href":"https:\/\/moverdb.com\/nb\/wp-json\/wp\/v2\/pages\/3842\/revisions"}],"predecessor-version":[{"id":3849,"href":"https:\/\/moverdb.com\/nb\/wp-json\/wp\/v2\/pages\/3842\/revisions\/3849"}],"wp:featuredmedia":[{"embeddable":true,"href":"https:\/\/moverdb.com\/nb\/wp-json\/wp\/v2\/media\/3845"}],"wp:attachment":[{"href":"https:\/\/moverdb.com\/nb\/wp-json\/wp\/v2\/media?parent=3842"}],"curies":[{"name":"wp","href":"https:\/\/api.w.org\/{rel}","templated":true}]}}