{"id":384,"date":"2016-05-26T14:06:53","date_gmt":"2016-05-26T14:06:53","guid":{"rendered":"http:\/\/moverdb.com\/?page_id=384"},"modified":"2026-01-08T14:40:17","modified_gmt":"2026-01-08T14:40:17","slug":"vurderinger","status":"publish","type":"page","link":"https:\/\/moverdb.com\/nb\/reviews\/","title":{"rendered":"MoverDB International Moving Company anmeldelser og poeng forklart"},"content":{"rendered":"<p>P\u00e5 MoverDB.com har vi som m\u00e5l \u00e5 gi deg objektiv informasjon og anmeldelser av verdens st\u00f8rste og mest popul\u00e6re flyttebyr\u00e5er. <a href=\"https:\/\/moverdb.com\/nb\/flyttefirmaer\/\">de beste internasjonale flyttebyr\u00e5ene<\/a>. For \u00e5 gj\u00f8re dette har vi opprettet profiler for hver enkelt flyttemann.<\/p>\n<p>Hver profil inneholder f\u00f8lgende informasjon:<\/p>\n<ol>\n<li> Flyttetjenester som tilbys av selskapet.<\/li>\n<li> Bedriftsprofil: inkludert historie, omd\u00f8mme og <a href=\"https:\/\/moverdb.com\/nb\/organisasjoner-foreninger\/\">organisasjoner og tilknytninger<\/a> sammen med andre interessante fakta.<\/li>\n<li> Vurderinger fra hele nettet for \u00e5 hjelpe deg med \u00e5 velge en bedre flyttemann.<\/li>\n<\/ol>\n<p><strong>4. Gjennomgang av nettstedet forklart<\/strong><\/p>\n<p>Til slutt inkluderer MoverDB.com ogs\u00e5 en vurdering av nettstedet for hver flyttebyr\u00e5. Dette er en gjennomgang av nettstedets nytteverdi og <strong>gjenspeiler ikke<\/strong> kvaliteten p\u00e5 selve flyttelasset. I stedet ser den p\u00e5 f\u00f8lgende ting:<\/p>\n<ol>\n<li> Tydelig kontaktinformasjon<\/li>\n<li> Mulighet for enkelt \u00e5 f\u00e5 et tilbud<\/li>\n<li> Tydelig og nyttig informasjon p\u00e5 nettstedet<\/li>\n<li> Medlemskap i internasjonale flytteorganisasjoner<\/li>\n<li> Anmeldelser og attester<\/li>\n<\/ol>\n<p><em>Bruk disse p\u00e5 eget ansvar. MoverDB.com tar ikke ansvar for n\u00f8yaktigheten av informasjonen som presenteres. Videre p\u00e5tar vi oss ikke noe ansvar for bruken av informasjon og vurderinger p\u00e5 dette nettstedet n\u00e5r du velger en flyttemann. Vi tilbyr ganske enkelt en m\u00e5te \u00e5 <a href=\"https:\/\/moverdb.com\/nb\/sitater\/\">sammenlign flyttebyr\u00e5er med gratis tilbud<\/a>.<\/em><\/p>","protected":false},"excerpt":{"rendered":"<p>At MoverDB.com our goal is to bring you unbiased information and reviews of the world&#8217;s biggest and best international moving companies. To do this we&#8217;ve created profiles for each and every mover. Each profile includes the following information: Moving services offered by the company. Company profile: including history, reputation and organizations &#038; affiliations along with [&hellip;]<\/p>\n","protected":false},"author":1,"featured_media":0,"parent":0,"menu_order":0,"comment_status":"closed","ping_status":"closed","template":"","meta":{"_genesis_hide_title":false,"_genesis_hide_breadcrumbs":false,"_genesis_hide_singular_image":false,"_genesis_hide_footer_widgets":false,"_genesis_custom_body_class":"","_genesis_custom_post_class":"","_genesis_layout":"","footnotes":""},"class_list":{"0":"post-384","1":"page","2":"type-page","3":"status-publish","5":"entry"},"_links":{"self":[{"href":"https:\/\/moverdb.com\/nb\/wp-json\/wp\/v2\/pages\/384","targetHints":{"allow":["GET"]}}],"collection":[{"href":"https:\/\/moverdb.com\/nb\/wp-json\/wp\/v2\/pages"}],"about":[{"href":"https:\/\/moverdb.com\/nb\/wp-json\/wp\/v2\/types\/page"}],"author":[{"embeddable":true,"href":"https:\/\/moverdb.com\/nb\/wp-json\/wp\/v2\/users\/1"}],"replies":[{"embeddable":true,"href":"https:\/\/moverdb.com\/nb\/wp-json\/wp\/v2\/comments?post=384"}],"version-history":[{"count":3,"href":"https:\/\/moverdb.com\/nb\/wp-json\/wp\/v2\/pages\/384\/revisions"}],"predecessor-version":[{"id":387,"href":"https:\/\/moverdb.com\/nb\/wp-json\/wp\/v2\/pages\/384\/revisions\/387"}],"wp:attachment":[{"href":"https:\/\/moverdb.com\/nb\/wp-json\/wp\/v2\/media?parent=384"}],"curies":[{"name":"wp","href":"https:\/\/api.w.org\/{rel}","templated":true}]}}