{"id":366,"date":"2016-05-22T20:25:26","date_gmt":"2016-05-22T20:25:26","guid":{"rendered":"http:\/\/moverdb.com\/?page_id=366"},"modified":"2026-01-08T14:47:18","modified_gmt":"2026-01-08T14:47:18","slug":"organisasjoner-foreninger","status":"publish","type":"page","link":"https:\/\/moverdb.com\/nb\/organizations-associations\/","title":{"rendered":"28 Internasjonale flytte- og spedisjonsorganisasjoner og sammenslutninger"},"content":{"rendered":"<p><img loading=\"lazy\" decoding=\"async\" width=\"720\" height=\"486\" src=\"https:\/\/moverdb.com\/wp-content\/uploads\/number-buttons.jpg\" alt=\"Internasjonale flytte- og spedisjonsorganisasjoner og sammenslutninger\" class=\"aligncenter size-full wp-image-367\" srcset=\"https:\/\/moverdb.com\/wp-content\/uploads\/number-buttons.jpg 720w, https:\/\/moverdb.com\/wp-content\/uploads\/number-buttons-300x203.jpg 300w, https:\/\/moverdb.com\/wp-content\/uploads\/number-buttons-600x405.jpg 600w\" sizes=\"auto, (max-width: 720px) 100vw, 720px\" \/><\/p>\n<p>Nedenfor er en ikke-utt\u00f8mmende liste over de viktigste internasjonale flytte- og fraktorganisasjonene, foreningene, ordningene, laugene, r\u00e5dene osv.   <\/p>\n<ol>\n<li> <a href=\"https:\/\/moverdb.com\/nb\/iam\/\">International Association of Movers<\/a> (IAM) - The <a href=\"https:\/\/moverdb.com\/nb\/iam\/\" data-internallinksmanager029f6b8e52c=\"23\" title=\"International Association of Movers (IAM) Forklaret\">International Association of Movers<\/a> (IAM) er et globalt handelsorgan med medlemmer som tilbyr flytting, spedisjon, frakt, logistikk og relaterte tjenester.<\/li>\n<li> <a href=\"https:\/\/moverdb.com\/nb\/fidi-faim\/\">FIDI og FIDI akkreditert internasjonal flyttemann<\/a> (<a href=\"https:\/\/moverdb.com\/nb\/fidi-faim\/\" data-internallinksmanager029f6b8e52c=\"16\" title=\"FIDI &amp; FAIM (FIDI-akkreditert internasjonal spedit\u00f8r) forklart\">FAIM<\/a>) - FIDI (F\u00e9d\u00e9ration Internationale des D\u00e9m\u00e9nageurs Internationaux; The Federation of International Movers) er en global paraplyorganisasjon for internasjonale flyttebyr\u00e5er.<\/li>\n<li> <a href=\"https:\/\/moverdb.com\/nb\/amsa\/\">American Moving &amp; Storage Association<\/a> (AMSA) - The <a href=\"https:\/\/moverdb.com\/nb\/amsa\/\" data-internallinksmanager029f6b8e52c=\"5\" title=\"American Moving &amp; Storage Association (AMSA) forklart\">American Moving &amp; Storage Association<\/a> (AMSA) er den nasjonale bransjeorganisasjonen for den amerikanske flyttebransjen.<\/li>\n<li> <a href=\"https:\/\/moverdb.com\/nb\/felgpromover\/\">Registrert internasjonal flytter (RIM) \/ International ProMover<\/a> - Den internasjonale <a href=\"https:\/\/moverdb.com\/nb\/rim-promover\/\" data-internallinksmanager029f6b8e52c=\"76\" title=\"RIM International ProMover-sertifisering forklart\">ProMover<\/a> sertifisering er en del av programmet Registered International Mover (RIM) opprettet av American Moving &amp; Storage Association (AMSA).<\/li>\n<li> <a href=\"https:\/\/moverdb.com\/nb\/british-association-of-removers\/\">British Association of Removers<\/a> (BAR) - The <a href=\"https:\/\/moverdb.com\/nb\/british-association-of-removers\/\" data-internallinksmanager029f6b8e52c=\"9\" title=\"British Association of Removers (BAR) Forklart (p\u00e5 engelsk)\">British Association of Removers<\/a> (BAR) beskriver seg selv som \"den anerkjente stemmen til den profesjonelle flyttebransjen\", og er et sentralt organ i <a href=\"https:\/\/moverdb.com\/nb\/moving-to-the-uk\/\" data-internallinksmanager029f6b8e52c=\"93\" title=\"Flytte til Storbritannia? 2023 Levekostnader og flyttetips\">STORBRITANNIA<\/a> flyttebransjen.<\/li>\n<li> <a href=\"https:\/\/moverdb.com\/nb\/bar-overseas\/\">BAR Oversj\u00f8isk gruppe<\/a> - <a href=\"https:\/\/moverdb.com\/nb\/bar-overseas\/\" data-internallinksmanager029f6b8e52c=\"10\" title=\"British Association of Removers (BAR) Overseas Group Explained (p\u00e5 engelsk)\">BAR i utlandet<\/a> Group er en del av British Association of Removers (BAR), og er dedikert til \u00e5 fremme profesjonell ekspertise i flyttebransjen.<\/li>\n<li> <a href=\"https:\/\/moverdb.com\/nb\/mtc\/\">Movers Trading Club<\/a> (<a href=\"https:\/\/moverdb.com\/nb\/mtc\/\" data-internallinksmanager029f6b8e52c=\"30\" title=\"Movers Trading Club (MTC) forklart\">MTC<\/a>) - For medlemsbedrifter i BAR Overseas Group, for \u00e5 bidra til \u00e5 redusere <a href=\"https:\/\/moverdb.com\/nb\/flyttekostnader\/\">flyttekostnader<\/a> til <a href=\"https:\/\/moverdb.com\/nb\/moving-to-the-united-states\/\" data-internallinksmanager029f6b8e52c=\"94\" title=\"Flytte til USA? 2023 Levekostnader og flyttetips\">USA<\/a> fra Storbritannia.<\/li>\n<li> <a href=\"https:\/\/moverdb.com\/nb\/canadian-association-of-movers\/\">Canadian Association of Movers<\/a> (CAM) - The <a href=\"https:\/\/moverdb.com\/nb\/canadian-association-of-movers\/\" data-internallinksmanager029f6b8e52c=\"11\" title=\"Canadian Association of Movers (CAM) Explained (p\u00e5 engelsk)\">Canadian Association of Movers<\/a> er <a href=\"https:\/\/moverdb.com\/nb\/moving-to-canada\/\" data-internallinksmanager029f6b8e52c=\"265\" title=\"Flytte til Canada? 2023 Levekostnader og tips om flytting\">Canada<\/a>'s bransjeorganisasjon som representerer flytte- og lagringsselskaper. <\/li>\n<li> <a href=\"https:\/\/moverdb.com\/nb\/aima\/\">Australian International Movers Association<\/a> (AIMA) - The <a href=\"https:\/\/moverdb.com\/nb\/aima\/\" data-internallinksmanager029f6b8e52c=\"8\" title=\"Australian International Movers Association (AIMA) Forklart (p\u00e5 engelsk)\">Australian International Movers Association<\/a> (AIMA) beskriver seg selv som et faglig forum for den <a href=\"https:\/\/moverdb.com\/nb\/international-removals\/\" data-internallinksmanager029f6b8e52c=\"27\" title=\"De 36 beste internasjonale flyttebyr\u00e5ene i Storbritannia\">internasjonale flyttinger<\/a> industrien.<\/li>\n<li> <a href=\"https:\/\/moverdb.com\/nb\/afra\/\">Australian Furniture Removers Association<\/a> (AFRA) - The <a href=\"https:\/\/moverdb.com\/nb\/afra\/\" data-internallinksmanager029f6b8e52c=\"7\" title=\"Australian Furniture Removers Association (AFRA) forklart\">Australian Furniture Removers Association<\/a> (AFRA) beskriver seg selv b\u00e5de som en representant for, og regulator av, flyttelassbransjen i <a href=\"https:\/\/moverdb.com\/nb\/moving-to-australia\/living-in-australia\/\" data-internallinksmanager029f6b8e52c=\"240\" title=\"21 hemmeligheter om \u00e5 bo i Australia for \u00e5 vite f\u00f8r du flytter\">Australia<\/a>.<\/li>\n<li> <a href=\"https:\/\/moverdb.com\/nb\/hgfaa\/\">Household Goods Forwarders Association of America<\/a> (HGFAA) - Den <a href=\"https:\/\/moverdb.com\/nb\/hgfaa\/\" data-internallinksmanager029f6b8e52c=\"21\" title=\"Household Goods Forwarders Association of America (HGFAA) Forklaret\">Household Goods Forwarders Association of America<\/a> (HGFAA) beskriver seg selv som en global sammenslutning av flyttebyr\u00e5er som har forpliktet seg til \u00e5 sikre at kundene f\u00e5r best mulig service under flyttingen.<\/li>\n<li> <a href=\"https:\/\/moverdb.com\/nb\/ncbfaa\/\">National Customs Brokers &amp; Forwarders Association of America (den amerikanske foreningen for tollmeglere og spedit\u00f8rer)<\/a> (NCBFAA) - The <a href=\"https:\/\/moverdb.com\/nb\/ncbfaa\/\" data-internallinksmanager029f6b8e52c=\"73\" title=\"National Customs Brokers &amp; Forwarders Association of America (NCBFAA) (den amerikanske tollmegler- og spedit\u00f8rforeningen)\">National Customs Brokers &amp; Forwarders Association of America (den amerikanske foreningen for tollmeglere og spedit\u00f8rer)<\/a> (NCBFAA) blir sett p\u00e5 som transportlogistikkbransjens stemme i Amerika.<\/li>\n<li> <a href=\"https:\/\/moverdb.com\/nb\/lacma\/\">Latin-American and Caribbean International Movers Association<\/a> (LACMA) - The <a href=\"https:\/\/moverdb.com\/nb\/lacma\/\" data-internallinksmanager029f6b8e52c=\"28\" title=\"Latinamerikanske og karibiske internasjonale flyttebyr\u00e5ers forening (LACMA)\">Latin-American and Caribbean International Movers Association<\/a> (LACIMA) representerer en samling av flytte- og relokaliseringsselskaper med sikte p\u00e5 \u00e5 oppmuntre til integrering av lokalt baserte virksomheter, s\u00e5 vel som andre over hele verden.<\/li>\n<li> <a href=\"https:\/\/moverdb.com\/nb\/iata\/\">Den internasjonale lufttransportforeningen<\/a> (IATA) - The <a href=\"https:\/\/moverdb.com\/nb\/iata\/\" data-internallinksmanager029f6b8e52c=\"22\" title=\"Den internasjonale lufttransportorganisasjonen (IATA) Forklart\">Den internasjonale lufttransportforeningen<\/a> (IATA) er den globale bransjeorganisasjonen for verdens flyselskaper. Dens oppgave er \u00e5 lede og betjene sine medlemmer, samt \u00e5 representere deres interesser p\u00e5 en m\u00e5te som fremmer flytransportindustrien.<\/li>\n<li> <a href=\"https:\/\/moverdb.com\/nb\/euromovers\/\">Det europeiske flyttepartnerskapet (EUROMOVERS International)<\/a> - <a href=\"https:\/\/moverdb.com\/nb\/euromovers\/\" data-internallinksmanager029f6b8e52c=\"12\" title=\"European Mover Partnership (EUROMOVERS International) Forklaret\">Euromovers<\/a> er basert i <a href=\"https:\/\/moverdb.com\/nb\/moving-to-luxembourg\/\" data-internallinksmanager029f6b8e52c=\"349\" title=\"Flytter du til Luxembourg? 2023 Levekostnader og flyttetips\">Luxembourg<\/a> og best\u00e5r av en rekke ledende <a href=\"https:\/\/moverdb.com\/nb\/moving-companies\/\" data-internallinksmanager029f6b8e52c=\"79\" title=\"Topp 25 internasjonale flyttebyr\u00e5er p\u00e5 nettet\">internasjonale flyttebyr\u00e5er<\/a> som har dannet et nettverk p\u00e5 grunnlag av felles standarder, visjon og retning.<\/li>\n<li> <a href=\"https:\/\/moverdb.com\/nb\/arbeidstaker-flytting-rad\/\">ERC p\u00e5 verdensbasis<\/a> (R\u00e5det for flytting av ansatte) - The <a href=\"https:\/\/moverdb.com\/nb\/employee-relocation-council\/\" data-internallinksmanager029f6b8e52c=\"83\" title=\"Worldwide Employee Relocation Council (ERC) Forklaret\">R\u00e5det for omplassering av ansatte p\u00e5 verdensbasis<\/a> (ERC) beskriver seg selv som en organisasjon for arbeidskraftmobilitet for fagpersoner som overv\u00e5ker, administrerer eller st\u00f8tter innenlandsk og internasjonal overf\u00f8ring av ansatte i USA.<\/li>\n<li> <a href=\"https:\/\/moverdb.com\/nb\/harmony-relocation-network\/\">Harmony Relocation Network<\/a> - Den <a href=\"https:\/\/moverdb.com\/nb\/harmony-relocation-network\/\" data-internallinksmanager029f6b8e52c=\"20\" title=\"Forklaring av Harmony Relocation Network (HRN)\">Harmony Relocation Network<\/a> (HRN) er en gruppe partnerbedrifter som ble opprettet for \u00e5 bygge et paneuropeisk nettverk for global relokalisering.<\/li>\n<li> <a href=\"https:\/\/moverdb.com\/nb\/eura\/\">European Relocation Association<\/a> (EuRA) - The <a href=\"https:\/\/moverdb.com\/nb\/eura\/\" data-internallinksmanager029f6b8e52c=\"13\" title=\"European Relocation Association (EuRA) Forklaret\">European Relocation Association<\/a> (EuRA) fremmer fordelene med profesjonelt administrerte flytte- og mobilitetstjenester for bedrifter med globalt mobile ansatte.<\/li>\n<li> <a href=\"https:\/\/moverdb.com\/nb\/forening-flytting-fagfolk\/\">Sammenslutning av fagfolk innen relokalisering<\/a> (ARP) - Den <a href=\"https:\/\/moverdb.com\/nb\/association-relocation-professionals\/\" data-internallinksmanager029f6b8e52c=\"6\" title=\"Association of Relocation Professionals (ARP) Forklaret\">Sammenslutning av fagfolk innen relokalisering<\/a> (ARP) er en bransjeorganisasjon for relokaliseringsbransjen i Storbritannia.<\/li>\n<li> <a href=\"https:\/\/moverdb.com\/nb\/rios\/\">Flyttebransjens ombudsmannsordning<\/a> (<a href=\"https:\/\/moverdb.com\/nb\/rios\/\" data-internallinksmanager029f6b8e52c=\"75\" title=\"Flyttebransjens ombudsmannsordning (RIOS) forklart\">RIOS<\/a>) - The Removal Industry Ombudsman Scheme (RIOS) behandler klager p\u00e5 flyttebyr\u00e5er i Storbritannia.<\/li>\n<li> <a href=\"https:\/\/moverdb.com\/nb\/fedemac\/\">Sammenslutningen av europeiske flyttebyr\u00e5er<\/a> (FEDEMAC) - Den <a href=\"https:\/\/moverdb.com\/nb\/fedemac\/\" data-internallinksmanager029f6b8e52c=\"15\" title=\"Federation of European Movers Association (FEDEMAC) Forklares (p\u00e5 engelsk)\">Sammenslutningen av europeiske flyttebyr\u00e5er<\/a> (FEDEMAC) er et europeisk organ som er opprettet for \u00e5 fremme flyttebransjen p\u00e5 europeisk niv\u00e5.<\/li>\n<li> <a href=\"https:\/\/moverdb.com\/nb\/freight-transport-association\/\">Foreningen for godstransport<\/a> (FTA) - The <a href=\"https:\/\/moverdb.com\/nb\/freight-transport-association\/\" data-internallinksmanager029f6b8e52c=\"18\" title=\"Freight Transport Association (FTA) Explained (p\u00e5 engelsk)\">Foreningen for godstransport<\/a> (FTA) ble opprettet for \u00e5 representere interessene til logistikkselskaper, enten de transporterer gods til sj\u00f8s, i luften, p\u00e5 vei eller med jernbane.<\/li>\n<li> <a href=\"https:\/\/moverdb.com\/nb\/eurovan-movers\/\">Eurovan International Movers Network<\/a> - <a href=\"https:\/\/moverdb.com\/nb\/eurovan-movers\/\" data-internallinksmanager029f6b8e52c=\"14\" title=\"Eurovan International Movers Network (EM) Forklaret\">Eurovan International Movers Network<\/a> (EM) er et nettverk av uavhengige, lokale flyttebyr\u00e5er basert i <a href=\"https:\/\/moverdb.com\/nb\/moving-to-germany\/\" data-internallinksmanager029f6b8e52c=\"321\" title=\"Flytte til Tyskland? 2023 Levekostnader og flyttetips\">Tyskland<\/a>. Nettverket er utformet for \u00e5 im\u00f8tekomme behovet for \u00e5 kunne tilby enhetlige serviceniv\u00e5er for internasjonale flyttinger som kan g\u00e5 gjennom flere land.<\/li>\n<li> <a href=\"https:\/\/moverdb.com\/nb\/ngrs\/\">National Guild of Removers and Storers<\/a> (NGRS) - The <a href=\"https:\/\/moverdb.com\/nb\/ngrs\/\" data-internallinksmanager029f6b8e52c=\"74\" title=\"National Guild of Removers and Storers (NGRS) Forklaret\">National Guild of Removers and Storers<\/a> (NGRS) er etablert for \u00e5 gi en viss regulering av flytte- og lagringsbransjen i Storbritannia.<\/li>\n<li> <a href=\"https:\/\/moverdb.com\/nb\/international-maritime-organisation\/\">Den internasjonale sj\u00f8fartsorganisasjonen<\/a> (IMO) - The <a href=\"https:\/\/moverdb.com\/nb\/international-maritime-organisation\/\" data-internallinksmanager029f6b8e52c=\"24\" title=\"Den internasjonale sj\u00f8fartsorganisasjonen (IMO) Forklart\">Den internasjonale sj\u00f8fartsorganisasjonen<\/a> (IMO) er et FN-organ, basert i Storbritannia, som er ansvarlig for \u00e5 regulere skipsfarten.<\/li>\n<li> <a href=\"https:\/\/moverdb.com\/nb\/world-shipping-council\/\">Verdens skipsfartsr\u00e5d<\/a> (WSC) - The <a href=\"https:\/\/moverdb.com\/nb\/world-shipping-council\/\" data-internallinksmanager029f6b8e52c=\"82\" title=\"Verdens skipsfartsr\u00e5d (WSC) forklart\">Verdens skipsfartsr\u00e5d<\/a> (WSC) er et taler\u00f8r for linjefartsn\u00e6ringen.<\/li>\n<li> <a href=\"https:\/\/moverdb.com\/nb\/verdens-tollorganisasjon\/\">Verdenstollorganisasjonen<\/a> (<a href=\"https:\/\/moverdb.com\/nb\/world-customs-organization\/\" data-internallinksmanager029f6b8e52c=\"81\" title=\"Verdenstollorganisasjonen (WCO) forklart\">WCO<\/a>) - Verdenstollorganisasjonen (WCO) er et uavhengig mellomstatlig organ som fungerer som tollvesenets taler\u00f8r. <\/li>\n<li> <a href=\"https:\/\/moverdb.com\/nb\/internasjonal-kammer-skipsfart\/\">Det internasjonale skipsfartskammeret<\/a> (ICS) - (ICS)  <a href=\"https:\/\/moverdb.com\/nb\/international-chamber-shipping\/\" data-internallinksmanager029f6b8e52c=\"78\" title=\"Det internasjonale skipsfartskammeret (ICS) forklart\">Det internasjonale skipsfartskammeret<\/a> (ICS) er en bransjeorganisasjon som representerer redere og skipsoperat\u00f8rer via nasjonale rederiforeninger. <\/li>\n<\/ol>","protected":false},"excerpt":{"rendered":"<p>Below is a non-exhaustive list of the most important international moving &#038; shipping organizations, associations, schemes, guilds, councils etc. International Association of Movers (IAM) &#8211; The International Association of Movers (IAM) is a global trade body with members who provide moving, forwarding, shipping, logistics, and related services. FIDI &#038; FIDI Accredited International Mover (FAIM) &#8211; [&hellip;]<\/p>\n","protected":false},"author":1,"featured_media":367,"parent":0,"menu_order":0,"comment_status":"closed","ping_status":"closed","template":"","meta":{"_genesis_hide_title":false,"_genesis_hide_breadcrumbs":false,"_genesis_hide_singular_image":false,"_genesis_hide_footer_widgets":false,"_genesis_custom_body_class":"","_genesis_custom_post_class":"","_genesis_layout":"","footnotes":""},"class_list":{"0":"post-366","1":"page","2":"type-page","3":"status-publish","4":"has-post-thumbnail","6":"entry"},"_links":{"self":[{"href":"https:\/\/moverdb.com\/nb\/wp-json\/wp\/v2\/pages\/366","targetHints":{"allow":["GET"]}}],"collection":[{"href":"https:\/\/moverdb.com\/nb\/wp-json\/wp\/v2\/pages"}],"about":[{"href":"https:\/\/moverdb.com\/nb\/wp-json\/wp\/v2\/types\/page"}],"author":[{"embeddable":true,"href":"https:\/\/moverdb.com\/nb\/wp-json\/wp\/v2\/users\/1"}],"replies":[{"embeddable":true,"href":"https:\/\/moverdb.com\/nb\/wp-json\/wp\/v2\/comments?post=366"}],"version-history":[{"count":29,"href":"https:\/\/moverdb.com\/nb\/wp-json\/wp\/v2\/pages\/366\/revisions"}],"predecessor-version":[{"id":1342,"href":"https:\/\/moverdb.com\/nb\/wp-json\/wp\/v2\/pages\/366\/revisions\/1342"}],"wp:featuredmedia":[{"embeddable":true,"href":"https:\/\/moverdb.com\/nb\/wp-json\/wp\/v2\/media\/367"}],"wp:attachment":[{"href":"https:\/\/moverdb.com\/nb\/wp-json\/wp\/v2\/media?parent=366"}],"curies":[{"name":"wp","href":"https:\/\/api.w.org\/{rel}","templated":true}]}}