{"id":353,"date":"2016-05-22T20:42:36","date_gmt":"2016-05-22T20:42:36","guid":{"rendered":"http:\/\/moverdb.com\/?page_id=353"},"modified":"2026-01-08T15:20:35","modified_gmt":"2026-01-08T15:20:35","slug":"felgpromover","status":"publish","type":"page","link":"https:\/\/moverdb.com\/nb\/rim-promover\/","title":{"rendered":"RIM International ProMover-sertifisering forklart"},"content":{"rendered":"<p>Den internasjonale ProMover-sertifiseringen er en del av programmet Registered International Mover (RIM), som er opprettet av <a href=\"https:\/\/moverdb.com\/nb\/amsa\/\">American Moving &amp; Storage Association<\/a> (<a href=\"https:\/\/moverdb.com\/nb\/amsa\/\" data-internallinksmanager029f6b8e52c=\"5\" title=\"American Moving &amp; Storage Association (AMSA) forklart\">AMSA<\/a>). <\/p>\n<p>Den er ment \u00e5 hjelpe kunder som bruker internasjonale flyttetjenester for innbo, og skal gj\u00f8re det enklere \u00e5 velge mellom alternativene og finne den rette flyttebyr\u00e5et.<\/p>\n<p><strong>N\u00f8kkelfakta om organisasjonen:<\/strong><\/p>\n<ol>\n<li> Mer enn 200 selskaper og mer enn 1000 enkeltpersoner har for tiden enten bedrifts- eller individuell RIM-sertifisering.<\/li>\n<li> Registered International Mover er en av en rekke faglige sertifiseringer for spesialister som administreres av AMSA.<\/li>\n<li> AMSA er den nasjonale bransjeorganisasjonen for den amerikanske flytte- og lagringsbransjen. Sertifiseringen har imidlertid global rekkevidde, og selskaper over hele verden kan s\u00f8ke om den.<\/li>\n<li> Programmet Registered International Mover er utformet for \u00e5 fastsette universelle standarder for <a href=\"https:\/\/moverdb.com\/nb\/moving-companies\/\" data-internallinksmanager029f6b8e52c=\"79\" title=\"Topp 25 internasjonale flyttebyr\u00e5er p\u00e5 nettet\">internasjonale flyttebyr\u00e5er<\/a> og deres ansatte.<\/li>\n<li> RIM-sertifiserte selskaper som oppfyller ProMover-kravene, blir \"International ProMovers\".<\/li>\n<li> RIM er ganske unikt i og med at det ble opprettet i 1994 av representanter fra de europeiske <a href=\"https:\/\/moverdb.com\/nb\/hgfaa\/\">HHGFAA<\/a>, NMSA (AMSA), <a href=\"https:\/\/moverdb.com\/nb\/employee-relocation-council\/\" data-internallinksmanager029f6b8e52c=\"83\" title=\"Worldwide Employee Relocation Council (ERC) Forklaret\">ERC<\/a>, OMNI, <a href=\"https:\/\/moverdb.com\/nb\/fidi-faim\/\">FIDI<\/a> og de 10 beste varebilene, en blanding av kj\u00f8pere og konkurransedyktige selgere.<\/li>\n<p><strong>RIMs organisasjonsprofil<\/strong><\/p>\n<p>Prosessen for \u00e5 bli RIM-medlem inneb\u00e6rer grundig oppl\u00e6ring, verifisering og testing, med fokus p\u00e5 om standarder for utstyrsh\u00e5ndtering er p\u00e5 plass og om en virksomhet har ressurser til \u00e5 h\u00e5ndtere en internasjonal flytting p\u00e5 et h\u00f8yt niv\u00e5. <\/p>\n<p>Tanken bak ProMover-sertifiseringen er at den bare gis til virksomheter som kan bevise at de oppfyller de h\u00f8yeste etiske prinsippene og praksisene i flytte- og lagringsbransjen. <\/p>\n<p>Det som gj\u00f8r ProMover-sertifiseringen annerledes, er at den gir kundene en standardisert, uavhengig m\u00e5te \u00e5 skille mellom alternativer og velge et kvalifisert selskap for en internasjonal flytting, uansett hvor dette selskapet er basert.<\/p>\n<p><strong>Kriterier for medlemskap <\/strong><\/p>\n<ul>\n<li> Minst ett \u00e5rs erfaring med internasjonale flyttetjenester for innbo.<\/li>\n<li> Plettfritt medlemskap i AMSA i minst 18 m\u00e5neder.<\/li>\n<li> ha den driftsmyndigheten som kreves for \u00e5 ut\u00f8ve virksomheten lovlig, enten i <a href=\"https:\/\/moverdb.com\/nb\/moving-to-the-united-states\/\" data-internallinksmanager029f6b8e52c=\"94\" title=\"Flytte til USA? 2023 Levekostnader og flyttetips\">USA<\/a> eller andre steder.<\/li>\n<li> Best\u00e5 en skriftlig eksamen (individuelt p\u00e5 vegne av selskapet)<\/li>\n<li> Oppfylle RIM-standardene for utstyr, fasiliteter og sikkerhetsdokumentasjon - disse verifiseres ved overraskelsesbes\u00f8k p\u00e5 stedet.<\/li>\n<li> Abonner p\u00e5 de internasjonale etiske retningslinjene for ProMover<\/li>\n<li> For resertifisering m\u00e5 minst tre ansatte sertifiseres (kontorpersonale, pakkere eller besetningsmedlemmer).<\/li>\n<li> BBB-rating \"C\" eller bedre, for selskaper ratet av BBB, i land der BBB-rating er tilgjengelig.<\/li>\n<li> AMSA-personalets gjennomgang av eventuelle klager<\/li>\n<li> Referanser fra forretningspartnere er avgj\u00f8rende<\/li>\n<\/ul>\n<p><strong>Topp 10 medlemsbedrifter<\/strong> (etter st\u00f8rrelse)<\/p>\n<ol>\n<li> <a href=\"https:\/\/moverdb.com\/nb\/united-van-lines\/\">United Van Lines<\/a><\/li>\n<li> <a href=\"https:\/\/moverdb.com\/nb\/atlas-van-lines-international\/\">Atlas Van Lines International<\/a><\/li>\n<li> <a href=\"https:\/\/moverdb.com\/nb\/mayflower-transitt\/\">Mayflower Transit<\/a><\/li>\n<li> <a href=\"https:\/\/moverdb.com\/nb\/north-american-van-lines\/\">Nordamerikanske varebilruter<\/a><\/li>\n<li> <a href=\"https:\/\/moverdb.com\/nb\/hvete\/\">Wheaton World Wide Moving<\/a><\/li>\n<li> <a href=\"https:\/\/moverdb.com\/nb\/bekins-van-lines\/\">Bekins Van Lines<\/a><\/li>\n<li> <a href=\"https:\/\/moverdb.com\/nb\/graebel-van-lines\/\">Graebel Van Lines<\/a><\/li>\n<li> <a href=\"https:\/\/moverdb.com\/nb\/arpin-van-lines\/\">Arpin Van Lines<\/a><\/li>\n<li> <a href=\"https:\/\/moverdb.com\/nb\/stevens-worldwide-van-lines\/\">Stevens Worldwide Van Lines<\/a><\/li>\n<li> <a href=\"https:\/\/moverdb.com\/nb\/suddath\/\">Suddath<\/a><\/li>\n<li> <a href=\"https:\/\/moverdb.com\/nb\/vip-transport\/\">VIP-transport<\/a><\/li>\n<li> <a href=\"https:\/\/moverdb.com\/nb\/royal-hawaiian-movers\/\">Royal Hawaiian Movers<\/a><\/li>\n<\/ol>\n<p><strong>Meninger om organisasjonen<\/strong><\/p>\n<p>En rekke flyttebyr\u00e5er viser til RIM-sertifiseringen p\u00e5 nettsidene sine, og flere r\u00e5dgivningsnettsteder viser til den som et tegn p\u00e5 en profesjonell flytteorganisasjon. Alle nettsteder som inkluderer den, viser til den strenge oppl\u00e6ringen og verifiseringen som kreves for \u00e5 f\u00e5 sertifiseringen - og for \u00e5 opprettholde den. <\/p>\n<p>Finansiell soliditet og et rykte for \u00e5 levere tjenester av h\u00f8y kvalitet er to av de andre kvalitetene som knyttes til RIM-sertifiseringen av flyttebyr\u00e5er som nevner den p\u00e5 nettsidene sine. De fleste legger vekt p\u00e5 \u00e5 understreke at sertifiseringen krever kontinuerlige tiltak - oppl\u00e6ring og utdanning p\u00e5 l\u00f8pende basis, i tillegg til \u00e5 kunne best\u00e5 tilfeldige bes\u00f8k p\u00e5 stedet. <\/p>\n<p>Det nevnes ogs\u00e5 at det er n\u00f8dvendig \u00e5 f\u00f8lge strenge etiske retningslinjer.<\/p>\n<p>Flere flyttemenn siterer ogs\u00e5 ProMover-kvalifiseringen - dette er viktig fordi \"Denne prestasjonen vil gi kundene v\u00e5re forsikringen om at de har \u00e5 gj\u00f8re med en legitim, profesjonell flyttemann og ikke en svindler som er ute etter \u00e5 svindle dem\". \u00c5 bli en ProMover er i tr\u00e5d med selskapets lange historie med \u00e5 behandle kundene v\u00e5re rettferdig og \u00e6rlig.\" <\/p>\n<p>Det p\u00e5pekes at kvalifikasjonen gj\u00f8r det mulig for et flyttebyr\u00e5 \u00e5 vise den store \"M\"-logoen som er merket for en ProMover i reklame- og markedsf\u00f8ringsmateriell samt p\u00e5 nettstedet.<\/p>\n<p>Hvordan det fremstilles av flyttelassene:<\/p>\n<blockquote><p>Byr\u00e5sertifiseringen fastsl\u00e5r at et byr\u00e5 har tilstrekkelig utstyr, fasiliteter og RIM\u00ae-sertifisert personell til \u00e5 oppfylle RIM\u00ae-minimumsstandardene. Videre kreves det at en prinsipal eller administrerende direkt\u00f8r best\u00e5r en eksamen basert p\u00e5 RIM\u00ae-manualen og at han\/hun har den kunnskapen som er n\u00f8dvendig for \u00e5 drive internasjonal virksomhet. I tillegg m\u00e5 en RIM\u00ae-sertifisert agent innen en periode p\u00e5 tre \u00e5r etter den f\u00f8rste sertifiseringen ansette en RIM\u00ae-sertifisert inspekt\u00f8r, koordinator og minst tre sertifiserte internasjonale pakkere.<\/p><\/blockquote>\n<p> - <a href=\"http:\/\/www.castinemovers.com\/category\/RIM\/c70\" target=\"_blank\" rel=\"noopener\">Castine Movers<\/a><\/p>\n<blockquote><p>RIM-sertifisering (Registered International Mover) er frivillig. For \u00e5 bli sertifisert m\u00e5 et flyttebyr\u00e5 gjennomg\u00e5 grundig oppl\u00e6ring og testing. Sertifiseringen sikrer at innehaveren har kunnskap om alle aspekter ved en internasjonal flytting.<\/p><\/blockquote>\n<p> - <a href=\"http:\/\/www.newworldvanlines.com\/international.html\" target=\"_blank\" rel=\"noopener\">New World Van Lines<\/a><\/p>\n<blockquote><p>For \u00e5 forbli sertifisert m\u00e5 ledelsen og personalet innen tre \u00e5r gjennomf\u00f8re minst 15 timer med RIM-godkjent videreutdanning og oppl\u00e6ring, og selskapets anlegg og utstyr m\u00e5 inspiseres p\u00e5 nytt hvert tredje \u00e5r. Til dags dato er det over 142 flytte- og lagringsselskaper som har fullf\u00f8rt den innledende fasen av RIM-programmet.<\/p><\/blockquote>\n<p> - <a href=\"http:\/\/www.movingscam.com\/articles\/planning-an-international-move\" target=\"_blank\" rel=\"noopener\">Flytte svindel<\/a><\/p>\n<blockquote><p>For \u00e5 bli sertifisert under RIM-programmet (Registered International Mover) m\u00e5 en flyttemann v\u00e6re \u00f8konomisk solid, ha et rykte for kvalitetsservice og godta en streng praksis som er utformet for \u00e5 sikre at du er helt forn\u00f8yd.<\/p><\/blockquote>\n<p> - <a href=\"http:\/\/taylorinternational.ca\/international-moving-relocation\" target=\"_blank\" rel=\"noopener\">Taylor International Movers<\/a><\/p>","protected":false},"excerpt":{"rendered":"<p>The International ProMover certification is part of the Registered International Mover (RIM) program created by the American Moving &#038; Storage Association (AMSA). It is aimed to assist customers using international household goods relocation services and is intended to facilitate easier choices, making it simpler to differentiate between the options and find the right mover. Key [&hellip;]<\/p>\n","protected":false},"author":1,"featured_media":0,"parent":0,"menu_order":0,"comment_status":"closed","ping_status":"closed","template":"","meta":{"_genesis_hide_title":false,"_genesis_hide_breadcrumbs":false,"_genesis_hide_singular_image":false,"_genesis_hide_footer_widgets":false,"_genesis_custom_body_class":"","_genesis_custom_post_class":"","_genesis_layout":"","footnotes":""},"class_list":{"0":"post-353","1":"page","2":"type-page","3":"status-publish","5":"entry"},"_links":{"self":[{"href":"https:\/\/moverdb.com\/nb\/wp-json\/wp\/v2\/pages\/353","targetHints":{"allow":["GET"]}}],"collection":[{"href":"https:\/\/moverdb.com\/nb\/wp-json\/wp\/v2\/pages"}],"about":[{"href":"https:\/\/moverdb.com\/nb\/wp-json\/wp\/v2\/types\/page"}],"author":[{"embeddable":true,"href":"https:\/\/moverdb.com\/nb\/wp-json\/wp\/v2\/users\/1"}],"replies":[{"embeddable":true,"href":"https:\/\/moverdb.com\/nb\/wp-json\/wp\/v2\/comments?post=353"}],"version-history":[{"count":22,"href":"https:\/\/moverdb.com\/nb\/wp-json\/wp\/v2\/pages\/353\/revisions"}],"predecessor-version":[{"id":6232,"href":"https:\/\/moverdb.com\/nb\/wp-json\/wp\/v2\/pages\/353\/revisions\/6232"}],"wp:attachment":[{"href":"https:\/\/moverdb.com\/nb\/wp-json\/wp\/v2\/media?parent=353"}],"curies":[{"name":"wp","href":"https:\/\/api.w.org\/{rel}","templated":true}]}}