{"id":351,"date":"2016-05-22T21:04:36","date_gmt":"2016-05-22T21:04:36","guid":{"rendered":"http:\/\/moverdb.com\/?page_id=351"},"modified":"2026-01-08T14:40:12","modified_gmt":"2026-01-08T14:40:12","slug":"mcgimpsey-brothers-removings","status":"publish","type":"page","link":"https:\/\/moverdb.com\/nb\/mcgimpsey-brothers-removals\/","title":{"rendered":"McGimpsey Brothers Removals: Internasjonale flytteanmeldelser"},"content":{"rendered":"<p>McGimpsey Brothers Removals tilbyr kundene f\u00f8lgende tjenester n\u00e5r de flytter til utlandet og lokalt, b\u00e5de for enkeltpersoner og bedrifter. En firmaprofil og anmeldelser f\u00f8lger tjenesteavsnittet.<\/p>\n<p><strong>Flytte utenlands<\/strong><\/p>\n<ul>\n<li> Daglig luft- og sj\u00f8frakt<\/li>\n<li> Spesialisert pakking, merking og lasting for eksport<\/li>\n<li> Frakt og fortolling<\/li>\n<li> Levering, utpakking og oppsett, fjerning av s\u00f8ppel<\/li>\n<li> Forsikringsdekning<\/li>\n<li> Personlig dedikert konsulent<\/li>\n<\/ul>\n<p><strong>Flytte i Europa<\/strong><\/p>\n<ul>\n<li> D\u00f8r til d\u00f8r<\/li>\n<li> F\u00f8rsteklasses, spesialbygde flyttebiler<\/li>\n<li> H\u00f8ysikkerhetssporere og satellittnavigasjonssystemer<\/li>\n<li> Pakking og utpakking<\/li>\n<li> Forsikringsdekning<\/li>\n<li> Personlig dedikert konsulent<\/li>\n<\/ul>\n<p><strong>Bedrifts- og forretningsflytting<\/strong><\/p>\n<ul>\n<li> Flytting av virksomheter over hele verden<\/li>\n<li> Flytting av ansatte over hele verden<\/li>\n<li> Personlig dedikert konsulent<\/li>\n<\/ul>\n<p><strong>Bevegelse innenfor <a href=\"https:\/\/moverdb.com\/nb\/moving-to-ireland\/\" data-internallinksmanager029f6b8e52c=\"320\" title=\"Flytte til Irland? 2023 Levekostnader og flyttetips\">Irland<\/a><\/strong><\/p>\n<ul>\n<li> D\u00f8r til d\u00f8r<\/li>\n<li> Pakking og utpakking<\/li>\n<li> Forsikring<\/li>\n<li> Personlig dedikert konsulent<\/li>\n<\/ul>\n<p><strong>Flytting <a href=\"https:\/\/moverdb.com\/nb\/moving-to-isle-of-man\/\" data-internallinksmanager029f6b8e52c=\"339\" title=\"Flytter du til Isle of Man? 2023 Levekostnader og flyttetips\">Isle of Man<\/a> og Kanal\u00f8yene<\/strong><\/p>\n<ul>\n<li> D\u00f8r til d\u00f8r<\/li>\n<li> Pakking og utpakking<\/li>\n<li> Tollklarering<\/li>\n<li> Forsikring<\/li>\n<li> Personlig dedikert konsulent<\/li>\n<\/ul>\n<p><strong>Lagring<\/strong><\/p>\n<ul>\n<li> Dokument- og arkivlagring<\/li>\n<li> Selvlagring<\/li>\n<li> Lagring for bedrifter<\/li>\n<li> Lagring p\u00e5 lager<\/li>\n<\/ul>\n<h2>McGimpsey Removals selskapsprofil<\/h2>\n<p>McGimpsey Removals beskriver seg selv som en femstjerners boutique. <a href=\"https:\/\/moverdb.com\/nb\/moving-companies\/\" data-internallinksmanager029f6b8e52c=\"79\" title=\"Topp 25 internasjonale flyttebyr\u00e5er p\u00e5 nettet\">flyttefirma<\/a> som gir kundene f\u00f8rsteklasses service. De har v\u00e6rt i drift i 30 \u00e5r og tror p\u00e5 \u00e5 bruke overlegen transport, emballasje og godt utdannet, omsorgsfullt personale.<\/p>\n<p>McGimpsey Removals sier at de ikke bare har forpliktet seg til \u00e5 levere best mulig service til enkeltpersoner og selskaper som flytter til utlandet og lokalt, men at de ogs\u00e5 f\u00f8lger n\u00f8ye med p\u00e5 karbonavtrykket sitt.<\/p>\n<p>McGimpsey Removals tilknytninger og akkrediteringer:<\/p>\n<ul>\n<li> <a href=\"https:\/\/moverdb.com\/nb\/british-association-of-removers\/\">Den britiske sammenslutningen av flyttemenn<\/a> (<a href=\"https:\/\/moverdb.com\/nb\/british-association-of-removers\/\" data-internallinksmanager029f6b8e52c=\"9\" title=\"British Association of Removers (BAR) Forklart (p\u00e5 engelsk)\">BAR<\/a>)<\/li>\n<li> <a href=\"https:\/\/moverdb.com\/nb\/fidi-faim\/\">FIDI<\/a><\/li>\n<li> <a href=\"https:\/\/moverdb.com\/nb\/iam\/\">International Association of Movers (IAM)<\/a><\/li>\n<li> <a href=\"https:\/\/moverdb.com\/nb\/mtc\/\">The Movers Trading Club<\/a> (<a href=\"https:\/\/moverdb.com\/nb\/mtc\/\" data-internallinksmanager029f6b8e52c=\"30\" title=\"Movers Trading Club (MTC) forklart\">MTC<\/a>)<\/li>\n<li> Foreningen for arbeidskraftens mobilitet <\/li>\n<\/ul>\n<h2>McGimpsey Brothers Flytting Anmeldelser<\/h2>\n<p><strong>Positiv<\/strong><\/p>\n<p><em>\"Dette selskapet var str\u00e5lende fra start til slutt. Flyttekonsulenten var hjelpsom, kunnskapsrik og alltid rask til \u00e5 svare og holde meg oppdatert, selv etter at alt var levert sendte hun e-post for \u00e5 sjekke at jeg var forn\u00f8yd.\"<\/em> - Elizabeth Heib via <a href=\"https:\/\/plus.google.com\/111359327014801398449\/reviews\" target=\"_blank\" rel=\"noopener\">Google-anmeldelser<\/a><\/p>\n<p><strong>Negativ<\/strong><\/p>\n<p><em>\"Jeg hadde en forferdelig opplevelse med dette selskapet! De er veldig hjelpsomme n\u00e5r de vil ha bestillingen din og lover h\u00f8yt, men dessverre leverer de lavt. Jeg brukte dem til \u00e5 transportere noen tunge kommersielle treningsutstyr fra Irland til <a href=\"https:\/\/moverdb.com\/nb\/moving-to-the-uk\/\" data-internallinksmanager029f6b8e52c=\"93\" title=\"Flytte til Storbritannia? 2023 Levekostnader og flyttetips\">STORBRITANNIA<\/a> og ...\"<\/em> - Chantelle Smith via <a href=\"https:\/\/plus.google.com\/100947701157660629611\/reviews\" target=\"_blank\" rel=\"noopener\">Google-anmeldelser<\/a><\/p>\n<div itemprop=\"review\" itemscope itemtype=\"http:\/\/schema.org\/Review\">\n<span itemprop=\"author\" itemscope=\"\" itemtype=\"http:\/\/schema.org\/Organization\"><span itemprop=\"name\">MoverDB.com<\/span><\/span> Nettstedsgjennomgang for <span itemprop=\"itemreviewed\" itemscope=\"\" itemtype=\"http:\/\/schema.org\/Brand\"><span itemprop=\"name\">Flytting av McGimpsey-br\u00f8drene<\/span><\/span>:<\/p>\n<ol>\n<li> Tydelige kontaktopplysninger p\u00e5 nettstedet (inkludert telefonnummer): <strong>Ja<\/strong><\/li>\n<li> Lett \u00e5 f\u00e5 tak i <a href=\"https:\/\/moverdb.com\/nb\/sitater\/\">tilbud p\u00e5 internasjonale flyttinger<\/a>? (skjema for foresp\u00f8rsel om prisoverslag p\u00e5 nett): <strong>Ja<\/strong><\/li>\n<li> Tydelig informasjon p\u00e5 nettstedet: <strong>Delvis<\/strong>. Informasjonen er skissemessig, men mer informasjon vil bli gitt p\u00e5 foresp\u00f8rsel.<\/li>\n<li> Medlemskap i internasjonalt anerkjente flytteorganisasjoner: <strong>Ja<\/strong>se ovenfor.<\/li>\n<li> Liste over kunder og\/eller tidligere kundeuttalelser: <strong>Ja<\/strong> Det finnes ingen kundeliste, men det finnes tidligere kundeuttalelser.<\/li>\n<\/ol>\n<div itemprop=\"reviewRating\" itemscope itemtype=\"http:\/\/schema.org\/Rating\"><meta itemprop=\"worstRating\" content = \"0\" \/><meta itemprop=\"bestRating\" content=\"5\" \/><meta itemprop=\"ratingValue\" content=\"4\"><\/div>\n<p><strong>Samlet poengsum: 4\/5<\/strong><br \/>\n<strong>Dato for gjennomgang:<\/strong> <span itemprop=\"datePublished\" content=\"2016-05-22\">22\/05\/2016<\/span><\/p>\n<\/div>\n<p>Mer om <a href=\"https:\/\/moverdb.com\/nb\/internasjonale-flyttinger\/\">Flyttebyr\u00e5er i Storbritannia<\/a> og v\u00e5r <a href=\"https:\/\/moverdb.com\/nb\/vurderinger\/\">gjennomgangsprosessen forklart<\/a>.<\/p>\n<p><strong>Nettsted:<\/strong> <a href=\"https:\/\/www.mcgimpseys.com\/\" target=\"_blank\" rel=\"noopener\">https:\/\/www.mcgimpseys.com\/<\/a><\/p>","protected":false},"excerpt":{"rendered":"<p>McGimpsey Brothers Removals offers clients the following services when relocating abroad and locally, for both individuals and businesses. A company profile and reviews follow the services section. Moving Overseas Daily air and sea freight Specialist export packing, labelling and loading Shipping and customs clearance Delivery, unpacking and setting up, removal of rubbish Insurance cover Personal [&hellip;]<\/p>\n","protected":false},"author":1,"featured_media":0,"parent":0,"menu_order":0,"comment_status":"closed","ping_status":"closed","template":"","meta":{"_genesis_hide_title":false,"_genesis_hide_breadcrumbs":false,"_genesis_hide_singular_image":false,"_genesis_hide_footer_widgets":false,"_genesis_custom_body_class":"","_genesis_custom_post_class":"","_genesis_layout":"","footnotes":""},"class_list":{"0":"post-351","1":"page","2":"type-page","3":"status-publish","5":"entry"},"_links":{"self":[{"href":"https:\/\/moverdb.com\/nb\/wp-json\/wp\/v2\/pages\/351","targetHints":{"allow":["GET"]}}],"collection":[{"href":"https:\/\/moverdb.com\/nb\/wp-json\/wp\/v2\/pages"}],"about":[{"href":"https:\/\/moverdb.com\/nb\/wp-json\/wp\/v2\/types\/page"}],"author":[{"embeddable":true,"href":"https:\/\/moverdb.com\/nb\/wp-json\/wp\/v2\/users\/1"}],"replies":[{"embeddable":true,"href":"https:\/\/moverdb.com\/nb\/wp-json\/wp\/v2\/comments?post=351"}],"version-history":[{"count":10,"href":"https:\/\/moverdb.com\/nb\/wp-json\/wp\/v2\/pages\/351\/revisions"}],"predecessor-version":[{"id":13176,"href":"https:\/\/moverdb.com\/nb\/wp-json\/wp\/v2\/pages\/351\/revisions\/13176"}],"wp:attachment":[{"href":"https:\/\/moverdb.com\/nb\/wp-json\/wp\/v2\/media?parent=351"}],"curies":[{"name":"wp","href":"https:\/\/api.w.org\/{rel}","templated":true}]}}