{"id":349,"date":"2016-05-22T20:51:02","date_gmt":"2016-05-22T20:51:02","guid":{"rendered":"http:\/\/moverdb.com\/?page_id=349"},"modified":"2026-01-08T15:20:48","modified_gmt":"2026-01-08T15:20:48","slug":"flytting-av-team","status":"publish","type":"page","link":"https:\/\/moverdb.com\/nb\/team-relocations\/","title":{"rendered":"Team Relocations Internasjonale Flytting &amp; Flytting Anmeldelser"},"content":{"rendered":"<p>Team Relocations tilbyr f\u00f8lgende flyttetjenester for enkeltpersoner og bedrifter som flytter personell eller hele kontorer til utlandet. Les Team Locations' firmaprofil og anmeldelser nedenfor.<\/p>\n<p><strong>Personlige flyttinger og bedriftsflyttinger<\/strong><\/p>\n<ul>\n<li> Konsulenttjeneste som tilbyr individuelle l\u00f8sninger for flytting<\/li>\n<li> Strategisk ledelse av flytting<\/li>\n<li> Avansert webZone-teknologi<\/li>\n<li> Pakking og forsendelse<\/li>\n<li> Forsikring ordnet<\/li>\n<\/ul>\n<p><strong>Eiendomstjenester<\/strong><\/p>\n<ul>\n<li> Hjem S\u00f8k<\/li>\n<li> Forhandlinger og fornyelse av leiekontrakter<\/li>\n<li> Beholdning Innsjekking\/utsjekking<\/li>\n<li> Utleie av m\u00f8bler og hvitevarer<\/li>\n<li> Midlertidig innkvartering<\/li>\n<li> Avgangsprogrammer<\/li>\n<li> Administrasjon av boligsalg<\/li>\n<li> Eiendomsforvaltning <\/li>\n<li> Garantert boligsalgsprogram<\/li>\n<\/ul>\n<p><strong>Finne seg til rette<\/strong><\/p>\n<ul>\n<li> Orientering<\/li>\n<li> Informasjon om destinasjonen<\/li>\n<li> Kulturelle orienteringer<\/li>\n<li> Spr\u00e5koppl\u00e6ring<\/li>\n<li> Flyttestyring<\/li>\n<li> H\u00e5ndverkertjenester\/hjemmehjelp<\/li>\n<\/ul>\n<p><strong>Familieprogrammer<\/strong><\/p>\n<ul>\n<li> Forskning og registrering innen utdanning<\/li>\n<li> Flytting av kj\u00e6ledyr<\/li>\n<li> Partnerst\u00f8tte<\/li>\n<\/ul>\n<p><strong>Lagringstjenester<\/strong><\/p>\n<ul>\n<li> Spesialisert lagring<\/li>\n<li> Arkiv og lagring av dokumenter<\/li>\n<li> Tradisjonell lagring<\/li>\n<\/ul>\n<p><strong>Spesialiserte tjenester<\/strong><\/p>\n<ul>\n<li> Global flytting for den private spedit\u00f8ren<\/li>\n<li> Handels- og kontorflytting og flytting<\/li>\n<li> Flytting av sykehus<\/li>\n<li> Lagring innenlands<\/li>\n<li> Dokument- og arkivlagring<\/li>\n<\/ul>\n<p><strong>Tilleggstjenester<\/strong><\/p>\n<ul>\n<li> Stigeheiser for vanskelig tilgang<\/li>\n<li> Pakking av kunst og antikviteter<\/li>\n<li> Elektrikertjenester, inkludert<\/li>\n<li> Bytte st\u00f8psler for \u00e5 f\u00e5 plass til lokale stikkontakter<\/li>\n<li> Omkobling av lamper og apparater<\/li>\n<li> Levering av transformatorer<\/li>\n<li> H\u00e5ndverker<\/li>\n<li> Rengj\u00f8ring<\/li>\n<li> Klaverstemming<\/li>\n<li> Montering\/fjerning av parabolantenne<\/li>\n<li> Rengj\u00f8ringsteam<\/li>\n<li> Henting fra kontoret<\/li>\n<li> Veldedighetsbokser<\/li>\n<li> <a href=\"https:\/\/moverdb.com\/nb\/bil-transport-frakt\/\">Frakt av kj\u00f8ret\u00f8y<\/a> og lagring<\/li>\n<\/ul>\n<h2>Bedriftsprofil for Team Relocation<\/h2>\n<p>Team Relocation ble grunnlagt i 1977 og er i dag et av de st\u00f8rste flytte- og relokaliseringsselskapene i verden. <a href=\"https:\/\/moverdb.com\/nb\/international-removals\/\" data-internallinksmanager029f6b8e52c=\"27\" title=\"De 36 beste internasjonale flyttebyr\u00e5ene i Storbritannia\">flyttebyr\u00e5er<\/a> i verden. Team Location har kontorer i 13 land, og mange prominente enkeltpersoner, multinasjonale selskaper og offentlige etater bruker selskapet for flytting av ansatte og selskaper til utlandet og regionalt. <\/p>\n<p>Team Relocation vil bare samarbeide med partnere som deler de samme kjerneverdiene som dem; disse inkluderer dyktighet, integritet, ansvar og sikkerhet. Selskapet konsentrerer seg om relokalisering, flytting og spesialisttjenester. <\/p>\n<p>Selskapet tror ogs\u00e5 sterkt p\u00e5 internasjonale menneskerettigheter og st\u00f8tter mange veldedige organisasjoner over hele verden.<\/p>\n<p>Team Locations akkrediteringer og tilknytninger er oppf\u00f8rt nedenfor:<\/p>\n<ul>\n<li> <a href=\"https:\/\/moverdb.com\/nb\/british-association-of-removers\/\">Den britiske sammenslutningen av flyttemenn (BAR)<\/a><\/li>\n<li> DBA<\/li>\n<li> Den <a href=\"https:\/\/moverdb.com\/nb\/mtc\/\">Movers Trading Club<\/a> (<a href=\"https:\/\/moverdb.com\/nb\/mtc\/\" data-internallinksmanager029f6b8e52c=\"30\" title=\"Movers Trading Club (MTC) forklart\">MTC<\/a>)<\/li>\n<li> <a href=\"https:\/\/moverdb.com\/nb\/fidi-faim\/\">FAIM<\/a><\/li>\n<li> <a href=\"https:\/\/moverdb.com\/nb\/fidi-faim\/\">FIDI<\/a><\/li>\n<li> Den verdensomspennende mobilitetsforeningen <\/li>\n<li> <a href=\"https:\/\/moverdb.com\/nb\/iam\/\">International Association of Movers (IAM)<\/a><\/li>\n<li> OMNI<\/li>\n<\/ul>\n<h2>Gjennomgang av teamflyttinger<\/h2>\n<p><em>P\u00e5 dette tidspunktet kunne vi ikke finne noen anmeldelser for Team Relocations lagt ut andre steder p\u00e5 nettet.<\/em><\/p>\n<div itemprop=\"review\" itemscope itemtype=\"http:\/\/schema.org\/Review\">\n<span itemprop=\"author\" itemscope=\"\" itemtype=\"http:\/\/schema.org\/Organization\"><span itemprop=\"name\">MoverDB.com<\/span><\/span> Nettstedsgjennomgang for <span itemprop=\"itemreviewed\" itemscope=\"\" itemtype=\"http:\/\/schema.org\/Brand\"><span itemprop=\"name\">Flytting av team<\/span><\/span>:<\/p>\n<ol>\n<li> Tydelige kontaktopplysninger p\u00e5 nettstedet (inkludert telefonnummer): <strong>Ja<\/strong><\/li>\n<li> Lett \u00e5 f\u00e5 tak i <a href=\"https:\/\/moverdb.com\/nb\/sitater\/\">tilbud p\u00e5 internasjonale flyttinger<\/a>? (skjema for foresp\u00f8rsel om prisoverslag p\u00e5 nett): <strong>Ja<\/strong><\/li>\n<li> Tydelig informasjon p\u00e5 nettstedet: <strong>Ja<\/strong>. Et informativt nettsted, men detaljert informasjon m\u00e5 s\u00f8kes direkte fra selskapet.<\/li>\n<li> Medlemskap i internasjonalt anerkjente flytteorganisasjoner: <strong>Ja<\/strong>se ovenfor.<\/li>\n<li> Liste over kunder og\/eller tidligere kundeuttalelser: <strong>Nei.<\/strong><\/li>\n<\/ol>\n<div itemprop=\"reviewRating\" itemscope itemtype=\"http:\/\/schema.org\/Rating\"><meta itemprop=\"worstRating\" content = \"0\" \/><meta itemprop=\"bestRating\" content=\"5\" \/><meta itemprop=\"ratingValue\" content=\"4\"><\/div>\n<p><strong>Samlet poengsum: 4\/5<\/strong><br \/>\n<strong>Dato for gjennomgang:<\/strong> <span itemprop=\"datePublished\" content=\"2016-05-22\">22\/05\/2016<\/span><\/p>\n<\/div>\n<p>Mer om <a href=\"https:\/\/moverdb.com\/nb\/flyttefirmaer\/\">internasjonale flyttebyr\u00e5er<\/a> og v\u00e5r <a href=\"https:\/\/moverdb.com\/nb\/vurderinger\/\">gjennomgangsprosessen forklart<\/a>.<\/p>\n<p><strong>Nettsted:<\/strong> <a href=\"http:\/\/www.teamrelocations.com\/\" target=\"_blank\" rel=\"noopener\">http:\/\/www.teamrelocations.com<\/a><\/p>","protected":false},"excerpt":{"rendered":"<p>Team Relocations offers the following moving services for individuals and corporates moving personnel or whole offices abroad. Read Team Locations&#8217; company profile and reviews below. Personal and Corporate Moves Consultancy service offering individual solutions to moving Strategic relocation management Advanced webZone technology Packing and shipping Insurance arranged Property Services Home Search Tenancy Negotiations &#038; Renewals [&hellip;]<\/p>\n","protected":false},"author":1,"featured_media":0,"parent":0,"menu_order":0,"comment_status":"closed","ping_status":"closed","template":"","meta":{"_genesis_hide_title":false,"_genesis_hide_breadcrumbs":false,"_genesis_hide_singular_image":false,"_genesis_hide_footer_widgets":false,"_genesis_custom_body_class":"","_genesis_custom_post_class":"","_genesis_layout":"","footnotes":""},"class_list":{"0":"post-349","1":"page","2":"type-page","3":"status-publish","5":"entry"},"_links":{"self":[{"href":"https:\/\/moverdb.com\/nb\/wp-json\/wp\/v2\/pages\/349","targetHints":{"allow":["GET"]}}],"collection":[{"href":"https:\/\/moverdb.com\/nb\/wp-json\/wp\/v2\/pages"}],"about":[{"href":"https:\/\/moverdb.com\/nb\/wp-json\/wp\/v2\/types\/page"}],"author":[{"embeddable":true,"href":"https:\/\/moverdb.com\/nb\/wp-json\/wp\/v2\/users\/1"}],"replies":[{"embeddable":true,"href":"https:\/\/moverdb.com\/nb\/wp-json\/wp\/v2\/comments?post=349"}],"version-history":[{"count":12,"href":"https:\/\/moverdb.com\/nb\/wp-json\/wp\/v2\/pages\/349\/revisions"}],"predecessor-version":[{"id":6243,"href":"https:\/\/moverdb.com\/nb\/wp-json\/wp\/v2\/pages\/349\/revisions\/6243"}],"wp:attachment":[{"href":"https:\/\/moverdb.com\/nb\/wp-json\/wp\/v2\/media?parent=349"}],"curies":[{"name":"wp","href":"https:\/\/api.w.org\/{rel}","templated":true}]}}