{"id":303,"date":"2016-05-03T20:16:23","date_gmt":"2016-05-03T20:16:23","guid":{"rendered":"http:\/\/moverdb.com\/?page_id=303"},"modified":"2026-01-08T13:18:30","modified_gmt":"2026-01-08T13:18:30","slug":"harve-gronn","status":"publish","type":"page","link":"https:\/\/moverdb.com\/nb\/harrow-green\/","title":{"rendered":"Harrow Green International Moving &amp; Removings Anmeldelser"},"content":{"rendered":"<p>Harrow Green spesialiserer seg f\u00f8rst og fremst p\u00e5 bedriftsflytting, b\u00e5de innenlands og internasjonalt. Nedenfor er deres kjernetjenester sammen med anmeldelser om selskapet.<\/p>\n<h2>Harrow Green Removal Services<\/h2>\n<p><strong>Internasjonal flytting<\/strong><\/p>\n<ul>\n<li> Pakketjenester<\/li>\n<li> Transport<\/li>\n<li> Lagringstjenester<\/li>\n<li> Destinasjonspakke<\/li>\n<li> Forsikring<\/li>\n<li> destinasjonstjenester, som altmuligmann, boligs\u00f8k og flytting av kj\u00e6ledyr<\/li>\n<\/ul>\n<p><strong>Flytting av virksomheter<\/strong><\/p>\n<ul>\n<li> Arealplanlegging<\/li>\n<li> Levering av nye m\u00f8bler<\/li>\n<li> Demontering og remontering av eksisterende m\u00f8bler<\/li>\n<li> Milj\u00f8vennlig avhending av u\u00f8nsket utstyr<\/li>\n<li> Programmer for resirkulering og gjenbruk<\/li>\n<li> Lagringsl\u00f8sninger utenfor stedet<\/li>\n<li> Leie av kasse<\/li>\n<\/ul>\n<p><strong>Flytting av teknologi<\/strong><\/p>\n<ul>\n<li> Kjernetjenesten omfatter PC-er, arbeidsstasjoner og alt periferiutstyr (som skrivere og skannere), samt stasjon\u00e6rt tale- og datautstyr.<\/li>\n<li> Detaljert revisjon f\u00f8r flytting<\/li>\n<li> Systemoppgraderinger<\/li>\n<\/ul>\n<p><strong>Gjenvinning og gjenbruk<\/strong><\/p>\n<ul>\n<li> Veldedig donasjon<\/li>\n<li> Videresalg<\/li>\n<li> Oppussing<\/li>\n<li> Resirkulering<\/li>\n<li> Klarering av kontor<\/li>\n<\/ul>\n<p><strong>Lagringstjenester<\/strong><\/p>\n<ul>\n<li> Lagring av m\u00f8bler<\/li>\n<li> Lagerkontroll og -forvaltning<\/li>\n<li> Kulturarv og spesialisert lagring<\/li>\n<\/ul>\n<p><strong>Arkivforvaltning<\/strong><\/p>\n<ul>\n<li> Lagring av dokumenter<\/li>\n<li> Online sporing av dokumenter<\/li>\n<li> Skanning p\u00e5 foresp\u00f8rsel<\/li>\n<li> Sikkerhet ved lagring av dokumenter<\/li>\n<li> Sikkerhet for kulturarven<\/li>\n<li> Skylagring<\/li>\n<li> Lagring av b\u00e5nd<\/li>\n<li> Hjemmekontor og personlig<\/li>\n<\/ul>\n<h2>Harrow Green bedriftsprofil<\/h2>\n<p>Harrow Green har tre ti\u00e5r med erfaring innen bedriftsflytting og har utvidet sine tjenester gjennom \u00e5rene for \u00e5 m\u00f8te behovene til kunder og deres voksende organisasjoner. <\/p>\n<p>De beskriver seg selv som den st\u00f8rste kommersielle flyttebyr\u00e5et. Harrow Green har v\u00e6rt en helintegrert tjenestepartner for UBS i 20 \u00e5r.<\/p>\n<p>Virksomheten startet p\u00e5 1980-tallet med \u00e5 administrere IT-flytting, og la til en avdeling for arkivforvaltning og internasjonal flytting p\u00e5 1990-tallet. Harrow Green fokuserer f\u00f8rst og fremst p\u00e5 forretningsflytting, hovedsakelig for bedrifter, offentlige organisasjoner og sm\u00e5 og mellomstore bedrifter. <\/p>\n<p>Det tilbyr imidlertid begrensede personlige tjenester. <\/p>\n<p>Harrow Green har v\u00e6rt en del av Restore plc siden februar 2012, en virksomhet som har som m\u00e5l \u00e5 v\u00e6re en markedsledende leverand\u00f8r av <a href=\"https:\/\/moverdb.com\/nb\/moving-to-the-uk\/\" data-internallinksmanager029f6b8e52c=\"93\" title=\"Flytte til Storbritannia? 2023 Levekostnader og flyttetips\">STORBRITANNIA<\/a> konsern for kontortjenester. Restore plc er et AIM-notert st\u00f8ttetjenesteselskap som ble b\u00f8rsnotert i 2004.<\/p>\n<p><strong>Utmerkelser<\/strong><\/p>\n<ul>\n<li> PFM Partnership Awards-finalist<\/li>\n<li> \u00c5rets kommersielle flytter 2014<\/li>\n<li> Prisen for beste innovasjon innen FM-tjenester<\/li>\n<li> BIFM Best Corporate Supporter Award<\/li>\n<li> K\u00e5ret til \"en \u00e5 holde \u00f8ye med\" av Best Companies<\/li>\n<li> Kortlistet for en EMMA-pris i <a href=\"https:\/\/moverdb.com\/nb\/moving-companies\/\" data-internallinksmanager029f6b8e52c=\"79\" title=\"Topp 25 internasjonale flyttebyr\u00e5er p\u00e5 nettet\">Internasjonalt flyttebyr\u00e5<\/a> \u00c5rets kategori<\/li>\n<li> Finalist i kategorien L\u00e6ring og karriereutvikling for BIFM Awards 2015.<\/li>\n<li> Finalist East London Chamber of Commerce\/Docklands Business Awards<\/li>\n<li> UBS \u00c5rets leverand\u00f8r<\/li>\n<li> Finalister for fremragende kundeservice hos <a href=\"\" data-internallinksmanager029f6b8e52c=\"34\" title=\"Birmingham\">Birmingham<\/a> Chamber of Commerce Business Awards.<\/li>\n<\/ul>\n<p><strong>Medlemskap og sertifikater<\/strong> <\/p>\n<ul>\n<li> SGS Standard for fremragende kundeservice<\/li>\n<li> BS 8522-sertifisert<\/li>\n<li> ISO 9001 Kvalitetsstyringssystemer - Cert FS 34113<\/li>\n<li> <a href=\"https:\/\/moverdb.com\/nb\/fidi-faim\/\">FIDI FAIMPlus-sertifisert<\/a><\/li>\n<li> Godkjent av JAUPT for \u00e5 levere oppl\u00e6ring<\/li>\n<li> Achilles\/UVDB sertifisert (kategori B2)<\/li>\n<li> Sertifisert som i samsvar med samsvarsordningen for sikker leverand\u00f8rsektor<\/li>\n<li> Sertifisert som i samsvar med CHAS-sektorens samsvarsordning<\/li>\n<li> Sertifisert som i samsvar med samsvarsordningen for bygg- og anleggsbransjen<\/li>\n<li> Bedriftsmedlem av British Institute of Facilities Management<\/li>\n<li> O'Neil strategisk partner for arkivforvaltningssystemer<\/li>\n<li> Medlem av <a href=\"https:\/\/moverdb.com\/nb\/british-association-of-removers\/\">BAR, den britiske sammenslutningen av flyttebyr\u00e5er<\/a><\/li>\n<li> <a href=\"https:\/\/moverdb.com\/nb\/bar-overseas\/\">BAR Oversj\u00f8isk gruppe<\/a><\/li>\n<li> <a href=\"https:\/\/moverdb.com\/nb\/fidi-faim\/\">Medlem av FIDI<\/a>, organisasjonen som representerer verdensomspennende flyttebyr\u00e5er<\/li>\n<li> Medlem av RoSPA - The Royal Society for the Prevention of Accidents (Det kongelige selskap for forebygging av ulykker)<\/li>\n<li> <a href=\"https:\/\/moverdb.com\/nb\/iam\/\">Medlem av IAM - International Association of Movers (den internasjonale sammenslutningen av flyttebyr\u00e5er)<\/a><\/li>\n<li> Autorisert medlem og agent for The <a href=\"https:\/\/moverdb.com\/nb\/british-association-of-removers\/\" data-internallinksmanager029f6b8e52c=\"9\" title=\"British Association of Removers (BAR) Forklart (p\u00e5 engelsk)\">British Association of Removers<\/a> DBA the <a href=\"https:\/\/moverdb.com\/nb\/mtc\/\">Movers Trading Club<\/a> (<a href=\"https:\/\/moverdb.com\/nb\/mtc\/\" data-internallinksmanager029f6b8e52c=\"30\" title=\"Movers Trading Club (MTC) forklart\">MTC<\/a>)<\/li>\n<\/ul>\n<h2>Harrow Green Removals anmeldelser<\/h2>\n<div itemprop=\"review\" itemscope itemtype=\"http:\/\/schema.org\/Review\">\n<span itemprop=\"author\" itemscope=\"\" itemtype=\"http:\/\/schema.org\/Organization\"><span itemprop=\"name\">MoverDB.com<\/span><\/span> Nettstedsgjennomgang for <span itemprop=\"itemreviewed\" itemscope=\"\" itemtype=\"http:\/\/schema.org\/Brand\"><span itemprop=\"name\">Harrow Green<\/span><\/span>:<\/p>\n<ol>\n<li> Tydelige kontaktopplysninger p\u00e5 nettstedet (inkludert telefonnummer)? <strong>Ja<\/strong><\/li>\n<li> Lett \u00e5 f\u00e5 tak i <a href=\"https:\/\/moverdb.com\/nb\/sitater\/\">tilbud p\u00e5 internasjonale flyttinger<\/a>? (skjema for foresp\u00f8rsel om prisoverslag p\u00e5 nett): <strong>Delvis<\/strong>finnes det et e-postskjema, men ikke et skikkelig tilbudsskjema.<\/li>\n<li> Tydelig informasjon p\u00e5 nettstedet: <strong>Ja<\/strong>Nettstedet er oversiktlig og lett \u00e5 forst\u00e5 og bruke. Det eneste som mangler er et pris-\/tilbudsskjema.<\/li>\n<li> Medlemskap i internasjonalt anerkjente flytteorganisasjoner: <strong>Ja<\/strong><\/li>\n<li> Liste over kunder og\/eller tidligere kundeuttalelser: <strong>Ja<\/strong><\/li>\n<\/ol>\n<div itemprop=\"reviewRating\" itemscope itemtype=\"http:\/\/schema.org\/Rating\"><meta itemprop=\"worstRating\" content = \"0\" \/><meta itemprop=\"bestRating\" content=\"5\" \/><meta itemprop=\"ratingValue\" content=\"4.5\"><\/div>\n<p><strong>Samlet poengsum: 4.5\/5<\/strong><br \/>\n<strong>Dato for gjennomgang:<\/strong> <span itemprop=\"datePublished\" content=\"2018-01-15\">15\/01\/2018<\/span>\n<\/div>\n<p>Mer om <a href=\"https:\/\/moverdb.com\/nb\/internasjonale-flyttinger\/\">Flyttebyr\u00e5er i Storbritannia<\/a> og v\u00e5r <a href=\"https:\/\/moverdb.com\/nb\/vurderinger\/\">gjennomgangsprosessen forklart<\/a>.<\/p>\n<p><strong>Nettsted:<\/strong> <a href=\"https:\/\/www.harrowgreeninternational.com\/\" target=\"_blank\" rel=\"noopener noreferrer\">https:\/\/www.harrowgreeninternational.com\/<\/a><\/p>","protected":false},"excerpt":{"rendered":"<p>Harrow Green specialise primarily in business removals, both domestic and international. Below are their core services along with reviews about the company. Harrow Green Removals Services International moving Packing services Transportation Storage services Destination package Insurance Destination services, such as handyman, home search and pet relocation Business removals Space planning New furniture supply Dismantling and [&hellip;]<\/p>\n","protected":false},"author":1,"featured_media":0,"parent":0,"menu_order":0,"comment_status":"closed","ping_status":"closed","template":"","meta":{"_genesis_hide_title":false,"_genesis_hide_breadcrumbs":false,"_genesis_hide_singular_image":false,"_genesis_hide_footer_widgets":false,"_genesis_custom_body_class":"","_genesis_custom_post_class":"","_genesis_layout":"","footnotes":""},"class_list":{"0":"post-303","1":"page","2":"type-page","3":"status-publish","5":"entry"},"_links":{"self":[{"href":"https:\/\/moverdb.com\/nb\/wp-json\/wp\/v2\/pages\/303","targetHints":{"allow":["GET"]}}],"collection":[{"href":"https:\/\/moverdb.com\/nb\/wp-json\/wp\/v2\/pages"}],"about":[{"href":"https:\/\/moverdb.com\/nb\/wp-json\/wp\/v2\/types\/page"}],"author":[{"embeddable":true,"href":"https:\/\/moverdb.com\/nb\/wp-json\/wp\/v2\/users\/1"}],"replies":[{"embeddable":true,"href":"https:\/\/moverdb.com\/nb\/wp-json\/wp\/v2\/comments?post=303"}],"version-history":[{"count":13,"href":"https:\/\/moverdb.com\/nb\/wp-json\/wp\/v2\/pages\/303\/revisions"}],"predecessor-version":[{"id":3300,"href":"https:\/\/moverdb.com\/nb\/wp-json\/wp\/v2\/pages\/303\/revisions\/3300"}],"wp:attachment":[{"href":"https:\/\/moverdb.com\/nb\/wp-json\/wp\/v2\/media?parent=303"}],"curies":[{"name":"wp","href":"https:\/\/api.w.org\/{rel}","templated":true}]}}