{"id":2804,"date":"2018-05-18T20:05:25","date_gmt":"2018-05-18T20:05:25","guid":{"rendered":"https:\/\/moverdb.com\/?page_id=2804"},"modified":"2026-01-08T14:48:10","modified_gmt":"2026-01-08T14:48:10","slug":"retningslinjer-for-databehandling","status":"publish","type":"page","link":"https:\/\/moverdb.com\/nb\/data-processing-policy\/","title":{"rendered":"Retningslinjer for databehandling"},"content":{"rendered":"<p>Denne personvernerkl\u00e6ringen forklarer i klartekst hvordan MoverDB.com behandler data, slik at du kan ta et informert valg om hvorvidt du vil bruke tjenestene v\u00e5re eller ikke. Vi har laget den som et svar p\u00e5 GDPR. Det er et detaljert tillegg til v\u00e5r personvernerkl\u00e6ring. <a href=\"https:\/\/moverdb.com\/nb\/personvern-policy\/\">Retningslinjer for personvern<\/a> og <a href=\"https:\/\/moverdb.com\/nb\/vilkar-for-bruk\/\">Vilk\u00e5r og betingelser<\/a>.<\/p>\n<p>MoverDB.com er et gratis nettsted, og det er ikke n\u00f8dvendig \u00e5 registrere seg og\/eller oppgi personopplysninger for \u00e5 bruke det. All informasjon er gratis tilgjengelig for alle.<\/p>\n<p>Vi samler imidlertid aktivt og passivt inn og behandler opplysninger som vi mener du b\u00f8r v\u00e6re klar over. Alle nettsidene og dataene sendes ved hjelp av sikker SSL-teknologi.<\/p>\n<p>Alle v\u00e5re aktive databehandlingsaktiviteter (se nedenfor) utf\u00f8res p\u00e5 en <strong>samtykkegrunnlag<\/strong> og v\u00e5re passive databehandlingsaktiviteter (se nedenfor) utf\u00f8res p\u00e5 et <strong>grunnlag for berettiget interesse<\/strong>. <\/p>\n<p>MoverDB.com behandler flere typer data for flere forskjellige form\u00e5l ved hjelp av flere tredjepartspartnere og plattformer.<\/p>\n<p><strong>Aktive databehandlingsaktiviteter <\/strong><\/p>\n<p>V\u00e5r prim\u00e6re databehandlingsaktivitet er \u00e5 hjelpe folk med \u00e5 f\u00e5 tilbud p\u00e5 flytting til utlandet via en gratis, uforpliktende tilbudstjeneste. Tjenesten er ment \u00e5 brukes av enkeltpersoner b\u00e5de i og utenfor EU.<\/p>\n<p>V\u00e6r ogs\u00e5 oppmerksom p\u00e5 at MoverDB.com ikke gir tilbud selv, men har i stedet inng\u00e5tt et samarbeid med <a href=\"https:\/\/moverdb.com\/nb\/international-removals\/\" data-internallinksmanager029f6b8e52c=\"27\" title=\"De 36 beste internasjonale flyttebyr\u00e5ene i Storbritannia\">Internasjonale flyttinger<\/a> Direct, TriGlobal B.V. og MyMovingLoads for \u00e5 levere tilbudene. Hver av dem arbeider p\u00e5 sin side direkte med sitt eget sett av <a href=\"https:\/\/moverdb.com\/nb\/moving-companies\/\" data-internallinksmanager029f6b8e52c=\"79\" title=\"Topp 25 internasjonale flyttebyr\u00e5er p\u00e5 nettet\">flyttefirmaer<\/a>. <\/p>\n<p>Derfor fungerer vi b\u00e5de som behandlingsansvarlig (siden vi sender dem data) og databehandler (siden de informerer oss om hvilke data de trenger og bestemmer hvordan de skal behandles). Alle opplysninger vi samler inn p\u00e5 deres vegne, er n\u00f8dvendige for \u00e5 filtrere leverand\u00f8rer som kan passe for deg. Hvis du foretrekker \u00e5 ikke dele visse opplysninger, st\u00e5r du fritt til \u00e5 gj\u00f8re det, og du kan likevel finne generiske <a href=\"https:\/\/moverdb.com\/nb\/containertransport\/\">prisinformasjon her<\/a>.<\/p>\n<p>Hvilket selskap du avtaler hvordan opplysningene dine behandles med, avhenger b\u00e5de av hvilket skjema du bruker og hvor du flytter fra.  <\/p>\n<p><strong>Hovedskjema (\u00f8verst p\u00e5 siden)<\/strong><\/p>\n<p>Hovedskjemaet v\u00e5rt ser slik ut:<\/p>\n<p><img loading=\"lazy\" decoding=\"async\" width=\"833\" height=\"365\" src=\"https:\/\/moverdb.com\/wp-content\/uploads\/Top-page-form.png\" alt=\"\" class=\"aligncenter size-full wp-image-3236\" srcset=\"https:\/\/moverdb.com\/wp-content\/uploads\/Top-page-form.png 833w, https:\/\/moverdb.com\/wp-content\/uploads\/Top-page-form-300x131.png 300w\" sizes=\"auto, (max-width: 833px) 100vw, 833px\" \/><\/p>\n<p>Vi samler selv inn dataene fra dette skjemaet og bestemmer deretter hvor de skal sendes.  <\/p>\n<p>Her er dataene som samles inn, og grunnen til at de samles inn:<\/p>\n<ul>\n<li> Hvor flytter du til: Dette hjelper deg med \u00e5 f\u00e5 n\u00f8yaktige tilbud og filtrerer potensielle flyttebyr\u00e5er.<\/li>\n<li> N\u00e5v\u00e6rende adresse\/postnummer\/by\/land: Dette hjelper deg med \u00e5 f\u00e5 n\u00f8yaktige tilbud og filtrerer potensielle flyttebyr\u00e5er.<\/li>\n<li> Hvilken by flytter du til: Dette hjelper deg med \u00e5 f\u00e5 n\u00f8yaktige tilbud og filtrerer potensielle flyttebyr\u00e5er.<\/li>\n<li> Ansl\u00e5tt st\u00f8rrelse p\u00e5 flyttingen: Dette hjelper deg med \u00e5 f\u00e5 n\u00f8yaktige tilbud og filtrerer potensielle flyttebyr\u00e5er.<\/li>\n<li> Gjenstander som skal sendes: Dette hjelper deg med \u00e5 f\u00e5 n\u00f8yaktige tilbud, filtrerer potensielle flyttebyr\u00e5er og sikrer at du ikke pr\u00f8ver \u00e5 transportere noe ulovlig.<\/li>\n<li> Ansl\u00e5tt flyttedato: Dette hjelper deg med \u00e5 f\u00e5 n\u00f8yaktige tilbud, v\u00e6r ogs\u00e5 oppmerksom p\u00e5 at de fleste selskaper ikke kan gi tilbud p\u00e5 flytting mer enn 3 m\u00e5neder i forveien.<\/li>\n<li> Ditt navn: S\u00e5 selskapene vet hvem de har \u00e5 gj\u00f8re med.<\/li>\n<li> Din e-postadresse: Hvor tilbud kan sendes og en m\u00e5te \u00e5 komme i kontakt med deg om foresp\u00f8rselen din.<\/li>\n<li> Telefonnummeret ditt: P\u00e5krevd slik at selskaper kan komme i kontakt med deg om tilbudet ditt.<\/li>\n<\/ul>\n<p>N\u00e5r alle dataene er lagt inn og du sender inn skjemaet, vil f\u00f8lgende handlinger skje:<\/p>\n<ul>\n<li> Du vil se v\u00e5r takkemelding, som ogs\u00e5 inneholder et verkt\u00f8y fra <a href=\"https:\/\/moverdb.com\/nb\/international-money-transfer-services\/currencies-direct-review\/\" data-internallinksmanager029f6b8e52c=\"237\" title=\"Valuta Gjennomgang av direkte internasjonale pengeoverf\u00f8ringer 2023\">Valuta direkte<\/a> som kan hjelpe deg med \u00e5 finne ut hvordan du veksler utenlandsk valuta.<\/li>\n<li> Skjemadataene sendes deretter via en sikker SSL-webhook til Zapier.com, som bidrar til \u00e5 <a href=\"https:\/\/moverdb.com\/nb\/moving-to-the-united-states\/\" data-internallinksmanager029f6b8e52c=\"94\" title=\"Flytte til USA? 2023 Levekostnader og flyttetips\">oss<\/a> for \u00e5 behandle dataene via det de kaller en Zap.<\/li>\n<li> N\u00e5r dataene er mottatt av Zapier.com, filtrerer Zap alle dataene som er samlet inn til enten International Removals Direct (flytting fra <a href=\"https:\/\/moverdb.com\/nb\/moving-to-the-uk\/\" data-internallinksmanager029f6b8e52c=\"93\" title=\"Flytte til Storbritannia? 2023 Levekostnader og flyttetips\">STORBRITANNIA<\/a>) eller TriGlobal B.V. (flytting fra andre steder i verden) via en sikker SSL-webhook. De vil deretter verifisere opplysningene dine og sende foresp\u00f8rselen din til opptil seks relevante flyttebyr\u00e5er, som i sin tur kan kontakte deg via telefon og\/eller e-post. Du er ikke forpliktet til \u00e5 kj\u00f8pe noe, og du kan informere dem om at du ikke \u00f8nsker \u00e5 g\u00e5 videre. Dessuten kan du ogs\u00e5 be oss om \u00e5 kansellere foresp\u00f8rselen din ved \u00e5 bruke v\u00e5r <a href=\"https:\/\/moverdb.com\/nb\/kontakt-oss\/\">kontaktskjema<\/a>.<\/li>\n<li> Etter at dataene er sendt, sender Zap e-postadressen som er angitt i skjemaet til Mailchimp via en Zapier-integrasjon. Dette vil deretter utl\u00f8se en automatisk e-post som bekrefter foresp\u00f8rselen din og igjen forklarer hva du kan forvente. Den vil deretter sende en oppf\u00f8lgings-e-post ca. 5 dager etter foresp\u00f8rselen din med mer informasjon om \u00e5 flytte penger til utlandet sammen med varene dine. Dette sendes fordi vi har funnet ut at mange er forvirret over de ulike alternativene n\u00e5r det gjelder \u00e5 sende penger til utlandet. Du kan enkelt melde deg av alle e-poster ved \u00e5 klikke p\u00e5 avmeldingslenken \u00f8verst eller nederst i hver e-post, som vil avbryte alle fremtidige e-poster. Vi sletter ogs\u00e5 rutinemessig e-post minst \u00e9n gang i \u00e5ret.<\/li>\n<li> P\u00e5 dette stadiet er Zap fullf\u00f8rt, og Zapier vil automatisk slette alle data innen 90 dager. Dette gir oss tid til \u00e5 l\u00f8se eventuelle problemer, men betyr at dataene ikke lagres lenger enn n\u00f8dvendig.<\/li>\n<li> Vi beholder e-postadressen din (og ingenting annet) i opptil 1 \u00e5r via Mailchimp.<\/li>\n<li> International Removals Direct og TriGlobal B.V. vil oppbevare informasjon s\u00e5 lenge deres interne retningslinjer tilsier det. Hvis du er bekymret for opplysningene de oppbevarer, kan du ta kontakt med oss, s\u00e5 skal vi gj\u00f8re v\u00e5rt beste for \u00e5 hjelpe deg.<\/li>\n<\/ul>\n<p><strong>Sekund\u00e6rt skjema #1 (midt p\u00e5 siden)<\/strong><\/p>\n<p>V\u00e5rt sekund\u00e6re skjema #1 ser slik ut.<\/p>\n<p><img loading=\"lazy\" decoding=\"async\" width=\"907\" height=\"512\" src=\"https:\/\/moverdb.com\/wp-content\/uploads\/bottom-page-form.png\" alt=\"\" class=\"aligncenter size-full wp-image-3235\" srcset=\"https:\/\/moverdb.com\/wp-content\/uploads\/bottom-page-form.png 907w, https:\/\/moverdb.com\/wp-content\/uploads\/bottom-page-form-300x169.png 300w\" sizes=\"auto, (max-width: 907px) 100vw, 907px\" \/><\/p>\n<p>Dette skjemaet leveres av MyMovingLoads, og vi kontrollerer ikke hvordan det sendes eller behandles. <\/p>\n<p>Her er dataene de samler inn:<\/p>\n<ul>\n<li> Opprinnelsesland\/by og leveringsland og leveringsby: Dette hjelper deg med \u00e5 f\u00e5 n\u00f8yaktige tilbud og filtrerer potensielle flyttebyr\u00e5er.<\/li>\n<li> Dato for flytting: Dette hjelper deg med \u00e5 f\u00e5 n\u00f8yaktige tilbud, v\u00e6r ogs\u00e5 oppmerksom p\u00e5 at de fleste selskaper ikke kan gi tilbud p\u00e5 flytting mer enn 3 m\u00e5neder i forveien.<\/li>\n<li> Velg boligst\u00f8rrelse: Dette hjelper deg med \u00e5 f\u00e5 n\u00f8yaktige tilbud og filtrerer potensielle flyttefirmaer.<<\/li>\n<li> For- og etternavn: S\u00e5 selskapene vet hvem de har med \u00e5 gj\u00f8re.<\/li>\n<li> Telefonen din: P\u00e5krevd slik at selskaper kan komme i kontakt med deg om tilbudet ditt.<\/li>\n<li> E-postadressen din: Hvor tilbud kan sendes og en m\u00e5te \u00e5 komme i kontakt med deg om foresp\u00f8rselen din.<\/li>\n<\/ul>\n<p>N\u00e5r alle dataene er lagt inn og du sender inn skjemaet, vil f\u00f8lgende handlinger skje:<\/p>\n<ul>\n<li> Du vil se en takkemelding.<\/li>\n<li> Opplysningene vil bli sendt til MyMovingLoads, som vil behandle dem i samsvar med deres tjenestevilk\u00e5r, som du m\u00e5 godta n\u00e5r du sender inn skjemaet.<\/li>\n<\/ul>\n<p><strong>Sekund\u00e6rt skjema #2 (nederst p\u00e5 siden)<\/strong><\/p>\n<p>V\u00e5rt sekund\u00e6re skjema #2 ser slik ut:<\/p>\n<p><img loading=\"lazy\" decoding=\"async\" src=\"https:\/\/moverdb.com\/wp-content\/uploads\/Triglobal-form.png\" alt=\"\" width=\"597\" height=\"795\" class=\"aligncenter size-full wp-image-3269\" srcset=\"https:\/\/moverdb.com\/wp-content\/uploads\/Triglobal-form.png 597w, https:\/\/moverdb.com\/wp-content\/uploads\/Triglobal-form-225x300.png 225w\" sizes=\"auto, (max-width: 597px) 100vw, 597px\" \/><\/p>\n<p>Dette skjemaet leveres av TriGlobal B.V., og vi kontrollerer ikke hvordan det sendes eller behandles.<\/p>\n<p>Her er dataene de samler inn:<\/p>\n<ul>\n<li> Detaljer knyttet til n\u00e5v\u00e6rende adresse og leveringsadresse (gate, postnummer, by og land): Dette bidrar til \u00e5 f\u00e5 n\u00f8yaktige tilbud og filtrerer potensielle flyttebyr\u00e5er.<\/li>\n<li> Flytte st\u00f8rrelse: Hjelper med \u00e5 generere n\u00f8yaktige tilbud<\/li>\n<li> Dato for flytting: Dette hjelper deg med \u00e5 f\u00e5 n\u00f8yaktige tilbud, v\u00e6r ogs\u00e5 oppmerksom p\u00e5 at de fleste selskaper ikke kan gi tilbud p\u00e5 flytting mer enn 3 m\u00e5neder i forveien.<\/li>\n<li> Estimert volum i ft3 (valgfritt): Bidrar til \u00e5 generere et mer n\u00f8yaktig tilbud<\/li>\n<li> Pakking\/montering (valgfritt): Bidrar til \u00e5 gi deg et mer n\u00f8yaktig tilbud<\/li>\n<li> Merknader (valgfritt): Her kan du legge til spesielle \u00f8nsker, sp\u00f8rsm\u00e5l osv.<\/li>\n<li> Type flytting: Dette hjelper deg med \u00e5 sende tilbudet ditt til riktig avdeling hos flyttefirmaer<\/li>\n<li> Fornavn og etternavn: S\u00e5 selskapene vet hvem de har med \u00e5 gj\u00f8re.<\/li>\n<li> Telefon #1: P\u00e5krevd slik at selskaper kan komme i kontakt med deg om tilbudet ditt.<\/li>\n<li> E-post: Hvor tilbud kan sendes og en m\u00e5te \u00e5 komme i kontakt med deg om foresp\u00f8rselen din.<\/li>\n<\/ul>\n<p>N\u00e5r alle dataene er lagt inn og du sender inn skjemaet, vil f\u00f8lgende handlinger skje:<\/p>\n<ul>\n<li> Du vil se en takkemelding.<\/li>\n<li> Opplysningene vil bli sendt til TriGlobal B.V. som vil behandle dem i samsvar med deres tjenestevilk\u00e5r.<\/li>\n<\/ul>\n<p><strong>Passive databehandlingsaktiviteter <\/strong><\/p>\n<p>Vi bruker f\u00f8lgende tredjepartsverkt\u00f8y for \u00e5 hjelpe oss med \u00e5 drive et brukbart nettsted. De deler ikke personopplysninger om deg med oss, men de kan likevel samle inn opplysninger om deg og\/eller datamaskinen din som kan anses som personopplysninger.<\/p>\n<p>Nedenfor beskriver vi hva vi bruker hver av dem til, og hvor du kan finne ut mer om hvordan de kan samle inn og bruke personopplysninger:<\/p>\n<p><strong>Google Analytics:<\/strong> Vi bruker dette til \u00e5 spore hvordan folk bruker nettstedet v\u00e5rt samlet sett. Vi bruker den ikke til \u00e5 spore individuelle brukere. Her er de viktigste innstillingene vi bruker for \u00f8yeblikket:<\/p>\n<ul>\n<li>Ny markedsf\u00f8ring: AV<\/li>\n<li>Rapporteringsfunksjoner for reklame: AV<\/li>\n<li>Oppbevaring av bruker- og hendelsesdata: Settes til \u00e5 utl\u00f8pe etter 14 m\u00e5neder (korteste alternativet som tilbys).<\/li>\n<li>Tilbakestill ved ny aktivitet: P\u00c5<\/li>\n<li>Bruker-ID: AV<\/li>\n<li>Godkjent GDPR-databehandlingsendring<\/li>\n<\/ul>\n<p>Google tilbyr for \u00f8yeblikket en opt-out for Analytics <a href=\"https:\/\/support.google.com\/analytics\/answer\/181881?hl=en\" rel=\"noopener\" target=\"_blank\">her<\/a> eller du kan bruke et tredjepartsverkt\u00f8y som f.eks. <a href=\"https:\/\/www.ghostery.com\/\" rel=\"noopener\" target=\"_blank\">Ghostery<\/a>.<\/p>\n<p><strong>Facebooks sosiale graf:<\/strong> Dette brukes for \u00e5 gj\u00f8re det enklere \u00e5 dele innhold fra nettstedet og bloggen v\u00e5r p\u00e5 Facebook, og for at folk skal kunne se hvor ofte innholdet har blitt delt. Vi bruker det ikke til remarketing eller retargeting. Se Facebooks <a href=\"https:\/\/www.facebook.com\/help\/1701730696756992\/?helpref=hc_fnav\" rel=\"noopener\" target=\"_blank\">Data Side<\/a> for mer informasjon om hvordan de bruker dataene dine.<\/p>\n<p><strong>Deling i sosiale medier:<\/strong> I tillegg til Facebook Social Graph har vi ogs\u00e5 delingsknapper for G+, Twitter og LinkedIn p\u00e5 nettstedet v\u00e5rt for \u00e5 gj\u00f8re det enklere \u00e5 dele innholdet v\u00e5rt p\u00e5 disse plattformene. Du kan se <a href=\"https:\/\/policies.google.com\/privacy\" rel=\"noopener\" target=\"_blank\">G+ personvernerkl\u00e6ring her<\/a>, Twitters <a href=\"https:\/\/twitter.com\/en\/privacy\" rel=\"noopener\" target=\"_blank\">Retningslinjer for personvern<\/a> her og <a href=\"https:\/\/www.linkedin.com\/legal\/privacy-policy\" rel=\"noopener\" target=\"_blank\">LinkedIns retningslinjer for personvern her<\/a>.<\/p>\n<p><strong>Eksterne\/tilknyttede lenker:<\/strong> Noen ganger sporer vi eksterne lenker enten via Google Analytics og\/eller tredjeparts sporingsplattformer. Enhver form for sporing skjer bare hvis du klikker p\u00e5 en ekstern lenke. Nederst p\u00e5 hver side der dette skjer, oppgir vi hvilke lenker som er tilknyttede lenker, men hvis du er bekymret for dette, er det enkleste alternativet \u00e5 ikke klikke p\u00e5 eksterne lenker fra nettstedet v\u00e5rt.<\/p>\n<p><strong>Webhotell:<\/strong> Vi bruker StudioPress Sites til \u00e5 v\u00e6re vert for nettstedet v\u00e5rt. Som de fleste webhotellfirmaer f\u00f8rer de logger over nettstedet, selv om vi ikke har direkte tilgang til dem. Du kan finne ut mer om hvilke data de kan ha p\u00e5 sin <a href=\"https:\/\/www.studiopress.com\/privacy-policy\/\" rel=\"noopener\" target=\"_blank\">Retningslinjer for personvern<\/a>.<\/p>","protected":false},"excerpt":{"rendered":"<p>This Data Processing Policy explains in plain English how MoverDB.com processes data so you can make an informed choice about whether or not you&#8217;d like to use our services. We&#8217;ve created it as a response to GDPR. It is a plain English, detailed, addition to our Privacy Policy and Terms and Conditions. MoverDB.com is a [&hellip;]<\/p>\n","protected":false},"author":1,"featured_media":0,"parent":0,"menu_order":0,"comment_status":"closed","ping_status":"closed","template":"","meta":{"_genesis_hide_title":false,"_genesis_hide_breadcrumbs":false,"_genesis_hide_singular_image":false,"_genesis_hide_footer_widgets":false,"_genesis_custom_body_class":"","_genesis_custom_post_class":"","_genesis_layout":"","footnotes":""},"class_list":{"0":"post-2804","1":"page","2":"type-page","3":"status-publish","5":"entry","6":"has-post-thumbnail"},"_links":{"self":[{"href":"https:\/\/moverdb.com\/nb\/wp-json\/wp\/v2\/pages\/2804","targetHints":{"allow":["GET"]}}],"collection":[{"href":"https:\/\/moverdb.com\/nb\/wp-json\/wp\/v2\/pages"}],"about":[{"href":"https:\/\/moverdb.com\/nb\/wp-json\/wp\/v2\/types\/page"}],"author":[{"embeddable":true,"href":"https:\/\/moverdb.com\/nb\/wp-json\/wp\/v2\/users\/1"}],"replies":[{"embeddable":true,"href":"https:\/\/moverdb.com\/nb\/wp-json\/wp\/v2\/comments?post=2804"}],"version-history":[{"count":16,"href":"https:\/\/moverdb.com\/nb\/wp-json\/wp\/v2\/pages\/2804\/revisions"}],"predecessor-version":[{"id":3270,"href":"https:\/\/moverdb.com\/nb\/wp-json\/wp\/v2\/pages\/2804\/revisions\/3270"}],"wp:attachment":[{"href":"https:\/\/moverdb.com\/nb\/wp-json\/wp\/v2\/media?parent=2804"}],"curies":[{"name":"wp","href":"https:\/\/api.w.org\/{rel}","templated":true}]}}