{"id":2752,"date":"2017-05-09T16:25:21","date_gmt":"2017-05-09T16:25:21","guid":{"rendered":"https:\/\/moverdb.com\/?page_id=2752"},"modified":"2026-01-08T14:47:12","modified_gmt":"2026-01-08T14:47:12","slug":"bil-transport-frakt","status":"publish","type":"page","link":"https:\/\/moverdb.com\/nb\/car-transport-shipping\/","title":{"rendered":"2026 Internasjonal biltransport og tilbud p\u00e5 frakt av kj\u00f8ret\u00f8y"},"content":{"rendered":"<p>Leter du etter internasjonal biltransport eller frakt av kj\u00f8ret\u00f8y, men vet ikke hvor du skal begynne? Vi kan hjelpe deg med alt fra selskaper til kostnader og tilbud. <\/p>\n<p>Du kan komme i gang med en gang ved \u00e5 bruke tilbudsskjemaet ovenfor, eller fortsette \u00e5 lese veiledningen nedenfor for mer informasjon.<\/p>\n<p><img loading=\"lazy\" decoding=\"async\" width=\"720\" height=\"480\" src=\"https:\/\/moverdb.com\/wp-content\/uploads\/car-transport-shipping.jpg\" alt=\"Tilbud p\u00e5 internasjonal biltransport og frakt av kj\u00f8ret\u00f8y i 2019\" class=\"aligncenter size-full wp-image-2753\" srcset=\"https:\/\/moverdb.com\/wp-content\/uploads\/car-transport-shipping.jpg 720w, https:\/\/moverdb.com\/wp-content\/uploads\/car-transport-shipping-300x200.jpg 300w, https:\/\/moverdb.com\/wp-content\/uploads\/car-transport-shipping-600x400.jpg 600w\" sizes=\"auto, (max-width: 720px) 100vw, 720px\" \/><\/p>\n<div id=\"ez-toc-container\" class=\"ez-toc-v2_0_82_2 ez-toc-wrap-left counter-hierarchy ez-toc-counter ez-toc-transparent ez-toc-container-direction\">\n<div class=\"ez-toc-title-container\">\n<p class=\"ez-toc-title\" style=\"cursor:inherit\">Seksjoner<\/p>\n<span class=\"ez-toc-title-toggle\"><a href=\"#\" class=\"ez-toc-pull-right ez-toc-btn ez-toc-btn-xs ez-toc-btn-default ez-toc-toggle\" aria-label=\"Bytt innholdsfortegnelse\"><span class=\"ez-toc-js-icon-con\"><span class=\"\"><span class=\"eztoc-hide\" style=\"display:none;\">Toggle<\/span><span class=\"ez-toc-icon-toggle-span\"><svg style=\"fill: #999;color:#999\" xmlns=\"http:\/\/www.w3.org\/2000\/svg\" class=\"list-377408\" width=\"20px\" height=\"20px\" viewbox=\"0 0 24 24\" fill=\"none\"><path d=\"M6 6H4v2h2V6zm14 0H8v2h12V6zM4 11h2v2H4v-2zm16 0H8v2h12v-2zM4 16h2v2H4v-2zm16 0H8v2h12v-2z\" fill=\"currentColor\"><\/path><\/svg><svg style=\"fill: #999;color:#999\" class=\"arrow-unsorted-368013\" xmlns=\"http:\/\/www.w3.org\/2000\/svg\" width=\"10px\" height=\"10px\" viewbox=\"0 0 24 24\" version=\"1.2\" baseprofile=\"tiny\"><path d=\"M18.2 9.3l-6.2-6.3-6.2 6.3c-.2.2-.3.4-.3.7s.1.5.3.7c.2.2.4.3.7.3h11c.3 0 .5-.1.7-.3.2-.2.3-.5.3-.7s-.1-.5-.3-.7zM5.8 14.7l6.2 6.3 6.2-6.3c.2-.2.3-.5.3-.7s-.1-.5-.3-.7c-.2-.2-.4-.3-.7-.3h-11c-.3 0-.5.1-.7.3-.2.2-.3.5-.3.7s.1.5.3.7z\"\/><\/svg><\/span><\/span><\/span><\/a><\/span><\/div>\n<nav><ul class='ez-toc-list ez-toc-list-level-1 eztoc-toggle-hide-by-default' ><li class='ez-toc-page-1 ez-toc-heading-level-2'><a class=\"ez-toc-link ez-toc-heading-1\" href=\"https:\/\/moverdb.com\/nb\/car-transport-shipping\/#Auto_Transport_Companies\" >Biltransportselskaper<\/a><ul class='ez-toc-list-level-3' ><li class='ez-toc-heading-level-3'><a class=\"ez-toc-link ez-toc-heading-2\" href=\"https:\/\/moverdb.com\/nb\/car-transport-shipping\/#US_Canadian_Auto_Transport_Companies\" >Amerikanske og kanadiske biltransportselskaper<\/a><\/li><li class='ez-toc-page-1 ez-toc-heading-level-3'><a class=\"ez-toc-link ez-toc-heading-3\" href=\"https:\/\/moverdb.com\/nb\/car-transport-shipping\/#UK_Car_Transport_Companies\" >Britiske biltransportselskaper<\/a><\/li><li class='ez-toc-page-1 ez-toc-heading-level-3'><a class=\"ez-toc-link ez-toc-heading-4\" href=\"https:\/\/moverdb.com\/nb\/car-transport-shipping\/#Australian_Car_Transport_Companies\" >Australske biltransportselskaper<\/a><\/li><\/ul><\/li><li class='ez-toc-page-1 ez-toc-heading-level-2'><a class=\"ez-toc-link ez-toc-heading-5\" href=\"https:\/\/moverdb.com\/nb\/car-transport-shipping\/#International_Car_Transport_Costs\" >Kostnader for internasjonal biltransport<\/a><ul class='ez-toc-list-level-3' ><li class='ez-toc-heading-level-3'><a class=\"ez-toc-link ez-toc-heading-6\" href=\"https:\/\/moverdb.com\/nb\/car-transport-shipping\/#Car_Transport_Taxes\" >Avgifter p\u00e5 biltransport<\/a><\/li><\/ul><\/li><li class='ez-toc-page-1 ez-toc-heading-level-2'><a class=\"ez-toc-link ez-toc-heading-7\" href=\"https:\/\/moverdb.com\/nb\/car-transport-shipping\/#International_Vehicle_Shipping_Documentation\" >Dokumentasjon for internasjonal transport av kj\u00f8ret\u00f8y<\/a><\/li><li class='ez-toc-page-1 ez-toc-heading-level-2'><a class=\"ez-toc-link ez-toc-heading-8\" href=\"https:\/\/moverdb.com\/nb\/car-transport-shipping\/#Other_Car_Transport_Tips\" >Andre tips om biltransport<\/a><\/li><li class='ez-toc-page-1 ez-toc-heading-level-2'><a class=\"ez-toc-link ez-toc-heading-9\" href=\"https:\/\/moverdb.com\/nb\/car-transport-shipping\/#Car_Transport_Quotes\" >Tilbud p\u00e5 biltransport<\/a><\/li><\/ul><\/nav><\/div>\n<h2><span class=\"ez-toc-section\" id=\"Auto_Transport_Companies\"><\/span>Biltransportselskaper<span class=\"ez-toc-section-end\"><\/span><\/h2>\n<p>Det internasjonale bil- og biltransportmarkedet er ekstremt fragmentert, med hundrevis eller kanskje tusenvis av sm\u00e5 selskaper som opererer globalt. Nedenfor har vi listet opp noen av de mest popul\u00e6re selskapene som spesialiserer seg p\u00e5 biltransport. <\/p>\n<p>Du b\u00f8r imidlertid ogs\u00e5 s\u00f8rge for \u00e5 f\u00e5 tilbud fra <a href=\"https:\/\/moverdb.com\/nb\/flyttefirmaer\/\">de beste internasjonale flyttebyr\u00e5ene<\/a> og <a href=\"https:\/\/moverdb.com\/nb\/speditor\/\">spedit\u00f8rer<\/a> for \u00e5 sikre at du f\u00e5r en rettferdig avtale.<\/p>\n<p>Alternativt kan du bare g\u00e5 til toppen av siden og fylle ut v\u00e5rt tilbudsskjema for \u00e5 finne selskaper raskt. <\/p>\n<h3><span class=\"ez-toc-section\" id=\"US_Canadian_Auto_Transport_Companies\"><\/span>Amerikanske og kanadiske biltransportselskaper<span class=\"ez-toc-section-end\"><\/span><\/h3>\n<ul>\n<li> A-1 Biltransport<\/li>\n<li> Amerikansk bilfrakt<\/li>\n<li> AmeriFreight<\/li>\n<li> C.A.R. Transport<\/li>\n<li> P\u00e5litelige Auto Shippers (DAS)<\/li>\n<li> eShip<\/li>\n<li> Executive Auto Shippers<\/li>\n<li> Fisher Shipping<\/li>\n<li> Kongen av veitransport<\/li>\n<li> Montway biltransport<\/li>\n<li> Prostar biltransport<\/li>\n<li> Send en bil direkte<\/li>\n<li> Send bilen din n\u00e5<\/li>\n<li> Statlig biltransport<\/li>\n<li> Sparsommelig bilfrakt<\/li>\n<li> Vi vil transportere den<\/li>\n<\/ul>\n<h3><span class=\"ez-toc-section\" id=\"UK_Car_Transport_Companies\"><\/span>Britiske biltransportselskaper<span class=\"ez-toc-section-end\"><\/span><\/h3>\n<ul>\n<li> Acumen Automotive Logistics<\/li>\n<li> AutoShippers<\/li>\n<li> Tilbud p\u00e5 biltransport<\/li>\n<li> Klassiske bilflyttingstjenester<\/li>\n<li> Quinns biltransport<\/li>\n<li> Skift en bil<\/li>\n<li> Whites kj\u00f8ret\u00f8ytransport<\/li>\n<li> Woodside Motorfreight<\/li>\n<\/ul>\n<p>Ta ogs\u00e5 en titt p\u00e5 <a href=\"https:\/\/moverdb.com\/nb\/internasjonale-flyttinger\/\">internasjonale flyttinger<\/a> side.<\/p>\n<h3><span class=\"ez-toc-section\" id=\"Australian_Car_Transport_Companies\"><\/span>Australske biltransportselskaper<span class=\"ez-toc-section-end\"><\/span><\/h3>\n<ul>\n<li> ACR <a href=\"https:\/\/moverdb.com\/nb\/moving-to-australia\/living-in-australia\/\" data-internallinksmanager029f6b8e52c=\"240\" title=\"21 hemmeligheter om \u00e5 bo i Australia for \u00e5 vite f\u00f8r du flytter\">Australia<\/a><\/li>\n<li> Australsk biltransport<\/li>\n<li> Autologistikk<\/li>\n<li> Biltransport ekspress<\/li>\n<li> Biltransport fra d\u00f8r til d\u00f8r<\/li>\n<li> CEVA Biltransport<\/li>\n<li> Flytte biler<\/li>\n<li> PrixCar Transport<\/li>\n<li> SMB Australia Biltransport<\/li>\n<li> Bompenger<\/li>\n<\/ul>\n<h2><span class=\"ez-toc-section\" id=\"International_Car_Transport_Costs\"><\/span>Kostnader for internasjonal biltransport<span class=\"ez-toc-section-end\"><\/span><\/h2>\n<p>Biltransport- og fraktkostnadene varierer mye avhengig av hvor raskt du trenger kj\u00f8ret\u00f8yet og fraktmetoden. Hvis du sender bilen til sj\u00f8s i en container, kan kostnadene v\u00e6re s\u00e5 lave som noen f\u00e5 hundre dollar, men det kan ta godt over en m\u00e5ned. <\/p>\n<p>Du kan spare enda mer penger hvis du ikke trenger d\u00f8r-til-d\u00f8r-tjeneste, og i stedet velger \u00e5 hente bilen din fra n\u00e6rmeste <a href=\"https:\/\/moverdb.com\/nb\/top-49-container-ports\/\" data-internallinksmanager029f6b8e52c=\"80\" title=\"De 49 st\u00f8rste og travleste containerhavnene i 2025\">port<\/a> ved sj\u00f8transport via en RoRo (Roll on Roll off)-forsendelse.<\/p>\n<p>Du kan l\u00e6re mer ved \u00e5 lese veiledningen v\u00e5r: <a href=\"https:\/\/moverdb.com\/nb\/containertransport\/\">Internasjonale containerfraktpriser og kostnader<\/a><\/p>\n<p>For flyttinger innenfor et kontinent (f.eks. <a href=\"https:\/\/moverdb.com\/nb\/moving-to-the-united-states\/\" data-internallinksmanager029f6b8e52c=\"94\" title=\"Flytte til USA? 2023 Levekostnader og flyttetips\">USA<\/a> til <a href=\"https:\/\/moverdb.com\/nb\/moving-to-canada\/\" data-internallinksmanager029f6b8e52c=\"265\" title=\"Flytte til Canada? 2023 Levekostnader og tips om flytting\">Canada<\/a>, <a href=\"https:\/\/moverdb.com\/nb\/moving-to-the-uk\/\" data-internallinksmanager029f6b8e52c=\"93\" title=\"Flytte til Storbritannia? 2023 Levekostnader og flyttetips\">STORBRITANNIA<\/a> til <a href=\"https:\/\/moverdb.com\/nb\/moving-to-spain\/\" data-internallinksmanager029f6b8e52c=\"266\" title=\"Flytte til Spania? 2023 Levekostnader og flyttetips\">Spania<\/a>) kan du leie en biltransport\u00f8r til \u00e5 kj\u00f8re bilen din for deg, forutsatt at bilen din er i god stand. Dette vil ofte koste betydelig mer (opptil et par tusen dollar, pund eller euro), men betyr at du kan f\u00e5 bilen din i l\u00f8pet av noen dager i stedet for uker. <\/p>\n<p>Hvis bilen din ikke er i brukbar stand, m\u00e5 du sende den med tilhenger eller annen spesialisert flyttebil. <\/p>\n<p>Det dyreste alternativet er \u00e5 sende med fly, men dette anbefales vanligvis ikke ettersom kostnadene er uoverkommelige.<\/p>\n<p><strong>Andre ting som p\u00e5virker kostnadene:<\/strong><\/p>\n<ul>\n<li> <strong>Avstand:<\/strong> Jo lenger du sender, jo dyrere blir det sannsynligvis, selv om du b\u00f8r betale betydelig mindre per mil.<\/li>\n<li> <strong>Tid p\u00e5 \u00e5ret:<\/strong> Visse tider p\u00e5 \u00e5ret er dyrere enn andre for gitte ruter.<\/li>\n<li> <strong>Gjennomf\u00f8ringstid:<\/strong> Jo lenger i forveien du kan begynne \u00e5 innhente tilbud, jo bedre er det, ettersom prisene stiger betydelig for raskere levering.<\/li>\n<li> <strong>\u00c5pen vs lukket lastebil:<\/strong> \u00c5pne lastebiler er billigere, men har generelt h\u00f8yere risiko for skader sammenlignet med lukkede lastebiler. <\/li>\n<\/ul>\n<h3><span class=\"ez-toc-section\" id=\"Car_Transport_Taxes\"><\/span>Avgifter p\u00e5 biltransport<span class=\"ez-toc-section-end\"><\/span><\/h3>\n<p>Avhengig av hvor du sender bilen din til, kan du m\u00e5tte betale betydelige avgifter. For eksempel kan biler <a href=\"https:\/\/moverdb.com\/nb\/shipping-to-singapore\/\">sendt til Singapore<\/a> vil p\u00e5l\u00f8pe en 20% importavgift p\u00e5 tollverdien av bilen. <\/p>\n<p>Mange europeiske land krever importavgifter p\u00e5 rundt 10%, men kan ogs\u00e5 kreve merverdiavgift p\u00e5 toppen av dette, noe som kan legge til ytterligere 20%, avhengig av hvordan bilen skal brukes. <\/p>\n<p>S\u00e5 s\u00f8rg for at du budsjetterer med dette n\u00e5r du innhenter tilbud og f\u00f8r du faktisk sender bilen din. I noen tilfeller kan det v\u00e6re billigere og enklere \u00e5 kj\u00f8pe en ny bil i stedet for \u00e5 sende den gamle.  <\/p>\n<h2><span class=\"ez-toc-section\" id=\"International_Vehicle_Shipping_Documentation\"><\/span>Dokumentasjon for internasjonal transport av kj\u00f8ret\u00f8y<span class=\"ez-toc-section-end\"><\/span><\/h2>\n<p>For \u00e5 sende bilen eller andre kj\u00f8ret\u00f8y internasjonalt m\u00e5 du ha en god del dokumentasjon. Kravene varierer fra land til land, s\u00e5 sjekk alltid f\u00f8r du sender. Vanlige dokumenter som kreves er blant annet<\/p>\n<ul>\n<li> Opprinnelig kj\u00f8ret\u00f8ytittel<\/li>\n<li> Opprinnelsesbevis<\/li>\n<li> Konnossement<\/li>\n<li> Forsikringsdokumenter<\/li>\n<\/ul>\n<h2><span class=\"ez-toc-section\" id=\"Other_Car_Transport_Tips\"><\/span>Andre tips om biltransport<span class=\"ez-toc-section-end\"><\/span><\/h2>\n<ul>\n<li> <strong>Ta bilder:<\/strong> S\u00f8rg for at du tar tidsstemplede bilder av kj\u00f8ret\u00f8yet ditt f\u00f8r det sendes i tilfelle det er skadet. Hvis det er noen skader, m\u00e5 du s\u00f8rge for \u00e5 ta bilder med en gang for \u00e5 minimere tvister.<\/li>\n<li> <strong>Forsikring:<\/strong> Forsikre deg om at forsikringen dekker hele reisen til bilen din og alle som eventuelt kj\u00f8rer den.<\/li>\n<li> <strong>Fjern personlige eiendeler:<\/strong> S\u00f8rg for at alle dine personlige eiendeler er fjernet fra bilen f\u00f8r frakt, slik at de ikke blir borte (eller stj\u00e5let!).<\/li>\n<li> <strong>Se etter spesialister:<\/strong> Hvis du har en klassisk eller litt uvanlig bil du \u00f8nsker \u00e5 f\u00e5 fraktet, m\u00e5 du s\u00f8rge for at selskapet du velger har erfaring med \u00e5 kj\u00f8re og\/eller frakte dem.<\/li>\n<li> <strong>Tidslinjer:<\/strong> S\u00f8rg for at du vet hvor lang tid det vil ta \u00e5 f\u00e5 bilen din fra punkt A til B.<\/li>\n<li> <strong>L\u00f8pende tilstand:<\/strong> S\u00f8rg for \u00e5 sjekke med transportselskapet om ting som bensinniv\u00e5, v\u00e6sker, dekktrykk, batteri osv. f\u00f8r du begynner transporten. Hvis du for eksempel sender internasjonalt med fraktcontainer, kan det v\u00e6re lurt \u00e5 t\u00f8mme bensintanken helt. P\u00e5 den annen side, hvis du f\u00e5r noen til \u00e5 kj\u00f8re bilen din, b\u00f8r du s\u00f8rge for at du har full tank.<\/li>\n<\/ul>\n<h2><span class=\"ez-toc-section\" id=\"Car_Transport_Quotes\"><\/span>Tilbud p\u00e5 biltransport<span class=\"ez-toc-section-end\"><\/span><\/h2>\n<p>Du kan bruke tilbudsskjemaet v\u00e5rt \u00f8verst p\u00e5 siden for \u00e5 f\u00e5 tilbud p\u00e5 internasjonal biltransport. F\u00f8r du godtar et tilbud, m\u00e5 du imidlertid forsikre deg om at du forst\u00e5r hvem som skal kj\u00f8re eller frakte bilen din (p\u00e5 hvert trinn av reisen), hvordan kj\u00f8ret\u00f8yet ditt vil bli forsikret og lese anmeldelser av selskapet. <\/p>","protected":false},"excerpt":{"rendered":"<p>Looking for international car transport or vehicle shipping, but don&#8217;t know where to start? We can help you with everything from companies to costs to quotes. You can get started right away using our quote form above, or keep reading our guide below for more information. Auto Transport Companies The international car and auto transport [&hellip;]<\/p>\n","protected":false},"author":1,"featured_media":2753,"parent":0,"menu_order":0,"comment_status":"closed","ping_status":"closed","template":"","meta":{"_genesis_hide_title":false,"_genesis_hide_breadcrumbs":false,"_genesis_hide_singular_image":false,"_genesis_hide_footer_widgets":false,"_genesis_custom_body_class":"","_genesis_custom_post_class":"","_genesis_layout":"","footnotes":""},"class_list":{"0":"post-2752","1":"page","2":"type-page","3":"status-publish","4":"has-post-thumbnail","6":"entry"},"_links":{"self":[{"href":"https:\/\/moverdb.com\/nb\/wp-json\/wp\/v2\/pages\/2752","targetHints":{"allow":["GET"]}}],"collection":[{"href":"https:\/\/moverdb.com\/nb\/wp-json\/wp\/v2\/pages"}],"about":[{"href":"https:\/\/moverdb.com\/nb\/wp-json\/wp\/v2\/types\/page"}],"author":[{"embeddable":true,"href":"https:\/\/moverdb.com\/nb\/wp-json\/wp\/v2\/users\/1"}],"replies":[{"embeddable":true,"href":"https:\/\/moverdb.com\/nb\/wp-json\/wp\/v2\/comments?post=2752"}],"version-history":[{"count":18,"href":"https:\/\/moverdb.com\/nb\/wp-json\/wp\/v2\/pages\/2752\/revisions"}],"predecessor-version":[{"id":18593,"href":"https:\/\/moverdb.com\/nb\/wp-json\/wp\/v2\/pages\/2752\/revisions\/18593"}],"wp:featuredmedia":[{"embeddable":true,"href":"https:\/\/moverdb.com\/nb\/wp-json\/wp\/v2\/media\/2753"}],"wp:attachment":[{"href":"https:\/\/moverdb.com\/nb\/wp-json\/wp\/v2\/media?parent=2752"}],"curies":[{"name":"wp","href":"https:\/\/api.w.org\/{rel}","templated":true}]}}