{"id":270,"date":"2016-05-01T17:06:39","date_gmt":"2016-05-01T17:06:39","guid":{"rendered":"http:\/\/moverdb.com\/?page_id=270"},"modified":"2026-01-08T14:47:32","modified_gmt":"2026-01-08T14:47:32","slug":"anglo-stillehavsomradet","status":"publish","type":"page","link":"https:\/\/moverdb.com\/nb\/anglo-pacific\/","title":{"rendered":"Anglo Pacific: Internasjonale flytte- og flytteanmeldelser"},"content":{"rendered":"<p>Anglo Pacific tilbyr en rekke flyttetjenester for \u00e5 hjelpe folk med \u00e5 flytte utenlands. Her er deres viktigste tjenestetilbud sammen med selskapsprofil og anmeldelser.<\/p>\n<p><strong>Tjenester<\/strong> <\/p>\n<p><strong>Flyttetjenester<\/strong> <\/p>\n<ul>\n<li> Import<\/li>\n<li> Internasjonal flytting<\/li>\n<li> Levering av <a href=\"https:\/\/moverdb.com\/nb\/containertransport\/\">fraktcontainere<\/a><\/li>\n<li> Flytting av teatre<\/li>\n<li> <a href=\"https:\/\/moverdb.com\/nb\/uk-removals\/man-and-van-cost\/\" data-internallinksmanager029f6b8e52c=\"380\" title=\"Hvor mye koster en mann og varebil i Storbritannia? 2026 Guide\">Mann og varebil<\/a> leie inn <a href=\"https:\/\/moverdb.com\/nb\/moving-to-london\/\">London<\/a><\/li>\n<\/ul>\n<p><strong>Frakttjenester<\/strong><\/p>\n<ul>\n<li> Bagasje<\/li>\n<li> <a href=\"https:\/\/moverdb.com\/nb\/bil-transport-frakt\/\">Biler<\/a><\/li>\n<li> Billedkunst<\/li>\n<li> Frakt<\/li>\n<li> Import<\/li>\n<li> Motorsykkel<\/li>\n<li> Bagasje<\/li>\n<li> Handel<\/li>\n<li> Student<\/li>\n<\/ul>\n<h2>Anglo Pacific Company Profile<\/h2>\n<p>Anglo Pacific ble startet for over 30 \u00e5r siden og er det st\u00f8rste frakt- og flyttebyr\u00e5et i Storbritannia. <a href=\"https:\/\/moverdb.com\/nb\/moving-to-the-uk\/\" data-internallinksmanager029f6b8e52c=\"93\" title=\"Flytte til Storbritannia? 2023 Levekostnader og flyttetips\">STORBRITANNIA<\/a>, som behandler over 20 000 individuelle bagasjeforsendelser og tall\u00f8se <a href=\"https:\/\/moverdb.com\/nb\/international-removals\/\" data-internallinksmanager029f6b8e52c=\"27\" title=\"De 36 beste internasjonale flyttebyr\u00e5ene i Storbritannia\">internasjonale flyttinger<\/a> hvert \u00e5r. <\/p>\n<p>Selskapet er stolte av \u00e5 levere en f\u00f8rsteklasses, vennlig og profesjonell flyttetjeneste, enten det er innholdet i en hel eiendom eller delikate gjenstander som kunst. <\/p>\n<p>Anglo Pacific legger stor vekt p\u00e5 \u00e5 velge de beste fagfolkene til \u00e5 bli med i teamet sitt, og utnevner bare ansatte som vil g\u00e5 den ekstra milen for kunder og ansatte som kan h\u00e5ndtere sikker og effektiv flytting av personlige eiendeler. <\/p>\n<p>I tillegg gj\u00f8r sporingstjenesten for alle forsendelser det mulig for personalet \u00e5 finne n\u00f8yaktig posisjon og status for flyttingen, slik at kundene kan v\u00e6re sikre p\u00e5 at varene deres er p\u00e5 vei til det tiltenkte stedet.<\/p>\n<p>Anglo Pacific etablerer og opprettholder eksepsjonelt h\u00f8ye standarder og som medlemmer av <a href=\"https:\/\/moverdb.com\/nb\/bar-overseas\/\">Oversj\u00f8isk gruppe<\/a> av <a href=\"https:\/\/moverdb.com\/nb\/british-association-of-removers\/\">British Association of Removers<\/a> (<a href=\"https:\/\/moverdb.com\/nb\/british-association-of-removers\/\" data-internallinksmanager029f6b8e52c=\"9\" title=\"British Association of Removers (BAR) Forklart (p\u00e5 engelsk)\">BAR<\/a>) tar de sikte p\u00e5 \u00e5 levere bare det beste. <\/p>\n<p>Videre f\u00f8lger de International Movers Mutual Insurance Company Ltd's forh\u00e5ndsbetalingsgaranti som gir kundene en st\u00f8rre grad av tillit. <\/p>\n<h2>Anglo Pacific vurderinger<\/h2>\n<p><strong>Positiv<\/strong><\/p>\n<ul>\n<li> <em>\"En stor takk til alle i Anglo Pacific og Keys Brothers. Dere gjorde flyttingen v\u00e5r fra London til Perth s\u00e5 smidig, og vi setter stor pris p\u00e5 all deres hjelp. Veldig profesjonelt og effektivt, og alt ble gjort til en god pris!!!\"<\/em> - Via <a href=\"http:\/\/www.reviewcentre.com\/reviews252735.html?ratingfilter=5#refineYourSearch\" target=\"_blank\" rel=\"noopener\">Gjennomgangssenter<\/a><\/li>\n<li> <em>\"Jeg trengte \u00e5 sende litt ekstra bagasje til <a href=\"https:\/\/moverdb.com\/nb\/moving-to-australia\/living-in-australia\/\" data-internallinksmanager029f6b8e52c=\"240\" title=\"21 hemmeligheter om \u00e5 bo i Australia for \u00e5 vite f\u00f8r du flytter\">Australia<\/a>. Jeg kontaktet mange mennesker p\u00e5 internett og kom til slutt over Anglo Pacific. Bagasjen min ble hentet i tide og jeg fikk informasjon underveis.\"<\/em> - Via <a href=\"http:\/\/www.reviewcentre.com\/Removal-Companies\/Anglo-Pacific-Removals-Company-www-anglopacific-co-uk-review_1596555\" target=\"_blank\" rel=\"noopener\">Gjennomgangssenter<\/a><\/li>\n<li> <em>\"Jeg vil anbefale Anglo Pacific til alle som \u00f8nsker \u00e5 transportere eiendelene sine trygt og effektivt.\"<\/em> - via <a href=\"https:\/\/uk.trustpilot.com\/review\/anglopacific.co.uk\" target=\"_blank\" rel=\"noopener\">TrustPilot<\/a><\/li>\n<\/ul>\n<p><strong>Negativ<\/strong><\/p>\n<ul>\n<li> <em>\"Jeg ber deg om ikke \u00e5 vurdere Anglo Pacific lenger!!! Forsendelsen min ankom med alt serviset mitt fullstendig knust, og esken med elektriske artikler ble levert opp ned!\"<\/em> - via <a href=\"http:\/\/www.reviewcentre.com\/Removal-Companies\/Anglo-Pacific-Removals-Company-www-anglopacific-co-uk-review_3741459\" target=\"_blank\" rel=\"noopener\">Gjennomgangssenter<\/a><\/li>\n<li> <em>\"Jeg kan nesten ikke uttrykke min forferdelse da jeg \u00e5pnet den siste av eskene mine i <a href=\"https:\/\/moverdb.com\/nb\/moving-to-nyc\/\" data-internallinksmanager029f6b8e52c=\"57\" title=\"Skal du flytte til New York City? 2026 NYC Levekostnader og tips om flytting\">NYC<\/a> bare for \u00e5 innse at mine mest verdifulle gjenstander og det meste av det kostbare kj\u00f8kkenutstyret mitt var borte.\"<\/em> - via <a href=\"http:\/\/www.mymovingreviews.com\/movers\/anglo-pacific-international-1790\" target=\"_blank\" rel=\"noopener\">Mine flytteanmeldelser<\/a><\/li>\n<li> <em>\"Unng\u00e5 - forferdelig opplevelse med total mangel p\u00e5 omsorg og verst etter service\"<\/em> - via <a href=\"https:\/\/uk.trustpilot.com\/reviews\/56d595280000ff000940e229\" target=\"_blank\" rel=\"noopener\">Trustpilot<\/a><\/li>\n<\/ul>\n<div itemprop=\"review\" itemscope itemtype=\"http:\/\/schema.org\/Review\">\n<span itemprop=\"author\" itemscope=\"\" itemtype=\"http:\/\/schema.org\/Organization\"><span itemprop=\"name\">MoverDB.com<\/span><\/span> Nettstedsgjennomgang for <span itemprop=\"itemreviewed\" itemscope=\"\" itemtype=\"http:\/\/schema.org\/Brand\"><span itemprop=\"name\">Anglo-Stillehavet<\/span><\/span>:<\/p>\n<ol>\n<li> Tydelige kontaktopplysninger p\u00e5 nettstedet (inkludert telefonnummer)? <strong>Ja<\/strong><\/li>\n<li> Lett \u00e5 f\u00e5 tak i <a href=\"https:\/\/moverdb.com\/nb\/sitater\/\">tilbud p\u00e5 internasjonale flyttinger<\/a>? (skjema for foresp\u00f8rsel om prisoverslag p\u00e5 nett): <strong>Ja<\/strong><\/li>\n<li> Tydelig informasjon p\u00e5 nettstedet: <strong>Ja<\/strong>sidene er enkle \u00e5 navigere p\u00e5, og det er lett \u00e5 se hvilke tjenester de tilbyr.<\/li>\n<li> Medlemskap i internasjonalt anerkjente flytteorganisasjoner: <strong>Ja<\/strong><\/li>\n<li> Liste over kunder og\/eller tidligere kundeuttalelser: <strong>Ja <\/strong><\/li>\n<\/ol>\n<div itemprop=\"reviewRating\" itemscope itemtype=\"http:\/\/schema.org\/Rating\"><meta itemprop=\"worstRating\" content = \"0\" \/><meta itemprop=\"bestRating\" content=\"5\" \/><meta itemprop=\"ratingValue\" content=\"5\"><\/div>\n<p><strong>Samlet poengsum: 5\/5<\/strong><br \/>\n<strong>Dato for gjennomgang:<\/strong> <span itemprop=\"datePublished\" content=\"2016-05-01\">01\/05\/2016<\/span>\n<\/div>\n<p>Mer om <a href=\"https:\/\/moverdb.com\/nb\/internasjonale-flyttinger\/\">Flyttebyr\u00e5er i Storbritannia<\/a> og v\u00e5r <a href=\"https:\/\/moverdb.com\/nb\/vurderinger\/\">gjennomgangsprosessen forklart<\/a>.<\/p>\n<p><strong>Nettsted:<\/strong> <a href=\"http:\/\/www.anglopacific.co.uk\" target=\"_blank\" rel=\"noopener\">http:\/\/www.anglopacific.co.uk<\/a><\/p>","protected":false},"excerpt":{"rendered":"<p>Anglo Pacific offers a variety of removal services to help people move overseas. Here are their core service offerings along with company profile and reviews. Services Removal Services Imports International Relocation Provision of shipping containers Theatrical removals Man and Van hire in London Shipping Services Baggage Cars Fine Art Freight Imports Motorbike Luggage Trade Student [&hellip;]<\/p>\n","protected":false},"author":1,"featured_media":0,"parent":0,"menu_order":0,"comment_status":"closed","ping_status":"closed","template":"","meta":{"_genesis_hide_title":false,"_genesis_hide_breadcrumbs":false,"_genesis_hide_singular_image":false,"_genesis_hide_footer_widgets":false,"_genesis_custom_body_class":"","_genesis_custom_post_class":"","_genesis_layout":"","footnotes":""},"class_list":{"0":"post-270","1":"page","2":"type-page","3":"status-publish","5":"entry"},"_links":{"self":[{"href":"https:\/\/moverdb.com\/nb\/wp-json\/wp\/v2\/pages\/270","targetHints":{"allow":["GET"]}}],"collection":[{"href":"https:\/\/moverdb.com\/nb\/wp-json\/wp\/v2\/pages"}],"about":[{"href":"https:\/\/moverdb.com\/nb\/wp-json\/wp\/v2\/types\/page"}],"author":[{"embeddable":true,"href":"https:\/\/moverdb.com\/nb\/wp-json\/wp\/v2\/users\/1"}],"replies":[{"embeddable":true,"href":"https:\/\/moverdb.com\/nb\/wp-json\/wp\/v2\/comments?post=270"}],"version-history":[{"count":12,"href":"https:\/\/moverdb.com\/nb\/wp-json\/wp\/v2\/pages\/270\/revisions"}],"predecessor-version":[{"id":6173,"href":"https:\/\/moverdb.com\/nb\/wp-json\/wp\/v2\/pages\/270\/revisions\/6173"}],"wp:attachment":[{"href":"https:\/\/moverdb.com\/nb\/wp-json\/wp\/v2\/media?parent=270"}],"curies":[{"name":"wp","href":"https:\/\/api.w.org\/{rel}","templated":true}]}}