{"id":2675,"date":"2017-05-03T15:16:49","date_gmt":"2017-05-03T15:16:49","guid":{"rendered":"https:\/\/moverdb.com\/?page_id=2675"},"modified":"2026-01-08T15:20:41","modified_gmt":"2026-01-08T15:20:41","slug":"shipping-to-singapore","status":"publish","type":"page","link":"https:\/\/moverdb.com\/nb\/shipping-to-singapore\/","title":{"rendered":"Frakt til Singapore: Hva du trenger \u00e5 vite"},"content":{"rendered":"<p><img loading=\"lazy\" decoding=\"async\" width=\"720\" height=\"313\" src=\"https:\/\/moverdb.com\/wp-content\/uploads\/shipping-to-singapore.png\" alt=\"Frakt til Singapore\" class=\"aligncenter size-full wp-image-2676\" srcset=\"https:\/\/moverdb.com\/wp-content\/uploads\/shipping-to-singapore.png 720w, https:\/\/moverdb.com\/wp-content\/uploads\/shipping-to-singapore-300x130.png 300w, https:\/\/moverdb.com\/wp-content\/uploads\/shipping-to-singapore-600x261.png 600w\" sizes=\"auto, (max-width: 720px) 100vw, 720px\" \/><\/p>\n<p>Enten du er <a href=\"https:\/\/moverdb.com\/nb\/flytting-til-singapore\/\">flytte til Singapore<\/a> eller bare \u00f8nsker \u00e5 sende noen f\u00e5 pakker, kan vi hjelpe deg med \u00e5 finne de beste forsendelsestilbudene fra <a href=\"https:\/\/moverdb.com\/nb\/moving-to-the-united-states\/\" data-internallinksmanager029f6b8e52c=\"94\" title=\"Flytte til USA? 2023 Levekostnader og flyttetips\">USA<\/a>, <a href=\"https:\/\/moverdb.com\/nb\/moving-to-the-uk\/\" data-internallinksmanager029f6b8e52c=\"93\" title=\"Flytte til Storbritannia? 2023 Levekostnader og flyttetips\">STORBRITANNIA<\/a>, <a href=\"https:\/\/moverdb.com\/nb\/moving-to-australia\/living-in-australia\/\" data-internallinksmanager029f6b8e52c=\"240\" title=\"21 hemmeligheter om \u00e5 bo i Australia for \u00e5 vite f\u00f8r du flytter\">Australia<\/a>, <a href=\"https:\/\/moverdb.com\/nb\/moving-to-canada\/\" data-internallinksmanager029f6b8e52c=\"265\" title=\"Flytte til Canada? 2023 Levekostnader og tips om flytting\">Canada<\/a>, <a href=\"https:\/\/moverdb.com\/nb\/moving-to-france\/\" data-internallinksmanager029f6b8e52c=\"315\" title=\"Flytte til Frankrike? 2023 Levekostnader og flyttetips\">Frankrike<\/a>, <a href=\"https:\/\/moverdb.com\/nb\/moving-to-hong-kong\/\" data-internallinksmanager029f6b8e52c=\"350\" title=\"Flytter du til Hongkong? 2023 Levekostnader og flyttetips\">Hong Kong<\/a>, <a href=\"https:\/\/moverdb.com\/nb\/moving-to-new-zealand\/\" data-internallinksmanager029f6b8e52c=\"324\" title=\"Flytte til New Zealand? 2023 Levekostnader og flyttetips\">New Zealand<\/a>, <a href=\"https:\/\/moverdb.com\/nb\/moving-to-the-philippines\/\" data-internallinksmanager029f6b8e52c=\"376\" title=\"Skal du flytte til Filippinene? 2023 Levekostnader og flyttetips\">Filippinene<\/a> og de fleste andre land rundt om i verden. <\/p>\n<p>Du kan komme i gang ved \u00e5 bruke det gratis tilbudsskjemaet ovenfor. <\/p>\n<div id=\"ez-toc-container\" class=\"ez-toc-v2_0_82_2 ez-toc-wrap-left counter-hierarchy ez-toc-counter ez-toc-transparent ez-toc-container-direction\">\n<div class=\"ez-toc-title-container\">\n<p class=\"ez-toc-title\" style=\"cursor:inherit\">Seksjoner<\/p>\n<span class=\"ez-toc-title-toggle\"><a href=\"#\" class=\"ez-toc-pull-right ez-toc-btn ez-toc-btn-xs ez-toc-btn-default ez-toc-toggle\" aria-label=\"Bytt innholdsfortegnelse\"><span class=\"ez-toc-js-icon-con\"><span class=\"\"><span class=\"eztoc-hide\" style=\"display:none;\">Toggle<\/span><span class=\"ez-toc-icon-toggle-span\"><svg style=\"fill: #999;color:#999\" xmlns=\"http:\/\/www.w3.org\/2000\/svg\" class=\"list-377408\" width=\"20px\" height=\"20px\" viewbox=\"0 0 24 24\" fill=\"none\"><path d=\"M6 6H4v2h2V6zm14 0H8v2h12V6zM4 11h2v2H4v-2zm16 0H8v2h12v-2zM4 16h2v2H4v-2zm16 0H8v2h12v-2z\" fill=\"currentColor\"><\/path><\/svg><svg style=\"fill: #999;color:#999\" class=\"arrow-unsorted-368013\" xmlns=\"http:\/\/www.w3.org\/2000\/svg\" width=\"10px\" height=\"10px\" viewbox=\"0 0 24 24\" version=\"1.2\" baseprofile=\"tiny\"><path d=\"M18.2 9.3l-6.2-6.3-6.2 6.3c-.2.2-.3.4-.3.7s.1.5.3.7c.2.2.4.3.7.3h11c.3 0 .5-.1.7-.3.2-.2.3-.5.3-.7s-.1-.5-.3-.7zM5.8 14.7l6.2 6.3 6.2-6.3c.2-.2.3-.5.3-.7s-.1-.5-.3-.7c-.2-.2-.4-.3-.7-.3h-11c-.3 0-.5.1-.7.3-.2.2-.3.5-.3.7s.1.5.3.7z\"\/><\/svg><\/span><\/span><\/span><\/a><\/span><\/div>\n<nav><ul class='ez-toc-list ez-toc-list-level-1 eztoc-toggle-hide-by-default' ><li class='ez-toc-page-1 ez-toc-heading-level-2'><a class=\"ez-toc-link ez-toc-heading-1\" href=\"https:\/\/moverdb.com\/nb\/shipping-to-singapore\/#Shipping_to_Singapore_From_The_US\" >Frakt til Singapore fra USA<\/a><\/li><li class='ez-toc-page-1 ez-toc-heading-level-2'><a class=\"ez-toc-link ez-toc-heading-2\" href=\"https:\/\/moverdb.com\/nb\/shipping-to-singapore\/#Shipping_to_Singapore_From_The_UK\" >Frakt til Singapore fra Storbritannia<\/a><\/li><li class='ez-toc-page-1 ez-toc-heading-level-2'><a class=\"ez-toc-link ez-toc-heading-3\" href=\"https:\/\/moverdb.com\/nb\/shipping-to-singapore\/#Shipping_to_Singapore_From_Australia\" >Frakt til Singapore fra Australia<\/a><\/li><li class='ez-toc-page-1 ez-toc-heading-level-2'><a class=\"ez-toc-link ez-toc-heading-4\" href=\"https:\/\/moverdb.com\/nb\/shipping-to-singapore\/#Shipping_to_Singapore_From_Canada\" >Frakt til Singapore fra Canada<\/a><\/li><li class='ez-toc-page-1 ez-toc-heading-level-2'><a class=\"ez-toc-link ez-toc-heading-5\" href=\"https:\/\/moverdb.com\/nb\/shipping-to-singapore\/#Shipping_to_Singapore_From_France\" >Frakt til Singapore fra Frankrike<\/a><\/li><li class='ez-toc-page-1 ez-toc-heading-level-2'><a class=\"ez-toc-link ez-toc-heading-6\" href=\"https:\/\/moverdb.com\/nb\/shipping-to-singapore\/#Shipping_to_Singapore_From_Hong_Kong\" >Frakt til Singapore fra Hong Kong<\/a><\/li><li class='ez-toc-page-1 ez-toc-heading-level-2'><a class=\"ez-toc-link ez-toc-heading-7\" href=\"https:\/\/moverdb.com\/nb\/shipping-to-singapore\/#Shipping_to_Singapore_From_New_Zealand\" >Frakt til Singapore fra New Zealand<\/a><\/li><li class='ez-toc-page-1 ez-toc-heading-level-2'><a class=\"ez-toc-link ez-toc-heading-8\" href=\"https:\/\/moverdb.com\/nb\/shipping-to-singapore\/#Shipping_to_Singapore_From_the_Philippines\" >Frakt til Singapore fra Filippinene<\/a><\/li><li class='ez-toc-page-1 ez-toc-heading-level-2'><a class=\"ez-toc-link ez-toc-heading-9\" href=\"https:\/\/moverdb.com\/nb\/shipping-to-singapore\/#Singapore_Import_Duties_Taxes\" >Importavgifter og skatter i Singapore<\/a><\/li><li class='ez-toc-page-1 ez-toc-heading-level-2'><a class=\"ez-toc-link ez-toc-heading-10\" href=\"https:\/\/moverdb.com\/nb\/shipping-to-singapore\/#Restricted_Items_in_Singapore\" >Begrensede varer i Singapore<\/a><\/li><li class='ez-toc-page-1 ez-toc-heading-level-2'><a class=\"ez-toc-link ez-toc-heading-11\" href=\"https:\/\/moverdb.com\/nb\/shipping-to-singapore\/#Other_Useful_Guides_to_Singapore\" >Andre nyttige guider til Singapore<\/a><\/li><\/ul><\/nav><\/div>\n<h2><span class=\"ez-toc-section\" id=\"Shipping_to_Singapore_From_The_US\"><\/span>Frakt til Singapore fra USA<span class=\"ez-toc-section-end\"><\/span><\/h2>\n<p><strong><a href=\"https:\/\/moverdb.com\/nb\/container-shipping\/\" data-internallinksmanager029f6b8e52c=\"3\" title=\"Diagram over internasjonale fraktrater for containere: April 2026\">Kostnader for frakt av containere<\/a> Fra <a href=\"https:\/\/moverdb.com\/nb\/moving-to-los-angeles\/\">Los Angeles<\/a><\/strong><\/p>\n<ul>\n<li> 20 fots container: $750 - $830<\/li>\n<li> 40 fots container: $1,120 - $1,235<\/li>\n<\/ul>\n<p><strong>Kostnader for containerfrakt fra <a href=\"https:\/\/moverdb.com\/nb\/moving-to-nyc\/\">New York<\/a><\/strong><\/p>\n<ul>\n<li> 20 fots container: $975 - $1,080<\/li>\n<li> 40-fots container: $1,460 - $1,610<\/li>\n<\/ul>\n<p><strong>Fraktkostnader for pakker<\/strong><\/p>\n<ul>\n<li> De f\u00f8rste 0,5 kg: $11.80+<\/li>\n<li> Hver ekstra 0,5 kg: $3.25+.<\/li>\n<\/ul>\n<p><em>Kilde:<\/em> <a href=\"http:\/\/comgateway.com\/ship-to-Singapore\/\" target=\"_blank\" rel=\"noopener noreferrer\">comGateway<\/a><\/p>\n<p><strong>Forsendelsestider<\/strong><\/p>\n<ul>\n<li> <strong>Luft:<\/strong> 1-3 dager<\/li>\n<li> <strong>Sj\u00f8:<\/strong> Rundt 1 m\u00e5ned<\/li>\n<\/ul>\n<h2><span class=\"ez-toc-section\" id=\"Shipping_to_Singapore_From_The_UK\"><\/span>Frakt til Singapore fra Storbritannia<span class=\"ez-toc-section-end\"><\/span><\/h2>\n<p><strong>Kostnader for containerfrakt fra <a href=\"https:\/\/moverdb.com\/nb\/moving-to-london\/\">London<\/a><\/strong><\/p>\n<ul>\n<li> 20 fots container: \u00a3 895 - \u00a3 1 000<\/li>\n<li> 40 fots container: \u00a3 1,340 - \u00a3 1,480<\/li>\n<\/ul>\n<p><strong>Fraktkostnader for pakker<\/strong><\/p>\n<ul>\n<li> Opp til 1 kg: \u00a3 20.12+<\/li>\n<li> Opp til 20 kg: \u00a3 87.31+<\/li>\n<\/ul>\n<p><em>Kilde:<\/em> <a href=\"https:\/\/www.transglobalexpress.co.uk\/parcel-to\/singapore\/\" target=\"_blank\" rel=\"noopener noreferrer\">Transglobal Express<\/a><\/p>\n<p><strong>Forsendelsestider<\/strong><\/p>\n<ul>\n<li> <strong>Luft:<\/strong> 1-3 dager<\/li>\n<li> <strong>Sj\u00f8:<\/strong> Rundt 1 m\u00e5ned<\/li>\n<\/ul>\n<h2><span class=\"ez-toc-section\" id=\"Shipping_to_Singapore_From_Australia\"><\/span>Frakt til Singapore fra Australia<span class=\"ez-toc-section-end\"><\/span><\/h2>\n<p><strong>Kostnader for containerfrakt fra <a href=\"https:\/\/moverdb.com\/nb\/flytting-til-sydney\/\">Sydney<\/a><\/strong><\/p>\n<ul>\n<li> 20 fot container: $980 - $1,080 AUD<\/li>\n<li> 40 fots container: $1,470 - $1,620 AUD<\/li>\n<\/ul>\n<p><strong>Fraktkostnader for pakker<\/strong><\/p>\n<ul>\n<li> Liten ransel (opptil 500 g): $22.26+<\/li>\n<li> Boks (opptil 5 kg): $81.73 + $81.73 + $81.73<\/li>\n<\/ul>\n<p><em>Kilde:<\/em> <a href=\"https:\/\/auspost.com.au\/parcels-mail\/calculate-postage-delivery-times\/#\/\" target=\"_blank\" rel=\"noopener noreferrer\">Australia Post<\/a><\/p>\n<p><strong>Forsendelsestider<\/strong><\/p>\n<ul>\n<li> <strong>Luft:<\/strong> 1-3 dager<\/li>\n<li> <strong>Sj\u00f8:<\/strong> Rundt 20 dager<\/li>\n<\/ul>\n<h2><span class=\"ez-toc-section\" id=\"Shipping_to_Singapore_From_Canada\"><\/span>Frakt til Singapore fra Canada<span class=\"ez-toc-section-end\"><\/span><\/h2>\n<p><strong>Kostnader for containerfrakt fra <a href=\"https:\/\/moverdb.com\/nb\/moving-to-canada\/moving-to-montreal\/\" data-internallinksmanager029f6b8e52c=\"410\" title=\"Flytter du til Montreal? 2023 Levekostnader og flyttetips\">Montreal<\/a><\/strong><\/p>\n<ul>\n<li> 20 fots container: $1,640 - $1,800 CAD<\/li>\n<li> 40 fots container: $2,440 - $2,700 CAD<\/li>\n<\/ul>\n<p><strong>Kostnader for containerfrakt fra <a href=\"https:\/\/moverdb.com\/nb\/moving-to-canada\/moving-to-vancouver\/\" data-internallinksmanager029f6b8e52c=\"438\" title=\"Flytter du til Vancouver? 2023 Levekostnader og flyttetips\">Vancouver<\/a><\/strong><\/p>\n<ul>\n<li> 20 fots container: $990 - $1,100 CAD<\/li>\n<li> 40 fot Container: $1,480 - $1,630 CAD<\/li>\n<\/ul>\n<p><strong>Fraktkostnader for pakker<\/strong><\/p>\n<ul>\n<li> 1 kg: $20.29 - $105.44 + 1kg<\/li>\n<li> 10 kg: $139.85 - $412.93 + 1 TP4T412.93<\/li>\n<\/ul>\n<p><em>Kilde:<\/em> <a href=\"https:\/\/www.canadapost.ca\/cpotools\/apps\/far\/personal\/farInt\" target=\"_blank\" rel=\"noopener noreferrer\">Canada Post<\/a><\/p>\n<p><strong>Forsendelsestider<\/strong><\/p>\n<ul>\n<li> <strong>Luft:<\/strong> 1-3 dager<\/li>\n<li> <strong>Sj\u00f8:<\/strong> Rundt 1 m\u00e5ned<\/li>\n<\/ul>\n<h2><span class=\"ez-toc-section\" id=\"Shipping_to_Singapore_From_France\"><\/span>Frakt til Singapore fra Frankrike<span class=\"ez-toc-section-end\"><\/span><\/h2>\n<p><strong>Containerfraktkostnader fra Marseille<\/strong><\/p>\n<ul>\n<li> 20 fots container: \u20ac 740 - \u20ac 820<\/li>\n<li> 40 fots container: \u20ac1,100 - \u20ac1,220<\/li>\n<\/ul>\n<p><strong>Forsendelsestider<\/strong><\/p>\n<ul>\n<li> <strong>Luft:<\/strong> 1-3 dager<\/li>\n<li> <strong>Sj\u00f8:<\/strong> Rundt 1 m\u00e5ned<\/li>\n<\/ul>\n<h2><span class=\"ez-toc-section\" id=\"Shipping_to_Singapore_From_Hong_Kong\"><\/span>Frakt til Singapore fra Hong Kong<span class=\"ez-toc-section-end\"><\/span><\/h2>\n<p><strong>Kostnader for frakt av containere<\/strong><\/p>\n<ul>\n<li> 20 fots container: $1,820 - $2,010 HKD<\/li>\n<li> 40 fots container: $1 860 - $2 060 HKD<\/li>\n<\/ul>\n<p><strong>Forsendelsestider<\/strong><\/p>\n<ul>\n<li> <strong>Luft:<\/strong> 1-2 dager<\/li>\n<li> <strong>Sj\u00f8:<\/strong> Rundt 12 dager<\/li>\n<\/ul>\n<h2><span class=\"ez-toc-section\" id=\"Shipping_to_Singapore_From_New_Zealand\"><\/span>Frakt til Singapore fra New Zealand<span class=\"ez-toc-section-end\"><\/span><\/h2>\n<p><strong>Containerfraktkostnader fra Auckland<\/strong><\/p>\n<ul>\n<li> 20 fots container: $1,860 - $2,050 NZD<\/li>\n<li> 40 fots container: $2,775 - $3,070 NZD<\/li>\n<\/ul>\n<p><strong>Forsendelsestider<\/strong><\/p>\n<ul>\n<li> <strong>Luft:<\/strong> 1-3 dager<\/li>\n<li> <strong>Sj\u00f8:<\/strong> Rundt 23 dager<\/li>\n<\/ul>\n<h2><span class=\"ez-toc-section\" id=\"Shipping_to_Singapore_From_the_Philippines\"><\/span>Frakt til Singapore fra Filippinene<span class=\"ez-toc-section-end\"><\/span><\/h2>\n<p><strong>Containerfraktkostnader fra Manila<\/strong><\/p>\n<ul>\n<li> 20ft Container: \u20b1 18,300 - \u20b1 20,255<\/li>\n<li> 40 fots container: \u20b1 27,350 - \u20b1 30,230<\/li>\n<\/ul>\n<p><strong>Forsendelsestider<\/strong><\/p>\n<ul>\n<li> <strong>Luft:<\/strong> 1-3 dager<\/li>\n<li> <strong>Sj\u00f8:<\/strong> Rundt 12 dager<\/li>\n<\/ul>\n<p>Data om fraktkostnader for containere er basert p\u00e5 \u00e5 sende varene dine til sj\u00f8s og kommer fra v\u00e5re <a href=\"https:\/\/moverdb.com\/nb\/containertransport\/\">priser for internasjonal containerfrakt<\/a> side og <a href=\"http:\/\/worldfreightrates.com\" target=\"_blank\" rel=\"noopener noreferrer\">WorldFreightRates.com<\/a>, Flyforsendelsestider kommer fra <a href=\"https:\/\/wwwapps.ups.com\/fctc\/timeandcost\" target=\"_blank\" rel=\"noopener noreferrer\">UPS tid- og kostnadskalkulator<\/a>, og Sea shipping times kommer fra <a href=\"https:\/\/www.searates.com\" target=\"_blank\" rel=\"noopener noreferrer\">SeaRates.com<\/a>.<\/p>\n<h2><span class=\"ez-toc-section\" id=\"Singapore_Import_Duties_Taxes\"><\/span>Importavgifter og skatter i Singapore<span class=\"ez-toc-section-end\"><\/span><\/h2>\n<p>Hvis du sender innbo og personlige eiendeler til <a href=\"https:\/\/moverdb.com\/nb\/moving-to-singapore\/\" data-internallinksmanager029f6b8e52c=\"68\" title=\"Flytte til Singapore? 2023 Levekostnader og flyttetips\">Singapore<\/a> vil du v\u00e6re underlagt vare- og tjenesteskatt (GST) p\u00e5 7% p\u00e5 varer verdt mer enn 400 SGD. Du kan imidlertid s\u00f8ke om fritak s\u00e5 lenge f\u00f8lgende gjelder:<\/p>\n<blockquote><p>Det kan innvilges fritak for merverdiavgift ved import av brukte husholdningsartikler og personlige eiendeler til:<\/p>\n<p>Singaporeanere og fastboende i Singapore (PRs) som er bosatt i utlandet og vender tilbake for \u00e5 gjenoppta oppholdet i Singapore.<br \/>\nUtlendinger som flytter eller migrerer til Singapore<\/p>\n<p>Fritaket for merverdiavgift er underlagt f\u00f8lgende vilk\u00e5r:<\/p>\n<p>At en slik person tilfredsstiller Tollvesenet:<\/p>\n<ul>\n<li> Han skifter bosted til Singapore;<\/li>\n<li> Han er eier av artiklene, de personlige eiendelene og det personlige kj\u00e6ledyret som importeres;<\/li>\n<li> gjenstandene og de personlige eiendelene har v\u00e6rt i hans besittelse og brukt i minst 3 m\u00e5neder, og<\/li>\n<li> Varene og de personlige eiendelene importeres med fly eller b\u00e5t.<\/li>\n<li> Artiklene, personlige eiendeler og personlige kj\u00e6ledyr importeres innen 6 m\u00e5neder etter hans f\u00f8rste ankomst til Singapore.<\/li>\n<li> Det gis en forpliktelse til ikke \u00e5 avhende gjenstandene og de personlige eiendelene innen 3 m\u00e5neder fra importdatoen.<\/li>\n<\/ul>\n<p>For hjemvendte singaporeanere og PR-er m\u00e5 de ha bodd i et fremmed land i mer enn 6 m\u00e5neder for \u00e5 kvalifisere for denne GST-lettelsen.<\/p><\/blockquote>\n<p><strong>Kilde:<\/strong> <a href=\"https:\/\/www.customs.gov.sg\/businesses\/importing-goods\/import-procedures\/importing-used-household-articles-and-personal-effects\" target=\"_blank\" rel=\"noopener noreferrer\">Tollvesenet i Singapore<\/a><\/p>\n<p>V\u00e6r oppmerksom p\u00e5 at det finnes <a href=\"https:\/\/www.customs.gov.sg\/businesses\/valuation-duties-taxes--fees\/duties-and-dutiable-goods\" target=\"_blank\" rel=\"noopener noreferrer\">det er 4 kategorier av avgiftspliktige varer<\/a> (som ikke er berettiget til fritak for merverdiavgift):<\/p>\n<ul>\n<li> Berusende brennevin: Basert p\u00e5 en av de to formlene: <em>Avgifter som skal betales = total mengde i liter x toll- og\/eller avgiftssats x alkoholprosent.<\/em> <strong>eller<\/strong><em> Toll som skal betales = Total avgiftspliktig mengde i kilo x tollsatsen<\/em>.<\/li>\n<li> Tobakksprodukter <em>Sigaretter:<\/em> Avgifter som skal betales = totalt antall pinner x vekten av hver enkelt pinne (hvert gram eller en del av dette) x avgiftssats - <em>alle andre tobakksprodukter:<\/em> Avgifter som skal betales = totalvekt (i kilo) x avgiftssats<\/li>\n<li> Biler og motorkj\u00f8ret\u00f8yer <em>Avgifter som skal betales = tollverdi x s\u00e6ravgiftssats<\/em>For personbiler og veteranbiler er avgiftssatsen f\u00f8lgende <strong>20%<\/strong> og for motorsykler og scootere er avgiftssatsen p\u00e5 <strong>12%<\/strong>.<\/li>\n<li> Petroleumsprodukter og biodieselblandinger - Petroleumsprodukter: <em>Avgifter som skal betales = totalt volum x s\u00e6ravgiftssats<\/em>, Komprimert naturgass (Cng): <em>Avgifter som skal betales = Total vekt x s\u00e6ravgiftssats<\/em>, Biodieselblanding Avgifter som skal betales = <em>Volum av diesel x s\u00e6ravgiftssats<\/em>.<\/li>\n<\/ul>\n<p>For mer informasjon, se Singapore Customs <a href=\"https:\/\/www.customs.gov.sg\/businesses\/importing-goods\/import-procedures\" target=\"_blank\" rel=\"noopener noreferrer\">Importprosedyrer her<\/a>.<\/p>\n<h2><span class=\"ez-toc-section\" id=\"Restricted_Items_in_Singapore\"><\/span>Begrensede varer i Singapore<span class=\"ez-toc-section-end\"><\/span><\/h2>\n<p>F\u00f8lgende varer er oppf\u00f8rt som forbudt og\/eller kontrollert av Singapores tollmyndigheter (<a href=\"https:\/\/www.customs.gov.sg\/individuals\/going-through-customs\/arrival\/prohibited-and-controlled-goods\" target=\"_blank\" rel=\"noopener noreferrer\">se nettstedet<\/a> for mer informasjon):<\/p>\n<ul>\n<li> Tyggegummi (unntatt tyggegummi som er godkjent av Statens helsetilsyn og medisinsk tyggegummi)<\/li>\n<li> Tyggetobakk og tobakksimitasjoner (for eksempel elektroniske sigaretter)<\/li>\n<li> Shisha<\/li>\n<li> R\u00f8ykfrie sigarer, r\u00f8ykfrie sigarillos eller r\u00f8ykfrie sigaretter<\/li>\n<li> Oppl\u00f8selig tobakk eller nikotin<\/li>\n<li> Ethvert produkt som inneholder nikotin eller tobakk som kan brukes lokalt til p\u00e5f\u00f8ring, som implantat eller injiseres i alle deler av kroppen.<\/li>\n<li> Enhver l\u00f8sning eller substans, der tobakk eller nikotin er en bestanddel, som er ment \u00e5 brukes med et elektronisk nikotintilf\u00f8rselssystem eller fordampere.<\/li>\n<li> Nesesnus (med virkning fra 1. august 2016)<\/li>\n<li> Snus (med virkning fra 1. august 2016)<\/li>\n<li> Gutkha, khaini og zarda (med virkning fra 1. august 2016)<\/li>\n<li> Sigarettennere i pistol- eller revolverform<\/li>\n<p>Contr<\/p>\n<li> ollede medikamenter og psykotrope stoffer<\/li>\n<li> Truede arter av ville dyr og planter og deres biprodukter<\/li>\n<li> Fyrverkeri<\/li>\n<li> Obsk\u00f8ne artikler, publikasjoner og videob\u00e5nd\/-plater<\/li>\n<li> Reproduksjon av opphavsrettslig beskyttede publikasjoner, programvare, videob\u00e5nd, videokassetter, laserdisker, plater eller kassetter.<\/li>\n<li> Oppr\u00f8rsk og forr\u00e6dersk materiale<\/li>\n<\/ul>\n<p>Hvis du er usikker p\u00e5 noe annet, kan du sjekke med dem f\u00f8r du sender varene dine.<\/p>\n<h2><span class=\"ez-toc-section\" id=\"Other_Useful_Guides_to_Singapore\"><\/span>Andre nyttige guider til Singapore<span class=\"ez-toc-section-end\"><\/span><\/h2>\n<ul>\n<li> <a href=\"https:\/\/moverdb.com\/nb\/containertransport\/singapore\/\">2024 Fraktpriser for containerfrakt til og fra Singapore<\/a><\/li>\n<li> <a href=\"https:\/\/moverdb.com\/nb\/flyttefirmaer\/moving-companies-singapore\/\">De 22 beste internasjonale flyttebyr\u00e5ene i Singapore<\/a><\/li>\n<li> <a href=\"https:\/\/moverdb.com\/nb\/shipping-to-singapore\/\">Frakt til Singapore: Hva du trenger \u00e5 vite<\/a><\/li>\n<li> <a href=\"https:\/\/moverdb.com\/nb\/flytting-til-singapore\/\">Skal du flytte til Singapore? 2024 Levekostnader og tips om flytting<\/a><\/li>\n<li> <a href=\"https:\/\/moverdb.com\/nb\/flytting-til-singapore\/best-places-to-live-singapore\/\">De 12 beste stedene \u00e5 bo i Singapore<\/a><\/li>\n<li> <a href=\"https:\/\/moverdb.com\/nb\/flytting-til-singapore\/living-in-singapore\/\">21 hemmeligheter om \u00e5 bo i Singapore som du b\u00f8r kjenne til f\u00f8r du flytter<\/a><\/li>\n<li> <a href=\"https:\/\/moverdb.com\/nb\/flytting-til-singapore\/moving-to-singapore-from-the-united-states\/\">Flytte til Singapore fra USA<\/a><\/li>\n<\/ul>","protected":false},"excerpt":{"rendered":"<p>Whether you&#8217;re moving to Singapore or just looking to ship a few parcels, we can help you find the best shipping deals from the US, UK, Australia, Canada, France, Hong Kong, New Zealand, Philippines and most other countries around the world. You can get started by using the free quote form above. Shipping to Singapore [&hellip;]<\/p>\n","protected":false},"author":1,"featured_media":2676,"parent":0,"menu_order":0,"comment_status":"closed","ping_status":"closed","template":"","meta":{"_genesis_hide_title":false,"_genesis_hide_breadcrumbs":false,"_genesis_hide_singular_image":false,"_genesis_hide_footer_widgets":false,"_genesis_custom_body_class":"","_genesis_custom_post_class":"","_genesis_layout":"","footnotes":""},"class_list":{"0":"post-2675","1":"page","2":"type-page","3":"status-publish","4":"has-post-thumbnail","6":"entry"},"_links":{"self":[{"href":"https:\/\/moverdb.com\/nb\/wp-json\/wp\/v2\/pages\/2675","targetHints":{"allow":["GET"]}}],"collection":[{"href":"https:\/\/moverdb.com\/nb\/wp-json\/wp\/v2\/pages"}],"about":[{"href":"https:\/\/moverdb.com\/nb\/wp-json\/wp\/v2\/types\/page"}],"author":[{"embeddable":true,"href":"https:\/\/moverdb.com\/nb\/wp-json\/wp\/v2\/users\/1"}],"replies":[{"embeddable":true,"href":"https:\/\/moverdb.com\/nb\/wp-json\/wp\/v2\/comments?post=2675"}],"version-history":[{"count":17,"href":"https:\/\/moverdb.com\/nb\/wp-json\/wp\/v2\/pages\/2675\/revisions"}],"predecessor-version":[{"id":16941,"href":"https:\/\/moverdb.com\/nb\/wp-json\/wp\/v2\/pages\/2675\/revisions\/16941"}],"wp:featuredmedia":[{"embeddable":true,"href":"https:\/\/moverdb.com\/nb\/wp-json\/wp\/v2\/media\/2676"}],"wp:attachment":[{"href":"https:\/\/moverdb.com\/nb\/wp-json\/wp\/v2\/media?parent=2675"}],"curies":[{"name":"wp","href":"https:\/\/api.w.org\/{rel}","templated":true}]}}