{"id":265,"date":"2016-05-01T06:12:45","date_gmt":"2016-05-01T06:12:45","guid":{"rendered":"http:\/\/moverdb.com\/?page_id=265"},"modified":"2026-01-08T14:47:55","modified_gmt":"2026-01-08T14:47:55","slug":"cadogan-tate","status":"publish","type":"page","link":"https:\/\/moverdb.com\/nb\/cadogan-tate\/","title":{"rendered":"Cadogan Tate: Internasjonale flytte- og flytteanmeldelser"},"content":{"rendered":"<p>Cadogan Tate tilbyr sine kunder f\u00f8lgende for deres flytting til utlandet. Denne informasjonen etterf\u00f8lges av en bedriftsprofil og vurderinger fra ulike kunder.<\/p>\n<p><strong>Personlige flyttinger og bedriftsflyttinger<\/strong><\/p>\n<p>Flyttestyringstjenester<\/p>\n<ul>\n<li> Forvaltningsplan for flytting<\/li>\n<li> Pakking og utpakking<\/li>\n<li> Transport og skipsfart<\/li>\n<li> Tollklarering <\/li>\n<li> Lagring - Global dekning<\/li>\n<\/ul>\n<p><strong>Kunsttjenester og messetjenester<\/strong><\/p>\n<ul>\n<li> Oppbevaring, frakt og flytting av kunst<\/li>\n<li> Flytte utstillings- og messegjenstander rundt i verden<\/li>\n<\/ul>\n<p><strong>Spesialiserte oppgaver<\/strong><\/p>\n<ul>\n<li> Flytting av fine viner <\/li>\n<li> <a href=\"https:\/\/moverdb.com\/nb\/bil-transport-frakt\/\">Frakt av biler<\/a>, b\u00e5ter og fly<\/li>\n<li> Flytting av kj\u00e6ledyr<\/li>\n<\/ul>\n<p><strong>Interi\u00f8rarkitekttjenester<\/strong><\/p>\n<ul>\n<li> Verdensomspennende innsamling og flytting av ethvert designobjekt<\/li>\n<li> Fagmessig pakket\/emballert og flyttet av sv\u00e6rt erfarne medarbeidere.<\/li>\n<li> Skipsfart og toll <\/li>\n<li> Lagring <\/li>\n<\/ul>\n<h2>Cadogan Tate bedriftsprofil<\/h2>\n<p>Cadogan Tate ble grunnlagt i 1977 og har n\u00e5 kontorer i <a href=\"https:\/\/moverdb.com\/nb\/moving-to-london\/\">London<\/a>, <a href=\"https:\/\/moverdb.com\/nb\/moving-to-france\/moving-to-paris\/\" data-internallinksmanager029f6b8e52c=\"407\" title=\"Flytter du til Paris? 2023 Levekostnader og flyttetips\">Paris<\/a>, Cote d'Azure, <a href=\"https:\/\/moverdb.com\/nb\/moving-to-nyc\/\">New York<\/a> og <a href=\"https:\/\/moverdb.com\/nb\/moving-to-los-angeles\/\">Los Angeles<\/a> De flytter ikke bare bedrifter og privatpersoner over hele verden, de er ogs\u00e5 eksperter p\u00e5 \u00e5 flytte kunstverk og m\u00f8bler og dekorative gjenstander designet av verdens ledende designere. <\/p>\n<p>Cadogan Tate er stolte av sin ekspertise n\u00e5r det gjelder \u00e5 arrangere kunstmesser, samtidig som de tar hensyn til behovene til messearrang\u00f8rer, innkj\u00f8pere og utstillere. Cadogan Tates skriftlige logo er \"alt, h\u00e5ndtert med omhu\".<br \/>\nSelskapet har en lang liste over tilknytninger og akkrediteringer:<\/p>\n<ul>\n<li> <a href=\"https:\/\/moverdb.com\/nb\/british-association-of-removers\/\">British Association of Removers (BAR)<\/a><\/li>\n<li> <a href=\"https:\/\/moverdb.com\/nb\/mtc\/\">The Movers Trading Club<\/a> (<a href=\"https:\/\/moverdb.com\/nb\/mtc\/\" data-internallinksmanager029f6b8e52c=\"30\" title=\"Movers Trading Club (MTC) forklart\">MTC<\/a>)<\/li>\n<li> Museums Association<\/li>\n<li> Innenriksdepartementet - <a href=\"https:\/\/moverdb.com\/nb\/moving-to-the-uk\/\" data-internallinksmanager029f6b8e52c=\"93\" title=\"Flytte til Storbritannia? 2023 Levekostnader og flyttetips\">STORBRITANNIA<\/a> Grensebyr\u00e5et<\/li>\n<li> <a href=\"https:\/\/moverdb.com\/nb\/harmony-relocation-network\/\">Harmony Relocation Network<\/a><\/li>\n<li> <a href=\"https:\/\/moverdb.com\/nb\/iam\/\">International Association of Movers (IAM)<\/a><\/li>\n<li> <a href=\"https:\/\/moverdb.com\/nb\/fidi-faim\/\">FAIM<\/a><\/li>\n<li> UK Registrars Group<\/li>\n<li> <a href=\"https:\/\/moverdb.com\/nb\/fidi-faim\/\">FIDI Global Alliance<\/a><\/li>\n<li> Foreningen for kunst- og antikvitetshandlere (LAPADA)<\/li>\n<li> Kvalitetssikret tjenestestandard - kommersiell flytting<\/li>\n<li> Kvalitetssikret tjenestestandard - milj\u00f8ledelsessystemer<\/li>\n<li> Kvalitetssikret tjenestestandard - kommersiell flytting<\/li>\n<li> Kvalitetssikret tjenestestandard - Flytting av husholdningsm\u00f8bler<\/li>\n<li> Kvalitetssikret tjenestestandard - bedriftshelsetjeneste og styringssystemer<\/li>\n<li> Kvalitetssikret tjenestestandard - kvalitetsstyringssystemer<\/li>\n<\/ul>\n<h2>Cadogan Tate-anmeldelser<\/h2>\n<p><strong>Positiv<\/strong><\/p>\n<ul>\n<li> \"<em>Vi var begeistret for Cadogan Tate. Det var ikke et billig valg, men etter \u00e5 ha jobbet med dem, bestemte vi oss for at de hadde v\u00e6rt verdt hver eneste krone.\" <\/em> E. Perry via <a href=\"http:\/\/www.reviewcentre.com\/Removal-Companies\/Cadogan-Tate-www-cadogantate-com-review_3591881\" target=\"_blank\" rel=\"noopener\">Gjennomgangssenter<\/a>\n<\/li>\n<li> \"<em>Nylig bestilte jeg forsendelse via Cadogan Tate for flyttingen min fra S\u00f8r for <a href=\"https:\/\/moverdb.com\/nb\/moving-to-france\/\" data-internallinksmanager029f6b8e52c=\"315\" title=\"Flytte til Frankrike? 2023 Levekostnader og flyttetips\">Frankrike<\/a> til London. Det ble h\u00e5ndtert s\u00e5 perfekt.\" <\/em>Rivsalov via <a href=\"http:\/\/www.removalreviews.co.uk\/movingreviews\/smooth-and-efficient-with-a-professional-approach-5733\" target=\"_blank\" rel=\"noopener\">Vurderinger av fjerning<\/a>\n<\/li>\n<\/ul>\n<p><strong>Negativ<\/strong><\/p>\n<ul>\n<li> \"<em>Forferdet over mengden milj\u00f8avfall dette selskapet produserer. Esker med skj\u00f8re gjenstander som puter og senget\u00f8y fylt til randen med splitter ny papiremballasje.\" <\/em>Carl Lyon via <a href=\"http:\/\/www.reviewcentre.com\/Removal-Companies\/Cadogan-Tate-www-cadogantate-com-review_3349791\" target=\"_blank\" rel=\"noopener\">Gjennomgangssenter<\/a>\n<\/li>\n<li> \"<em>Vi brukte Cadogan Tate til en flytting fra London tilbake til <a href=\"https:\/\/moverdb.com\/nb\/moving-to-the-united-states\/\" data-internallinksmanager029f6b8e52c=\"94\" title=\"Flytte til USA? 2023 Levekostnader og flyttetips\">USA<\/a>. Flyttefolkene var veldig profesjonelle og vennlige. Back office har imidlertid alvorlige problemer.\" <\/em> D J Skillman via <a href=\"http:\/\/www.removalreviews.co.uk\/movers\/cadogan-tate-311\" target=\"_blank\" rel=\"noopener\">Vurderinger av fjerning<\/a>\n<\/li>\n<\/ul>\n<div itemprop=\"review\" itemscope itemtype=\"http:\/\/schema.org\/Review\">\n<span itemprop=\"author\" itemscope=\"\" itemtype=\"http:\/\/schema.org\/Organization\"><span itemprop=\"name\">MoverDB.com<\/span><\/span> Nettstedsgjennomgang for <span itemprop=\"itemreviewed\" itemscope=\"\" itemtype=\"http:\/\/schema.org\/Brand\"><span itemprop=\"name\">Cadogan Tate<\/span><\/span>:<\/p>\n<ol>\n<li> Tydelige kontaktopplysninger p\u00e5 nettstedet (inkludert telefonnummer): <strong>Ja<\/strong><\/li>\n<li> Lett \u00e5 f\u00e5 tak i <a href=\"https:\/\/moverdb.com\/nb\/sitater\/\">tilbud p\u00e5 internasjonale flyttinger<\/a>? (skjema for foresp\u00f8rsel om prisoverslag p\u00e5 nett): <strong>Ja<\/strong><\/li>\n<li> Tydelig informasjon p\u00e5 nettstedet: <strong>Delvis.<\/strong> Nettstedet inneholder ikke mye detaljert informasjon. Dette leveres i planleggingsfasen.<\/li>\n<li> Medlemskap i internasjonalt anerkjente flytteorganisasjoner: <strong>Ja<\/strong>se ovenfor.<\/li>\n<li> Liste over kunder og\/eller tidligere kundeuttalelser: <strong>Delvis.<\/strong> Det finnes casestudier p\u00e5 nettstedet som beskriver ulike flyttinger der det ikke finnes kundenavn eller kundeuttalelser.<\/li>\n<\/ol>\n<div itemprop=\"reviewRating\" itemscope itemtype=\"http:\/\/schema.org\/Rating\"><meta itemprop=\"worstRating\" content = \"0\" \/><meta itemprop=\"bestRating\" content=\"5\" \/><meta itemprop=\"ratingValue\" content=\"4\"><\/div>\n<p><strong>Samlet poengsum: 4\/5<\/strong><br \/>\n<strong>Dato for gjennomgang:<\/strong> <span itemprop=\"datePublished\" content=\"2016-05-01\">01\/05\/2016<\/span>\n<\/div>\n<p>Mer om <a href=\"https:\/\/moverdb.com\/nb\/internasjonale-flyttinger\/\">Flyttebyr\u00e5er i Storbritannia<\/a> og v\u00e5r <a href=\"https:\/\/moverdb.com\/nb\/vurderinger\/\">gjennomgangsprosessen forklart<\/a>.<\/p>\n<p><strong>Nettsted:<\/strong> <a href=\"https:\/\/www.cadogantate.com\/en\" target=\"_blank\" rel=\"noopener\">https:\/\/www.cadogantate.com\/en<\/a><\/p>","protected":false},"excerpt":{"rendered":"<p>Cadogan Tate offer their clients the following for their move abroad. This information is followed by a company profile and reviews from various clients. Personal and Corporate Moves Move Management Services Move management plan Packing and unpacking Transportation and shipping Customs clearance Storage &#8211; Global coverage Art Services and Fair Services Fine art storage, shipping [&hellip;]<\/p>\n","protected":false},"author":1,"featured_media":0,"parent":0,"menu_order":0,"comment_status":"closed","ping_status":"closed","template":"","meta":{"_genesis_hide_title":false,"_genesis_hide_breadcrumbs":false,"_genesis_hide_singular_image":false,"_genesis_hide_footer_widgets":false,"_genesis_custom_body_class":"","_genesis_custom_post_class":"","_genesis_layout":"","footnotes":""},"class_list":{"0":"post-265","1":"page","2":"type-page","3":"status-publish","5":"entry"},"_links":{"self":[{"href":"https:\/\/moverdb.com\/nb\/wp-json\/wp\/v2\/pages\/265","targetHints":{"allow":["GET"]}}],"collection":[{"href":"https:\/\/moverdb.com\/nb\/wp-json\/wp\/v2\/pages"}],"about":[{"href":"https:\/\/moverdb.com\/nb\/wp-json\/wp\/v2\/types\/page"}],"author":[{"embeddable":true,"href":"https:\/\/moverdb.com\/nb\/wp-json\/wp\/v2\/users\/1"}],"replies":[{"embeddable":true,"href":"https:\/\/moverdb.com\/nb\/wp-json\/wp\/v2\/comments?post=265"}],"version-history":[{"count":17,"href":"https:\/\/moverdb.com\/nb\/wp-json\/wp\/v2\/pages\/265\/revisions"}],"predecessor-version":[{"id":6190,"href":"https:\/\/moverdb.com\/nb\/wp-json\/wp\/v2\/pages\/265\/revisions\/6190"}],"wp:attachment":[{"href":"https:\/\/moverdb.com\/nb\/wp-json\/wp\/v2\/media?parent=265"}],"curies":[{"name":"wp","href":"https:\/\/api.w.org\/{rel}","templated":true}]}}