{"id":246,"date":"2016-04-21T14:54:42","date_gmt":"2016-04-21T14:54:42","guid":{"rendered":"http:\/\/moverdb.com\/?page_id=246"},"modified":"2026-01-08T14:47:37","modified_gmt":"2026-01-08T14:47:37","slug":"atlas-van-lines-international","status":"publish","type":"page","link":"https:\/\/moverdb.com\/nb\/atlas-van-lines-international\/","title":{"rendered":"Atlas Van Lines International: Flyttetjenester og anmeldelser"},"content":{"rendered":"<p>Atlas Van Lines International tilbyr f\u00f8lgende tjenester for folk som flytter til utlandet. Du kan ogs\u00e5 se en bedriftsprofil og lese anmeldelser nedenfor:<\/p>\n<p><strong>Personlige flyttinger og bedriftsflyttinger:<\/strong><\/p>\n<p>Transporttjenester<\/p>\n<ul>\n<li> Global d\u00f8r-til-d\u00f8r-transport av husholdningsvarer<\/li>\n<li> <a href=\"https:\/\/moverdb.com\/nb\/speditor\/\">Sj\u00f8- og luftfrakt<\/a><\/li>\n<li> Biler og b\u00e5ter<\/li>\n<li> Prosjektfrakt (utstillinger og utstillinger)<\/li>\n<\/ul>\n<p>Flyttetjenester<\/p>\n<ul>\n<li> Programadministrasjon og -st\u00f8tte<\/li>\n<li> Utvikling av politikk<\/li>\n<li> R\u00e5dgivning<\/li>\n<li> Overf\u00f8ring av boliger<\/li>\n<li> Destinasjonstjenester<\/li>\n<li> Verdibeskyttelsestjeneste<\/li>\n<\/ul>\n<p>Reisetjenester<\/p>\n<ul>\n<li> Bedriftsreisebyr\u00e5 med full service<\/li>\n<li> Programforvaltning og rapportering<\/li>\n<\/ul>\n<p>Forvaltning av langtidslagring<\/p>\n<p><strong>Regjeringens og milit\u00e6rets tiltak:<\/strong><\/p>\n<ul>\n<li> St\u00f8tte programmet for forsvarets personlige eiendom (DP3)<\/li>\n<li> H\u00e5ndtering av internasjonal flytting av husholdningsvarer (kode 4, 5 og T)<\/li>\n<li> Flytting av husholdningsvarer innenlands (kode 1 og 2)<\/li>\n<li> Internasjonale bagasjeforsendelser (kode J)<\/li>\n<li> OTO-forsendelser<\/li>\n<li> Et dedikert kundeserviceteam som yter personlig VIP-omsorg for tjenestemedlemmene.<\/li>\n<li> GSAs kundeteam er dedikert utelukkende til \u00e5 administrere internasjonale flyttinger for <a href=\"https:\/\/moverdb.com\/nb\/moving-to-the-united-states\/\" data-internallinksmanager029f6b8e52c=\"94\" title=\"Flytte til USA? 2023 Levekostnader og flyttetips\">USA<\/a> offentlige etater<\/li>\n<li> I-CHAMP-deltaker<\/li>\n<\/ul>\n<p><strong>Utstillinger og frakt:<\/strong><\/p>\n<ul>\n<li> Utstillinger<\/li>\n<li> Utstillinger p\u00e5 messer<\/li>\n<li> Butikkinventar<\/li>\n<li> Spesielle prosjekter i utlandet<\/li>\n<\/ul>\n<h2>Atlas Van Lines International Company Profile<\/h2>\n<p>Atlas International er et datterselskap av det privateide Atlas Van Lines, og er en del av Atlas World Group. De har flyttet folk til utlandet i over 50 \u00e5r. De fokuserer f\u00f8rst og fremst p\u00e5 bedriftsflyttinger, som st\u00e5r for 85% av deres 7 000 flyttinger hvert \u00e5r. <\/p>\n<p>De flytter imidlertid ogs\u00e5 individuelle fagfolk, statsansatte og medlemmer av det amerikanske milit\u00e6ret (og deres familier).<\/p>\n<p>Selskapet hevder \u00e5 ha en forpliktelse til integritet, kvalitet og l\u00f8sninger. De er medlem av f\u00f8lgende organisasjoner:<\/p>\n<ul>\n<li> C-TPAT-sertifisering med US Customs &amp; Border Patrol (USAs toll- og grensekontroll)<\/li>\n<li> ISO 9001-registrert<\/li>\n<li> <a href=\"https:\/\/moverdb.com\/nb\/felgpromover\/\">RIM\u00ae - Registrert internasjonal flyttemann<\/a><\/li>\n<li> <a href=\"https:\/\/moverdb.com\/nb\/amsa\/\">American Moving &amp; Storage Association<\/a> (<a href=\"https:\/\/moverdb.com\/nb\/amsa\/\" data-internallinksmanager029f6b8e52c=\"5\" title=\"American Moving &amp; Storage Association (AMSA) forklart\">AMSA<\/a>)<\/li>\n<li> <a href=\"https:\/\/moverdb.com\/nb\/hgfaa\/\">HHG Forwarders Association of America<\/a> (HHGFAA)<\/li>\n<li> <a href=\"https:\/\/moverdb.com\/nb\/lacma\/\">Latin American &amp; Caribbean Moving Association<\/a> (<a href=\"https:\/\/moverdb.com\/nb\/lacma\/\" data-internallinksmanager029f6b8e52c=\"28\" title=\"Latinamerikanske og karibiske internasjonale flyttebyr\u00e5ers forening (LACMA)\">LACMA<\/a>)<\/li>\n<li> <a href=\"https:\/\/moverdb.com\/nb\/iata\/\">Den internasjonale lufttransportforeningen<\/a> (<a href=\"https:\/\/moverdb.com\/nb\/iata\/\" data-internallinksmanager029f6b8e52c=\"22\" title=\"Den internasjonale lufttransportorganisasjonen (IATA) Forklart\">IATA<\/a>)<\/li>\n<li> <a href=\"https:\/\/moverdb.com\/nb\/euromovers\/\">Europeisk Mover-partnerskap<\/a><\/li>\n<li> <a href=\"https:\/\/moverdb.com\/nb\/arbeidstaker-flytting-rad\/\">R\u00e5det for flytting av ansatte<\/a> (P\u00e5 verdensbasis <a href=\"https:\/\/moverdb.com\/nb\/employee-relocation-council\/\" data-internallinksmanager029f6b8e52c=\"83\" title=\"Worldwide Employee Relocation Council (ERC) Forklaret\">ERC<\/a>)<\/li>\n<li> Lisensiert av den f\u00f8derale sj\u00f8fartskommisjonen som <a href=\"https:\/\/moverdb.com\/nb\/freight-forwarder\/\" data-internallinksmanager029f6b8e52c=\"17\" title=\"Spedit\u00f8r &amp; NVOCC Internasjonal kostnads- og selskapsguide\">NVOCC<\/a>, Lisens # 79NF<\/li>\n<li> Deltakende ITGBL-operat\u00f8r i CHAMP-programmet for amerikanske offentlige etater<\/li>\n<li> Deltakende ITGBL-operat\u00f8r for det amerikanske forsvarsdepartementet <\/li>\n<\/ul>\n<p>De har f\u00f8lgende globale byr\u00e5er:<\/p>\n<ul>\n<li> H\u00f8yt kvalifiserte Atlas-byr\u00e5er i alle USAs 50 delstater.<\/li>\n<li> Over 130 agenter i hele <a href=\"https:\/\/moverdb.com\/nb\/moving-to-canada\/\" data-internallinksmanager029f6b8e52c=\"265\" title=\"Flytte til Canada? 2023 Levekostnader og tips om flytting\">Canada<\/a>.<\/li>\n<li> Mer enn 300 Atlas-foretrukne agenter arbeider i alle land over hele verden.<\/li>\n<\/ul>\n<p>De hevder ogs\u00e5 at flyttebyr\u00e5ene du m\u00f8ter og samhandler med - i begge ender av flyttingen - er forh\u00e5ndskvalifisert.<\/p>\n<h2>Atlas Van Lines internasjonale anmeldelser<\/h2>\n<p><em><strong>Vennligst merk:<\/strong> inkluderer vurderinger for b\u00e5de Atlas Van Lines og Atlas International.<\/em><\/p>\n<p><strong>Positiv<\/strong><\/p>\n<ul>\n<li> <em>\"Jeg var sv\u00e6rt imponert, ikke bare over hvor hardt de jobbet, men ogs\u00e5 over hvor forsiktige de var med eiendelene mine.\"<\/em> - Laurie via <a href=\"http:\/\/www.atlasvanlines.com\/moving-company-reviews\/\" target=\"_blank\" rel=\"noopener\">Atlas Van Lines vurderingsside<\/a><\/li>\n<li> <em>\"Atlas var et godt valg. Jeg anbefaler dem p\u00e5 det sterkeste til alle som skal flytte langt og er urolige for at fremmede skal ta eiendelene deres.\"<\/em> - Kate via <a href=\"http:\/\/www.mymovingreviews.com\/movingreviews\/great-movers-9968\" target=\"_blank\" rel=\"noopener\">MyMovingReviews<\/a><\/li>\n<li> <em>\"BBB har fastsl\u00e5tt at Atlas Van Lines International oppfyller BBBs akkrediteringsstandarder, som inkluderer en forpliktelse til \u00e5 gj\u00f8re en innsats i god tro for \u00e5 l\u00f8se eventuelle forbrukerklager.\"<\/em> <a href=\"http:\/\/www.bbb.org\/western-washington\/business-reviews\/movers\/atlas-van-lines-international-in-seattle-wa-27030248\" target=\"_blank\" rel=\"noopener\">Better Business Bureau<\/a><\/li>\n<li> <em>\"Jeg trengte bare \u00e5 si noe etter den gode opplevelsen vi hadde med Atlas Van Lines.\"<\/em> - Shahram via <a href=\"https:\/\/www.consumeraffairs.com\/movers\/atlas.html\" target=\"_blank\" rel=\"noopener\">Forbrukeranliggender<\/a><\/li>\n<li> <em>\"Jeg kunne ikke v\u00e6rt mer forn\u00f8yd med tjenestene Atlas Van Lines leverte under flyttingen min til <a href=\"https:\/\/moverdb.com\/nb\/flytte-til-houston\/\">Houston<\/a>. Selv med forferdelig v\u00e6r kom m\u00f8blene mine frem i tide.\"<\/em> Katelyn via <a href=\"http:\/\/www.yelp.co.uk\/biz\/atlas-van-lines-evansville-2?hrid=zrPxDQ8O1DE0pKFgOYoQzA&#038;utm_campaign=www_review_share_popup&#038;utm_medium=copy_link&#038;utm_source=(direct)\" target=\"_blank\" rel=\"noopener\">Yelp<\/a><\/li>\n<\/ul>\n<p><strong>Negativ<\/strong><\/p>\n<ul>\n<li> <em>\"V\u00e5re sm\u00e5 jenters babyalbum er borte, uerstattelig.\"<\/em> - Ruth via <a href=\"http:\/\/www.atlasvanlines.com\/moving-company-reviews\/\" target=\"_blank\" rel=\"noopener\">Atlas Van Lines vurderingsside<\/a><\/li>\n<li> <em>\"Atlas er den verste. Vi er for tiden midt i et milit\u00e6rt trekk med dem, s\u00e5 vi fikk ikke velge. Etter \u00e5 ha lest forferdelige anmeldelser av selskapet var jeg bekymret, men regnet med at de som en milit\u00e6rfamilie ville gj\u00f8re sitt beste for \u00e5 ta vare p\u00e5 dem som har ofret og tjent landet sitt. Dette har ikke v\u00e6rt tilfelle.\"<\/em> - Chrstine via <a href=\"http:\/\/moving-companies.credio.com\/l\/6\/Atlas-Van-Lines-Inc#review\/532419\" target=\"_blank\" rel=\"noopener\">Credio<\/a><\/li>\n<li> <em>\"Jeg \u00f8nsket virkelig \u00e5 like Atlas og deres kanadiske agent, AMJ Campbell.  De var i midten av tilbudene jeg fikk, ikke for h\u00f8ye, ikke for lave. De ble anbefalt av en venn som gjorde et lignende internasjonalt trekk for et \u00e5r siden. Men de har mislyktes miserabelt p\u00e5 en rekke kontoer.\"<\/em>- Irene A. via <a href=\"http:\/\/www.yelp.co.uk\/biz\/atlas-van-lines-evansville-2?hrid=bDSbnk9dU-dvtTPUKtGOyA&#038;utm_campaign=www_review_share_popup&#038;utm_medium=copy_link&#038;utm_source=(direct)\" target=\"_blank\" rel=\"noopener\">Yelp<\/a><\/li>\n<li> <em>\"Flyttefolkene var 21 dager forsinket med \u00e5 levere varene mine.\"<\/em> - James via <a href=\"http:\/\/www.mymovingreviews.com\/movingreviews\/another-victim-49405\" target=\"_blank\" rel=\"noopener\">MyMovingReviews<\/a><\/li>\n<li> <em>\"Vi brukte nylig ATLAS van lines og anbefaler ikke dette selskapet for noen. Vi ble sitert mindre enn $7,000 for v\u00e5r lille flytte- og leveringstjeneste. Til slutt betalte vi over $12,000 og fikk deretter en DROP-OFF-tjeneste.\"<\/em> Noreen via <a href=\"https:\/\/www.consumeraffairs.com\/movers\/atlas.html\" target=\"_blank\" rel=\"noopener\">Forbrukeranliggender<\/a><\/li>\n<\/ul>\n<div itemprop=\"review\" itemscope itemtype=\"http:\/\/schema.org\/Review\">\n<span itemprop=\"author\" itemscope=\"\" itemtype=\"http:\/\/schema.org\/Organization\"><span itemprop=\"name\">MoverDB.com<\/span><\/span> Nettstedsgjennomgang for <span itemprop=\"itemreviewed\" itemscope=\"\" itemtype=\"http:\/\/schema.org\/Brand\"><span itemprop=\"name\">Atlas International<\/span><\/span>:<\/p>\n<ol>\n<li> Tydelige kontaktopplysninger p\u00e5 nettstedet (inkludert telefonnummer): <strong>Ja<\/strong><\/li>\n<li> Lett \u00e5 f\u00e5 tak i <a href=\"https:\/\/moverdb.com\/nb\/sitater\/\">internasjonale flyttetilbud<\/a>? (skjema for foresp\u00f8rsel om prisoverslag p\u00e5 nett): <strong>Ja<\/strong><\/li>\n<li> Tydelig informasjon p\u00e5 nettstedet: <strong>Delvis.<\/strong> Selv om nettstedet inneholder mye nyttig informasjon, er det ikke spesielt godt utformet. Dessuten er det ikke fullt ut responsivt p\u00e5 mobil.<\/li>\n<li> Medlemskap i internasjonalt anerkjente flytteorganisasjoner: <strong>Ja<\/strong>, 12 (se ovenfor)<\/li>\n<li> Liste over kunder og\/eller tidligere kundeuttalelser: <strong>Delvis.<\/strong> Selv om det er noen attester spredt over hele nettstedet, er det ikke noe sted \u00e5 se dem alle. Dessuten har de en kundeseksjon under bedriftsflyttinger, men ingen kunder er nevnt ved navn.<\/li>\n<\/ol>\n<div itemprop=\"reviewRating\" itemscope itemtype=\"http:\/\/schema.org\/Rating\"><meta itemprop=\"worstRating\" content = \"0\" \/><meta itemprop=\"bestRating\" content=\"5\" \/><meta itemprop=\"ratingValue\" content=\"4\"><\/div>\n<p><strong>Samlet poengsum: 4\/5<\/strong><br \/>\n<strong>Dato for gjennomgang:<\/strong> <span itemprop=\"datePublished\" content=\"2016-04-21\">21\/04\/2016<\/span>\n<\/div>\n<p>Les mer om <a href=\"https:\/\/moverdb.com\/nb\/flyttefirmaer\/\">internasjonale flyttebyr\u00e5er<\/a>, <a href=\"https:\/\/moverdb.com\/nb\/us-canada-movers\/\">USA-baserte flyttebyr\u00e5er<\/a> og v\u00e5r <a href=\"https:\/\/moverdb.com\/nb\/vurderinger\/\">gjennomgangsprosessen forklart<\/a>.<\/p>\n<p><strong>Nettsted:<\/strong> <a href=\"https:\/\/www.atlasvanlines.com\/international-movers\" target=\"_blank\" rel=\"noopener\">https:\/\/www.atlasvanlines.com\/international-movers<\/a><\/p>","protected":false},"excerpt":{"rendered":"<p>Atlas Van Lines International offers the following services for people moving abroad. You can also view a company profile and read reviews below: Personal and Corporate moves: Transportation Services Global door-to-door household goods transportation Ocean &#038; air freight Automobiles and boats Project freight (exhibits and displays) Relocation Services Program administration &#038; support Policy development Consulting [&hellip;]<\/p>\n","protected":false},"author":1,"featured_media":0,"parent":0,"menu_order":0,"comment_status":"closed","ping_status":"closed","template":"","meta":{"_genesis_hide_title":false,"_genesis_hide_breadcrumbs":false,"_genesis_hide_singular_image":false,"_genesis_hide_footer_widgets":false,"_genesis_custom_body_class":"","_genesis_custom_post_class":"","_genesis_layout":"","footnotes":""},"class_list":{"0":"post-246","1":"page","2":"type-page","3":"status-publish","5":"entry"},"_links":{"self":[{"href":"https:\/\/moverdb.com\/nb\/wp-json\/wp\/v2\/pages\/246","targetHints":{"allow":["GET"]}}],"collection":[{"href":"https:\/\/moverdb.com\/nb\/wp-json\/wp\/v2\/pages"}],"about":[{"href":"https:\/\/moverdb.com\/nb\/wp-json\/wp\/v2\/types\/page"}],"author":[{"embeddable":true,"href":"https:\/\/moverdb.com\/nb\/wp-json\/wp\/v2\/users\/1"}],"replies":[{"embeddable":true,"href":"https:\/\/moverdb.com\/nb\/wp-json\/wp\/v2\/comments?post=246"}],"version-history":[{"count":29,"href":"https:\/\/moverdb.com\/nb\/wp-json\/wp\/v2\/pages\/246\/revisions"}],"predecessor-version":[{"id":6178,"href":"https:\/\/moverdb.com\/nb\/wp-json\/wp\/v2\/pages\/246\/revisions\/6178"}],"wp:attachment":[{"href":"https:\/\/moverdb.com\/nb\/wp-json\/wp\/v2\/media?parent=246"}],"curies":[{"name":"wp","href":"https:\/\/api.w.org\/{rel}","templated":true}]}}