{"id":225,"date":"2016-03-28T16:58:52","date_gmt":"2016-03-28T16:58:52","guid":{"rendered":"http:\/\/moverdb.com\/?page_id=225"},"modified":"2026-01-08T14:47:25","modified_gmt":"2026-01-08T14:47:25","slug":"om","status":"publish","type":"page","link":"https:\/\/moverdb.com\/nb\/about\/","title":{"rendered":"Om"},"content":{"rendered":"<p>MoverDB.com ble opprettet for \u00e5 gi deg upartisk informasjon om <a href=\"https:\/\/moverdb.com\/nb\/moving-companies\/\" data-internallinksmanager029f6b8e52c=\"79\" title=\"Topp 25 internasjonale flyttebyr\u00e5er p\u00e5 nettet\">internasjonale flyttebyr\u00e5er<\/a> og kostnadene forbundet med \u00e5 flytte utenlands. <\/p>\n<p>For \u00e5 hjelpe deg har vi laget noen praktiske veiledninger for \u00e5 komme i gang. Du kan finne ut mer om:<\/p>\n<ul>\n<li> <a href=\"https:\/\/moverdb.com\/nb\/containertransport\/\">Priser for internasjonal containerfrakt<\/a><\/li>\n<li> <a href=\"https:\/\/moverdb.com\/nb\/flyttefirmaer\/\">Topp 25 internasjonale flyttebyr\u00e5er p\u00e5 nettet<\/a><\/li>\n<li> <a href=\"https:\/\/moverdb.com\/nb\/rederier\/\">Topp 20 internasjonale rederier<\/a><\/li>\n<li> <a href=\"https:\/\/moverdb.com\/nb\/internasjonale-flyttinger\/\">Internasjonale flyttinger: Topp 12 selskaper i Storbritannia<\/a><\/li>\n<li> <a href=\"https:\/\/moverdb.com\/nb\/flyttekostnader\/\">Internasjonale flyttekostnader: 9 ting du ikke kan ignorere<\/a><\/li>\n<li> <a href=\"https:\/\/moverdb.com\/nb\/speditor\/\">Spedit\u00f8r &amp; NVOCC Internasjonal kostnads- og selskapsguide<\/a><\/li>\n<li> <a href=\"https:\/\/moverdb.com\/nb\/sitater\/\">Internasjonale flyttetilbud: 12 m\u00e5ter \u00e5 sammenligne flyttelasset ditt p\u00e5<\/a><\/li>\n<\/ul>\n<p>Det er ogs\u00e5 verdt \u00e5 merke seg at du kan bruke skjemaet \u00f8verst p\u00e5 siden til \u00e5 be om tilbud fra opptil 6 internasjonale flyttebyr\u00e5er. Vi samarbeider med <a href=\"https:\/\/moverdb.com\/nb\/international-removals\/\" data-internallinksmanager029f6b8e52c=\"27\" title=\"De 36 beste internasjonale flyttebyr\u00e5ene i Storbritannia\">Internasjonale flyttinger<\/a> Direct for \u00e5 sikre at du blir matchet med noen av de beste selskapene i verden. <\/p>\n<p>Hvis det er noe du har lyst til \u00e5 se p\u00e5 nettstedet v\u00e5rt, er du velkommen til \u00e5 <a href=\"https:\/\/moverdb.com\/nb\/kontakt-oss\/\">kontakt oss<\/a>.<\/p>","protected":false},"excerpt":{"rendered":"<p>MoverDB.com was set-up to give you unbiased information about international moving companies and the costs associated with moving overseas. To help you we&#8217;ve created some handy guides to get you started. You can find out about: International Container Shipping Rates Top 25 International Moving Companies Online Top 20 International Shipping Companies International Removals: Top 12 [&hellip;]<\/p>\n","protected":false},"author":1,"featured_media":0,"parent":0,"menu_order":0,"comment_status":"closed","ping_status":"closed","template":"","meta":{"_genesis_hide_title":false,"_genesis_hide_breadcrumbs":false,"_genesis_hide_singular_image":false,"_genesis_hide_footer_widgets":false,"_genesis_custom_body_class":"","_genesis_custom_post_class":"","_genesis_layout":"","footnotes":""},"class_list":{"0":"post-225","1":"page","2":"type-page","3":"status-publish","5":"entry"},"_links":{"self":[{"href":"https:\/\/moverdb.com\/nb\/wp-json\/wp\/v2\/pages\/225","targetHints":{"allow":["GET"]}}],"collection":[{"href":"https:\/\/moverdb.com\/nb\/wp-json\/wp\/v2\/pages"}],"about":[{"href":"https:\/\/moverdb.com\/nb\/wp-json\/wp\/v2\/types\/page"}],"author":[{"embeddable":true,"href":"https:\/\/moverdb.com\/nb\/wp-json\/wp\/v2\/users\/1"}],"replies":[{"embeddable":true,"href":"https:\/\/moverdb.com\/nb\/wp-json\/wp\/v2\/comments?post=225"}],"version-history":[{"count":4,"href":"https:\/\/moverdb.com\/nb\/wp-json\/wp\/v2\/pages\/225\/revisions"}],"predecessor-version":[{"id":5337,"href":"https:\/\/moverdb.com\/nb\/wp-json\/wp\/v2\/pages\/225\/revisions\/5337"}],"wp:attachment":[{"href":"https:\/\/moverdb.com\/nb\/wp-json\/wp\/v2\/media?parent=225"}],"curies":[{"name":"wp","href":"https:\/\/api.w.org\/{rel}","templated":true}]}}