{"id":17400,"date":"2024-07-03T09:12:02","date_gmt":"2024-07-03T09:12:02","guid":{"rendered":"https:\/\/moverdb.com\/?page_id=17400"},"modified":"2026-05-15T14:59:06","modified_gmt":"2026-05-15T14:59:06","slug":"ubox-cost","status":"publish","type":"page","link":"https:\/\/moverdb.com\/nb\/ubox-cost\/","title":{"rendered":"Hvor mye koster Ubox? 2024 Spareguide"},"content":{"rendered":"<figure class=\"wp-block-image size-full\"><img loading=\"lazy\" decoding=\"async\" width=\"1000\" height=\"667\" class=\"wp-image-11037\" src=\"https:\/\/moverdb.com\/wp-content\/uploads\/u-box-moving-1.jpg\" alt=\"\" srcset=\"https:\/\/moverdb.com\/wp-content\/uploads\/u-box-moving-1.jpg 1000w, https:\/\/moverdb.com\/wp-content\/uploads\/u-box-moving-1-300x200.jpg 300w, https:\/\/moverdb.com\/wp-content\/uploads\/u-box-moving-1-18x12.jpg 18w, https:\/\/moverdb.com\/wp-content\/uploads\/u-box-moving-1-600x400.jpg 600w\" sizes=\"auto, (max-width: 1000px) 100vw, 1000px\" \/><\/figure>\r\n\r\n\r\n\r\n<p>U-Box er U-Haul's allsidige og praktiske oppbevaringsl\u00f8sning som er utviklet for \u00e5 forenkle dine flytte- og oppbevaringsbehov. Med U-Box f\u00e5r du fleksibiliteten til \u00e5 lagre eiendelene dine p\u00e5 <em>din<\/em> vilk\u00e5r, enten du skal flytte, rydde opp eller bare har behov for midlertidig lagring.\u00a0<\/p>\r\n\r\n\r\n\r\n\r\n\r\n<p>Guiden v\u00e5r vil dekke f\u00f8lgende:<\/p>\r\n\r\n\r\n\r\n<ul class=\"wp-block-list\">\r\n<li>Hvor mye koster U-Box<\/li>\r\n\r\n\r\n\r\n<li>Hva p\u00e5virker kostnaden for U-Box<\/li>\r\n\r\n\r\n\r\n<li>Slik sparer du penger p\u00e5 U-Box<\/li>\r\n\r\n\r\n\r\n<li>Hva inneb\u00e6rer det \u00e5 bruke U-Box?<\/li>\r\n\r\n\r\n\r\n<li>Slik vet du om U-Box er det beste valget for deg<\/li>\r\n\r\n\r\n\r\n<li>Hvordan finne og ansette U-Box<\/li>\r\n<\/ul>\r\n\r\n\r\n\r\n<p>U-Box-containere er flyttbare, sikre og leveres rett hjem til deg, noe som gj\u00f8r flytting og oppbevaring av flyttegodset ditt problemfritt. Hvis du tror at U-Box kan v\u00e6re l\u00f8sningen du trenger, kan du fortsette \u00e5 lese for \u00e5 finne ut v\u00e5re beste tips for \u00e5 spare penger under flyttingen.<\/p>\r\n\r\n\r\n\r\n<div id=\"ez-toc-container\" class=\"ez-toc-v2_0_83 ez-toc-wrap-left counter-hierarchy ez-toc-counter ez-toc-transparent ez-toc-container-direction\">\n<div class=\"ez-toc-title-container\">\n<p class=\"ez-toc-title\" style=\"cursor:inherit\">Seksjoner<\/p>\n<span class=\"ez-toc-title-toggle\"><a href=\"#\" class=\"ez-toc-pull-right ez-toc-btn ez-toc-btn-xs ez-toc-btn-default ez-toc-toggle\" aria-label=\"Bytt innholdsfortegnelse\"><span class=\"ez-toc-js-icon-con\"><span class=\"\"><span class=\"eztoc-hide\" style=\"display:none;\">Toggle<\/span><span class=\"ez-toc-icon-toggle-span\"><svg style=\"fill: #999;color:#999\" xmlns=\"http:\/\/www.w3.org\/2000\/svg\" class=\"list-377408\" width=\"20px\" height=\"20px\" viewbox=\"0 0 24 24\" fill=\"none\"><path d=\"M6 6H4v2h2V6zm14 0H8v2h12V6zM4 11h2v2H4v-2zm16 0H8v2h12v-2zM4 16h2v2H4v-2zm16 0H8v2h12v-2z\" fill=\"currentColor\"><\/path><\/svg><svg style=\"fill: #999;color:#999\" class=\"arrow-unsorted-368013\" xmlns=\"http:\/\/www.w3.org\/2000\/svg\" width=\"10px\" height=\"10px\" viewbox=\"0 0 24 24\" version=\"1.2\" baseprofile=\"tiny\"><path d=\"M18.2 9.3l-6.2-6.3-6.2 6.3c-.2.2-.3.4-.3.7s.1.5.3.7c.2.2.4.3.7.3h11c.3 0 .5-.1.7-.3.2-.2.3-.5.3-.7s-.1-.5-.3-.7zM5.8 14.7l6.2 6.3 6.2-6.3c.2-.2.3-.5.3-.7s-.1-.5-.3-.7c-.2-.2-.4-.3-.7-.3h-11c-.3 0-.5.1-.7.3-.2.2-.3.5-.3.7s.1.5.3.7z\"\/><\/svg><\/span><\/span><\/span><\/a><\/span><\/div>\n<nav><ul class='ez-toc-list ez-toc-list-level-1 eztoc-toggle-hide-by-default' ><li class='ez-toc-page-1 ez-toc-heading-level-2'><a class=\"ez-toc-link ez-toc-heading-1\" href=\"https:\/\/moverdb.com\/nb\/ubox-cost\/#How_Much_Does_U-Box_Cost\" >Hvor mye koster U-Box?<\/a><\/li><li class='ez-toc-page-1 ez-toc-heading-level-2'><a class=\"ez-toc-link ez-toc-heading-2\" href=\"https:\/\/moverdb.com\/nb\/ubox-cost\/#What_Affects_the_Cost_of_U-Box\" >Hva p\u00e5virker kostnaden for U-Box?<\/a><\/li><li class='ez-toc-page-1 ez-toc-heading-level-2'><a class=\"ez-toc-link ez-toc-heading-3\" href=\"https:\/\/moverdb.com\/nb\/ubox-cost\/#How_Can_I_Save_Money_on_U-Box\" >Hvordan kan jeg spare penger p\u00e5 U-Box?<\/a><\/li><li class='ez-toc-page-1 ez-toc-heading-level-2'><a class=\"ez-toc-link ez-toc-heading-4\" href=\"https:\/\/moverdb.com\/nb\/ubox-cost\/#Whats_Involved_in_Hiring_U-Box\" >Hva inneb\u00e6rer det \u00e5 ansette U-Box?<\/a><\/li><li class='ez-toc-page-1 ez-toc-heading-level-2'><a class=\"ez-toc-link ez-toc-heading-5\" href=\"https:\/\/moverdb.com\/nb\/ubox-cost\/#Is_U-Box_the_Best_Choice_for_Me\" >Er U-Box det beste valget for meg?<\/a><\/li><li class='ez-toc-page-1 ez-toc-heading-level-2'><a class=\"ez-toc-link ez-toc-heading-6\" href=\"https:\/\/moverdb.com\/nb\/ubox-cost\/#How_Do_I_Find_and_Hire_a_U-Box\" >Hvordan finner og ansetter jeg en U-Box?<\/a><\/li><li class='ez-toc-page-1 ez-toc-heading-level-2'><a class=\"ez-toc-link ez-toc-heading-7\" href=\"https:\/\/moverdb.com\/nb\/ubox-cost\/#Final_Checklist\" >Endelig sjekkliste<\/a><\/li><li class='ez-toc-page-1 ez-toc-heading-level-2'><a class=\"ez-toc-link ez-toc-heading-8\" href=\"https:\/\/moverdb.com\/nb\/ubox-cost\/#Frequently_Asked_Questions\" >Ofte stilte sp\u00f8rsm\u00e5l<\/a><ul class='ez-toc-list-level-3' ><li class='ez-toc-heading-level-3'><a class=\"ez-toc-link ez-toc-heading-9\" href=\"https:\/\/moverdb.com\/nb\/ubox-cost\/#What_is_U-Box_and_How_Does_It_Work\" >Hva er U-Box og hvordan fungerer den?<\/a><\/li><li class='ez-toc-page-1 ez-toc-heading-level-3'><a class=\"ez-toc-link ez-toc-heading-10\" href=\"https:\/\/moverdb.com\/nb\/ubox-cost\/#How_Do_I_Reserve_a_U-Box_Container\" >Hvordan reserverer jeg en U-Box-container?<\/a><\/li><li class='ez-toc-page-1 ez-toc-heading-level-3'><a class=\"ez-toc-link ez-toc-heading-11\" href=\"https:\/\/moverdb.com\/nb\/ubox-cost\/#Can_U-Box_Containers_Be_Used_for_Long-Distance_Moves\" >Kan U-Box-containere brukes til langdistanseflytting?<\/a><\/li><li class='ez-toc-page-1 ez-toc-heading-level-3'><a class=\"ez-toc-link ez-toc-heading-12\" href=\"https:\/\/moverdb.com\/nb\/ubox-cost\/#Can_I_Access_My_U-Box_While_Its_in_Storage\" >Kan jeg f\u00e5 tilgang til U-Boxen min mens den er lagret?<\/a><\/li><li class='ez-toc-page-1 ez-toc-heading-level-3'><a class=\"ez-toc-link ez-toc-heading-13\" href=\"https:\/\/moverdb.com\/nb\/ubox-cost\/#Can_U-Haul_Help_with_Loading_and_Unloading_My_U-Box\" >Kan U-Haul hjelpe med lasting og lossing av U-Boxen min?<\/a><\/li><\/ul><\/li><\/ul><\/nav><\/div>\n<h2 class=\"wp-block-heading\"><span class=\"ez-toc-section\" id=\"How_Much_Does_U-Box_Cost\"><\/span><b>Hvor mye koster U-Box?<\/b><span class=\"ez-toc-section-end\"><\/span><\/h2>\r\n\r\n\r\n\r\n<p>U-Box appellerer til kunder som setter pris p\u00e5 en alt-i-ett-l\u00f8sning og er villige til \u00e5 investere i bekvemmelighet.<\/p>\r\n\r\n\r\n\r\n<p>U-Box tilbyr en omfattende pakke med en gjennomsnittlig containerpris p\u00e5 $3 700+, som ikke bare inkluderer containeren, men ogs\u00e5 leie av kj\u00f8ret\u00f8y og selve boksen. Inkluderingen av disse elementene bidrar til den h\u00f8yere prisen.<\/p>\r\n\r\n\r\n\n<table id=\"tablepress-361\" class=\"tablepress tablepress-id-361\">\n<thead>\n<tr class=\"row-1\">\n\t<th class=\"column-1\">Service<\/th><th class=\"column-2\">Ansl\u00e5tt kostnad<\/th>\n<\/tr>\n<\/thead>\n<tbody class=\"row-striping row-hover\">\n<tr class=\"row-2\">\n\t<td class=\"column-1\">Pris per eske\/beholder<\/td><td class=\"column-2\">$100<\/td>\n<\/tr>\n<tr class=\"row-3\">\n\t<td class=\"column-1\">Leveringsgebyr per eske\/beholder<\/td><td class=\"column-2\">$99<\/td>\n<\/tr>\n<tr class=\"row-4\">\n\t<td class=\"column-1\">Flyttehjelp<\/td><td class=\"column-2\">$40<\/td>\n<\/tr>\n<tr class=\"row-5\">\n\t<td class=\"column-1\">Forsikringsdekning<\/td><td class=\"column-2\">$20<\/td>\n<\/tr>\n<\/tbody>\n<\/table>\n<!-- #tablepress-361 from cache -->\n\r\n\r\n\r\n<p>Basiskostnaden per eske er $100, og leveringsgebyret per eske\/container er $99. Hvis du \u00f8nsker flyttehjelp - pakking og lasting - kan dette koste $40, og forsikring for eiendelene dine mens de er lagret koster $20.<\/p>\r\n\r\n\r\n\r\n<p>I kostnadssammenligningen v\u00e5r ser vi p\u00e5 ulike leverand\u00f8rer av DIY-biler og lagringsenheter for \u00e5 sammenligne og kontrastere prisene deres, slik at du f\u00e5r et godt inntrykk av hva slags kostnader du vil st\u00f8te p\u00e5 n\u00e5r du \u00f8nsker \u00e5 leie flyttetjenester.<\/p>\r\n\r\n\r\n\r\n\n<table id=\"tablepress-359\" class=\"tablepress tablepress-id-359\">\n<thead>\n<tr class=\"row-1\">\n\t<th class=\"column-1\">Tjenesteleverand\u00f8r<\/th><th class=\"column-2\">Gjennomsnittlig pris for leie av container\/kj\u00f8ret\u00f8y<\/th>\n<\/tr>\n<\/thead>\n<tbody class=\"row-striping row-hover\">\n<tr class=\"row-2\">\n\t<td class=\"column-1\">PODS<\/td><td class=\"column-2\">$6,100+<\/td>\n<\/tr>\n<tr class=\"row-3\">\n\t<td class=\"column-1\">U-Pack<\/td><td class=\"column-2\">$3,000+<\/td>\n<\/tr>\n<tr class=\"row-4\">\n\t<td class=\"column-1\">1-800-PACK-RAT<\/td><td class=\"column-2\">$3,000+<\/td>\n<\/tr>\n<tr class=\"row-5\">\n\t<td class=\"column-1\">zippyshell<\/td><td class=\"column-2\">$2,900+<\/td>\n<\/tr>\n<tr class=\"row-6\">\n\t<td class=\"column-1\">U-Haul<\/td><td class=\"column-2\">$3,500+<\/td>\n<\/tr>\n<tr class=\"row-7\">\n\t<td class=\"column-1\">SMARTBOX<\/td><td class=\"column-2\">$3,100+<\/td>\n<\/tr>\n<tr class=\"row-8\">\n\t<td class=\"column-1\">U-boks<\/td><td class=\"column-2\">$3 700+ (inkludert leie av kj\u00f8ret\u00f8y og kasse)<\/td>\n<\/tr>\n<\/tbody>\n<\/table>\n<!-- #tablepress-359 from cache -->\r\n\r\n\r\n\r\n<p>Prisene fra andre leverand\u00f8rer ligger p\u00e5 mellom $2 900 p\u00e5 det laveste og $6 100+ i den h\u00f8yeste enden av spekteret.<\/p>\r\n\r\n\r\n\r\n<h2 class=\"wp-block-heading\"><span class=\"ez-toc-section\" id=\"What_Affects_the_Cost_of_U-Box\"><\/span><b>Hva p\u00e5virker kostnaden for U-Box?<\/b><span class=\"ez-toc-section-end\"><\/span><\/h2>\r\n\r\n\r\n\r\n<p>Det er fire hovedfaktorer som kan p\u00e5virke kostnadene for U-Box-lagring - la oss se n\u00e6rmere p\u00e5 dem:<\/p>\r\n\r\n\r\n\r\n<p><strong><a href=\"https:\/\/moverdb.com\/nb\/shipping-container-sizes-and-dimensions\/\" data-internallinksmanager029f6b8e52c=\"247\" title=\"Den ultimate guiden til st\u00f8rrelser og dimensjoner p\u00e5 fraktcontainere\">Beholderst\u00f8rrelse<\/a><\/strong><\/p>\r\n\r\n\r\n\r\n<p>St\u00f8rrelsen p\u00e5 U-Box-containeren du velger, har direkte innvirkning p\u00e5 kostnadene. St\u00f8rre containere gir mer plass og lagringskapasitet, men de kan ha en h\u00f8yere pris sammenlignet med mindre alternativer.<\/p>\r\n\r\n\r\n\r\n<p>For \u00e5 f\u00e5 mest mulig valuta for pengene b\u00f8r du velge den containerst\u00f8rrelsen som passer best til eiendelene dine.<\/p>\r\n\r\n\r\n\r\n<p><strong>Lagring Varighet<\/strong><\/p>\r\n\r\n\r\n\r\n<p>Hvor lenge du planlegger \u00e5 bruke U-Box-lageret kan p\u00e5virke kostnadene, og lengre lagringsperioder koster mer enn korttidsleie. For \u00e5 f\u00e5 mest mulig ut av dette b\u00f8r du velge et abonnement som passer til tidslinjen din - men ikke v\u00e6r for optimistisk, ettersom det kan v\u00e6re dyrt \u00e5 legge til ekstra varighet.<\/p>\r\n\r\n\r\n\r\n<p><strong>Leveringssted<\/strong><\/p>\r\n\r\n\r\n\r\n<p>Avstanden mellom U-Box-lageret og leveringsstedet ditt kan p\u00e5virke kostnadene, og avhengig av avstanden kan leveringsgebyrene variere. N\u00e5r du beregner den totale kostnaden for leien din, m\u00e5 du ta hensyn til hvor U-Box-lageret ligger i forhold til din endelige destinasjon.\u00a0<\/p>\r\n\r\n\r\n\r\n<p><strong>Tilleggstjenester<\/strong><\/p>\r\n\r\n\r\n\r\n<p>U-Box tilbyr ulike tilleggstjenester, for eksempel profesjonell hjelp til lasting og lossing, klimakontrollert lagring og forsikringsdekning. Hvis du velger disse tjenestene, kan det p\u00e5virke totalkostnaden for din U-Box-opplevelse, s\u00e5 det er best \u00e5 vurdere hvilke tjenester som er viktige for dine behov og budsjettere deretter.<\/p>\r\n\r\n\r\n\r\n\r\n\r\n<h2 class=\"wp-block-heading\"><span class=\"ez-toc-section\" id=\"How_Can_I_Save_Money_on_U-Box\"><\/span><strong>Hvordan kan jeg spare penger p\u00e5 U-Box?<\/strong><span class=\"ez-toc-section-end\"><\/span><\/h2>\r\n\r\n\r\n\r\n<figure class=\"wp-block-image size-full\"><img loading=\"lazy\" decoding=\"async\" width=\"1000\" height=\"667\" class=\"wp-image-11038\" src=\"https:\/\/moverdb.com\/wp-content\/uploads\/u-box-moving-2.jpg\" alt=\"\" srcset=\"https:\/\/moverdb.com\/wp-content\/uploads\/u-box-moving-2.jpg 1000w, https:\/\/moverdb.com\/wp-content\/uploads\/u-box-moving-2-300x200.jpg 300w, https:\/\/moverdb.com\/wp-content\/uploads\/u-box-moving-2-18x12.jpg 18w, https:\/\/moverdb.com\/wp-content\/uploads\/u-box-moving-2-600x400.jpg 600w\" sizes=\"auto, (max-width: 1000px) 100vw, 1000px\" \/><\/figure>\r\n\r\n\r\n\r\n<p>Ved \u00e5 v\u00e6re strategisk i valgene dine og tilpasse U-Box-opplevelsen til dine spesifikke behov, kan du spare penger. La oss ta en n\u00e6rmere titt.<\/p>\r\n\r\n\r\n\r\n<p>Den viktigste faktoren for \u00e5 spare penger er \u00e5 velge en U-Box-containerst\u00f8rrelse som passer til dine lagringsbehov. Dette betyr at du b\u00f8r unng\u00e5 \u00e5 leie en st\u00f8rre container enn n\u00f8dvendig, da dette kan f\u00f8re til un\u00f8dvendige utgifter.\u00a0<\/p>\r\n\r\n\r\n\r\n<p>Hvis det er mulig, b\u00f8r du velge en s\u00e5 kort lagringstid som mulig, da kortere lagringsperioder kan hjelpe deg med \u00e5 unng\u00e5 ekstra kostnader forbundet med lengre leieperioder. Planlegg i god tid og beregn hvor lenge du trenger lagringsplass for \u00e5 optimalisere kostnadsbesparelsene - men pass p\u00e5 at du ikke overvurderer effektiviteten, da ekstra leiedager fort kan bli for mye.<\/p>\r\n\r\n\r\n\r\n<p>N\u00e5r det er mulig, b\u00f8r du velge et U-Box-lager som ligger beleilig til for \u00e5 redusere leveringsgebyrene. Ved \u00e5 velge et lager n\u00e6r hjemmet eller destinasjonen kan du minimere transportkostnadene og gj\u00f8re den totale lagringsopplevelsen mer kostnadseffektiv.<\/p>\r\n\r\n\r\n\r\n<p>Selv om U-Box tilbyr en rekke tilleggstjenester, b\u00f8r du vurdere n\u00f8ye hvilke som er viktige for din situasjon. Ved \u00e5 velge de tjenestene du virkelig trenger, kan du unng\u00e5 un\u00f8dvendige utgifter og holde de totale kostnadene under kontroll.<\/p>\r\n\r\n\r\n\r\n<h2 class=\"wp-block-heading\"><span class=\"ez-toc-section\" id=\"Whats_Involved_in_Hiring_U-Box\"><\/span><strong>Hva inneb\u00e6rer det \u00e5 ansette U-Box?<\/strong><span class=\"ez-toc-section-end\"><\/span><\/h2>\r\n\r\n\r\n\r\n<p>Til \u00e5 begynne med velger du den U-Box-containerst\u00f8rrelsen som passer dine lagringsbehov, og reserverer den enten p\u00e5 nettet eller via telefon. N\u00e5r reservasjonen er bekreftet, vil U-Haul levere U-Box-containeren direkte til din adresse.\u00a0<\/p>\r\n\r\n\r\n\r\n<p>N\u00e5r den er hjemme hos deg, kan du ta deg god tid til \u00e5 laste inn eiendelene dine i containeren n\u00e5r det passer deg. Etter at du har lastet U-Boxen, vil U-Haul hente den og transportere den til det valgte lageret eller den destinasjonen du har angitt.\u00a0<\/p>\r\n\r\n\r\n\r\n<p>Hvis du trenger hjelp med lasting og lossing, tilbyr U-Haul profesjonelle arbeidstjenester for \u00e5 sikre en smidig prosess. Under hele reisen forblir eiendelene dine sikre i U-Box-containeren.\u00a0<\/p>\r\n\r\n\r\n\r\n<h2 class=\"wp-block-heading\"><span class=\"ez-toc-section\" id=\"Is_U-Box_the_Best_Choice_for_Me\"><\/span><strong>Er U-Box det beste valget for meg?<\/strong><span class=\"ez-toc-section-end\"><\/span><\/h2>\r\n\r\n\r\n\r\n<p>Det finnes s\u00e5 mange alternativer p\u00e5 markedet n\u00e5r det gjelder flytte- og oppbevaringsl\u00f8sninger, s\u00e5 det kan v\u00e6re vanskelig \u00e5 vite hva som er riktig for deg. La oss se p\u00e5 de viktigste fordelene og ulempene n\u00e5r du vurderer \u00e5 leie en U-Box.<\/p>\r\n\r\n\r\n\n<table id=\"tablepress-345\" class=\"tablepress tablepress-id-345\">\n<thead>\n<tr class=\"row-1\">\n\t<th class=\"column-1\">Fordeler med U-Box<\/th><th class=\"column-2\">Ulemper med U-Box<\/th>\n<\/tr>\n<\/thead>\n<tbody class=\"row-striping row-hover\">\n<tr class=\"row-2\">\n\t<td class=\"column-1\">Fleksibilitet i forhold til flyttetidspunkt og -plan<\/td><td class=\"column-2\">Arbeidskrevende - du m\u00e5 laste og losse selv, med mindre du legger til et arbeidstillegg<\/td>\n<\/tr>\n<tr class=\"row-3\">\n\t<td class=\"column-1\">Billigere enn tradisjonelle flyttel\u00f8sninger med full service<\/td><td class=\"column-2\">Tilgjengelighet - travle perioder kan f\u00f8re til mindre tilgjengelighet <\/td>\n<\/tr>\n<tr class=\"row-4\">\n\t<td class=\"column-1\">Du kan holde \u00f8ye med eiendelene dine under flytteprosessen<\/td><td class=\"column-2\">Lengre leietid kan bli dyrt<\/td>\n<\/tr>\n<\/tbody>\n<\/table>\n<!-- #tablepress-345 from cache -->\n\r\n\r\n\r\n<p>Den st\u00f8rste fordelen er bekvemmeligheten det gir deg - med tradisjonelle flyttebyr\u00e5er m\u00e5 du laste og losse p\u00e5 samme dag, mens U-Box gir deg fleksibilitet til \u00e5 pakke og pakke ut i ditt eget tempo.<\/p>\r\n\r\n\r\n\r\n<p>Det kan imidlertid p\u00e5l\u00f8pe ekstra kostnader avhengig av hvor langt dere befinner dere fra hverandre, og lengre lagringsperioder kan fort bli langt dyrere enn f\u00f8rst antatt.<\/p>\r\n\r\n\r\n\r\n<h2 class=\"wp-block-heading\"><span class=\"ez-toc-section\" id=\"How_Do_I_Find_and_Hire_a_U-Box\"><\/span><strong>Hvordan finner og ansetter jeg en U-Box?<\/strong><span class=\"ez-toc-section-end\"><\/span><\/h2>\r\n\r\n\r\n\r\n<figure class=\"wp-block-image size-full\"><img loading=\"lazy\" decoding=\"async\" width=\"1000\" height=\"562\" class=\"wp-image-11039\" src=\"https:\/\/moverdb.com\/wp-content\/uploads\/u-box-moving-3.jpg\" alt=\"\" srcset=\"https:\/\/moverdb.com\/wp-content\/uploads\/u-box-moving-3.jpg 1000w, https:\/\/moverdb.com\/wp-content\/uploads\/u-box-moving-3-300x169.jpg 300w, https:\/\/moverdb.com\/wp-content\/uploads\/u-box-moving-3-18x10.jpg 18w, https:\/\/moverdb.com\/wp-content\/uploads\/u-box-moving-3-600x337.jpg 600w\" sizes=\"auto, (max-width: 1000px) 100vw, 1000px\" \/><\/figure>\r\n\r\n\r\n\r\n<p>For \u00e5 komme i gang kan du g\u00e5 til U-Haul-nettstedet for \u00e5 s\u00f8ke etter U-Box-lagringssteder i n\u00e6rheten av deg, og angi hvor du befinner deg og \u00f8nskede lagringsdatoer for \u00e5 se tilgjengelige alternativer. Alternativt kan du ringe U-Hauls kundeservice for \u00e5 forh\u00f8re deg om tilgjengeligheten av U-Box og foreta en reservasjon over telefon.<\/p>\r\n\r\n\r\n\r\n<p>N\u00e5r du har valgt et U-Box-sted og bekreftet tilgjengeligheten, m\u00e5 du n\u00e5 velge den containerst\u00f8rrelsen som passer dine lagringsbehov. Fullf\u00f8r reservasjonsprosessen ved \u00e5 oppgi kontaktinformasjon, betalingsinformasjon og eventuelle tilleggstjenester du trenger.<\/p>\r\n\r\n\r\n\r\n<p>N\u00e5r dette er fullf\u00f8rt, vil U-Haul sende deg en bekreftelse med detaljer om din U-Box-reservasjon, og p\u00e5 den planlagte leveringsdagen vil U-Haul levere U-Box-containeren til det angitte stedet. Du kan deretter laste inn eiendelene dine n\u00e5r det passer deg.\u00a0<\/p>\r\n\r\n\r\n\r\n<p>N\u00e5r du er ferdig med lastingen, henter U-Haul U-Boxen og transporterer den til det angitte lageret eller din nye destinasjon.<\/p>\r\n\r\n\r\n\r\n<h2 class=\"wp-block-heading\"><span class=\"ez-toc-section\" id=\"Final_Checklist\"><\/span><strong>Endelig sjekkliste<\/strong><span class=\"ez-toc-section-end\"><\/span><\/h2>\r\n\r\n\r\n\r\n<p>Hvis du tror at U-Box er veien \u00e5 g\u00e5, b\u00f8r du bruke v\u00e5r siste sjekkliste for \u00e5 sikre at du ikke mangler noe p\u00e5 huskelisten din n\u00e5r den store dagen kommer.<\/p>\r\n\r\n\r\n\r\n<ul class=\"wp-block-list\">\r\n<li>Vurder fordeler og ulemper med U-Box - er bekvemmeligheten verdt den potensielle ufleksibiliteten med hensyn til tilgjengelige datoer?<\/li>\r\n\r\n\r\n\r\n<li>Ta en titt p\u00e5 tilleggene deres og avgj\u00f8r om noen av dem passer for deg. \u00d8nsker du hjelp med manuelt arbeid og lasting\/lossing?<\/li>\r\n\r\n\r\n\r\n<li>Sjekk om det p\u00e5l\u00f8per ekstra kostnader for de to lokasjonene dine<\/li>\r\n\r\n\r\n\r\n<li>Velg en beholder som har riktig st\u00f8rrelse for eiendelene dine<\/li>\r\n\r\n\r\n\r\n<li>Bestill tid og gj\u00f8r alt klart til den store dagen!<\/li>\r\n<\/ul>\r\n\r\n\r\n\r\n<h2 class=\"wp-block-heading\"><span class=\"ez-toc-section\" id=\"Frequently_Asked_Questions\"><\/span><strong>Ofte stilte sp\u00f8rsm\u00e5l<\/strong><span class=\"ez-toc-section-end\"><\/span><\/h2>\r\n\r\n\r\n<div id=\"rank-math-faq\" class=\"rank-math-block\">\n<div class=\"rank-math-list\">\n<div id=\"faq-question-1692269790738\" class=\"rank-math-list-item\">\n<h3 class=\"rank-math-question\"><span class=\"ez-toc-section\" id=\"What_is_U-Box_and_How_Does_It_Work\"><\/span><strong>Hva er U-Box og hvordan fungerer den?<\/strong><span class=\"ez-toc-section-end\"><\/span><\/h3>\n<div class=\"rank-math-answer\">\n\n<p>U-Box er en portabel lagringsl\u00f8sning som tilbyr bekvemmeligheten av leverte lagringscontainere. Du velger st\u00f8rrelsen p\u00e5 containeren, U-Haul leverer den til ditt sted, og du laster inn eiendelene dine. <\/p>\n<p>U-Haul henter deretter containeren for lagring eller transport.<\/p>\n\n<\/div>\n<\/div>\n<div id=\"faq-question-1692269827309\" class=\"rank-math-list-item\">\n<h3 class=\"rank-math-question\"><span class=\"ez-toc-section\" id=\"How_Do_I_Reserve_a_U-Box_Container\"><\/span><strong>Hvordan reserverer jeg en U-Box-container?<\/strong><span class=\"ez-toc-section-end\"><\/span><\/h3>\n<div class=\"rank-math-answer\">\n\n<p>Du kan gj\u00f8re det p\u00e5 nettet via U-Haul-nettstedet eller -appen ved \u00e5 oppgi sted og \u00f8nskede datoer. Alternativt kan du ringe U-Haul kundeservice for \u00e5 gj\u00f8re en reservasjon over telefon.<\/p>\n\n<\/div>\n<\/div>\n<div id=\"faq-question-1692269843670\" class=\"rank-math-list-item\">\n<h3 class=\"rank-math-question\"><span class=\"ez-toc-section\" id=\"Can_U-Box_Containers_Be_Used_for_Long-Distance_Moves\"><\/span><strong>Kan U-Box-containere brukes til langdistanseflytting?<\/strong><span class=\"ez-toc-section-end\"><\/span><\/h3>\n<div class=\"rank-math-answer\">\n\n<p>Ja, U-Box-containere er designet for b\u00e5de lokale og langdistanseflyttinger. Du kan laste eiendelene dine i U-Boxen der du befinner deg, og U-Haul transporterer dem til bestemmelsesstedet ditt, enten det er p\u00e5 den andre siden av byen eller p\u00e5 den andre siden av landet.<\/p>\n\n<\/div>\n<\/div>\n<div id=\"faq-question-1692269860435\" class=\"rank-math-list-item\">\n<h3 class=\"rank-math-question\"><span class=\"ez-toc-section\" id=\"Can_I_Access_My_U-Box_While_Its_in_Storage\"><\/span><strong>Kan jeg f\u00e5 tilgang til U-Boxen min mens den er lagret?<\/strong><span class=\"ez-toc-section-end\"><\/span><\/h3>\n<div class=\"rank-math-answer\">\n\n<p>Ja, du kan f\u00e5 tilgang til U-Boxen din mens den er p\u00e5 lager. Bare kontakt U-Box-anlegget for \u00e5 avtale tilgang. <\/p>\n<p>V\u00e6r oppmerksom p\u00e5 at det kan v\u00e6re visse prosedyrer og avgifter forbundet med \u00e5 f\u00e5 tilgang til containeren din under lagring.<\/p>\n\n<\/div>\n<\/div>\n<div id=\"faq-question-1692269875232\" class=\"rank-math-list-item\">\n<h3 class=\"rank-math-question\"><span class=\"ez-toc-section\" id=\"Can_U-Haul_Help_with_Loading_and_Unloading_My_U-Box\"><\/span><strong>Kan U-Haul hjelpe med lasting og lossing av U-Boxen min?<\/strong><span class=\"ez-toc-section-end\"><\/span><\/h3>\n<div class=\"rank-math-answer\">\n\n<p>Ja, U-Haul tilbyr laste- og lossetjenester for U-Box-containere. Hvis du trenger hjelp med tunge l\u00f8ft eller pakking, kan du leie profesjonell arbeidskraft gjennom U-Haul for \u00e5 gj\u00f8re prosessen smidigere.<\/p>\n\n<\/div>\n<\/div>\n<\/div>\n<\/div>","protected":false},"excerpt":{"rendered":"<p>U-Box is U-Haul&#8217;s versatile and convenient storage solution designed to simplify your moving and storage needs. With U-Box, you get the flexibility to store your belongings on your terms, whether you&#8217;re relocating, decluttering, or simply in need of temporary storage.\u00a0 Our guide will cover the following: U-Box containers are portable, secure, and delivered right to [&hellip;]<\/p>\n","protected":false},"author":1,"featured_media":0,"parent":0,"menu_order":0,"comment_status":"closed","ping_status":"closed","template":"","meta":{"_genesis_hide_title":false,"_genesis_hide_breadcrumbs":false,"_genesis_hide_singular_image":false,"_genesis_hide_footer_widgets":false,"_genesis_custom_body_class":"","_genesis_custom_post_class":"","_genesis_layout":"","footnotes":""},"class_list":{"0":"post-17400","1":"page","2":"type-page","3":"status-publish","5":"entry"},"_links":{"self":[{"href":"https:\/\/moverdb.com\/nb\/wp-json\/wp\/v2\/pages\/17400","targetHints":{"allow":["GET"]}}],"collection":[{"href":"https:\/\/moverdb.com\/nb\/wp-json\/wp\/v2\/pages"}],"about":[{"href":"https:\/\/moverdb.com\/nb\/wp-json\/wp\/v2\/types\/page"}],"author":[{"embeddable":true,"href":"https:\/\/moverdb.com\/nb\/wp-json\/wp\/v2\/users\/1"}],"replies":[{"embeddable":true,"href":"https:\/\/moverdb.com\/nb\/wp-json\/wp\/v2\/comments?post=17400"}],"version-history":[{"count":1,"href":"https:\/\/moverdb.com\/nb\/wp-json\/wp\/v2\/pages\/17400\/revisions"}],"predecessor-version":[{"id":17401,"href":"https:\/\/moverdb.com\/nb\/wp-json\/wp\/v2\/pages\/17400\/revisions\/17401"}],"wp:attachment":[{"href":"https:\/\/moverdb.com\/nb\/wp-json\/wp\/v2\/media?parent=17400"}],"curies":[{"name":"wp","href":"https:\/\/api.w.org\/{rel}","templated":true}]}}