{"id":17398,"date":"2024-07-03T09:10:49","date_gmt":"2024-07-03T09:10:49","guid":{"rendered":"https:\/\/moverdb.com\/?page_id=17398"},"modified":"2026-01-08T13:18:45","modified_gmt":"2026-01-08T13:18:45","slug":"u-haul-cost","status":"publish","type":"page","link":"https:\/\/moverdb.com\/nb\/u-haul-cost\/","title":{"rendered":"Hvor mye koster U-Haul? 2024 Guide for besparelser"},"content":{"rendered":"<figure class=\"wp-block-image size-full\"><img loading=\"lazy\" decoding=\"async\" width=\"1000\" height=\"667\" src=\"https:\/\/moverdb.com\/wp-content\/uploads\/u-haul-moving-1.jpg\" alt=\"\" class=\"wp-image-11040\" srcset=\"https:\/\/moverdb.com\/wp-content\/uploads\/u-haul-moving-1.jpg 1000w, https:\/\/moverdb.com\/wp-content\/uploads\/u-haul-moving-1-300x200.jpg 300w, https:\/\/moverdb.com\/wp-content\/uploads\/u-haul-moving-1-18x12.jpg 18w, https:\/\/moverdb.com\/wp-content\/uploads\/u-haul-moving-1-600x400.jpg 600w\" sizes=\"auto, (max-width: 1000px) 100vw, 1000px\" \/><\/figure>\r\n\r\n\r\n\r\n<p>U-Haul er fortsatt et popul\u00e6rt valg blant gj\u00f8r-det-selv-flyttere, men hvor mye koster det egentlig? I denne artikkelen dissekerer vi prismodellene til U-Haul, ser p\u00e5 de ulike faktorene som bidrar til den totale kostnaden - og gir deg viktige, kostnadseffektive flyttetips.<\/p>\r\n\r\n\r\n\r\n<p>Guiden v\u00e5r vil dekke f\u00f8lgende:<\/p>\r\n\r\n\r\n\r\n<ul class=\"wp-block-list\">\r\n<li>Hvor mye U-Haul koster<\/li>\r\n\r\n\r\n\r\n<li>Hva p\u00e5virker kostnaden for U-Haul<\/li>\r\n\r\n\r\n\r\n<li>Hvordan spare penger p\u00e5 U-Haul<\/li>\r\n\r\n\r\n\r\n<li>Hva inneb\u00e6rer det \u00e5 bruke U-Haul<\/li>\r\n\r\n\r\n\r\n<li>Slik vet du om U-Haul er det beste valget for deg<\/li>\r\n\r\n\r\n\r\n<li>Hvordan finne og leie U-Haul<\/li>\r\n<\/ul>\r\n\r\n\r\n\r\n<p>Hvis du har lyst til \u00e5 holde kostnadene nede og gj\u00f8re det selv, kan det \u00e5 bruke U-Haul v\u00e6re en god id\u00e9. La oss komme i gang.<\/p>\r\n\r\n\r\n\r\n<div id=\"ez-toc-container\" class=\"ez-toc-v2_0_82_2 ez-toc-wrap-left counter-hierarchy ez-toc-counter ez-toc-transparent ez-toc-container-direction\">\n<div class=\"ez-toc-title-container\">\n<p class=\"ez-toc-title\" style=\"cursor:inherit\">Seksjoner<\/p>\n<span class=\"ez-toc-title-toggle\"><a href=\"#\" class=\"ez-toc-pull-right ez-toc-btn ez-toc-btn-xs ez-toc-btn-default ez-toc-toggle\" aria-label=\"Bytt innholdsfortegnelse\"><span class=\"ez-toc-js-icon-con\"><span class=\"\"><span class=\"eztoc-hide\" style=\"display:none;\">Toggle<\/span><span class=\"ez-toc-icon-toggle-span\"><svg style=\"fill: #999;color:#999\" xmlns=\"http:\/\/www.w3.org\/2000\/svg\" class=\"list-377408\" width=\"20px\" height=\"20px\" viewbox=\"0 0 24 24\" fill=\"none\"><path d=\"M6 6H4v2h2V6zm14 0H8v2h12V6zM4 11h2v2H4v-2zm16 0H8v2h12v-2zM4 16h2v2H4v-2zm16 0H8v2h12v-2z\" fill=\"currentColor\"><\/path><\/svg><svg style=\"fill: #999;color:#999\" class=\"arrow-unsorted-368013\" xmlns=\"http:\/\/www.w3.org\/2000\/svg\" width=\"10px\" height=\"10px\" viewbox=\"0 0 24 24\" version=\"1.2\" baseprofile=\"tiny\"><path d=\"M18.2 9.3l-6.2-6.3-6.2 6.3c-.2.2-.3.4-.3.7s.1.5.3.7c.2.2.4.3.7.3h11c.3 0 .5-.1.7-.3.2-.2.3-.5.3-.7s-.1-.5-.3-.7zM5.8 14.7l6.2 6.3 6.2-6.3c.2-.2.3-.5.3-.7s-.1-.5-.3-.7c-.2-.2-.4-.3-.7-.3h-11c-.3 0-.5.1-.7.3-.2.2-.3.5-.3.7s.1.5.3.7z\"\/><\/svg><\/span><\/span><\/span><\/a><\/span><\/div>\n<nav><ul class='ez-toc-list ez-toc-list-level-1 eztoc-toggle-hide-by-default' ><li class='ez-toc-page-1 ez-toc-heading-level-2'><a class=\"ez-toc-link ez-toc-heading-1\" href=\"https:\/\/moverdb.com\/nb\/u-haul-cost\/#How_Much_Does_U-Haul_Cost\" >Hvor mye koster U-Haul?<\/a><\/li><li class='ez-toc-page-1 ez-toc-heading-level-2'><a class=\"ez-toc-link ez-toc-heading-2\" href=\"https:\/\/moverdb.com\/nb\/u-haul-cost\/#What_Affects_the_Cost_of_U-Haul\" >Hva p\u00e5virker kostnaden for U-Haul?<\/a><\/li><li class='ez-toc-page-1 ez-toc-heading-level-2'><a class=\"ez-toc-link ez-toc-heading-3\" href=\"https:\/\/moverdb.com\/nb\/u-haul-cost\/#How_Can_I_Save_Money_on_U-Haul\" >Hvordan kan jeg spare penger p\u00e5 U-Haul?<\/a><\/li><li class='ez-toc-page-1 ez-toc-heading-level-2'><a class=\"ez-toc-link ez-toc-heading-4\" href=\"https:\/\/moverdb.com\/nb\/u-haul-cost\/#Whats_Involved_in_Hiring_a_U-Haul\" >Hva inneb\u00e6rer det \u00e5 leie en U-Haul?<\/a><\/li><li class='ez-toc-page-1 ez-toc-heading-level-2'><a class=\"ez-toc-link ez-toc-heading-5\" href=\"https:\/\/moverdb.com\/nb\/u-haul-cost\/#Is_a_U-Haul_the_Best_Choice_for_Me\" >Er en U-Haul det beste valget for meg?<\/a><\/li><li class='ez-toc-page-1 ez-toc-heading-level-2'><a class=\"ez-toc-link ez-toc-heading-6\" href=\"https:\/\/moverdb.com\/nb\/u-haul-cost\/#Final_Checklist\" >Endelig sjekkliste<\/a><\/li><li class='ez-toc-page-1 ez-toc-heading-level-2'><a class=\"ez-toc-link ez-toc-heading-7\" href=\"https:\/\/moverdb.com\/nb\/u-haul-cost\/#Frequently_Asked_Questions\" >Ofte stilte sp\u00f8rsm\u00e5l<\/a><ul class='ez-toc-list-level-3' ><li class='ez-toc-heading-level-3'><a class=\"ez-toc-link ez-toc-heading-8\" href=\"https:\/\/moverdb.com\/nb\/u-haul-cost\/#How_Do_I_Reserve_a_U-Haul_Truck\" >Hvordan reserverer jeg en U-Haul-lastebil?<\/a><\/li><li class='ez-toc-page-1 ez-toc-heading-level-3'><a class=\"ez-toc-link ez-toc-heading-9\" href=\"https:\/\/moverdb.com\/nb\/u-haul-cost\/#What_Do_I_Need_to_Bring_for_Pickup\" >Hva m\u00e5 jeg ta med til henting?<\/a><\/li><li class='ez-toc-page-1 ez-toc-heading-level-3'><a class=\"ez-toc-link ez-toc-heading-10\" href=\"https:\/\/moverdb.com\/nb\/u-haul-cost\/#Can_I_Extend_My_Rental_Period\" >Kan jeg forlenge leieperioden min?<\/a><\/li><li class='ez-toc-page-1 ez-toc-heading-level-3'><a class=\"ez-toc-link ez-toc-heading-11\" href=\"https:\/\/moverdb.com\/nb\/u-haul-cost\/#What_Should_I_Do_if_I_Encounter_Issues_During_the_Rental\" >Hva skal jeg gj\u00f8re hvis jeg st\u00f8ter p\u00e5 problemer under utleien?<\/a><\/li><\/ul><\/li><\/ul><\/nav><\/div>\n<h2 class=\"wp-block-heading\"><span class=\"ez-toc-section\" id=\"How_Much_Does_U-Haul_Cost\"><\/span><strong>Hvor mye koster U-Haul?<\/strong><span class=\"ez-toc-section-end\"><\/span><\/h2>\r\n\r\n\r\n\r\n<p>U-Haul, et velkjent navn i flyttebransjen, tilbyr b\u00e5de containerflytting og leie av kj\u00f8ret\u00f8y. Selv om de kanskje forbindes med tradisjonell lastebilutleie, tilbyr containertjenesten deres en alternativ l\u00f8sning for flytting.<\/p>\r\n\r\n\r\n\r\n<p>U-Hauls merkevarekjennskap og landsdekkende tilgjengelighet bidrar til et h\u00f8yere prisniv\u00e5 sammenlignet med konkurrentene. La oss starte med \u00e5 ta en titt p\u00e5 gjennomsnittskostnaden for leie av U-Haul.<\/p>\r\n\r\n\r\n\n<table id=\"tablepress-360\" class=\"tablepress tablepress-id-360\">\n<thead>\n<tr class=\"row-1\">\n\t<th class=\"column-1\">Avstand<\/th><th class=\"column-2\">Ansl\u00e5tt kostnad<\/th>\n<\/tr>\n<\/thead>\n<tbody class=\"row-striping row-hover\">\n<tr class=\"row-2\">\n\t<td class=\"column-1\">80 kilometer<\/td><td class=\"column-2\">$25 + $0,99 per mil<\/td>\n<\/tr>\n<tr class=\"row-3\">\n\t<td class=\"column-1\">450 miles<\/td><td class=\"column-2\">$600+<\/td>\n<\/tr>\n<tr class=\"row-4\">\n\t<td class=\"column-1\">Mer enn 1 000 mil<\/td><td class=\"column-2\">$1,600 til $2,300+<\/td>\n<\/tr>\n<\/tbody>\n<\/table>\n<!-- #tablepress-360 from cache -->\n\r\n\r\n\r\n<p>For en kort reise p\u00e5 80 km koster det rundt $25 for leie og $0,99 per mil. St\u00f8rre reiser p\u00e5 over 300 mil kan koste mellom 1 600 og 2 300TP6T, avhengig av den totale kj\u00f8relengden.<\/p>\r\n\r\n\r\n\r\n<p>I kostnadssammenligningen v\u00e5r ser vi p\u00e5 ulike leverand\u00f8rer av DIY-biler og lagringsenheter for \u00e5 sammenligne og kontrastere prisene deres, slik at du f\u00e5r et godt inntrykk av hva slags kostnader du vil st\u00f8te p\u00e5 n\u00e5r du \u00f8nsker \u00e5 leie flyttetjenester.<\/p>\r\n\r\n\r\n\n<table id=\"tablepress-359\" class=\"tablepress tablepress-id-359\">\n<thead>\n<tr class=\"row-1\">\n\t<th class=\"column-1\">Tjenesteleverand\u00f8r<\/th><th class=\"column-2\">Gjennomsnittlig pris for leie av container\/kj\u00f8ret\u00f8y<\/th>\n<\/tr>\n<\/thead>\n<tbody class=\"row-striping row-hover\">\n<tr class=\"row-2\">\n\t<td class=\"column-1\">PODS<\/td><td class=\"column-2\">$6,100+<\/td>\n<\/tr>\n<tr class=\"row-3\">\n\t<td class=\"column-1\">U-Pack<\/td><td class=\"column-2\">$3,000+<\/td>\n<\/tr>\n<tr class=\"row-4\">\n\t<td class=\"column-1\">1-800-PACK-RAT<\/td><td class=\"column-2\">$3,000+<\/td>\n<\/tr>\n<tr class=\"row-5\">\n\t<td class=\"column-1\">zippyshell<\/td><td class=\"column-2\">$2,900+<\/td>\n<\/tr>\n<tr class=\"row-6\">\n\t<td class=\"column-1\">U-Haul<\/td><td class=\"column-2\">$3,500+<\/td>\n<\/tr>\n<tr class=\"row-7\">\n\t<td class=\"column-1\">SMARTBOX<\/td><td class=\"column-2\">$3,100+<\/td>\n<\/tr>\n<tr class=\"row-8\">\n\t<td class=\"column-1\">U-boks<\/td><td class=\"column-2\">$3 700+ (inkludert leie av kj\u00f8ret\u00f8y og kasse)<\/td>\n<\/tr>\n<\/tbody>\n<\/table>\n<!-- #tablepress-359 from cache -->\n\r\n\r\n\r\n<p>Prisene fra andre leverand\u00f8rer ligger p\u00e5 mellom $2 900 p\u00e5 det laveste niv\u00e5et og $6 100+ i den \u00f8vre enden av spekteret.<\/p>\r\n\r\n\r\n\r\n<h2 class=\"wp-block-heading\"><span class=\"ez-toc-section\" id=\"What_Affects_the_Cost_of_U-Haul\"><\/span><strong>Hva p\u00e5virker kostnaden for U-Haul?<\/strong><span class=\"ez-toc-section-end\"><\/span><\/h2>\r\n\r\n\r\n\r\n<p>N\u00e5 som vi kjenner til noen av prisene som er forbundet med U-Haul-leie, skal vi se n\u00e6rmere p\u00e5 hvordan du kan p\u00e5virke kostnadene, slik at du er klar over fakta f\u00f8r du setter i gang.<\/p>\r\n\r\n\r\n\r\n<p><strong>Avstanden til forflytningen<\/strong><\/p>\r\n\r\n\r\n\r\n<p>Som du kan forvente, har avstanden du planlegger \u00e5 kj\u00f8re med den leide U-Haul-lastebilen stor innvirkning p\u00e5 prisen. Lengre distanser f\u00f8rer generelt til h\u00f8yere leiepriser p\u00e5 grunn av \u00f8kt bensinforbruk og slitasje p\u00e5 kj\u00f8ret\u00f8yet.<\/p>\r\n\r\n\r\n\r\n<p><strong>St\u00f8rrelse og type lastebil<\/strong><\/p>\r\n\r\n\r\n\r\n<p>St\u00f8rrelsen og typen U-Haul-lastebil du velger vil p\u00e5virke leiekostnaden. St\u00f8rre lastebiler med mer lasterom har vanligvis en h\u00f8yere leiepris sammenlignet med mindre alternativer.<\/p>\r\n\r\n\r\n\r\n<p><strong>Varighet av leie<\/strong><\/p>\r\n\r\n\r\n\r\n<p>Hvor lenge du trenger U-Haul-lastebilen spiller en rolle i de tilknyttede kostnadene, ettersom lengre leieperioder resulterer i h\u00f8yere totale kostnader. U-Haul tilbyr leiealternativer for ulike varigheter, fra noen timer til flere dager, slik at du kan finne en tjeneste som passer din individuelle situasjon.<\/p>\r\n\r\n\r\n\r\n<p><strong>Tilbeh\u00f8r og tilleggsutstyr for flytting<\/strong><\/p>\r\n\r\n\r\n\r\n<p>Hvis du velger tilleggstjenester og flyttetilbeh\u00f8r, for eksempel pakkeutstyr, traller og m\u00f8belputer, kan leieprisen \u00f8ke. Dette ekstrautstyret kan bidra til \u00e5 effektivisere flyttingen, men kan ogs\u00e5 f\u00f8re til h\u00f8yere utgifter.<\/p>\r\n\r\n\r\n\r\n<p><strong>Hente- og leveringssteder<\/strong><\/p>\r\n\r\n\r\n\r\n<p>Hente- og leveringsstedene for U-Haul-leien p\u00e5virker kostnadene, ettersom leieprisene kan variere basert p\u00e5 ettersp\u00f8rsel og tilgjengelighet av lastebiler p\u00e5 bestemte steder. Prisene kan ogs\u00e5 variere mellom enveis- og lokalleie, noe som er viktig \u00e5 ta i betraktning.<\/p>\r\n\r\n\r\n\r\n<h2 class=\"wp-block-heading\"><span class=\"ez-toc-section\" id=\"How_Can_I_Save_Money_on_U-Haul\"><\/span><strong>Hvordan kan jeg spare penger p\u00e5 U-Haul?<\/strong><span class=\"ez-toc-section-end\"><\/span><\/h2>\r\n\r\n\r\n\r\n<figure class=\"wp-block-image size-full\"><img loading=\"lazy\" decoding=\"async\" width=\"1000\" height=\"667\" src=\"https:\/\/moverdb.com\/wp-content\/uploads\/u-haul-moving-2.jpg\" alt=\"\" class=\"wp-image-11041\" srcset=\"https:\/\/moverdb.com\/wp-content\/uploads\/u-haul-moving-2.jpg 1000w, https:\/\/moverdb.com\/wp-content\/uploads\/u-haul-moving-2-300x200.jpg 300w, https:\/\/moverdb.com\/wp-content\/uploads\/u-haul-moving-2-18x12.jpg 18w, https:\/\/moverdb.com\/wp-content\/uploads\/u-haul-moving-2-600x400.jpg 600w\" sizes=\"auto, (max-width: 1000px) 100vw, 1000px\" \/><\/figure>\r\n\r\n\r\n\r\n<p>Vi vet n\u00e5 hvordan U-Hauls kan stige i pris - s\u00e5 la oss motvirke det med noen smarte tips for \u00e5 holde utgiftene i sjakk.<\/p>\r\n\r\n\r\n\r\n<p>Hvis det er mulig, b\u00f8r du velge en mindre lastebil, ettersom det kan f\u00f8re til lavere leiekostnader \u00e5 velge en st\u00f8rrelse som passer til eiendelene dine uten for mye plass. Mindre lastebiler har generelt sett rimeligere leiepriser.<\/p>\r\n\r\n\r\n\r\n<p>Hvis du leier basert p\u00e5 kj\u00f8relengde, b\u00f8r du planlegge den mest effektive ruten til destinasjonen for \u00e5 minimere kj\u00f8relengden. Unng\u00e5 omveier og un\u00f8dvendig kj\u00f8relengde for \u00e5 holde kostnadene i sjakk.<\/p>\r\n\r\n\r\n\r\n<p>P\u00e5 samme m\u00e5te b\u00f8r du velge en leieperiode som passer til dine behov. Hvis du kan gjennomf\u00f8re flyttingen p\u00e5 kortere tid, betaler du mindre i leie - men v\u00e6r oppmerksom p\u00e5 tidsplanen din og eventuell overdreven optimisme, da forsinkelsesgebyrer kan v\u00e6re like skadelig som en lengre leieperiode.<\/p>\r\n\r\n\r\n\r\n<p>Flytting utenom h\u00f8ysesongen eller p\u00e5 ukedager kan resultere i lavere leiepriser. Hvis det er mulig, b\u00f8r du unng\u00e5 helger og h\u00f8ysesonger, for eksempel sommerm\u00e5nedene, for \u00e5 dra nytte av potensielle rabatterte priser.<\/p>\r\n\r\n\r\n\r\n<p>Selv om U-Haul tilbyr en rekke tilbeh\u00f8r og tilleggsprogrammer for flytting, b\u00f8r du bare velge det du <em>virkelig<\/em> behov. Hvis du dropper un\u00f8dvendig ekstrautstyr som spesialutstyr, kan det bidra til \u00e5 redusere de totale kostnadene.<\/p>\r\n\r\n\r\n\r\n<h2 class=\"wp-block-heading\"><span class=\"ez-toc-section\" id=\"Whats_Involved_in_Hiring_a_U-Haul\"><\/span><strong>Hva er involvert i<\/strong> Leier du en U-Haul?<span class=\"ez-toc-section-end\"><\/span><\/h2>\r\n\r\n\r\n\r\n<figure class=\"wp-block-image size-full\"><img loading=\"lazy\" decoding=\"async\" width=\"1000\" height=\"654\" src=\"https:\/\/moverdb.com\/wp-content\/uploads\/u-haul-moving-3.jpg\" alt=\"\" class=\"wp-image-11042\" srcset=\"https:\/\/moverdb.com\/wp-content\/uploads\/u-haul-moving-3.jpg 1000w, https:\/\/moverdb.com\/wp-content\/uploads\/u-haul-moving-3-300x196.jpg 300w, https:\/\/moverdb.com\/wp-content\/uploads\/u-haul-moving-3-18x12.jpg 18w, https:\/\/moverdb.com\/wp-content\/uploads\/u-haul-moving-3-600x392.jpg 600w\" sizes=\"auto, (max-width: 1000px) 100vw, 1000px\" \/><\/figure>\r\n\r\n\r\n\r\n<p>Det f\u00f8rste trinnet i \u00e5 leie en U-Haul er kanskje det vanskeligste - du m\u00e5 finne ut hvilken st\u00f8rrelse lastebil som passer til eiendelene dine og beregne hvor langt du skal reise.<\/p>\r\n\r\n\r\n\r\n<p>N\u00e5r du har valgt lastebil, kan du reservere U-Haul-lastebilen p\u00e5 nettet eller via telefon, og spesifisere hentested, leieperiode og leveringssted.<\/p>\r\n\r\n\r\n\r\n<p>P\u00e5 den planlagte hentedagen drar du til det valgte U-Haul-stedet for \u00e5 hente leiebilen, og husk \u00e5 ta med et gyldig f\u00f8rerkort og betalingsm\u00e5ten du brukte for reservasjonen. Etter at du har fullf\u00f8rt papirarbeidet, f\u00e5r du utlevert n\u00f8klene til U-Haul-lastebilen.<\/p>\r\n\r\n\r\n\r\n<p>Derfra kan du laste opp eiendelene dine, kj\u00f8re til destinasjonen og laste av n\u00e5r det passer deg. N\u00e5r du er ferdig med \u00e5 bruke lastebilen, returnerer du den bare til det angitte innleveringsstedet innen den avtalte leieperioden.<\/p>\r\n\r\n\r\n\r\n<h2 class=\"wp-block-heading\"><span class=\"ez-toc-section\" id=\"Is_a_U-Haul_the_Best_Choice_for_Me\"><\/span><strong>Er en U-Haul det beste valget for meg?<\/strong><span class=\"ez-toc-section-end\"><\/span><\/h2>\r\n\r\n\r\n\r\n<p>Det kan v\u00e6re fristende \u00e5 g\u00e5 all-in og f\u00e5 en fullservicert flytting for \u00e5 slippe alle de tunge l\u00f8ftene og kj\u00f8ringen til og fra det nye og gamle huset - men hvis du \u00f8nsker \u00e5 v\u00e6re mer praktisk, kan det \u00e5 leie en U-Haul v\u00e6re et godt alternativ for deg.<\/p>\r\n\r\n\r\n\n<table id=\"tablepress-344\" class=\"tablepress tablepress-id-344\">\n<thead>\n<tr class=\"row-1\">\n\t<th class=\"column-1\">Fordeler med U-Haul<\/th><th class=\"column-2\">Ulemper med U-Haul<\/th>\n<\/tr>\n<\/thead>\n<tbody class=\"row-striping row-hover\">\n<tr class=\"row-2\">\n\t<td class=\"column-1\">Fleksibilitet i forhold til flyttetidspunkt og -plan<\/td><td class=\"column-2\">Arbeidskrevende - du m\u00e5 kj\u00f8re, laste og losse selv<\/td>\n<\/tr>\n<tr class=\"row-3\">\n\t<td class=\"column-1\">Billigere enn tradisjonelle flyttel\u00f8sninger med full service<\/td><td class=\"column-2\">Du er ansvarlig for forsikringen under reisen<\/td>\n<\/tr>\n<tr class=\"row-4\">\n\t<td class=\"column-1\">Du kan holde \u00f8ye med eiendelene dine under flytteprosessen<\/td><td class=\"column-2\">Det kan oppst\u00e5 skader p\u00e5 kj\u00f8ret\u00f8yet under flyttingen som du m\u00e5 reparere<\/td>\n<\/tr>\n<\/tbody>\n<\/table>\n<!-- #tablepress-344 from cache -->\n\r\n\r\n\r\n<p>Den st\u00f8rste fordelen med \u00e5 leie U-Haul er rett og slett den store kontrollen du f\u00e5r over utgiftene dine. Du kan velge den lastebilst\u00f8rrelsen som passer til dine eiendeler, velge leieperiode og bestemme om du vil legge til ekstra tjenester eller tilbeh\u00f8r.<\/p>\r\n\r\n\r\n\r\n<p>Det kan imidlertid v\u00e6re fysisk krevende \u00e5 laste og losse tunge m\u00f8bler og gjenstander. Hvis du ikke er komfortabel med \u00e5 l\u00f8fte og b\u00e6re, eller hvis du trenger profesjonell assistanse, kan det hende du m\u00e5 leie inn ekstra hjelp.<\/p>\r\n\r\n\r\n\r\n<h2 class=\"wp-block-heading\"><span class=\"ez-toc-section\" id=\"Final_Checklist\"><\/span><strong>Endelig sjekkliste<\/strong><span class=\"ez-toc-section-end\"><\/span><\/h2>\r\n\r\n\r\n\r\n<p>Hvis du mener at det er best \u00e5 gj\u00f8re det selv og bruke en U-Haul, b\u00f8r du notere deg v\u00e5r siste sjekkliste for \u00e5 sikre at alt er i orden n\u00e5r det gjelder den store flyttingen.<\/p>\r\n\r\n\r\n\r\n<ul class=\"wp-block-list\">\r\n<li>Vurder om du vil ha hjelp av et flyttebyr\u00e5 med full service, eller om det er greit \u00e5 gj\u00f8re det selv i stedet<\/li>\r\n\r\n\r\n\r\n<li>Se p\u00e5 eiendelene dine - kan du i det hele tatt redusere st\u00f8rrelsen f\u00f8r du bestiller U-Haul for \u00e5 spare penger?<\/li>\r\n\r\n\r\n\r\n<li>Ta en titt p\u00e5 utvalget av kj\u00f8ret\u00f8y, og velg det som passer best for ditt lastevolum og dine behov<\/li>\r\n\r\n\r\n\r\n<li>Trenger du noen ekstra tjenester? Husk \u00e5 legge til disse f\u00f8r du bestiller<\/li>\r\n\r\n\r\n\r\n<li>Dobbeltsjekk datoene dine og bestill tid for flyttingen din!<\/li>\r\n<\/ul>\r\n\r\n\r\n\r\n<h2 class=\"wp-block-heading\"><span class=\"ez-toc-section\" id=\"Frequently_Asked_Questions\"><\/span><strong>Ofte stilte sp\u00f8rsm\u00e5l<\/strong><span class=\"ez-toc-section-end\"><\/span><\/h2>\r\n\r\n\r\n<div id=\"rank-math-faq\" class=\"rank-math-block\">\n<div class=\"rank-math-list\">\n<div id=\"faq-question-1692200957678\" class=\"rank-math-list-item\">\n<h3 class=\"rank-math-question\"><span class=\"ez-toc-section\" id=\"How_Do_I_Reserve_a_U-Haul_Truck\"><\/span><strong>Hvordan reserverer jeg en U-Haul-lastebil?<\/strong><span class=\"ez-toc-section-end\"><\/span><\/h3>\n<div class=\"rank-math-answer\">\n\n<p>Du kan enkelt reservere en U-Haul-lastebil p\u00e5 nettet ved \u00e5 bes\u00f8ke U-Haul-nettstedet eller bruke appen deres. Bare skriv inn \u00f8nsket sted, leiedato og st\u00f8rrelse p\u00e5 lastebilen for \u00e5 komme i gang. <\/p>\n<p>Alternativt kan du ringe U-Hauls kundeservice for \u00e5 gj\u00f8re en reservasjon over telefon og for \u00e5 diskutere eventuelle bestillingsdetaljer.<\/p>\n\n<\/div>\n<\/div>\n<div id=\"faq-question-1692201036551\" class=\"rank-math-list-item\">\n<h3 class=\"rank-math-question\"><span class=\"ez-toc-section\" id=\"What_Do_I_Need_to_Bring_for_Pickup\"><\/span><strong>Hva m\u00e5 jeg ta med til henting?<\/strong><span class=\"ez-toc-section-end\"><\/span><\/h3>\n<div class=\"rank-math-answer\">\n\n<p>N\u00e5r du henter U-Haul-lastebilen din, m\u00e5 du ta med et gyldig f\u00f8rerkort og betalingsm\u00e5ten som ble brukt for reservasjonen. Det kan hende at utleieenheten din krever ytterligere identifikasjon, s\u00e5 det er best \u00e5 sjekke med leverand\u00f8ren i hvert enkelt tilfelle.<\/p>\n\n<\/div>\n<\/div>\n<div id=\"faq-question-1692201050762\" class=\"rank-math-list-item\">\n<h3 class=\"rank-math-question\"><span class=\"ez-toc-section\" id=\"Can_I_Extend_My_Rental_Period\"><\/span><strong>Kan jeg forlenge leieperioden min?<\/strong><span class=\"ez-toc-section-end\"><\/span><\/h3>\n<div class=\"rank-math-answer\">\n\n<p>Ja, du kan forlenge leieperioden om n\u00f8dvendig. Kontakt U-Haul kundeservice eller bes\u00f8k et lokalt utleiested for \u00e5 diskutere forlengelsen og gj\u00f8re n\u00f8dvendige avtaler. <\/p>\n<p>V\u00e6r oppmerksom p\u00e5 at det kan p\u00e5l\u00f8pe ekstra leieavgifter for den forlengede perioden.<\/p>\n\n<\/div>\n<\/div>\n<div id=\"faq-question-1692201063702\" class=\"rank-math-list-item\">\n<h3 class=\"rank-math-question\"><span class=\"ez-toc-section\" id=\"What_Should_I_Do_if_I_Encounter_Issues_During_the_Rental\"><\/span><strong>Hva skal jeg gj\u00f8re hvis jeg st\u00f8ter p\u00e5 problemer under utleien?<\/strong><span class=\"ez-toc-section-end\"><\/span><\/h3>\n<div class=\"rank-math-answer\">\n\n<p>Hvis du opplever problemer med U-Haul-lastebilen under leieperioden, for eksempel mekaniske problemer eller sp\u00f8rsm\u00e5l om utstyret, kan du kontakte U-Haul's veihjelp eller kundeservice for veiledning og st\u00f8tte.<\/p>\n<p>De vil hjelpe deg med \u00e5 l\u00f8se eventuelle problemer du m\u00e5tte ha mens du bruker leiebilen.<\/p>\n\n<\/div>\n<\/div>\n<\/div>\n<\/div>","protected":false},"excerpt":{"rendered":"<p>U-Haul remains a popular choice among DIY movers, but how much does it actually cost? In this article, we\u2019ll dissect the pricing models of U-Haul, looking at the various factors that contribute to the overall cost &#8211; and leave you with all-important, cost-effective moving tips. Our guide will cover the following: If you fancy keeping [&hellip;]<\/p>\n","protected":false},"author":1,"featured_media":0,"parent":0,"menu_order":0,"comment_status":"closed","ping_status":"closed","template":"","meta":{"_genesis_hide_title":false,"_genesis_hide_breadcrumbs":false,"_genesis_hide_singular_image":false,"_genesis_hide_footer_widgets":false,"_genesis_custom_body_class":"","_genesis_custom_post_class":"","_genesis_layout":"","footnotes":""},"class_list":{"0":"post-17398","1":"page","2":"type-page","3":"status-publish","5":"entry"},"_links":{"self":[{"href":"https:\/\/moverdb.com\/nb\/wp-json\/wp\/v2\/pages\/17398","targetHints":{"allow":["GET"]}}],"collection":[{"href":"https:\/\/moverdb.com\/nb\/wp-json\/wp\/v2\/pages"}],"about":[{"href":"https:\/\/moverdb.com\/nb\/wp-json\/wp\/v2\/types\/page"}],"author":[{"embeddable":true,"href":"https:\/\/moverdb.com\/nb\/wp-json\/wp\/v2\/users\/1"}],"replies":[{"embeddable":true,"href":"https:\/\/moverdb.com\/nb\/wp-json\/wp\/v2\/comments?post=17398"}],"version-history":[{"count":1,"href":"https:\/\/moverdb.com\/nb\/wp-json\/wp\/v2\/pages\/17398\/revisions"}],"predecessor-version":[{"id":17399,"href":"https:\/\/moverdb.com\/nb\/wp-json\/wp\/v2\/pages\/17398\/revisions\/17399"}],"wp:attachment":[{"href":"https:\/\/moverdb.com\/nb\/wp-json\/wp\/v2\/media?parent=17398"}],"curies":[{"name":"wp","href":"https:\/\/api.w.org\/{rel}","templated":true}]}}