{"id":17394,"date":"2024-07-03T09:08:10","date_gmt":"2024-07-03T09:08:10","guid":{"rendered":"https:\/\/moverdb.com\/?page_id=17394"},"modified":"2026-01-08T13:18:36","modified_gmt":"2026-01-08T13:18:36","slug":"pods-cost","status":"publish","type":"page","link":"https:\/\/moverdb.com\/nb\/pods-cost\/","title":{"rendered":"Hvor mye koster PODS? 2024 Spareguide"},"content":{"rendered":"<figure class=\"wp-block-image size-full\"><img loading=\"lazy\" decoding=\"async\" width=\"1000\" height=\"667\" class=\"wp-image-11007\" src=\"https:\/\/moverdb.com\/wp-content\/uploads\/PODS-storage-unit-costs-1.jpg\" alt=\"\" srcset=\"https:\/\/moverdb.com\/wp-content\/uploads\/PODS-storage-unit-costs-1.jpg 1000w, https:\/\/moverdb.com\/wp-content\/uploads\/PODS-storage-unit-costs-1-300x200.jpg 300w, https:\/\/moverdb.com\/wp-content\/uploads\/PODS-storage-unit-costs-1-18x12.jpg 18w, https:\/\/moverdb.com\/wp-content\/uploads\/PODS-storage-unit-costs-1-600x400.jpg 600w\" sizes=\"auto, (max-width: 1000px) 100vw, 1000px\" \/><\/figure>\r\n\r\n\r\n\r\n<p><span style=\"font-weight: 400;\">Flyttestresset kan bli enda st\u00f8rre n\u00e5r du m\u00e5 laste og losse et kj\u00f8ret\u00f8y p\u00e5 samme dag, slik at det nye hjemmet ditt blir fullt av esker og det blir vanskelig \u00e5 se skogen for bare tr\u00e6r. En alternativ forsendelsesmetode er \u00e5 bruke PODS, flyttbare containere som kan lastes og losses i ditt eget tempo.<\/span><\/p>\r\n\r\n\r\n\r\n<p><span style=\"font-weight: 400;\">Hvis du ikke har brukt flyttbare oppbevaringsenheter f\u00f8r, kan tanken v\u00e6re skremmende - v\u00e5r guide vil dekke dette:<\/span><\/p>\r\n\r\n\r\n\r\n<ul class=\"wp-block-list\">\r\n<li><span style=\"font-weight: 400;\">Hvor mye koster det \u00e5 leie PODS<\/span><\/li>\r\n\r\n\r\n\r\n<li><span style=\"font-weight: 400;\">Hva p\u00e5virker kostnadene ved leie av PODS<\/span><\/li>\r\n\r\n\r\n\r\n<li><span style=\"font-weight: 400;\">Slik sparer du penger p\u00e5 leie av PODS<\/span><\/li>\r\n\r\n\r\n\r\n<li><span style=\"font-weight: 400;\">Hva inneb\u00e6rer PODS-leie?\u00a0<\/span><\/li>\r\n\r\n\r\n\r\n<li><span style=\"font-weight: 400;\">Hvordan vite om PODS-leie er det beste valget for deg<\/span><\/li>\r\n\r\n\r\n\r\n<li><span style=\"font-weight: 400;\">Slik starter du PODS-ansettelsesprosessen<\/span><\/li>\r\n<\/ul>\r\n\r\n\r\n\r\n<p><span style=\"font-weight: 400;\">Hvis den konvensjonelle metoden for flytting ikke har fungert for deg tidligere, er det kanskje p\u00e5 tide \u00e5 pr\u00f8ve noe nytt med hjelp av PODS. Les videre for \u00e5 finne ut hvordan du gj\u00f8r det p\u00e5 best mulig m\u00e5te.\u00a0<\/span><\/p>\r\n\r\n\r\n\r\n<div id=\"ez-toc-container\" class=\"ez-toc-v2_0_82_2 ez-toc-wrap-left counter-hierarchy ez-toc-counter ez-toc-transparent ez-toc-container-direction\">\n<div class=\"ez-toc-title-container\">\n<p class=\"ez-toc-title\" style=\"cursor:inherit\">Seksjoner<\/p>\n<span class=\"ez-toc-title-toggle\"><a href=\"#\" class=\"ez-toc-pull-right ez-toc-btn ez-toc-btn-xs ez-toc-btn-default ez-toc-toggle\" aria-label=\"Bytt innholdsfortegnelse\"><span class=\"ez-toc-js-icon-con\"><span class=\"\"><span class=\"eztoc-hide\" style=\"display:none;\">Toggle<\/span><span class=\"ez-toc-icon-toggle-span\"><svg style=\"fill: #999;color:#999\" xmlns=\"http:\/\/www.w3.org\/2000\/svg\" class=\"list-377408\" width=\"20px\" height=\"20px\" viewbox=\"0 0 24 24\" fill=\"none\"><path d=\"M6 6H4v2h2V6zm14 0H8v2h12V6zM4 11h2v2H4v-2zm16 0H8v2h12v-2zM4 16h2v2H4v-2zm16 0H8v2h12v-2z\" fill=\"currentColor\"><\/path><\/svg><svg style=\"fill: #999;color:#999\" class=\"arrow-unsorted-368013\" xmlns=\"http:\/\/www.w3.org\/2000\/svg\" width=\"10px\" height=\"10px\" viewbox=\"0 0 24 24\" version=\"1.2\" baseprofile=\"tiny\"><path d=\"M18.2 9.3l-6.2-6.3-6.2 6.3c-.2.2-.3.4-.3.7s.1.5.3.7c.2.2.4.3.7.3h11c.3 0 .5-.1.7-.3.2-.2.3-.5.3-.7s-.1-.5-.3-.7zM5.8 14.7l6.2 6.3 6.2-6.3c.2-.2.3-.5.3-.7s-.1-.5-.3-.7c-.2-.2-.4-.3-.7-.3h-11c-.3 0-.5.1-.7.3-.2.2-.3.5-.3.7s.1.5.3.7z\"\/><\/svg><\/span><\/span><\/span><\/a><\/span><\/div>\n<nav><ul class='ez-toc-list ez-toc-list-level-1 eztoc-toggle-hide-by-default' ><li class='ez-toc-page-1 ez-toc-heading-level-2'><a class=\"ez-toc-link ez-toc-heading-1\" href=\"https:\/\/moverdb.com\/nb\/pods-cost\/#How_Much_Do_PODS_Cost\" >Hvor mye koster PODS?<\/a><\/li><li class='ez-toc-page-1 ez-toc-heading-level-2'><a class=\"ez-toc-link ez-toc-heading-2\" href=\"https:\/\/moverdb.com\/nb\/pods-cost\/#What_Affects_the_Cost_of_PODS\" >Hva p\u00e5virker kostnadene for PODS?<\/a><\/li><li class='ez-toc-page-1 ez-toc-heading-level-2'><a class=\"ez-toc-link ez-toc-heading-3\" href=\"https:\/\/moverdb.com\/nb\/pods-cost\/#How_Can_I_Save_Money_on_PODS\" >Hvordan kan jeg spare penger p\u00e5 PODS?<\/a><\/li><li class='ez-toc-page-1 ez-toc-heading-level-2'><a class=\"ez-toc-link ez-toc-heading-4\" href=\"https:\/\/moverdb.com\/nb\/pods-cost\/#Whats_Involved_in_Hiring_PODS\" >Hva inneb\u00e6rer det \u00e5 leie PODS?<\/a><\/li><li class='ez-toc-page-1 ez-toc-heading-level-2'><a class=\"ez-toc-link ez-toc-heading-5\" href=\"https:\/\/moverdb.com\/nb\/pods-cost\/#Are_PODS_the_Best_Choice_for_My_Home_Move\" >Er PODS det beste valget for min hjemmeflytting?<\/a><\/li><li class='ez-toc-page-1 ez-toc-heading-level-2'><a class=\"ez-toc-link ez-toc-heading-6\" href=\"https:\/\/moverdb.com\/nb\/pods-cost\/#How_Do_I_Find_and_Hire_PODS\" >Hvordan finner og leier jeg PODS?<\/a><\/li><li class='ez-toc-page-1 ez-toc-heading-level-2'><a class=\"ez-toc-link ez-toc-heading-7\" href=\"https:\/\/moverdb.com\/nb\/pods-cost\/#Finding_the_Best_Container_Shipping_Service_For_Your_Needs\" >Finn den beste containerfrakttjenesten for dine behov<\/a><\/li><li class='ez-toc-page-1 ez-toc-heading-level-2'><a class=\"ez-toc-link ez-toc-heading-8\" href=\"https:\/\/moverdb.com\/nb\/pods-cost\/#Final_Checklist\" >Endelig sjekkliste<\/a><\/li><li class='ez-toc-page-1 ez-toc-heading-level-2'><a class=\"ez-toc-link ez-toc-heading-9\" href=\"https:\/\/moverdb.com\/nb\/pods-cost\/#Frequently_Asked_Questions\" >Ofte stilte sp\u00f8rsm\u00e5l<\/a><ul class='ez-toc-list-level-3' ><li class='ez-toc-heading-level-3'><a class=\"ez-toc-link ez-toc-heading-10\" href=\"https:\/\/moverdb.com\/nb\/pods-cost\/#What_Is_PODS_and_How_Does_It_Work\" >Hva er PODS og hvordan fungerer det?<\/a><\/li><li class='ez-toc-page-1 ez-toc-heading-level-3'><a class=\"ez-toc-link ez-toc-heading-11\" href=\"https:\/\/moverdb.com\/nb\/pods-cost\/#How_Much_Does_PODS_Cost\" >Hvor mye koster PODS?<\/a><\/li><li class='ez-toc-page-1 ez-toc-heading-level-3'><a class=\"ez-toc-link ez-toc-heading-12\" href=\"https:\/\/moverdb.com\/nb\/pods-cost\/#Can_I_Use_PODS_for_Both_Moving_and_Storage\" >Kan jeg bruke PODS til b\u00e5de flytting og lagring?<\/a><\/li><li class='ez-toc-page-1 ez-toc-heading-level-3'><a class=\"ez-toc-link ez-toc-heading-13\" href=\"https:\/\/moverdb.com\/nb\/pods-cost\/#Do_I_Need_to_Load_the_PODS_Container_Myself\" >M\u00e5 jeg laste PODS-beholderen selv?<\/a><\/li><\/ul><\/li><\/ul><\/nav><\/div>\n<h2 class=\"wp-block-heading\"><span class=\"ez-toc-section\" id=\"How_Much_Do_PODS_Cost\"><\/span><b>Hvor mye koster PODS?<\/b><span class=\"ez-toc-section-end\"><\/span><\/h2>\r\n\r\n\r\n\r\n<p>PODS st\u00e5r for \"Portable On Demand Storage\", og er en tjeneste som tilbyr en praktisk og fleksibel m\u00e5te \u00e5 oppbevare og flytte eiendelene dine p\u00e5. Konseptet g\u00e5r ut p\u00e5 \u00e5 bruke flyttbare oppbevaringscontainere som kan leveres hjem til deg, slik at du kan laste inn og ut dine personlige eiendeler i ditt eget tempo - og n\u00e5r containeren er pakket, blir den enten lagret p\u00e5 et sikkert anlegg eller transportert til din nye destinasjon.<\/p>\r\n\r\n\r\n\r\n<p>La oss ta en titt p\u00e5 noen eksempler p\u00e5 kostnader.<\/p>\r\n\r\n\r\n\n<table id=\"tablepress-354\" class=\"tablepress tablepress-id-354\">\n<thead>\n<tr class=\"row-1\">\n\t<th class=\"column-1\">Avstand for flytting<\/th><th class=\"column-2\">Kostnad per soverom<\/th><th class=\"column-3\">Totalkostnad per hus med 3 soverom<\/th>\n<\/tr>\n<\/thead>\n<tbody class=\"row-striping row-hover\">\n<tr class=\"row-2\">\n\t<td class=\"column-1\">Lokalt (innen 250 miles)<\/td><td class=\"column-2\">$200 til $225<\/td><td class=\"column-3\">$600 til $675<\/td>\n<\/tr>\n<tr class=\"row-3\">\n\t<td class=\"column-1\">Mer enn 250 miles<\/td><td class=\"column-2\">$400 til $460<\/td><td class=\"column-3\">$1,200 til $1,380<\/td>\n<\/tr>\n<tr class=\"row-4\">\n\t<td class=\"column-1\">Langrenn<\/td><td class=\"column-2\">$2,000 til $2,250<\/td><td class=\"column-3\">$6,000 til $6,750<\/td>\n<\/tr>\n<\/tbody>\n<\/table>\n<!-- #tablepress-354 from cache -->\n\r\n\r\n\r\n<p>Selv om n\u00f8yaktige tilbud m\u00e5 innhentes direkte fra PODS, med tanke p\u00e5 dine faktiske ordninger og volumet av gjenstander, kan en lokal flytting p\u00e5 under 250 miles koste rundt $200 til $225 per rom som et grovt estimat. For et standard tre-sengs hjem kan dette utgj\u00f8re rundt $600 til $675.<\/p>\r\n\r\n\r\n\r\n<p>St\u00f8rre eiendommer og st\u00f8rre avstander vil f\u00f8re til h\u00f8yere priser, og en flytting over 500 mil koster n\u00e6rmere $2 000 per rom, noe som gir en samlet pris p\u00e5 mellom $6 000 og $6 750 for en flytting av et hus med tre senger.<\/p>\r\n\r\n\r\n\r\n<h2 class=\"wp-block-heading\"><span class=\"ez-toc-section\" id=\"What_Affects_the_Cost_of_PODS\"><\/span><b>Hva p\u00e5virker kostnadene for PODS?<\/b><span class=\"ez-toc-section-end\"><\/span><\/h2>\r\n\r\n\r\n\r\n<p>PODS tilbyr en skreddersydd l\u00f8sning for dine lagrings- og flyttebehov, noe som betyr at det finnes en rekke forskjellige priser for de ulike tjenestene. La oss snakke om de viktigste punktene som kan p\u00e5virke kostnadene ved leie av PODS.<\/p>\r\n\r\n\r\n\r\n<p><strong><a href=\"https:\/\/moverdb.com\/nb\/shipping-container-sizes-and-dimensions\/\" data-internallinksmanager029f6b8e52c=\"247\" title=\"Den ultimate guiden til st\u00f8rrelser og dimensjoner p\u00e5 fraktcontainere\">Beholderst\u00f8rrelse<\/a><\/strong><\/p>\r\n\r\n\r\n\r\n<p>St\u00f8rrelsen p\u00e5 containeren du velger, har direkte innvirkning p\u00e5 prisen. St\u00f8rre containere gir mer plass, men koster mer, s\u00e5 det er best \u00e5 velge en st\u00f8rrelse som passer til eiendelene dine for \u00e5 optimalisere verdien.<\/p>\r\n<p>P\u00e5 samme m\u00e5te kan det virke mot sin hensikt \u00e5 velge en for liten container, ettersom du m\u00e5 fylle og fylle containeren p\u00e5 nytt for \u00e5 fullf\u00f8re flyttingen.\u00a0<\/p>\r\n\r\n\r\n\r\n<p><strong>Avstand og beliggenhet<\/strong><\/p>\r\n\r\n\r\n\r\n<p>Avstanden mellom din lokasjon og PODS-lageret kan p\u00e5virke kostnadene, inkludert leverings- og transportavgifter. \u00c5 flytte containeren lenger kan f\u00f8re til noe h\u00f8yere kostnader, som vist i tabellen ovenfor.<\/p>\r\n<p>N\u00e5r du vurderer \u00e5 bruke PODS, b\u00f8r du sammenligne kostnadene med en tradisjonell flyttetjeneste for \u00e5 se om det er en god investering i forhold til bekvemmeligheten den tilbyr.<\/p>\r\n\r\n\r\n\r\n<p><strong>Varighet av bruk<\/strong><\/p>\r\n\r\n\r\n\r\n<p>Jo lenger du trenger containeren, desto mer kan det koste. Prisene tar hensyn til leieperioden, s\u00e5 v\u00e6r oppmerksom p\u00e5 hvor lang tid du trenger, da ekstra dager eller uker kan p\u00e5virke kostnadene dine betydelig.<\/p>\r\n\r\n\r\n\r\n<p><strong>Tilleggstjenester<\/strong><\/p>\r\n\r\n\r\n\r\n<p>PODS tilbyr ulike tjenester, som lastehjelp eller lagring. Hvis du velger disse tjenestene, kan det \u00f8ke kostnadene, s\u00e5 v\u00e6r forsiktig med \u00e5 legge dem til med mindre de er n\u00f8dvendige for \u00e5 gj\u00f8re flyttingen enklere.<\/p>\r\n\r\n\r\n\r\n<h2 class=\"wp-block-heading\"><span class=\"ez-toc-section\" id=\"How_Can_I_Save_Money_on_PODS\"><\/span><strong>Hvordan kan jeg spare penger p\u00e5 PODS?<\/strong><span class=\"ez-toc-section-end\"><\/span><\/h2>\r\n\r\n\r\n\r\n<figure class=\"wp-block-image size-full\"><img loading=\"lazy\" decoding=\"async\" width=\"1000\" height=\"667\" class=\"wp-image-11008\" src=\"https:\/\/moverdb.com\/wp-content\/uploads\/PODS-storage-unit-costs-2.jpg\" alt=\"\" srcset=\"https:\/\/moverdb.com\/wp-content\/uploads\/PODS-storage-unit-costs-2.jpg 1000w, https:\/\/moverdb.com\/wp-content\/uploads\/PODS-storage-unit-costs-2-300x200.jpg 300w, https:\/\/moverdb.com\/wp-content\/uploads\/PODS-storage-unit-costs-2-18x12.jpg 18w, https:\/\/moverdb.com\/wp-content\/uploads\/PODS-storage-unit-costs-2-600x400.jpg 600w\" sizes=\"auto, (max-width: 1000px) 100vw, 1000px\" \/><\/figure>\r\n\r\n\r\n\r\n<p>N\u00e5 som vi vet hva som p\u00e5virker kostnadene ved leie av PODS, skal vi se n\u00e6rmere p\u00e5 hvordan du kan spare penger ved \u00e5 bruke tjenesten.<\/p>\r\n\r\n\r\n\r\n<p>F\u00f8rst og fremst m\u00e5 du s\u00f8rge for at du velger riktig containerst\u00f8rrelse, det vil si at du velger en st\u00f8rrelse som passer til dine behov uten at det blir for mye plass. St\u00f8rre containere koster mer, s\u00e5 velg den minste st\u00f8rrelsen som har plass til eiendelene dine - men s\u00f8rg for at den er stor nok, for ekstra containerleie vil utvilsomt legge flere nuller til regningen din.<\/p>\r\n\r\n\r\n\r\n<p>Hvis det er mulig, b\u00f8r du vurdere \u00e5 bestille PODS-containeren din i lavsesonger n\u00e5r ettersp\u00f8rselen er lavere. Dette kan f\u00f8re til potensielle rabatter p\u00e5 leieprisene, noe som sparer deg penger i flytteprosessen, ettersom containerfirmaene vil \u00f8nske \u00e5 fylle opp timeplanene sine i disse sesongene.<\/p>\r\n\r\n\r\n\r\n<p>Selv om det kan v\u00e6re kjedelig, er det lurt \u00e5 utnytte plassen i containeren best mulig ved \u00e5 pakke tingene dine effektivt. S\u00f8rg for \u00e5 utnytte vertikal plass, demonter m\u00f8bler hvis det er mulig, og bruk esker som passer godt for \u00e5 minimere bortkastet plass - ikke bare kast ting inn og h\u00e5p p\u00e5 det beste!<\/p>\r\n\r\n\r\n\r\n<p>Hvis du har mulighet til det, kan du spare penger p\u00e5 \u00e5 laste og losse containeren selv sammenlignet med \u00e5 leie inn arbeidskraft. F\u00e5 hjelp av venner og familie for \u00e5 gj\u00f8re prosessen smidigere - men husk at du kan leie inn hjelp hvis dette ikke er et alternativ for deg.<\/p>\r\n\r\n\r\n\r\n<p>Til slutt b\u00f8r du vurdere \u00e5 forkorte leieperioden. Jo lenger du beholder containeren, desto mer kan det \u00f8ke kostnadene dine - \u00e5 ha en klar plan og v\u00e6re organisert kan hjelpe deg med \u00e5 fullf\u00f8re prosessen raskere.<\/p>\r\n\r\n\r\n\r\n<h2 class=\"wp-block-heading\"><span class=\"ez-toc-section\" id=\"Whats_Involved_in_Hiring_PODS\"><\/span><strong>Hva inneb\u00e6rer det \u00e5 leie PODS?<\/strong><span class=\"ez-toc-section-end\"><\/span><\/h2>\r\n\r\n\r\n\r\n<p>N\u00e5r du leier en PODS-tjeneste, f\u00e5r du enkelt forklart en flyttbar container levert p\u00e5 stedet. Du pakker den i ditt eget tempo, og deretter henter selskapet den og kan lagre den p\u00e5 lageret sitt eller flytte den til din nye destinasjon, noe som gj\u00f8r det til en fleksibel og praktisk m\u00e5te \u00e5 h\u00e5ndtere flytting p\u00e5 uten \u00e5 m\u00e5tte laste og losse p\u00e5 \u00e9n og samme dag.<\/p>\r\n\r\n\r\n\r\n<p>For \u00e5 komme i kontakt med PODS og avtale leie, kan du bes\u00f8ke nettstedet deres eller ringe kundeservicenummeret deres. Du kan oppgi detaljer om dine behov, f\u00e5 et tilbud og avtale levering av en transportabel lagercontainer til ditt sted.<\/p>\r\n\r\n\r\n\r\n<h2 class=\"wp-block-heading\"><span class=\"ez-toc-section\" id=\"Are_PODS_the_Best_Choice_for_My_Home_Move\"><\/span><strong>Er PODS det beste valget for min hjemmeflytting?<\/strong><span class=\"ez-toc-section-end\"><\/span><\/h2>\r\n\r\n\r\n\r\n<p>Selv om PODS ikke er en konvensjonell flyttemetode, blir de stadig mer popul\u00e6re for \u00e5 effektivisere flytteprosessen og ta bort noe av det stresset som vanligvis oppst\u00e5r under en flytting. La oss se p\u00e5 de viktigste fordelene og ulempene ved \u00e5 bruke tjenesten sammenlignet med tradisjonelle flyttemetoder.<\/p>\r\n\r\n\r\n\n<table id=\"tablepress-341\" class=\"tablepress tablepress-id-341\">\n<thead>\n<tr class=\"row-1\">\n\t<th class=\"column-1\">Fordeler med PODS<\/th><th class=\"column-2\">Ulemper med PODS<\/th>\n<\/tr>\n<\/thead>\n<tbody class=\"row-striping row-hover\">\n<tr class=\"row-2\">\n\t<td class=\"column-1\">Fleksibilitet - den st\u00f8rste fordelen med \u00e5 bruke PODS n\u00e5r du flytter, er fleksibiliteten det gir sammenlignet med tradisjonelle flyttemetoder der du m\u00e5 laste og losse eiendelene dine p\u00e5 samme dag<\/td><td class=\"column-2\">Selvlading - PODS betjenes av deg selv, noe som betyr at du m\u00e5 laste og losse uten hjelp av arbeidskraft<\/td>\n<\/tr>\n<tr class=\"row-3\">\n\t<td class=\"column-1\">Fast kostnad - PODS belastes til en fast pris, noe som gir deg st\u00f8rre kontroll over \u00f8konomien din<\/td><td class=\"column-2\">Forsikring - tradisjonelle flyttebyr\u00e5er har forsikring som dekker varene dine under transport; med PODS m\u00e5 du ordne det selv<\/td>\n<\/tr>\n<tr class=\"row-4\">\n\t<td class=\"column-1\">Valgmuligheter - det er mange containerst\u00f8rrelser og leieperioder \u00e5 velge mellom, noe som gir deg mange valgmuligheter<\/td><td class=\"column-2\">Mulighet for forsinkelser - tilgjengelighet og ettersp\u00f8rsel kan p\u00e5virke tidsplanen, noe som betyr at datoene dine kan endres p\u00e5 kort varsel<\/td>\n<\/tr>\n<\/tbody>\n<\/table>\n<!-- #tablepress-341 from cache -->\n\r\n\r\n\r\n<p>Den st\u00f8rste fordelen er st\u00f8rre fleksibilitet for deg som flytter n\u00e5r det gjelder lasting og lossing av eiendelene dine, ettersom det ikke trenger \u00e5 skje samme dag, slik tilfellet er med tradisjonelle flyttebyr\u00e5er. Ulempene er imidlertid de samme - du m\u00e5 selv st\u00e5 for lasting og lossing, noe som kan v\u00e6re tidkrevende og arbeidskrevende.<\/p>\r\n\r\n\r\n\r\n<h2 class=\"wp-block-heading\"><span class=\"ez-toc-section\" id=\"How_Do_I_Find_and_Hire_PODS\"><\/span><strong>Hvordan finner og leier jeg PODS?<\/strong><span class=\"ez-toc-section-end\"><\/span><\/h2>\r\n\r\n\r\n\r\n<figure class=\"wp-block-image size-full\"><img loading=\"lazy\" decoding=\"async\" width=\"1000\" height=\"667\" class=\"wp-image-11009\" src=\"https:\/\/moverdb.com\/wp-content\/uploads\/PODS-storage-unit-costs-3.jpg\" alt=\"\" srcset=\"https:\/\/moverdb.com\/wp-content\/uploads\/PODS-storage-unit-costs-3.jpg 1000w, https:\/\/moverdb.com\/wp-content\/uploads\/PODS-storage-unit-costs-3-300x200.jpg 300w, https:\/\/moverdb.com\/wp-content\/uploads\/PODS-storage-unit-costs-3-18x12.jpg 18w, https:\/\/moverdb.com\/wp-content\/uploads\/PODS-storage-unit-costs-3-600x400.jpg 600w\" sizes=\"auto, (max-width: 1000px) 100vw, 1000px\" \/><\/figure>\r\n\r\n\r\n\r\n<p>\u00c5 finne og ansette PODS er en enkel prosess.<\/p>\r\n\r\n\r\n\r\n<p>F\u00f8rst m\u00e5 du g\u00e5 inn p\u00e5 nettsiden og be om et tilbud, og oppgi informasjon om hvor du befinner deg og hvilke behov du har for \u00e5 f\u00e5 et tilbud p\u00e5 de tjenestene du trenger. Deretter m\u00e5 du velge den containerst\u00f8rrelsen som passer dine behov, og eventuelle tilleggstjenester du \u00f8nsker, for eksempel lengden p\u00e5 containerlagringen eller lastehjelp.<\/p>\r\n\r\n\r\n\r\n\r\n\r\n<p>Deretter kan du avtale en dato for levering av PODS-containeren til din adresse. N\u00e5r PODS-containeren har ankommet, kan du ta deg god tid til \u00e5 pakke eiendelene dine i containeren i ditt eget tempo.<\/p>\r\n\r\n\r\n\r\n<p>N\u00e5r du er klar, kan du planlegge henting av containeren for transport eller lagring p\u00e5 et PODS-anlegg.<\/p>\r\n\r\n\r\n\r\n<h2 class=\"wp-block-heading\"><span class=\"ez-toc-section\" id=\"Finding_the_Best_Container_Shipping_Service_For_Your_Needs\"><\/span><strong>Finn den beste containerfrakttjenesten for dine behov<\/strong><span class=\"ez-toc-section-end\"><\/span><\/h2>\r\n\r\n\r\n\r\n<p>For \u00e5 finne ut om PODS er det rette valget for deg, m\u00e5 du vurdere dine spesifikke behov og preferanser. Hvis du foretrekker \u00e5 pakke og laste eiendelene dine i ditt eget tempo og har en fleksibel flytteplan, kan PODS gi deg den bekvemmeligheten du er ute etter.<\/p>\r\n\r\n\r\n\r\n<p>Hvis du trenger midlertidig lagring mellom flyttingene, kan PODS' lagringsalternativer v\u00e6re ideelle, ettersom de tilbyr b\u00e5de flytte- og lagringstjenester. Og viktigst av alt: Hvis du er komfortabel med \u00e5 laste og losse selv, kan PODS v\u00e6re et passende alternativ.<\/p>\r\n\r\n\r\n\r\n<p>Hvis du derimot \u00f8nsker noe mer standardisert, tilbyr tradisjonelle flyttebyr\u00e5er ofte faste tidsplaner for levering og henting, noe som kan v\u00e6re en fordel hvis du jobber med spesifikke ut- og innflyttingsdatoer. Dette er spesielt viktig hvis du har en stram tidsramme og m\u00e5 flytte raskt, ettersom tradisjonelle flyttebyr\u00e5ers ekspertise innen effektiv pakking og transport kan hjelpe deg mer enn PODS kan.<\/p>\r\n\r\n\r\n\r\n<h2 class=\"wp-block-heading\"><span class=\"ez-toc-section\" id=\"Final_Checklist\"><\/span><strong>Endelig sjekkliste<\/strong><span class=\"ez-toc-section-end\"><\/span><\/h2>\r\n\r\n\r\n\r\n<p>N\u00e5r tiden er inne for \u00e5 flytte, er det lurt \u00e5 fjerne s\u00e5 mye usikkerhet som mulig - og det kan v\u00e6re en god m\u00e5te \u00e5 f\u00e5 ro i sjelen p\u00e5 \u00e5 ordne opp i lagrings- og flyttel\u00f8sningene i god tid.<\/p>\r\n\r\n\r\n\r\n<ul class=\"wp-block-list\">\r\n<li>Vurder om PODS passer for deg - ta en titt p\u00e5 v\u00e5r tabell over fordeler og ulemper for \u00e5 sammenligne tjenesten med tradisjonelle flyttebyr\u00e5er<\/li>\r\n\r\n\r\n\r\n<li>Hvis du er forn\u00f8yd med manuelt arbeid (lasting og lossing av containeren), kan PODS tilby en fleksibel l\u00f8sning for flyttingen din<\/li>\r\n\r\n\r\n\r\n<li>Snakk med en PODS-selger om dine behov, og s\u00f8rg for \u00e5 velge en containerst\u00f8rrelse som passer for deg (ikke velg noe som er st\u00f8rre enn du trenger)<\/li>\r\n\r\n\r\n\r\n<li>Diskuter tidsrammer og n\u00e5r innleveringen kan skje<\/li>\r\n\r\n\r\n\r\n<li>Bekreft alt, og gj\u00f8r deg klar for den store flyttingen!<\/li>\r\n<\/ul>\r\n\r\n\r\n\r\n<h2 class=\"wp-block-heading\"><span class=\"ez-toc-section\" id=\"Frequently_Asked_Questions\"><\/span><strong>Ofte stilte sp\u00f8rsm\u00e5l<\/strong><span class=\"ez-toc-section-end\"><\/span><\/h2>\r\n\r\n\r\n<div id=\"rank-math-faq\" class=\"rank-math-block\">\n<div class=\"rank-math-list\">\n<div id=\"faq-question-1692186207327\" class=\"rank-math-list-item\">\n<h3 class=\"rank-math-question\"><span class=\"ez-toc-section\" id=\"What_Is_PODS_and_How_Does_It_Work\"><\/span><strong>Hva er PODS og hvordan fungerer det?<\/strong><span class=\"ez-toc-section-end\"><\/span><\/h3>\n<div class=\"rank-math-answer\">\n\n<p>PODS st\u00e5r for \"Portable On Demand Storage\". Det er en tjeneste som tilbyr transportable lagercontainere som leveres til ditt sted. Du pakker containeren i ditt eget tempo, og s\u00e5 henter PODS den og lagrer den enten p\u00e5 deres anlegg eller transporterer den til din nye destinasjon.<\/p>\n\n<\/div>\n<\/div>\n<div id=\"faq-question-1692186261517\" class=\"rank-math-list-item\">\n<h3 class=\"rank-math-question\"><span class=\"ez-toc-section\" id=\"How_Much_Does_PODS_Cost\"><\/span><strong>Hvor mye koster PODS?<\/strong><span class=\"ez-toc-section-end\"><\/span><\/h3>\n<div class=\"rank-math-answer\">\n\n<p>Kostnaden for PODS avhenger av faktorer som containerst\u00f8rrelse, varighet, avstand og eventuelle tilleggstjenester du velger. For \u00e5 f\u00e5 et n\u00f8yaktig estimat kan du be om et tilbud p\u00e5 PODS' nettsted.<\/p>\n\n<\/div>\n<\/div>\n<div id=\"faq-question-1692186274267\" class=\"rank-math-list-item\">\n<h3 class=\"rank-math-question\"><span class=\"ez-toc-section\" id=\"Can_I_Use_PODS_for_Both_Moving_and_Storage\"><\/span><strong>Kan jeg bruke PODS til b\u00e5de flytting og lagring?<\/strong><span class=\"ez-toc-section-end\"><\/span><\/h3>\n<div class=\"rank-math-answer\">\n\n<p>Ja, absolutt! PODS tilbyr b\u00e5de flytte- og lagringsl\u00f8sninger. Du kan bruke PODS-containere til midlertidig oppbevaring under en flytting eller for mer langsiktige lagringsbehov.<\/p>\n\n<\/div>\n<\/div>\n<div id=\"faq-question-1692186288599\" class=\"rank-math-list-item\">\n<h3 class=\"rank-math-question\"><span class=\"ez-toc-section\" id=\"Do_I_Need_to_Load_the_PODS_Container_Myself\"><\/span><strong>M\u00e5 jeg laste PODS-beholderen selv?<\/strong><span class=\"ez-toc-section-end\"><\/span><\/h3>\n<div class=\"rank-math-answer\">\n\n<p>Ja, du er selv ansvarlig for \u00e5 laste inn eiendelene dine i PODS-containeren. Denne selvlastingen gj\u00f8r at du kan pakke i ditt eget tempo, og sikrer at tingene dine blir pakket akkurat slik du vil ha dem.<\/p>\n\n<\/div>\n<\/div>\n<\/div>\n<\/div>","protected":false},"excerpt":{"rendered":"<p>The stress of moving house can be exasperated by the need to load and unload a vehicle in the same day, leaving your new home full of boxes, making it hard for you to see the wood from the trees. An alternative method of shipment is to use PODS, portable containers that can be loaded [&hellip;]<\/p>\n","protected":false},"author":1,"featured_media":0,"parent":0,"menu_order":0,"comment_status":"closed","ping_status":"closed","template":"","meta":{"_genesis_hide_title":false,"_genesis_hide_breadcrumbs":false,"_genesis_hide_singular_image":false,"_genesis_hide_footer_widgets":false,"_genesis_custom_body_class":"","_genesis_custom_post_class":"","_genesis_layout":"","footnotes":""},"class_list":{"0":"post-17394","1":"page","2":"type-page","3":"status-publish","5":"entry"},"_links":{"self":[{"href":"https:\/\/moverdb.com\/nb\/wp-json\/wp\/v2\/pages\/17394","targetHints":{"allow":["GET"]}}],"collection":[{"href":"https:\/\/moverdb.com\/nb\/wp-json\/wp\/v2\/pages"}],"about":[{"href":"https:\/\/moverdb.com\/nb\/wp-json\/wp\/v2\/types\/page"}],"author":[{"embeddable":true,"href":"https:\/\/moverdb.com\/nb\/wp-json\/wp\/v2\/users\/1"}],"replies":[{"embeddable":true,"href":"https:\/\/moverdb.com\/nb\/wp-json\/wp\/v2\/comments?post=17394"}],"version-history":[{"count":1,"href":"https:\/\/moverdb.com\/nb\/wp-json\/wp\/v2\/pages\/17394\/revisions"}],"predecessor-version":[{"id":17395,"href":"https:\/\/moverdb.com\/nb\/wp-json\/wp\/v2\/pages\/17394\/revisions\/17395"}],"wp:attachment":[{"href":"https:\/\/moverdb.com\/nb\/wp-json\/wp\/v2\/media?parent=17394"}],"curies":[{"name":"wp","href":"https:\/\/api.w.org\/{rel}","templated":true}]}}