{"id":1684,"date":"2017-02-23T19:16:05","date_gmt":"2017-02-23T19:16:05","guid":{"rendered":"http:\/\/moverdb.com\/?page_id=1684"},"modified":"2026-01-08T14:45:54","modified_gmt":"2026-01-08T14:45:54","slug":"1-800-pack-rat","status":"publish","type":"page","link":"https:\/\/moverdb.com\/nb\/1-800-pack-rat\/","title":{"rendered":"1-800-Pack-Rat - Internasjonale flytteanmeldelser"},"content":{"rendered":"<p>1-800-Pack-Rat tilbyr sine kunder et enkelt alternativ n\u00e5r det gjelder flytting. Detaljene er oppf\u00f8rt nedenfor, sammen med en selskapsprofil og anmeldelser.<\/p>\n<p><strong>Langdistanse og lokale flyttinger<\/strong><\/p>\n<ul>\n<li> Lever containeren minst 30 dager f\u00f8r flytting<\/li>\n<li> Pakk containeren selv eller bruk profesjonelle pakkere<\/li>\n<li> Gratis containerl\u00e5s uten kutt<\/li>\n<li> Gratis $10 000 innholdsbeskyttelse<\/li>\n<li> Lang og kort lagringsmulighet<\/li>\n<li> Innsamling og levering av containere til bestemmelsesstedet<\/li>\n<\/ul>\n<p><strong>Milit\u00e6re bevegelser<\/strong><\/p>\n<ul>\n<li> Milit\u00e6rt personell kan velge en personlig anskaffet flytting (PPM)<\/li>\n<li> Regjeringen vil refundere 95% av profesjonell <a href=\"https:\/\/moverdb.com\/nb\/flyttekostnader\/\">flyttekostnader<\/a><\/li>\n<li> Container levert til d\u00f8ren<\/li>\n<li> 30 dager eller mer til \u00e5 pakke<\/li>\n<li> <a href=\"https:\/\/moverdb.com\/nb\/containertransport\/\">Containertransport<\/a> til ny plassering<\/li>\n<\/ul>\n<p><strong>Lagring<\/strong><\/p>\n<ul>\n<li> Videooverv\u00e5king d\u00f8gnet rundt<\/li>\n<li> Automatiske sprinkleranlegg<\/li>\n<li> Klimakontrollert<\/li>\n<li> Enkel tilgang p\u00e5 stedet<\/li>\n<li> Problemfri levering<\/li>\n<\/ul>\n<p><strong>Bruk av beholdere<\/strong><\/p>\n<ul>\n<li> Restaurering og sanering<\/li>\n<li> Entrepren\u00f8rtjenester<\/li>\n<li> Sesonglagring<\/li>\n<li> Eiendomsmeglingstjenester<\/li>\n<li> Katastrofehjelp<\/li>\n<li> Lagring av hendelser<\/li>\n<li> Detaljhandel og kommersiell lagring<\/li>\n<li> Forsikringsselskaper<\/li>\n<li> Bedrifts- eller milit\u00e6rflytting<\/li>\n<li> Frakt- og logistikkl\u00f8sninger<\/li>\n<\/ul>\n<h2>1-800-Pack-Rat Bedriftsprofil<\/h2>\n<p>1-800-Pack-Rat har en rekke fasiliteter i den <a href=\"https:\/\/moverdb.com\/nb\/moving-to-the-united-states\/\" data-internallinksmanager029f6b8e52c=\"94\" title=\"Flytte til USA? 2023 Levekostnader og flyttetips\">De forente stater<\/a> og <a href=\"https:\/\/moverdb.com\/nb\/moving-to-canada\/\" data-internallinksmanager029f6b8e52c=\"265\" title=\"Flytte til Canada? 2023 Levekostnader og tips om flytting\">Canada<\/a>. Selskapet har over 10 \u00e5rs erfaring med lagring og flytting av personer og selskaper lokalt og over lange avstander.<\/p>\n<p>1-800-Pack-Rat har f\u00f8lgende akkrediteringer og tilknytninger:<\/p>\n<ul>\n<li> Ingen vist p\u00e5 nettstedet, selv om <a href=\"https:\/\/moverdb.com\/nb\/iam\/\" target=\"_blank\" rel=\"noopener\">International Association of Movers<\/a> f\u00f8rer dem opp i medlemskatalogen sin.<\/li>\n<\/ul>\n<h2>1-800-Pack-Rat anmeldelser<\/h2>\n<p><strong>Positivt:<\/strong><\/p>\n<ul>\n<li> <em>\"Det var fantastisk \u00e5 slippe \u00e5 bekymre seg for denne delen av flyttingen. Hele opplevelsen, fra den f\u00f8rste samtalen, til innhenting av konkurransedyktige tilbud, nettplanlegging, automatisk betaling og kontakt med det kunnskapsrike og vennlige personalet n\u00e5r jeg hadde sp\u00f8rsm\u00e5l, var stressfri. Jeg er ikke ferdig med \u00e5 pakke ut, men s\u00e5 langt ser det bra ut, og eiendelene mine har ankommet i god behold.\"<\/em> - Heather via <a href=\"https:\/\/www.1800packrat.com\/reviews\" target=\"_blank\" rel=\"noopener\">kundeuttalelse<\/a><\/li>\n<li> <em>\"Vi flyttet alle eiendelene v\u00e5re med 1-800-PACK-RAT, og opplevelsen var fantastisk. De var tilgjengelige for sp\u00f8rsm\u00e5l, selv om natten, og var h\u00f8flige og vennlige. De overholdt alle tidsfrister, lot oss pakke v\u00e5re egne ting i l\u00f8pet av et par dager og kj\u00f8rte dem deretter til v\u00e5rt nye sted innen 10 dager.\"<\/em> - via <a href=\"https:\/\/uk.trustpilot.com\/reviews\/58acb46d883cc60a283ce37e\" target=\"_blank\" rel=\"noopener\">TrustPilot<\/a><\/li>\n<li> <em>\"Jeg har nylig flyttet over lange avstander fra <a href=\"https:\/\/moverdb.com\/nb\/moving-to-the-united-states\/moving-to-california\/\" data-internallinksmanager029f6b8e52c=\"330\" title=\"Flytter du til California? 2023 Levekostnader og flyttetips\">California<\/a> til <a href=\"https:\/\/moverdb.com\/nb\/moving-to-the-united-states\/moving-to-florida\/\" data-internallinksmanager029f6b8e52c=\"331\" title=\"Flytter du til Florida? 2023 Levekostnader og flyttetips\">Florida<\/a> \u00e5 bruke Pack Rat Storage. Og jeg kommer til \u00e5 bruke dem igjen, de var punktlige fra levering til levering, og Pack Rat var billigere enn PODS.\"<\/em> - Paul via <a href=\"https:\/\/www.yelp.co.uk\/biz\/1-800-pack-rat-tampa?hrid=sQKUV3MPkChipe8OJiZIcQ&#038;utm_campaign=www_review_share_popup&#038;utm_medium=copy_link&#038;utm_source=(direct)\" target=\"_blank\" rel=\"noopener\">Yelp<\/a><\/li>\n<\/ul>\n<p><strong>Nei:<\/strong><\/p>\n<ul>\n<li> <em>\"De er et mareritt. Ingen der vet hva den andre gj\u00f8r.\"<\/em> - Mia via <a href=\"https:\/\/www.yelp.com\/biz\/1-800-pack-rat-fremont?hrid=YhOaE8BWuhGeu6UpKuLVVQ&#038;utm_campaign=www_review_share_popup&#038;utm_medium=copy_link&#038;utm_source=(direct)\" target=\"_blank\" rel=\"noopener\">Yelp<\/a><\/li>\n<li> <em>\"De var ikke i stand til eller mer som uvillige til \u00e5 levere pod til huset mitt. Sj\u00e5f\u00f8ren m\u00e5lte ikke noe. Var der i 2 minutter og kj\u00f8rte bort. Da jeg ringte kundeservice var de s\u00e5 utrolig uh\u00f8flige!\"<\/em> - Leila via <a href=\"https:\/\/www.bbb.org\/boston\/business-reviews\/storage-units-household-and-commercial\/1-800-pack-rat-in-foxboro-ma-116673\/reviews-and-complaints\" target=\"_blank\" rel=\"noopener\">BBB.org<\/a><\/li>\n<li> <em>\"S\u00e5 sint p\u00e5 1-800-PackRat\"<\/em> - via <a href=\"https:\/\/www.pissedconsumer.com\/company\/1800-pack-rat\/so-angry-with-1-800-packrat-20161024942159.html\" target=\"_blank\" rel=\"noopener\">Forurettet forbruker<\/a><\/li>\n<\/ul>\n<div itemprop=\"review\" itemscope itemtype=\"http:\/\/schema.org\/Review\">\n<span itemprop=\"author\" itemscope=\"\" itemtype=\"http:\/\/schema.org\/Organization\"><span itemprop=\"name\">MoverDB.com<\/span><\/span> Nettstedsgjennomgang for <span itemprop=\"itemreviewed\" itemscope=\"\" itemtype=\"http:\/\/schema.org\/Brand\"><span itemprop=\"name\">1-800-Pack-Rat<\/span><\/span>:<\/p>\n<ol>\n<li> Tydelige kontaktopplysninger p\u00e5 nettstedet (inkludert telefonnummer): <strong>Ja<\/strong><\/li>\n<li> Lett \u00e5 f\u00e5 tak i <a href=\"https:\/\/moverdb.com\/nb\/sitater\/\">bevegelige sitater<\/a>? (skjema for foresp\u00f8rsel om prisoverslag p\u00e5 nett): <strong>Ja<\/strong><\/li>\n<li> Tydelig informasjon p\u00e5 nettstedet: <strong>Ja,<\/strong> Nettstedet beskriver tydelig alle tjenestene selskapet tilbyr.<\/li>\n<li> Medlemskap i internasjonalt anerkjente flytteorganisasjoner: <strong>Ja<\/strong>, men ikke oppf\u00f8rt p\u00e5 nettstedet.<\/li>\n<li> Liste over kunder og\/eller tidligere kundeuttalelser: <strong>Ja,<\/strong> men vurderingene fra resten av internett er sv\u00e6rt blandede.<\/li>\n<\/ol>\n<div itemprop=\"reviewRating\" itemscope itemtype=\"http:\/\/schema.org\/Rating\"><meta itemprop=\"worstRating\" content = \"0\" \/><meta itemprop=\"bestRating\" content=\"5\" \/><meta itemprop=\"ratingValue\" content=\"4\"><\/div>\n<p><strong>Samlet poengsum: 4\/5<\/strong><br \/>\n<strong>Dato for gjennomgang:<\/strong> <span itemprop=\"datePublished\" content=\"2017-02-23\">23\/02\/2017<\/span>\n<\/div>\n<p>Les mer om <a href=\"https:\/\/moverdb.com\/nb\/flyttefirmaer\/\">internasjonale flyttebyr\u00e5er<\/a> og v\u00e5r <a href=\"https:\/\/moverdb.com\/nb\/vurderinger\/\">gjennomgangsprosessen<\/a>.<\/p>\n<p><strong>Nettsted:<\/strong> <a href=\"https:\/\/www.1800packrat.com\/\" target=\"_blank\" rel=\"noopener\">https:\/\/www.1800packrat.com\/<\/a><\/p>","protected":false},"excerpt":{"rendered":"<p>1-800-Pack-Rat offers its customers an easy option when it comes to moving. The details are listed below, together with a company profile and reviews. Long Distance and Local Moves Deliver container at least 30 days prior to moving Self-pack container or employ professional packers Complimentary no-cut container lock Complimentary $10,000 contents protection Long and short [&hellip;]<\/p>\n","protected":false},"author":1,"featured_media":0,"parent":0,"menu_order":0,"comment_status":"closed","ping_status":"closed","template":"","meta":{"_genesis_hide_title":false,"_genesis_hide_breadcrumbs":false,"_genesis_hide_singular_image":false,"_genesis_hide_footer_widgets":false,"_genesis_custom_body_class":"","_genesis_custom_post_class":"","_genesis_layout":"","footnotes":""},"class_list":{"0":"post-1684","1":"page","2":"type-page","3":"status-publish","5":"entry"},"_links":{"self":[{"href":"https:\/\/moverdb.com\/nb\/wp-json\/wp\/v2\/pages\/1684","targetHints":{"allow":["GET"]}}],"collection":[{"href":"https:\/\/moverdb.com\/nb\/wp-json\/wp\/v2\/pages"}],"about":[{"href":"https:\/\/moverdb.com\/nb\/wp-json\/wp\/v2\/types\/page"}],"author":[{"embeddable":true,"href":"https:\/\/moverdb.com\/nb\/wp-json\/wp\/v2\/users\/1"}],"replies":[{"embeddable":true,"href":"https:\/\/moverdb.com\/nb\/wp-json\/wp\/v2\/comments?post=1684"}],"version-history":[{"count":3,"href":"https:\/\/moverdb.com\/nb\/wp-json\/wp\/v2\/pages\/1684\/revisions"}],"predecessor-version":[{"id":6165,"href":"https:\/\/moverdb.com\/nb\/wp-json\/wp\/v2\/pages\/1684\/revisions\/6165"}],"wp:attachment":[{"href":"https:\/\/moverdb.com\/nb\/wp-json\/wp\/v2\/media?parent=1684"}],"curies":[{"name":"wp","href":"https:\/\/api.w.org\/{rel}","templated":true}]}}