{"id":1680,"date":"2017-01-25T11:25:11","date_gmt":"2017-01-25T11:25:11","guid":{"rendered":"http:\/\/moverdb.com\/?page_id=1680"},"modified":"2026-01-08T14:47:26","modified_gmt":"2026-01-08T14:47:26","slug":"smidighet","status":"publish","type":"page","link":"https:\/\/moverdb.com\/nb\/agility\/","title":{"rendered":"Agility - Internasjonale flytte- og fraktanmeldelser"},"content":{"rendered":"<p>Agility er den st\u00f8rste logistikk- og <a href=\"https:\/\/moverdb.com\/nb\/moving-companies\/\" data-internallinksmanager029f6b8e52c=\"79\" title=\"Topp 25 internasjonale flyttebyr\u00e5er p\u00e5 nettet\">flyttefirma<\/a> i Midt\u00f8sten. Det tilbyr sine kunder et bredt spekter av tjenester som er oppf\u00f8rt nedenfor, sammen med en selskapsprofil og vurderinger. <strong>V\u00e6r oppmerksom p\u00e5 at Agility ikke flytter innbo eller personlige eiendeler for enkeltpersoner.<\/strong>.<\/p>\n<p><strong>Internasjonale bevegelser<\/strong><\/p>\n<ul>\n<li> D\u00f8r til d\u00f8r-tjeneste<\/li>\n<li> Sj\u00f8frakt eller flyfrakt<\/li>\n<li> Ekspertpakketjeneste<\/li>\n<li> Ekspertutpakkingstjeneste<\/li>\n<li> Fjerning av rusk<\/li>\n<li> H\u00e5ndtere sp\u00f8rsm\u00e5l om tollmegling og fortolling<\/li>\n<li> Tilsyn p\u00e5 stedet med lasting av spesialcontainere<\/li>\n<li> Langtids- og korttidslagring<\/li>\n<li> Forsikring<\/li>\n<li> Spesialisert emballering<\/li>\n<li> Vedlikehold av apparater<\/li>\n<li> H\u00e5ndverkertjeneste<\/li>\n<li> Elektriker<\/li>\n<li> Demontering og montering av m\u00f8bler og varer<\/li>\n<li> Spesiell h\u00e5ndtering av store og\/eller skj\u00f8re gjenstander<\/li>\n<\/ul>\n<p><strong>Lagring og distribusjon<\/strong><\/p>\n<ul>\n<li> Full service-forvaltning<\/li>\n<li> Vei-, luft- og sj\u00f8frakt<\/li>\n<li> Fleksibilitet i anleggets st\u00f8rrelse og type<\/li>\n<li> Administrere ende-til-ende planlegging og p\u00e5fylling av lagerbeholdning<\/li>\n<\/ul>\n<p><strong>Bransjel\u00f8sninger<\/strong><\/p>\n<ul>\n<li> Bilbevegelser<\/li>\n<li> Sikre, p\u00e5litelige kjemikalietransporter<\/li>\n<li> Forbruksvarer<\/li>\n<li> Internasjonale organisasjoner, regjeringer, hjelpeorganisasjoner og milit\u00e6re i bevegelse<\/li>\n<li> Industrielle flyttinger<\/li>\n<li> Logistiske l\u00f8sninger for olje og gass<\/li>\n<li> Forsyningskjeden for legemidler og biovitenskap<\/li>\n<li> Teknologi<\/li>\n<li> Flytting av messer og arrangementer<\/li>\n<\/ul>\n<h2>Bedriftsprofil for Agility<\/h2>\n<p>Agility er et globalt logistikkselskap med base i Sulaibiya, <a href=\"https:\/\/moverdb.com\/nb\/moving-to-kuwait\/\" data-internallinksmanager029f6b8e52c=\"354\" title=\"Flytter du til Kuwait? 2023 Levekostnader og flyttetips\">Kuwait<\/a>. Agility hjelper bedrifter, myndigheter, hjelpeorganisasjoner, milit\u00e6ret og internasjonale organisasjoner med transport og lagring, <a href=\"https:\/\/moverdb.com\/nb\/speditor\/\">spedisjon<\/a> og logistikkl\u00f8sninger. Selskapet har over 22 000 ansatte og over 500 kontorer i 100 land.<\/p>\n<p>Agility ble startet i 1979 som et statseid kuwaitisk selskap - Public Warehousing Co. I 1997 ble selskapet privatisert og Tarek Sultan Al Essa ble styreformann. Agility bestemte seg for \u00e5 satse p\u00e5 uutnyttede markeder som Afrika, Asia, Midt\u00f8sten og Latin-Amerika. Selskapet ekspanderte raskt og kj\u00f8pte opp over 40 logistikkselskaper og eiendeler over hele verden. <\/p>\n<p>I 2004 var Agility den st\u00f8rste logistikkleverand\u00f8ren i Midt\u00f8sten. Det var f\u00f8rst i 2006 at PWC ble kjent som Agility, med sitt nye slagord \"A New Logistics Leader\".<\/p>\n<p>Agility har to forretningsomr\u00e5der - Agility Global Integrated Logistics og Agility Infrastructure. F\u00f8rstnevnte tilbyr sine kunder forsyningskjedel\u00f8sninger. Agility har utf\u00f8rt 2,14 millioner forsendelser og betjent 60 500 kunder. Selskapet har fraktet 372 700 tonn og 513 100 TEU med flyfrakt. Agility Infrastructure hjelper fremvoksende markeder med logistikkrelaterte problemer.<\/p>\n<p>Agility gir tilbake ved \u00e5 gi gratis logistikkst\u00f8tte i forbindelse med humanit\u00e6re katastrofer. De ansatte st\u00f8tter ogs\u00e5 lokalsamfunnene<br \/>\n.<br \/>\nAgility har f\u00f8lgende tilknytninger og akkrediteringer:<\/p>\n<ul>\n<li> Ikke oppf\u00f8rt p\u00e5 nettstedet<\/li>\n<\/ul>\n<h2>Agility Moving Reviews<\/h2>\n<p><em>V\u00e6r oppmerksom p\u00e5 at vi i skrivende stund ikke kunne finne noen anmeldelser p\u00e5 nettet for Agilitys flyttetjenester.<\/em> <\/p>\n<div itemprop=\"review\" itemscope itemtype=\"http:\/\/schema.org\/Review\">\n<span itemprop=\"author\" itemscope=\"\" itemtype=\"http:\/\/schema.org\/Organization\"><span itemprop=\"name\">MoverDB.com<\/span><\/span> Nettstedsgjennomgang for <span itemprop=\"itemreviewed\" itemscope=\"\" itemtype=\"http:\/\/schema.org\/Brand\"><span itemprop=\"name\">Agility Moving<\/span><\/span>:<\/p>\n<ol>\n<li> Tydelige kontaktopplysninger p\u00e5 nettstedet (inkludert telefonnummer): <strong>Ja<\/strong><\/li>\n<li> Lett \u00e5 f\u00e5 tak i <a href=\"https:\/\/moverdb.com\/nb\/sitater\/\">internasjonale flyttetilbud<\/a>? (skjema for foresp\u00f8rsel om prisoverslag p\u00e5 nett): <strong>Ja<\/strong><\/li>\n<li> Tydelig informasjon p\u00e5 nettstedet: <strong>Ja,<\/strong> De viser hvilke tjenester de tilbyr.<\/li>\n<li> Medlemskap i internasjonalt anerkjente flytteorganisasjoner: <strong>Ikke oppf\u00f8rt p\u00e5 nettstedet<\/strong><\/li>\n<li> Liste over kunder og\/eller tidligere kundeuttalelser. <strong>Ja,<\/strong> Det finnes detaljerte redegj\u00f8relser for ulike spesialiserte flyttinger p\u00e5 nettstedet.<\/li>\n<\/ol>\n<div itemprop=\"reviewRating\" itemscope itemtype=\"http:\/\/schema.org\/Rating\"><meta itemprop=\"worstRating\" content = \"0\" \/><meta itemprop=\"bestRating\" content=\"5\" \/><meta itemprop=\"ratingValue\" content=\"4\"><\/div>\n<p><strong>Samlet poengsum: 4\/5<\/strong><br \/>\n<strong>Dato for gjennomgang:<\/strong> <span itemprop=\"datePublished\" content=\"2017-01-25\">25\/01\/2017<\/span>\n<\/div>\n<p>Les mer om <a href=\"https:\/\/moverdb.com\/nb\/flyttefirmaer\/\">de beste internasjonale flyttebyr\u00e5ene<\/a> og v\u00e5r <a href=\"https:\/\/moverdb.com\/nb\/vurderinger\/\">gjennomgangsprosessen<\/a>.<\/p>\n<p><strong>Nettsteder:<\/strong> <a href=\"http:\/\/www.agility.com\/EN\/products-and-services\/Pages\/Household-Goods-Movement.aspx\" target=\"_blank\" rel=\"noopener\">Agility Flytting av husholdningsvarer<\/a><\/p>","protected":false},"excerpt":{"rendered":"<p>Agility is the largest logistics and moving company in the Middle East. It offers its customers a wide range of services which are listed below, together with a company profile and reviews. Note that Agility does not move household goods or personal effects for individuals. International Moves Door to door service Sea freight or airfreight [&hellip;]<\/p>\n","protected":false},"author":1,"featured_media":0,"parent":0,"menu_order":0,"comment_status":"closed","ping_status":"closed","template":"","meta":{"_genesis_hide_title":false,"_genesis_hide_breadcrumbs":false,"_genesis_hide_singular_image":false,"_genesis_hide_footer_widgets":false,"_genesis_custom_body_class":"","_genesis_custom_post_class":"","_genesis_layout":"","footnotes":""},"class_list":{"0":"post-1680","1":"page","2":"type-page","3":"status-publish","5":"entry"},"_links":{"self":[{"href":"https:\/\/moverdb.com\/nb\/wp-json\/wp\/v2\/pages\/1680","targetHints":{"allow":["GET"]}}],"collection":[{"href":"https:\/\/moverdb.com\/nb\/wp-json\/wp\/v2\/pages"}],"about":[{"href":"https:\/\/moverdb.com\/nb\/wp-json\/wp\/v2\/types\/page"}],"author":[{"embeddable":true,"href":"https:\/\/moverdb.com\/nb\/wp-json\/wp\/v2\/users\/1"}],"replies":[{"embeddable":true,"href":"https:\/\/moverdb.com\/nb\/wp-json\/wp\/v2\/comments?post=1680"}],"version-history":[{"count":3,"href":"https:\/\/moverdb.com\/nb\/wp-json\/wp\/v2\/pages\/1680\/revisions"}],"predecessor-version":[{"id":6167,"href":"https:\/\/moverdb.com\/nb\/wp-json\/wp\/v2\/pages\/1680\/revisions\/6167"}],"wp:attachment":[{"href":"https:\/\/moverdb.com\/nb\/wp-json\/wp\/v2\/media?parent=1680"}],"curies":[{"name":"wp","href":"https:\/\/api.w.org\/{rel}","templated":true}]}}