{"id":1678,"date":"2017-01-25T12:00:23","date_gmt":"2017-01-25T12:00:23","guid":{"rendered":"http:\/\/moverdb.com\/?page_id=1678"},"modified":"2026-01-08T14:47:27","modified_gmt":"2026-01-08T14:47:27","slug":"aires","status":"publish","type":"page","link":"https:\/\/moverdb.com\/nb\/aires\/","title":{"rendered":"Aires - Internasjonal flytting og flytteanmeldelser"},"content":{"rendered":"<p>Aires tilbyr sine kunder, b\u00e5de privatpersoner og bedrifter, en rekke flyttetjenester. Disse er oppf\u00f8rt nedenfor sammen med en firmaprofil og anmeldelser.<\/p>\n<p><strong>Internasjonale bevegelser<\/strong><\/p>\n<ul>\n<li> Komplett pakking og innpakning av alt innbo og personlige eiendeler.<\/li>\n<li> D\u00f8r til d\u00f8r<\/li>\n<li> Direkte lasting av husholdningsvarer i egnet container eller varebil<\/li>\n<li> Utarbeidelse av all dokumentasjon<\/li>\n<li> Normal, direkte levering og fjerning av rusk og rask.<\/li>\n<li> Retur av tomme containere p\u00e5 det internasjonale bestemmelsesstedet<\/li>\n<li> Fullstendig sporing og kommunikasjon av forsendelsesstatus<\/li>\n<li> Biler<\/li>\n<li> Langtids- og korttidslagring<\/li>\n<li> Flytting av kj\u00e6ledyr<\/li>\n<\/ul>\n<p><strong>Destinasjons- og bosettingstjenester<\/strong><\/p>\n<ul>\n<li> M\u00f8t og hils p\u00e5<\/li>\n<li> Omr\u00e5deorientering<\/li>\n<li> Skoles\u00f8k og registrering<\/li>\n<li> Hjelp til \u00e5 finne utleieboliger<\/li>\n<li> Bistand til leieavtaleforhandlinger<\/li>\n<li> Bosettingstjenester<\/li>\n<li> Bistand til ektefelle\/partner<\/li>\n<li> Midlertidig botilbud<\/li>\n<li> Visum-, pass- og immigrasjonsbistand<\/li>\n<li> Kultur- og spr\u00e5koppl\u00e6ringstjenester<\/li>\n<li> Bistand til repatriering<\/li>\n<\/ul>\n<p><strong>Bedriftstjenester<\/strong><\/p>\n<ul>\n<li> Flytteadministrasjonstjenester<\/li>\n<li> Forvaltning av flytteprogrammet<\/li>\n<li> ReloNet-nettstedet - Bedriftsverkt\u00f8y<\/li>\n<li> Gjennomgang og utvikling av politikk<\/li>\n<li> Eiendomsmeglingstjenester<\/li>\n<li> Forvaltning av eiendom og leieforhold<\/li>\n<li> Inspeksjonstjenester<\/li>\n<li> Fremskrivninger av levekostnader<\/li>\n<li> Utgiftsstyring<\/li>\n<li> Forsikring og risikostyring<\/li>\n<li> Tjenester for gruppeflytting<\/li>\n<li> Internasjonale kompensasjons- og datainnsamlingstjenester<\/li>\n<li> Styring av forsyningskjeden<\/li>\n<\/ul>\n<h2>Aires bedriftsprofil<\/h2>\n<p>Aires, eller American International Relocation Solutions LLC, ble grunnlagt i 1981 av Jim Putt. Selskapets fokus var p\u00e5 internasjonale flyttinger og lagring for selskaper og deres ansatte. Dette har n\u00e5 vokst til \u00e5 omfatte en komplett flyttetjeneste som hjelper ansatte med \u00e5 finne seg raskt til rette i sine nye omgivelser. Aires er fortsatt et familieeid og -drevet privat selskap.<\/p>\n<p>Aires tar sitt milj\u00f8ansvar sv\u00e6rt alvorlig og \"angriper det gr\u00f8nne fra alle vinkler\". Deres helautomatiske systemer reduserer behovet for papirarbeid betraktelig, og alle deres kontorer og lokasjoner er energibesparende og milj\u00f8vennlige.<\/p>\n<p>Aires har f\u00f8lgende akkrediteringer og tilknytninger:<\/p>\n<ul>\n<li> <a href=\"https:\/\/moverdb.com\/nb\/arbeidstaker-flytting-rad\/\">ERC p\u00e5 verdensbasis<\/a><\/li>\n<li> CERC (Canadian Employee Relocation Council) (kanadisk r\u00e5d for flytting av ansatte)<\/li>\n<li> SHRM (Society for Human Resource Management)<\/li>\n<li> <a href=\"https:\/\/moverdb.com\/nb\/iam\/\">IAM<\/a> (<a href=\"https:\/\/moverdb.com\/nb\/iam\/\" data-internallinksmanager029f6b8e52c=\"23\" title=\"International Association of Movers (IAM) Forklaret\">International Association of Movers<\/a>)<\/li>\n<li> OSA (Overseas Shippers Association) (sammenslutning av oversj\u00f8iske avsendere)<\/li>\n<li> <a href=\"https:\/\/moverdb.com\/nb\/fidi-faim\/\">FIDI<\/a> (Forbundet for internasjonale m\u00f8belflyttere)<\/li>\n<li> <a href=\"https:\/\/moverdb.com\/nb\/eura\/\">EuRA<\/a> (<a href=\"https:\/\/moverdb.com\/nb\/eura\/\" data-internallinksmanager029f6b8e52c=\"13\" title=\"European Relocation Association (EuRA) Forklaret\">EuRA<\/a> Flytting)<\/li>\n<li> PAIMA (Pan American International Movers Association) (panamerikansk internasjonal flyttebyr\u00e5forening)<\/li>\n<li> <a href=\"https:\/\/moverdb.com\/nb\/lacma\/\">LACMA<\/a> (Latin American &amp; Caribbean Movers Association)<\/li>\n<li> OMNI (Overseas Moving Network International)<\/li>\n<\/ul>\n<h2>Aires-anmeldelser<\/h2>\n<p><em>I skrivende stund kunne vi ikke finne noen anmeldelser for Aires online.<\/em><\/p>\n<div itemprop=\"review\" itemscope itemtype=\"http:\/\/schema.org\/Review\">\n<span itemprop=\"author\" itemscope=\"\" itemtype=\"http:\/\/schema.org\/Organization\"><span itemprop=\"name\">MoverDB.com<\/span><\/span> Nettstedsgjennomgang for <span itemprop=\"itemreviewed\" itemscope=\"\" itemtype=\"http:\/\/schema.org\/Brand\"><span itemprop=\"name\">Aires<\/span><\/span>:<\/p>\n<ol>\n<li> Tydelige kontaktopplysninger p\u00e5 nettstedet (inkludert telefonnummer): <strong>Ja<\/strong><\/li>\n<li> Lett \u00e5 f\u00e5 tak i <a href=\"https:\/\/moverdb.com\/nb\/sitater\/\">internasjonale flyttetilbud<\/a>? (skjema for foresp\u00f8rsel om prisoverslag p\u00e5 nett): <strong>Ja<\/strong><\/li>\n<li> Tydelig informasjon p\u00e5 nettstedet: <strong>Ja,<\/strong> inneholder mye detaljert informasjon om tjenestene selskapet tilbyr.<\/li>\n<li> Medlemskap i internasjonalt anerkjente flytteorganisasjoner: <strong>Ja<\/strong>, (se ovenfor)<\/li>\n<li> Liste over kunder og\/eller tidligere kundeuttalelser. <strong>Nei,<\/strong> selv om de har en prisavdeling.<\/li>\n<\/ol>\n<div itemprop=\"reviewRating\" itemscope itemtype=\"http:\/\/schema.org\/Rating\"><meta itemprop=\"worstRating\" content = \"0\" \/><meta itemprop=\"bestRating\" content=\"5\" \/><meta itemprop=\"ratingValue\" content=\"4\"><\/div>\n<p><strong>Samlet poengsum: 4\/5<\/strong><br \/>\n<strong>Dato for gjennomgang:<\/strong> <span itemprop=\"datePublished\" content=\"2017-01-25\">25\/01\/2017<\/span>\n<\/div>\n<p>Les mer om <a href=\"https:\/\/moverdb.com\/nb\/flyttefirmaer\/\">internasjonale flyttebyr\u00e5er<\/a> og v\u00e5r <a href=\"https:\/\/moverdb.com\/nb\/vurderinger\/\">gjennomgangsprosessen<\/a>.<\/p>\n<p><strong>Nettsteder:<\/strong> <a href=\"https:\/\/www.aires.com\/\" target=\"_blank\" rel=\"noopener\">https:\/\/www.aires.com\/<\/a><\/p>","protected":false},"excerpt":{"rendered":"<p>Aires offers its clients, both individual and corporate, a variety of moving services. These are listed below together with a company profile and reviews. International Moves Complete packing and wrapping of all household goods and personal effects Door to door Direct loading of household goods into appropriate container or van Preparation of all documentation Normal, [&hellip;]<\/p>\n","protected":false},"author":1,"featured_media":0,"parent":0,"menu_order":0,"comment_status":"closed","ping_status":"closed","template":"","meta":{"_genesis_hide_title":false,"_genesis_hide_breadcrumbs":false,"_genesis_hide_singular_image":false,"_genesis_hide_footer_widgets":false,"_genesis_custom_body_class":"","_genesis_custom_post_class":"","_genesis_layout":"","footnotes":""},"class_list":{"0":"post-1678","1":"page","2":"type-page","3":"status-publish","5":"entry"},"_links":{"self":[{"href":"https:\/\/moverdb.com\/nb\/wp-json\/wp\/v2\/pages\/1678","targetHints":{"allow":["GET"]}}],"collection":[{"href":"https:\/\/moverdb.com\/nb\/wp-json\/wp\/v2\/pages"}],"about":[{"href":"https:\/\/moverdb.com\/nb\/wp-json\/wp\/v2\/types\/page"}],"author":[{"embeddable":true,"href":"https:\/\/moverdb.com\/nb\/wp-json\/wp\/v2\/users\/1"}],"replies":[{"embeddable":true,"href":"https:\/\/moverdb.com\/nb\/wp-json\/wp\/v2\/comments?post=1678"}],"version-history":[{"count":3,"href":"https:\/\/moverdb.com\/nb\/wp-json\/wp\/v2\/pages\/1678\/revisions"}],"predecessor-version":[{"id":6168,"href":"https:\/\/moverdb.com\/nb\/wp-json\/wp\/v2\/pages\/1678\/revisions\/6168"}],"wp:attachment":[{"href":"https:\/\/moverdb.com\/nb\/wp-json\/wp\/v2\/media?parent=1678"}],"curies":[{"name":"wp","href":"https:\/\/api.w.org\/{rel}","templated":true}]}}