{"id":1662,"date":"2017-02-23T10:26:07","date_gmt":"2017-02-23T10:26:07","guid":{"rendered":"http:\/\/moverdb.com\/?page_id=1662"},"modified":"2026-01-08T14:47:48","modified_gmt":"2026-01-08T14:47:48","slug":"bolliger","status":"publish","type":"page","link":"https:\/\/moverdb.com\/nb\/bolliger\/","title":{"rendered":"Bolliger - Internasjonale flyttinger og flytteanmeldelser"},"content":{"rendered":"<p>Bolliger tilbyr sine kunder et bredt utvalg av flyttetjenester. Disse er listet opp nedenfor sammen med en bedriftsprofil og anmeldelser.<\/p>\n<p><strong>Internasjonal flytting<\/strong><\/p>\n<ul>\n<li> Verdensomspennende nettverk av ressurser i bevegelse<\/li>\n<li> D\u00f8r til d\u00f8r<\/li>\n<li> Move Manager med minst 5 \u00e5rs erfaring<\/li>\n<li> Spor forsendelsen din d\u00f8gnet rundt<\/li>\n<li> Husunders\u00f8kelse for \u00e5 fastsl\u00e5 emballasjekrav osv.<\/li>\n<li> Forsikring ordnet<\/li>\n<li> Personlig koordinator vil bist\u00e5 med n\u00f8dvendig dokumentasjon<\/li>\n<li> Pakking og lasting<\/li>\n<li> Tollklarering<\/li>\n<li> Levering og utpakking<\/li>\n<li> Alle gjenstander vil bli n\u00f8ye losset og kryssjekket med inventarlisten din og vil bli plassert i de riktige rommene.<\/li>\n<li> Skj\u00f8re gjenstander, for eksempel glass og <a href=\"https:\/\/moverdb.com\/nb\/moving-to-china\/\" data-internallinksmanager029f6b8e52c=\"357\" title=\"Flytter du til Kina? 2023 Levekostnader og flyttetips\">Kina<\/a>skal pakkes ut p\u00e5 flate overflater<\/li>\n<li> Alt emballasjemateriale og avfall vil raskt bli fjernet fra hjemmet ditt.<\/li>\n<\/ul>\n<p><strong>Flyttetjenester for bedrifter<\/strong><\/p>\n<ul>\n<li> Bosetting i tjenester<\/li>\n<li> Skole- og hjemmes\u00f8k<\/li>\n<li> Kulturell informasjon<\/li>\n<li> Bistand til partner\/ektefelle<\/li>\n<li> Kortvarig innkvartering<\/li>\n<li> Leie av m\u00f8bler<\/li>\n<\/ul>\n<p><strong>Flyttetjenester<\/strong><\/p>\n<ul>\n<li> Levering av emballasjemateriell<\/li>\n<li> Komplette pakketjenester<\/li>\n<li> Spesialisert pakking<\/li>\n<li> Tilpassede kasser<\/li>\n<li> H\u00e5ndtering av pianoer og safer<\/li>\n<li> Motoriserte stiger<\/li>\n<li> Frakt via vei, luft og sj\u00f8<\/li>\n<li> Tolloperasjoner<\/li>\n<li> Agenter over hele verden.<\/li>\n<\/ul>\n<p><strong>Flytting av kontor<\/strong><\/p>\n<ul>\n<li> Utforming og planlegging av bevegelser<\/li>\n<li> Spesialisert personell og utstyr<\/li>\n<li> Motoriserte stiger og kraner<\/li>\n<li> Etablering av kontorer<\/li>\n<li> Gjenvinning og avhending av avfall<\/li>\n<li> Operasjoner dag og natt<\/li>\n<\/ul>\n<p><strong>Billedkunst<\/strong><\/p>\n<ul>\n<li> Design og konstruksjon av skreddersydde esker og kasser<\/li>\n<li> Kunstformaliteter for import\/eksport av moderne og antikke kunstverk<\/li>\n<li> Frakt p\u00e5 vei\/sj\u00f8\/luft<\/li>\n<li> Spesialiserte agenter over hele verden<\/li>\n<li> Oppsett av utstillingslokaler<\/li>\n<\/ul>\n<p><strong>Lagring<\/strong><\/p>\n<ul>\n<li> Kort- og langtidslagring<\/li>\n<li> Metallbeholdere, kasser eller paller<\/li>\n<li> Sikkerhet d\u00f8gnet rundt<\/li>\n<li> R\u00f8ykvarslere<\/li>\n<li> Kontrollert temperatur og luftfuktighet<\/li>\n<li> Dokumentarkiv<\/li>\n<\/ul>\n<h2>Bolliger bedriftsprofil<\/h2>\n<p>Arthur Bolliger \u00e5pnet det f\u00f8rste Bolliger-kontoret i Roma i 1909. Selskapet drives i dag av fjerde generasjon Bolliger og har kontorer i Milano, Lugano og Firenze, i tillegg til <a href=\"https:\/\/moverdb.com\/nb\/moving-to-switzerland\/\" data-internallinksmanager029f6b8e52c=\"327\" title=\"Flytte til Sveits? 2023 Levekostnader og flyttetips\">Sveits<\/a>, den <a href=\"https:\/\/moverdb.com\/nb\/moving-to-the-uk\/\" data-internallinksmanager029f6b8e52c=\"93\" title=\"Flytte til Storbritannia? 2023 Levekostnader og flyttetips\">STORBRITANNIA<\/a>, den <a href=\"https:\/\/moverdb.com\/nb\/moving-to-the-united-states\/\" data-internallinksmanager029f6b8e52c=\"94\" title=\"Flytte til USA? 2023 Levekostnader og flyttetips\">USA<\/a> og <a href=\"https:\/\/moverdb.com\/nb\/moving-to-spain\/\" data-internallinksmanager029f6b8e52c=\"266\" title=\"Flytte til Spania? 2023 Levekostnader og flyttetips\">Spania<\/a>.<\/p>\n<p>Selskapets f\u00f8rste lastebiler ble kj\u00f8pt i 1919 og ble brukt under f\u00f8rste verdenskrig. Selskapet har n\u00e5 en fl\u00e5te p\u00e5 over 200 flyttebiler og frakter varer for privatpersoner og selskaper over hele verden. Bolliger var en av grunnleggerne av <a href=\"https:\/\/moverdb.com\/nb\/fidi-faim\/\" data-internallinksmanager029f6b8e52c=\"16\" title=\"FIDI &amp; FAIM (FIDI-akkreditert internasjonal spedit\u00f8r) forklart\">FIDI<\/a>. I dag er FIDI den st\u00f8rste organisasjonen i sitt slag i verden med 600 agenter i 100 land. <\/p>\n<p>I 1982 ble Bolliger Allied Internationals eneste agent i Italia.<\/p>\n<p>I 1985 ble Bolliger en av grunnleggerne av Overseas Moving Network International (OMNI). I 2002 ble selskapets ekspertise bel\u00f8nnet med ISO 9001-sertifisering - den f\u00f8rste i verden. <a href=\"https:\/\/moverdb.com\/nb\/moving-companies\/\" data-internallinksmanager029f6b8e52c=\"79\" title=\"Topp 25 internasjonale flyttebyr\u00e5er p\u00e5 nettet\">flyttefirma<\/a> i <a href=\"https:\/\/moverdb.com\/nb\/moving-to-italy\/\" data-internallinksmanager029f6b8e52c=\"346\" title=\"Flytter du til Italia? 2023 Levekostnader og flyttetips\">Italia<\/a> for \u00e5 oppn\u00e5 det.<\/p>\n<p>Bollinger pr\u00f8ver konsekvent \u00e5 redusere selskapets milj\u00f8p\u00e5virkning p\u00e5 planeten ved \u00e5 v\u00e6re spesielt oppmerksom p\u00e5 emballasjematerialene de bruker, kj\u00f8ret\u00f8yene de bruker og pr\u00f8ve \u00e5 resirkulere s\u00e5 mye de kan. De driver ogs\u00e5 veldedige programmer i underutviklede land i S\u00f8r-Amerika og Afrika.<\/p>\n<p>Bolliger har f\u00f8lgende akkrediteringer og tilknytninger:<\/p>\n<ul>\n<li> <a href=\"https:\/\/moverdb.com\/nb\/allierte-van-linjer\/\">Allied International<\/a><\/li>\n<li> ISO 9001<\/li>\n<li> <a href=\"https:\/\/moverdb.com\/nb\/fidi-faim\/\">Federation of International Movers<\/a> (FIDI)<\/li>\n<li> Overseas Moving Network International (OMNI)<\/li>\n<li> <a href=\"https:\/\/moverdb.com\/nb\/fidi-faim\/\">FIDI-akkreditert internasjonal flyttemann<\/a> (FAIM)<\/li>\n<li> <a href=\"https:\/\/moverdb.com\/nb\/iam\/\">International Association of Movers<\/a> (<a href=\"https:\/\/moverdb.com\/nb\/iam\/\" data-internallinksmanager029f6b8e52c=\"23\" title=\"International Association of Movers (IAM) Forklaret\">IAM<\/a>)<\/li>\n<li> <a href=\"https:\/\/moverdb.com\/nb\/iata\/\">Den internasjonale lufttransportforeningen<\/a> (<a href=\"https:\/\/moverdb.com\/nb\/iata\/\" data-internallinksmanager029f6b8e52c=\"22\" title=\"Den internasjonale lufttransportorganisasjonen (IATA) Forklart\">IATA<\/a>)<\/li>\n<li> <a href=\"https:\/\/moverdb.com\/nb\/fedemac\/\">Sammenslutningen av europeiske flyttebyr\u00e5er<\/a> (<a href=\"https:\/\/moverdb.com\/nb\/fedemac\/\" data-internallinksmanager029f6b8e52c=\"15\" title=\"Federation of European Movers Association (FEDEMAC) Forklares (p\u00e5 engelsk)\">FEDEMAC<\/a>)<\/li>\n<\/ul>\n<h2>Bolliger-vurderinger<\/h2>\n<p><strong>Positivt:<\/strong><\/p>\n<ul>\n<li> \"Koordinatoren v\u00e5r var ekstremt profesjonell og hjelpsom. Hun svarte p\u00e5 alle sp\u00f8rsm\u00e5lene v\u00e5re og gjorde flyttingen v\u00e5r fra Roma til <a href=\"https:\/\/moverdb.com\/nb\/moving-to-london\/\">London<\/a> f\u00f8le seg lett og trygg. Hun tok seg av absolutt alt. Vi vil definitivt bruke Bolliger igjen for v\u00e5r neste flytting og kan anbefale dem til alle.\" - Bolliger-kunde <a href=\"http:\/\/www.bolliger.co.uk\/testimonials.html\" target=\"_blank\" rel=\"noopener\">Vitnesbyrd<\/a><\/li>\n<li> <em>\"Alt i alt, veldig forn\u00f8yd med denne r\u00f8rende opplevelsen. Det var trommer og cymbaler, s\u00e5 ganske delikate ting. Alt ankom trygt og i tide. Kontakten og kommunikasjonen var feilfri og punktlig.\"<\/em> - Andrea via <a href=\"http:\/\/www.removalreviews.co.uk\/movers\/bolliger-352#2761  Read more: http:\/\/www.removalreviews.co.uk\/movers\/bolliger-352\" target=\"_blank\" rel=\"noopener\">Vurderinger av fjerning<\/a><\/li>\n<li> <em>\"Det er ikke ofte jeg skriver denne typen anbefalinger eller anmeldelser, men jeg m\u00e5tte bare bruke noen minutter p\u00e5 \u00e5 takke Bolliger for den flotte jobben de gjorde da de flyttet meg fra London til Berlin nylig.\"<\/em> - davelucas via <a href=\"https:\/\/www.yell.com\/biz\/bolliger-uk-ltd-west-drayton-7150125\/\" target=\"_blank\" rel=\"noopener\">Yell<\/a><\/li>\n<\/ul>\n<p><strong>Nei:<\/strong><\/p>\n<ul>\n<li> <em>\"Ikke la deg lure av Bolligers salgspitch og p\u00e5stander om fortreffelighet...\"<\/em> - Mr D Bruce via <a href=\"http:\/\/www.removalreviews.co.uk\/movers\/bolliger-352#10617  Read more: http:\/\/www.removalreviews.co.uk\/movers\/bolliger-352\" target=\"_blank\" rel=\"noopener\">Vurderinger av fjerning<\/a><\/li>\n<li> <em>\"Bolliger UK var helt forferdelig...... Uerfarne, ufine byr\u00e5mannskap ankom sent uten flytteutstyr, selv om v\u00e5r bestilte flytting inkluderte flygelet v\u00e5rt.\"<\/em> - Don.br via <a href=\"http:\/\/www.reviewcentre.com\/Removal-Companies\/Bolliger-www-bolliger-co-uk-reviews_2387554\" target=\"_blank\" rel=\"noopener\">Gjennomgangssenter<\/a><\/li>\n<\/ul>\n<div itemprop=\"review\" itemscope itemtype=\"http:\/\/schema.org\/Review\">\n<span itemprop=\"author\" itemscope=\"\" itemtype=\"http:\/\/schema.org\/Organization\"><span itemprop=\"name\">MoverDB.com<\/span><\/span> Nettstedsgjennomgang for <span itemprop=\"itemreviewed\" itemscope=\"\" itemtype=\"http:\/\/schema.org\/Brand\"><span itemprop=\"name\">Bolliger<\/span><\/span>:<\/p>\n<ol>\n<li> Tydelige kontaktopplysninger p\u00e5 nettstedet (inkludert telefonnummer): <strong>Ja<\/strong><\/li>\n<li> Lett \u00e5 f\u00e5 tak i <a href=\"https:\/\/moverdb.com\/nb\/sitater\/\">internasjonale flyttetilbud<\/a>? (skjema for foresp\u00f8rsel om prisoverslag p\u00e5 nett): <strong>Ja<\/strong><\/li>\n<li> Tydelig informasjon p\u00e5 nettstedet: <strong>Ja,<\/strong> men ikke alltid veldig detaljert.<\/li>\n<li> Medlemskap i internasjonalt anerkjente flytteorganisasjoner: <strong>Ja<\/strong>, (se ovenfor)<\/li>\n<li> Liste over kunder og\/eller tidligere kundeuttalelser: <strong>Ja,<\/strong> mange positive kundeuttalelser og generelt gode anmeldelser fra resten av nettet.<\/li>\n<\/ol>\n<div itemprop=\"reviewRating\" itemscope itemtype=\"http:\/\/schema.org\/Rating\"><meta itemprop=\"worstRating\" content = \"0\" \/><meta itemprop=\"bestRating\" content=\"5\" \/><meta itemprop=\"ratingValue\" content=\"4.5\"><\/div>\n<p><strong>Samlet poengsum: 4.5\/5<\/strong><br \/>\n<strong>Dato for gjennomgang:<\/strong> <span itemprop=\"datePublished\" content=\"2017-02-23\">23\/02\/2017<\/span>\n<\/div>\n<p>Les mer om <a href=\"https:\/\/moverdb.com\/nb\/flyttefirmaer\/\">internasjonale flyttebyr\u00e5er<\/a> og v\u00e5r <a href=\"https:\/\/moverdb.com\/nb\/vurderinger\/\">gjennomgangsprosessen<\/a>.<\/p>\n<p><strong>Nettsteder:<\/strong> IT: <a href=\"http:\/\/www.bolliger.it\/\" target=\"_blank\" rel=\"noopener\">http:\/\/www.bolliger.it\/<\/a> STORBRITANNIA: <a href=\"http:\/\/www.bolliger.co.uk\/\" target=\"_blank\" rel=\"noopener\">http:\/\/www.bolliger.co.uk\/<\/a><\/p>","protected":false},"excerpt":{"rendered":"<p>Bolliger offers its customers a wide variety of moving services. These are listed below together with a company profile and reviews. International Moving Worldwide network of moving resources Door to door Move Manager with at least 5 years&#8217; experience Track your shipment 24\/7 House survey to ascertain packing requirements etc Insurance arranged Personal coordinator will [&hellip;]<\/p>\n","protected":false},"author":1,"featured_media":0,"parent":0,"menu_order":0,"comment_status":"closed","ping_status":"closed","template":"","meta":{"_genesis_hide_title":false,"_genesis_hide_breadcrumbs":false,"_genesis_hide_singular_image":false,"_genesis_hide_footer_widgets":false,"_genesis_custom_body_class":"","_genesis_custom_post_class":"","_genesis_layout":"","footnotes":""},"class_list":{"0":"post-1662","1":"page","2":"type-page","3":"status-publish","5":"entry"},"_links":{"self":[{"href":"https:\/\/moverdb.com\/nb\/wp-json\/wp\/v2\/pages\/1662","targetHints":{"allow":["GET"]}}],"collection":[{"href":"https:\/\/moverdb.com\/nb\/wp-json\/wp\/v2\/pages"}],"about":[{"href":"https:\/\/moverdb.com\/nb\/wp-json\/wp\/v2\/types\/page"}],"author":[{"embeddable":true,"href":"https:\/\/moverdb.com\/nb\/wp-json\/wp\/v2\/users\/1"}],"replies":[{"embeddable":true,"href":"https:\/\/moverdb.com\/nb\/wp-json\/wp\/v2\/comments?post=1662"}],"version-history":[{"count":5,"href":"https:\/\/moverdb.com\/nb\/wp-json\/wp\/v2\/pages\/1662\/revisions"}],"predecessor-version":[{"id":6184,"href":"https:\/\/moverdb.com\/nb\/wp-json\/wp\/v2\/pages\/1662\/revisions\/6184"}],"wp:attachment":[{"href":"https:\/\/moverdb.com\/nb\/wp-json\/wp\/v2\/media?parent=1662"}],"curies":[{"name":"wp","href":"https:\/\/api.w.org\/{rel}","templated":true}]}}