{"id":1648,"date":"2017-04-21T14:26:25","date_gmt":"2017-04-21T14:26:25","guid":{"rendered":"http:\/\/moverdb.com\/?page_id=1648"},"modified":"2026-01-08T14:47:58","modified_gmt":"2026-01-08T14:47:58","slug":"cma-cgm","status":"publish","type":"page","link":"https:\/\/moverdb.com\/nb\/cma-cgm\/","title":{"rendered":"CMA CGM Group - Internasjonale skipsfartstjenester og anmeldelser"},"content":{"rendered":"<p>CMA CGM Group tilbyr sine kunder et bredt spekter av frakt- og logistikkl\u00f8sninger. Disse er oppf\u00f8rt nedenfor sammen med en selskapsprofil og vurderinger.<\/p>\n<h3>Internasjonal skipsfart<\/h3>\n<p><strong>T\u00f8rre beholdere<\/strong><\/p>\n<ul>\n<li> Containere for generell bruk (20'\/40'\/40\u2032 HC\/45\u2032 HC);<\/li>\n<li> Pallebrede containere (40\u2032 HC PW\/45\u2032 HC PW);<\/li>\n<li> Spesialcontainere (flat-rack, open-top, open-side, plattform, tank osv.)<\/li>\n<li> Personlig tilpasset tjeneste<\/li>\n<\/ul>\n<p><strong>Kj\u00f8lecontainere<\/strong><\/p>\n<ul>\n<li> 20\u2032 RE\/40\u2032 RH kj\u00f8lecontainere,<\/li>\n<li> Markedets st\u00f8rste fl\u00e5te av 45\u2032 RH Pallet brede containere, dedikert til intra-europeisk handel.<\/li>\n<li> Dedikert avdeling<\/li>\n<\/ul>\n<p><strong>XXL Cargo<\/strong><\/p>\n<ul>\n<li> Skipsfrakt med ikke-standardiserte dimensjoner og vekter<\/li>\n<li> Luksusbiler<\/li>\n<li> Helikoptre<\/li>\n<li> Store maskiner<\/li>\n<li> Jernbanevogner<\/li>\n<li> Overdimensjonerte turbiner og generatorer<\/li>\n<li> Ekspertise innen transport av stykkgods<\/li>\n<\/ul>\n<p><strong>Innland - intermodale tjenester - alle kontinenter<\/strong><\/p>\n<ul>\n<li> Omfattende d\u00f8r-til-d\u00f8r-tjeneste<\/li>\n<li> Skreddersydde innlandsl\u00f8sninger - (jernbane, vei og elv)<\/li>\n<li> Optimaliser forsyningskjeden med kostnadsbesparende d\u00f8r-til-d\u00f8r-muligheter.<\/li>\n<li> Attraktiv spesifikk tilbakeholdelse og overliggetid<\/li>\n<li> N\u00f8yaktig overv\u00e5king for rettidige leveranser<\/li>\n<li> Enkel bestilling og oppf\u00f8lging via en<a>e-business-plattform<\/a><\/li>\n<\/ul>\n<p><strong>AQUAVIVA - Frakt av levende hummer<\/strong><\/p>\n<ul>\n<li> D\u00f8r-til-d\u00f8r-tjeneste<\/li>\n<li> Nytt alternativ til b\u00e5de frysing og kostbar luftfrakt<\/li>\n<li> Opprettholder naturlig hummerhabitat<\/li>\n<li> Garanterer ferskhet og kvalitet fra f\u00f8rste dag, selv over lang tid.<\/li>\n<li> Respekt for milj\u00f8et<\/li>\n<\/ul>\n<p><strong>RORO (Roll on Roll off)<\/strong><\/p>\n<ul>\n<li> <strong><a href=\"https:\/\/moverdb.com\/nb\/moving-companies\/algeria\/\" data-internallinksmanager029f6b8e52c=\"166\" title=\"3 beste internasjonale flyttefirmaer i Algerie\">Algerie<\/a><\/strong>en rute til Mostaganem og Oran og en rute til B\u00e9ja.<\/li>\n<li> <strong><a href=\"https:\/\/moverdb.com\/nb\/moving-companies\/moving-companies-morocco\/\" data-internallinksmanager029f6b8e52c=\"287\" title=\"4 beste internasjonale flyttefirmaer i Marokko\">Marokko<\/a><\/strong>: en tjeneste til Casablanca<\/li>\n<li> <strong>Tunisia<\/strong>: en tjeneste til Rades og La Goulette<\/li>\n<\/ul>\n<p><strong>Lastcruise<\/strong><\/p>\n<ul>\n<li> Del hverdagen med mannskapet<\/li>\n<li> 170 maritime linjer, 450 <a href=\"https:\/\/moverdb.com\/nb\/top-49-container-ports\/\" data-internallinksmanager029f6b8e52c=\"80\" title=\"De 49 st\u00f8rste og travleste containerhavnene i 2025\">havner<\/a> og 150 land<\/li>\n<li> Bestill for noen dager eller noen m\u00e5neder<\/li>\n<li> G\u00e5 i land for en dag eller uke og ta neste b\u00e5t<\/li>\n<\/ul>\n<h2>CMA CGM-konsernets selskapsprofil<\/h2>\n<p>CMA CGM-konsernet ble startet i Marseille av Jacques R. Saad\u00e9 i 1978, som startet Compagnie Maritime d'Affr\u00e8tement (CMA). CMA hadde ett skip og fire ansatte som trafikkerte en linje mellom Beirut, Lattakia, Marseille og Livorno. <\/p>\n<p>I 1980 har CMA to skip, 65 ansatte og har \u00e5pnet kontorer i Europa. I 1983 startet CMA sin multimodale tjeneste, som gj\u00f8r det mulig \u00e5 frakte varer fra d\u00f8r til d\u00f8r.<\/p>\n<p>I 1999 fusjonerte CGM og CMA, noe som gjorde selskapet til nummer 12 i verden. I 2003 hadde selskapet steget til 5. plass i verden.<sup>th<\/sup> posisjon. I 2006 ble CMA CGM verdens tredje st\u00f8rste<sup>r<\/sup> st\u00f8rste <a href=\"https:\/\/moverdb.com\/nb\/rederier\/\" target=\"_blank\" rel=\"noopener\">containerfrakt- og transportselskap<\/a>, som det fortsatt er i dag.<\/p>\n<p>I dag har CMA CGM-konsernet nesten 25 000 ansatte globalt og 64 kontorer og agenturer over hele verden. Konsernet har to hovedkontorer, ett i Marseille og ett i Norfolk, <a href=\"https:\/\/moverdb.com\/nb\/moving-to-the-united-states\/moving-to-virginia\/\" data-internallinksmanager029f6b8e52c=\"442\" title=\"Flytte til Virginia? 2023 Levekostnader og tips om flytting\">Virginia<\/a>. Selskapet opererer p\u00e5 170 linjer og anl\u00f8per 450 havner i 150 land. Det er n\u00e5 det tredje st\u00f8rste <a href=\"https:\/\/moverdb.com\/nb\/shipping-companies\/\" data-internallinksmanager029f6b8e52c=\"4\" title=\"Topp 10 internasjonale containerrederier\">rederi<\/a> i verden og har en fl\u00e5te p\u00e5 428 skip.<\/p>\n<p>CMA CGM har f\u00f8lgende akkrediteringer og tilknytninger:<\/p>\n<ul>\n<li> Internasjonalt sikkerhetssertifikat for skip (ISSC)<\/li>\n<li> Sikkerhetsstyringssertifikat (SMC)<\/li>\n<li> Konvensjonen om sj\u00f8folks arbeids- og levevilk\u00e5r (MLC)<\/li>\n<li> <a href=\"https:\/\/moverdb.com\/nb\/world-shipping-council\/\">Verdens skipsfartsr\u00e5d<\/a> (<a href=\"https:\/\/moverdb.com\/nb\/world-shipping-council\/\" data-internallinksmanager029f6b8e52c=\"82\" title=\"Verdens skipsfartsr\u00e5d (WSC) forklart\">WSC<\/a>)<\/li>\n<\/ul>\n<h2>CMA CGM-konsernets vurderinger<\/h2>\n<p><em>I skrivende stund kunne vi ikke finne noen anmeldelser for CMA CGM Groups frakttjenester p\u00e5 nettet.<\/em><\/p>\n<div itemprop=\"review\" itemscope itemtype=\"http:\/\/schema.org\/Review\">\n<strong><span itemprop=\"author\" itemscope=\"\" itemtype=\"http:\/\/schema.org\/Organization\"><span itemprop=\"name\">MoverDB.com<\/span><\/span> Nettstedsgjennomgang for <span itemprop=\"itemreviewed\" itemscope=\"\" itemtype=\"http:\/\/schema.org\/Brand\"><span itemprop=\"name\">CMA CGM-konsernet<\/span><\/span>:<\/strong><\/p>\n<ol>\n<li> Tydelige kontaktopplysninger p\u00e5 nettstedet (inkludert telefonnummer): <strong>Ja<\/strong><\/li>\n<li> Lett \u00e5 f\u00e5 tak i <a href=\"https:\/\/moverdb.com\/nb\/container-shipping\/\" data-internallinksmanager029f6b8e52c=\"3\" title=\"Diagram over internasjonale fraktrater for containere: April 2026\">internasjonal skipsfart<\/a> tilbud? (skjema for foresp\u00f8rsel om pristilbud p\u00e5 nett): <strong>Nei<\/strong>ser det ut til at du m\u00e5 registrere deg for \u00e5 f\u00e5 tilbud.<\/li>\n<li> Tydelig informasjon p\u00e5 nettstedet: <strong>Ja,<\/strong> nettstedet har detaljert informasjon om alle tjenestene deres.<\/li>\n<li> Medlemskap i internasjonale anerkjente skipsfartsorganisasjoner: <strong>Ja<\/strong><\/li>\n<li> Liste over kunder og\/eller tidligere kundeuttalelser. <strong>Nei,<\/strong> det er ingen oppf\u00f8rt p\u00e5 nettstedet deres.<\/li>\n<\/ol>\n<div itemprop=\"reviewRating\" itemscope itemtype=\"http:\/\/schema.org\/Rating\"><meta itemprop=\"worstRating\" content = \"0\" \/><meta itemprop=\"bestRating\" content=\"5\" \/><meta itemprop=\"ratingValue\" content=\"3.5\"><\/div>\n<p><strong>Samlet poengsum: 3,5\/5<\/strong><br \/>\n<strong>Dato for gjennomgang:<\/strong> <span itemprop=\"datePublished\" content=\"2017-04-21\">21\/04\/2017<\/span>\n<\/div>\n<p>Mer om andre <a href=\"https:\/\/moverdb.com\/nb\/rederier\/\">internasjonale rederier<\/a>, <a href=\"https:\/\/moverdb.com\/nb\/containertransport\/\">satser for containerfrakt<\/a> og v\u00e5r <a href=\"https:\/\/moverdb.com\/nb\/vurderinger\/\">gjennomgangsprosessen<\/a>.<\/p>\n<p><strong>Nettsted:<\/strong> <a href=\"http:\/\/www.cma-cgm.com\/\" target=\"_blank\" rel=\"noopener\">http:\/\/www.cma-cgm.com\/<\/a><\/p>","protected":false},"excerpt":{"rendered":"<p>CMA CGM Group offers its clients a wide range of shipping and logistics solutions. These are listed below together with a company profile and reviews. International Shipping Dry Containers General-use containers (20&#8217;\/40&#8217;\/40&#8242; HC\/45&#8242; HC); Pallet wide containers (40&#8242; HC PW\/45&#8242; HC PW); Specialised containers (flat-rack, open-top, open-side, platform, tank, etc.) Personalised service Reefer Containers 20&#8242; [&hellip;]<\/p>\n","protected":false},"author":1,"featured_media":0,"parent":0,"menu_order":0,"comment_status":"closed","ping_status":"closed","template":"","meta":{"_genesis_hide_title":false,"_genesis_hide_breadcrumbs":false,"_genesis_hide_singular_image":false,"_genesis_hide_footer_widgets":false,"_genesis_custom_body_class":"","_genesis_custom_post_class":"","_genesis_layout":"","footnotes":""},"class_list":{"0":"post-1648","1":"page","2":"type-page","3":"status-publish","5":"entry"},"_links":{"self":[{"href":"https:\/\/moverdb.com\/nb\/wp-json\/wp\/v2\/pages\/1648","targetHints":{"allow":["GET"]}}],"collection":[{"href":"https:\/\/moverdb.com\/nb\/wp-json\/wp\/v2\/pages"}],"about":[{"href":"https:\/\/moverdb.com\/nb\/wp-json\/wp\/v2\/types\/page"}],"author":[{"embeddable":true,"href":"https:\/\/moverdb.com\/nb\/wp-json\/wp\/v2\/users\/1"}],"replies":[{"embeddable":true,"href":"https:\/\/moverdb.com\/nb\/wp-json\/wp\/v2\/comments?post=1648"}],"version-history":[{"count":5,"href":"https:\/\/moverdb.com\/nb\/wp-json\/wp\/v2\/pages\/1648\/revisions"}],"predecessor-version":[{"id":6192,"href":"https:\/\/moverdb.com\/nb\/wp-json\/wp\/v2\/pages\/1648\/revisions\/6192"}],"wp:attachment":[{"href":"https:\/\/moverdb.com\/nb\/wp-json\/wp\/v2\/media?parent=1648"}],"curies":[{"name":"wp","href":"https:\/\/api.w.org\/{rel}","templated":true}]}}