{"id":1644,"date":"2017-02-23T09:28:26","date_gmt":"2017-02-23T09:28:26","guid":{"rendered":"http:\/\/moverdb.com\/?page_id=1644"},"modified":"2026-05-15T14:55:52","modified_gmt":"2026-05-15T14:55:52","slug":"conroy-fjernelser","status":"publish","type":"page","link":"https:\/\/moverdb.com\/nb\/conroy-removals\/","title":{"rendered":"Conroy Removings - Internasjonale flytteanmeldelser"},"content":{"rendered":"<p>Conroy Removals tilbyr sine kunder et bredt utvalg av flyttetjenester innen b\u00e5de <a href=\"https:\/\/moverdb.com\/nb\/moving-to-australia\/living-in-australia\/\" data-internallinksmanager029f6b8e52c=\"240\" title=\"21 hemmeligheter om \u00e5 bo i Australia for \u00e5 vite f\u00f8r du flytter\">Australia<\/a> og <a href=\"https:\/\/moverdb.com\/nb\/moving-to-new-zealand\/\" data-internallinksmanager029f6b8e52c=\"324\" title=\"Flytte til New Zealand? 2023 Levekostnader og flyttetips\">New Zealand<\/a>. Disse er oppf\u00f8rt nedenfor, sammen med en selskapsprofil og vurderinger.<\/p>\n<p><strong><a href=\"https:\/\/moverdb.com\/nb\/international-removals\/\" data-internallinksmanager029f6b8e52c=\"27\" title=\"De 36 beste internasjonale flyttebyr\u00e5ene i Storbritannia\">Internasjonale flyttinger<\/a><\/strong><\/p>\n<ul>\n<li> Personlig flyttekoordinator<\/li>\n<li> D\u00f8r til d\u00f8r<\/li>\n<li> Full service pakking, delvis pakking og gj\u00f8r-det-selv pakking<\/li>\n<li> Demontering og montering av m\u00f8bler<\/li>\n<li> <a href=\"https:\/\/moverdb.com\/nb\/bil-transport-frakt\/\">Frakt av biler<\/a>, motorsykler, b\u00e5ter og tilhengere<\/li>\n<li> Sj\u00f8frakt <a href=\"https:\/\/moverdb.com\/nb\/containertransport\/\">FCL\/LCL-containerfrakt<\/a><\/li>\n<li> Luftfrakt<\/li>\n<li> Langtids- og korttidslagring tilgjengelig<\/li>\n<li> Full utpakkingstjeneste tilgjengelig<\/li>\n<li> Fjerning av rusk<\/li>\n<li> Tollklarering og bistand med n\u00f8dvendig dokumentasjon<\/li>\n<li> Organisert forsikring<\/li>\n<li> Valutavekslingstjenester<\/li>\n<\/ul>\n<p><strong>Interstate, langdistanse og lokale flyttinger<\/strong><\/p>\n<ul>\n<li> Dedikert ekspert p\u00e5 flytting<\/li>\n<li> D\u00f8r til d\u00f8r<\/li>\n<li> Ulike pakker tilgjengelig<\/li>\n<li> Full pakketjeneste, skj\u00f8re gjenstander eller gj\u00f8r-det-selv-pakking<\/li>\n<li> Demontering og montering av m\u00f8bler<\/li>\n<li> Langtids- og korttidslagring tilgjengelig<\/li>\n<li> Utpakkingstjeneste tilgjengelig<\/li>\n<li> Forsikring ordnet<\/li>\n<\/ul>\n<p><strong>Bedriftsflyttinger<\/strong><\/p>\n<ul>\n<li> Flytting av husholdningsartikler<\/li>\n<li> Hjem s\u00f8k<\/li>\n<li> Skoles\u00f8k<\/li>\n<li> Orientering<\/li>\n<li> Spr\u00e5koppl\u00e6ring<\/li>\n<li> Kortvarig innkvartering<\/li>\n<li> <a href=\"https:\/\/moverdb.com\/nb\/bil-transport-frakt\/\">Transport og frakt av motorkj\u00f8ret\u00f8yer<\/a><\/li>\n<li> Transport av kj\u00e6ledyr<\/li>\n<li> Rengj\u00f8ring av hus<\/li>\n<li> Betjent utpakking<\/li>\n<li> Utenlandsk valuta<\/li>\n<\/ul>\n<h2>Conroy Removals bedriftsprofil<\/h2>\n<p>Conroy Removals of Australia and New Zealand ble startet i 1972. De har filialer over hele Australia og New Zealand og anser seg selv for \u00e5 v\u00e6re det fremste flyttebyr\u00e5et i regionen. Conroy har et omfattende nettverk av nasjonale og internasjonale partnere og tilknyttede selskaper, noe som gir selskapet tilgang til over 350 internasjonale partnere alene.<\/p>\n<p>Selskapet er opptatt av \u00e5 redusere sitt karbonavtrykk ved \u00e5 redusere, gjenbruke og resirkulere. Det er ogs\u00e5 overbevist om at de ansatte er godt oppl\u00e6rt og har tillit til sin evne til \u00e5 yte utmerket service i alt de gj\u00f8r.<\/p>\n<p>Conroy Removals (Australia og New Zealand) har f\u00f8lgende akkrediteringer og tilknytninger:<\/p>\n<ul>\n<li> <a href=\"https:\/\/moverdb.com\/nb\/iam\/\">Den internasjonale sammenslutningen av flyttemenn<\/a> (<a href=\"https:\/\/moverdb.com\/nb\/iam\/\" data-internallinksmanager029f6b8e52c=\"23\" title=\"International Association of Movers (IAM) Forklaret\">IAM<\/a>)<\/li>\n<li> <a href=\"https:\/\/moverdb.com\/nb\/british-association-of-removers\/\">British Association of Removers<\/a> (<a href=\"https:\/\/moverdb.com\/nb\/british-association-of-removers\/\" data-internallinksmanager029f6b8e52c=\"9\" title=\"British Association of Removers (BAR) Forklart (p\u00e5 engelsk)\">BAR<\/a>)<\/li>\n<li> <a href=\"https:\/\/moverdb.com\/nb\/afra\/\">Australian Furniture Removers Association<\/a> (<a href=\"https:\/\/moverdb.com\/nb\/afra\/\" data-internallinksmanager029f6b8e52c=\"7\" title=\"Australian Furniture Removers Association (AFRA) forklart\">AFRA<\/a>)<\/li>\n<li> <a href=\"https:\/\/moverdb.com\/nb\/aima\/\">Australian International Movers Association<\/a> (<a href=\"https:\/\/moverdb.com\/nb\/aima\/\" data-internallinksmanager029f6b8e52c=\"8\" title=\"Australian International Movers Association (AIMA) Forklart (p\u00e5 engelsk)\">AIMA<\/a>)<\/li>\n<li> South African International Movers Association (SAIMA) (S\u00f8r-Afrikas internasjonale flyttebyr\u00e5)<\/li>\n<li> Den panamerikanske internasjonale flytteorganisasjonen (PAIMA)<\/li>\n<li> New Zealand Overseas Moving Association (NZOMA) (p\u00e5 engelsk)<\/li>\n<li> <a href=\"https:\/\/moverdb.com\/nb\/fidi-faim\/\">FIDI Global Alliance<\/a><\/li>\n<\/ul>\n<p>De har australske kontorer i:<\/p>\n<ul>\n<li> <a href=\"https:\/\/moverdb.com\/nb\/moving-to-brisbane\/\" data-internallinksmanager029f6b8e52c=\"255\" title=\"Flytte til Brisbane? 2023 Levekostnader og flyttetips\">Brisbane<\/a><\/li>\n<li> <a href=\"https:\/\/moverdb.com\/nb\/flytting-til-sydney\/\">Sydney<\/a><\/li>\n<li> Melbourne<\/li>\n<li> Perth<\/li>\n<li> Townsville<\/li>\n<\/ul>\n<p>New Zealand-kontorer i:<\/p>\n<ul>\n<li> Napier<\/li>\n<li> Auckland<\/li>\n<li> Tauranga<\/li>\n<li> Wellington<\/li>\n<li> Christchurch<\/li>\n<li> Nelson<\/li>\n<\/ul>\n<h2>Conroy Flytting Anmeldelser<\/h2>\n<p><strong>Positivt:<\/strong><\/p>\n<ul>\n<li> <em>\"Pakkingen av huset mitt ble gjort p\u00e5 en glimrende m\u00e5te med stor forsiktighet med alle eiendelene mine innenfor en veldig effektiv tidsramme. Alt var tydelig katalogisert, og det var enkelt \u00e5 pakke ut med alle gjenstandene lett \u00e5 finne, og eskene var godt navngitt for hvert rom. Alt s\u00f8ppel ble fjernet, og til og med noen gamle esker ble tatt med til meg, noe som var til stor hjelp n\u00e5r jeg skulle rydde det tomme huset.\"<\/em> - Kundeuttalelse <a href=\"https:\/\/www.conroy.co.nz\/customer-reviews\/nz-to-overseas\" target=\"_blank\" rel=\"noopener\">via NZ-nettstedet<\/a><\/li>\n<li> <em>\"Utmerket kommunikasjon f\u00f8r levering, og de to mennene som leverte varene v\u00e5re var h\u00f8flige, vennlige, raske og sv\u00e6rt effektive.\"<\/em> - Kundeanmeldelse via <a href=\"https:\/\/www.conroyremovals.com.au\/customer-reviews\/overseas-to-australia\" target=\"_blank\" rel=\"noopener\">AUs nettsted<\/a><\/li>\n<li> <em>\"Jeg har flyttet 25 ganger og dette var uten tvil den beste flytteopplevelsen. Takk Conroys!\"<\/em> - Jackie via <a href=\"http:\/\/www.productreview.com.au\/p\/conroy-removals.html?rating=5#reviews\" target=\"_blank\" rel=\"noopener\">Produktgjennomgang<\/a><\/li>\n<li> <em>\"\u00c5 flytte store gjenstander rundt i New Zealand og til Australia kan v\u00e6re vanskelig, men disse gutta gjorde det virkelig enkelt.\"<\/em> - Dave via <a href=\"https:\/\/yellow.co.nz\/y\/conroy-removals-airpark-drive#detailsRatingsReviews\" target=\"_blank\" rel=\"noopener\">Gul<\/a><\/li>\n<\/ul>\n<p><strong>Nei:<\/strong><\/p>\n<ul>\n<li> <em>\"Til tross for flere oppringninger (alle gikk til telefonsvareren) og e-poster h\u00f8rte jeg ingenting p\u00e5 to uker mellom da varene mine ble fortollet og da budet ringte.\"<\/em> - Kundeanmeldelse via <a href=\"https:\/\/www.conroy.co.nz\/customer-reviews\/overseas-to-nz\" target=\"_blank\" rel=\"noopener\">NZ nettsted<\/a><\/li>\n<li> <em>\"Varene ble fortollet for 2 uker siden. Bortsett fra et krav om betaling av GST + avgift (som jeg gjorde neste dag), har jeg ikke h\u00f8rt en eneste ting om n\u00e5r varene mine vil bli levert. Har lagt igjen telefonsvarer, e-post og fortsatt ingenting. Jeg er ganske overgitt til det faktum at jeg ikke vil se varene mine igjen.\"<\/em> - kundeanmeldelse via <a href=\"https:\/\/www.conroyremovals.com.au\/customer-reviews\/australia-to-overseas\" target=\"_blank\" rel=\"noopener\">AUs nettsted<\/a><\/li>\n<li> <em>\"Dessverre var vi ikke heldige med flyttingen v\u00e5r, varene ble skadet p\u00e5 grunn av feil pakking, og Conroy \u00f8nsker ikke \u00e5 ta noe ansvar for saken.\"<\/em> - Karen via <a href=\"https:\/\/www.mymovingreviews.com\/movers\/conroy-removals-1807#58945\" target=\"_blank\" rel=\"noopener\">Mine flytteanmeldelser<\/a><\/li>\n<li> <em>\"Veldig sent, var skuffet over dette, men de holdt kontakten, s\u00e5 kreditt for det. Ogs\u00e5 rimelig i pris.\"<\/em> - Jon via <a href=\"https:\/\/www.nocowboys.co.nz\/businesses\/conroy-removals-\" target=\"_blank\" rel=\"noopener\">NoCowboys<\/a><\/li>\n<\/ul>\n<div itemprop=\"review\" itemscope itemtype=\"http:\/\/schema.org\/Review\">\n<span itemprop=\"author\" itemscope=\"\" itemtype=\"http:\/\/schema.org\/Organization\"><span itemprop=\"name\">MoverDB.com<\/span><\/span> Nettstedsgjennomgang for <span itemprop=\"itemreviewed\" itemscope=\"\" itemtype=\"http:\/\/schema.org\/Brand\"><span itemprop=\"name\">Conroy Removings<\/span><\/span>:<\/p>\n<ol>\n<li> Tydelige kontaktopplysninger p\u00e5 nettstedet (inkludert telefonnummer): <strong>Ja<\/strong><\/li>\n<li> Lett \u00e5 f\u00e5 tak i <a href=\"https:\/\/moverdb.com\/nb\/sitater\/\">internasjonale flyttetilbud<\/a>? (skjema for foresp\u00f8rsel om prisoverslag p\u00e5 nett): <strong>Ja<\/strong><\/li>\n<li> Tydelig informasjon p\u00e5 nettstedet: <strong>Ja,<\/strong> nettstedet har mye sv\u00e6rt detaljert informasjon.<\/li>\n<li> Medlemskap i internasjonalt anerkjente flytteorganisasjoner: <strong>Ja<\/strong>(mange, se ovenfor)<\/li>\n<li> Liste over kunder og\/eller tidligere kundeuttalelser: <strong>Ja,<\/strong> Det finnes b\u00e5de positive og negative kundeuttalelser p\u00e5 selskapets nettsted, som du kan sortere etter stjernerangering og flyttetype.<\/li>\n<\/ol>\n<div itemprop=\"reviewRating\" itemscope itemtype=\"http:\/\/schema.org\/Rating\"><meta itemprop=\"worstRating\" content = \"0\" \/><meta itemprop=\"bestRating\" content=\"5\" \/><meta itemprop=\"ratingValue\" content=\"5\"><\/div>\n<p><strong>Samlet poengsum: 5\/5<\/strong><br \/>\n<strong>Dato for gjennomgang:<\/strong> <span itemprop=\"datePublished\" content=\"2017-02-23\">23\/02\/2017<\/span>\n<\/div>\n<p>Les mer om <a href=\"https:\/\/moverdb.com\/nb\/flyttefirmaer\/\">internasjonale flyttebyr\u00e5er<\/a> og v\u00e5r <a href=\"https:\/\/moverdb.com\/nb\/vurderinger\/\">gjennomgangsprosessen<\/a>.<\/p>\n<p><strong>Nettsteder:<\/strong> AU: <a href=\"https:\/\/www.conroyremovals.com.au\/\" target=\"_blank\" rel=\"noopener\">https:\/\/www.conroyremovals.com.au\/<\/a>, NZ: <a href=\"https:\/\/www.conroy.co.nz\/\" target=\"_blank\" rel=\"noopener\">https:\/\/www.conroy.co.nz\/<\/a><\/p>","protected":false},"excerpt":{"rendered":"<p>Conroy Removals offers its customers a wide variety of removal services in both Australia and New Zealand. These are listed below, together with a company profile and reviews. International Removals Personal moving coordinator Door to door Full service packing, partial packing and DIY packing Dismantling and reassembly of furniture Shipping of cars, motorbikes, boats and [&hellip;]<\/p>\n","protected":false},"author":1,"featured_media":0,"parent":0,"menu_order":0,"comment_status":"closed","ping_status":"closed","template":"","meta":{"_genesis_hide_title":false,"_genesis_hide_breadcrumbs":false,"_genesis_hide_singular_image":false,"_genesis_hide_footer_widgets":false,"_genesis_custom_body_class":"","_genesis_custom_post_class":"","_genesis_layout":"","footnotes":""},"class_list":{"0":"post-1644","1":"page","2":"type-page","3":"status-publish","5":"entry"},"_links":{"self":[{"href":"https:\/\/moverdb.com\/nb\/wp-json\/wp\/v2\/pages\/1644","targetHints":{"allow":["GET"]}}],"collection":[{"href":"https:\/\/moverdb.com\/nb\/wp-json\/wp\/v2\/pages"}],"about":[{"href":"https:\/\/moverdb.com\/nb\/wp-json\/wp\/v2\/types\/page"}],"author":[{"embeddable":true,"href":"https:\/\/moverdb.com\/nb\/wp-json\/wp\/v2\/users\/1"}],"replies":[{"embeddable":true,"href":"https:\/\/moverdb.com\/nb\/wp-json\/wp\/v2\/comments?post=1644"}],"version-history":[{"count":10,"href":"https:\/\/moverdb.com\/nb\/wp-json\/wp\/v2\/pages\/1644\/revisions"}],"predecessor-version":[{"id":6194,"href":"https:\/\/moverdb.com\/nb\/wp-json\/wp\/v2\/pages\/1644\/revisions\/6194"}],"wp:attachment":[{"href":"https:\/\/moverdb.com\/nb\/wp-json\/wp\/v2\/media?parent=1644"}],"curies":[{"name":"wp","href":"https:\/\/api.w.org\/{rel}","templated":true}]}}