{"id":1628,"date":"2017-04-24T11:01:52","date_gmt":"2017-04-24T11:01:52","guid":{"rendered":"http:\/\/moverdb.com\/?page_id=1628"},"modified":"2026-01-08T14:48:18","modified_gmt":"2026-01-08T14:48:18","slug":"evergreen-marine","status":"publish","type":"page","link":"https:\/\/moverdb.com\/nb\/evergreen-marine\/","title":{"rendered":"Evergreen Marine (Line) - Internasjonale skipsfartstjenester og anmeldelser"},"content":{"rendered":"<p>Evergreen Marine, ogs\u00e5 kjent som Evergreen Line, er et taiwansk transport- og containerrederi. <a href=\"https:\/\/moverdb.com\/nb\/shipping-companies\/\" data-internallinksmanager029f6b8e52c=\"4\" title=\"Topp 10 internasjonale containerrederier\">rederi<\/a>. Det tilbyr sine kunder et bredt spekter av tjenester. Disse er oppf\u00f8rt nedenfor sammen med en selskapsprofil og vurderinger.<\/p>\n<h3>Internasjonal skipsfart<\/h3>\n<p><strong>Alt-i-ett-tjeneste<\/strong><\/p>\n<ul>\n<li> Oversikt over forsendelser<\/li>\n<li> Bestilling<\/li>\n<li> B\/L-instruksjon<\/li>\n<li> B\/L korrekturlesing<\/li>\n<li> <a href=\"https:\/\/moverdb.com\/nb\/moving-to-the-united-states\/\" data-internallinksmanager029f6b8e52c=\"94\" title=\"Flytte til USA? 2023 Levekostnader og flyttetips\">USA<\/a> import\u00f8rens sikkerhetsdokumentasjon (ISF)<\/li>\n<\/ul>\n<p><strong>Intermodale tjenester<\/strong><\/p>\n<ul>\n<li> Levering fra d\u00f8r til d\u00f8r<\/li>\n<li> Sj\u00f8, elv, vei og jernbane<\/li>\n<\/ul>\n<p><strong>T\u00f8rrlastcontainere<\/strong><\/p>\n<ul>\n<li> Spesielt utpekt salgsperson<\/li>\n<li> 20\u2032 t\u00f8rrlastcontainer i st\u00e5l<\/li>\n<li> 40\u2032 t\u00f8rrlastcontainer i st\u00e5l<\/li>\n<li> 40\u2032 Hi-Cube t\u00f8rrlastcontainer<\/li>\n<li> 45\u2032 Hi-Cube t\u00f8rrlastcontainer<\/li>\n<\/ul>\n<p><strong>Kj\u00f8lecontainer<\/strong><\/p>\n<ul>\n<li> 20\u2032 MGSS kj\u00f8lecontainer<\/li>\n<li> 20\u2032 kj\u00f8lecontainer i aluminium<\/li>\n<li> 40\u2032 Hi-Cube kj\u00f8lecontainer<\/li>\n<li> 40\u2032 Hi-Cube kj\u00f8lecontainer i aluminium<\/li>\n<\/ul>\n<p><strong>Spesiell beholder<\/strong><\/p>\n<ul>\n<li> 20\u2032 \u00e5pen container med full h\u00f8yde<\/li>\n<li> 20\u2032 flat rack container med fire frittst\u00e5ende stolper<\/li>\n<li> 20\u2032 flat rack container med sammenleggbar ende<\/li>\n<li> 40\u2032 flat rack container med fire frittst\u00e5ende stolper<\/li>\n<li> 40\u2032 flat rack container med sammenleggbar ende<\/li>\n<li> 40\u2032 container med \u00e5pen topp i full h\u00f8yde<\/li>\n<li> 40\u2032 Hi-cube hangar container<\/li>\n<\/ul>\n<h2>Evergreen Marine bedriftsprofil<\/h2>\n<p>Evergreen-konsernets f\u00f8rste selskap, Evergreen Marine Corporation, ble etablert i Taiwan den 1. mai.<sup>st<\/sup> September 1968 av Dr. Yung-Fa Chang med ett brukt lasteskip. Evergreen begynte <a href=\"https:\/\/moverdb.com\/nb\/container-shipping\/\" data-internallinksmanager029f6b8e52c=\"3\" title=\"Diagram over internasjonale fraktrater for containere: Mai 2026\">containerfrakt<\/a> i 1975, og i 1985 var selskapet blitt verdens st\u00f8rste innen containerfrakt.<\/p>\n<p>Det opererer n\u00e5 under merkenavnet \"Evergreen Line\", sammen med Evergreen Marine Corp. (Taiwan) Ltd., Evergreen Marine (<a href=\"https:\/\/moverdb.com\/nb\/moving-to-the-uk\/\" data-internallinksmanager029f6b8e52c=\"93\" title=\"Flytte til Storbritannia? 2023 Levekostnader og flyttetips\">STORBRITANNIA<\/a>) Ltd., Evergreen Marine (<a href=\"https:\/\/moverdb.com\/nb\/moving-to-hong-kong\/\" data-internallinksmanager029f6b8e52c=\"350\" title=\"Flytter du til Hongkong? 2023 Levekostnader og flyttetips\">Hong Kong<\/a>) Ltd., Italia Marittima S.p.A. og Evergreen Marine (<a href=\"https:\/\/moverdb.com\/nb\/moving-to-singapore\/\" data-internallinksmanager029f6b8e52c=\"68\" title=\"Flytte til Singapore? 2023 Levekostnader og flyttetips\">Singapore<\/a>) Pte Ltd.<\/p>\n<p>Evergreen lever opp til navnet sitt med de st\u00f8rste skipene i S-serien p\u00e5 7024 TEU, som er spesielt konstruert for \u00e5 ha minst mulig innvirkning p\u00e5 milj\u00f8et.<\/p>\n<p>Evergreen Marine har f\u00f8lgende akkrediteringer og tilknytninger:<\/p>\n<ul>\n<li> ISO 9001 2000<\/li>\n<li> ISO 9002<\/li>\n<li> Internasjonal sikkerhetsstyring (ISM)<\/li>\n<li> SOLAS<\/li>\n<li> OPA90<\/li>\n<li> IMDG<\/li>\n<li> <a href=\"https:\/\/moverdb.com\/nb\/world-shipping-council\/\">Verdens skipsfartsr\u00e5d<\/a> (<a href=\"https:\/\/moverdb.com\/nb\/world-shipping-council\/\" data-internallinksmanager029f6b8e52c=\"82\" title=\"Verdens skipsfartsr\u00e5d (WSC) forklart\">WSC<\/a>)<\/li>\n<li> M\u00e5ling av klimagasser i Stillehavet (PGGM)<\/li>\n<\/ul>\n<h2>Evergreen Marine vurderinger<\/h2>\n<p>P\u00e5 tidspunktet for publisering kunne vi ikke finne noen positive eller negative anmeldelser for Evergreen Marine eller Evergreen lines p\u00e5 nettet.<\/p>\n<div itemprop=\"review\" itemscope itemtype=\"http:\/\/schema.org\/Review\">\n<strong><span itemprop=\"author\" itemscope=\"\" itemtype=\"http:\/\/schema.org\/Organization\"><span itemprop=\"name\">MoverDB.com<\/span><\/span> Nettstedsgjennomgang for <span itemprop=\"itemreviewed\" itemscope=\"\" itemtype=\"http:\/\/schema.org\/Brand\"><span itemprop=\"name\">Evergreen Marine<\/span><\/span>:<\/strong><\/p>\n<ol>\n<li> Tydelige kontaktopplysninger p\u00e5 nettstedet (inkludert telefonnummer): <strong>Ja<\/strong><\/li>\n<li> Enkelt \u00e5 f\u00e5 tilbud p\u00e5 internasjonal frakt? (Online skjema for foresp\u00f8rsel om pristilbud): <strong>Ja<\/strong>, kan bestilles via kontaktskjemaet.<\/li>\n<li> Tydelig informasjon p\u00e5 nettstedet: <strong>Ja,<\/strong> nettstedet har detaljert informasjon om alle tjenestene deres.<\/li>\n<li> Medlemskap i internasjonale anerkjente skipsfartsorganisasjoner: <strong>Ja<\/strong><\/li>\n<li> Liste over kunder og\/eller tidligere kundeuttalelser. <strong>Nei,<\/strong> det er ingen oppf\u00f8rt p\u00e5 nettstedet deres.<\/li>\n<\/ol>\n<div itemprop=\"reviewRating\" itemscope itemtype=\"http:\/\/schema.org\/Rating\"><meta itemprop=\"worstRating\" content = \"0\" \/><meta itemprop=\"bestRating\" content=\"5\" \/><meta itemprop=\"ratingValue\" content=\"4\"><\/div>\n<p><strong>Samlet poengsum: 4\/5<\/strong><br \/>\n<strong>Dato for gjennomgang:<\/strong> <span itemprop=\"datePublished\" content=\"2017-04-24\">24\/04\/2017<\/span>\n<\/div>\n<p>Mer om andre <a href=\"https:\/\/moverdb.com\/nb\/rederier\/\">containerrederier<\/a>, <a href=\"https:\/\/moverdb.com\/nb\/containertransport\/\">kostnader for internasjonal containerfrakt<\/a> og v\u00e5r <a href=\"https:\/\/moverdb.com\/nb\/vurderinger\/\">gjennomgangsprosessen<\/a>.<\/p>\n<p><strong>Nettsteder:<\/strong> <\/p>\n<ul>\n<li> <a href=\"http:\/\/www.evergreen-line.com\/\" target=\"_blank\" rel=\"noopener\">http:\/\/www.evergreen-line.com\/<\/a><\/li>\n<li> <a href=\"http:\/\/www.evergreen-marine.co.uk\/\" target=\"_blank\" rel=\"noopener\">http:\/\/www.evergreen-marine.co.uk\/<\/a><\/li>\n<li> <a href=\"http:\/\/www.evergreen-marine.com\/\" target=\"_blank\" rel=\"noopener\">http:\/\/www.evergreen-marine.com\/<\/a><\/li>\n<li> <a href=\"http:\/\/www.evergreen-marine.com.hk\/\" target=\"_blank\" rel=\"noopener\">http:\/\/www.evergreen-marine.com.hk\/<\/a><\/li>\n<li> <a href=\"http:\/\/www.evergreen-marine.com.sg\/\" target=\"_blank\" rel=\"noopener\">http:\/\/www.evergreen-marine.com.sg\/<\/a><\/li>\n<li> <a href=\"http:\/\/www.italiamarittima.it\/\" target=\"_blank\" rel=\"noopener\">http:\/\/www.italiamarittima.it\/<\/a><\/li>\n<\/ul>","protected":false},"excerpt":{"rendered":"<p>Evergreen Marine, also known as Evergreen Line, is a Taiwanese container transportation and shipping company. It offers its clients a wide array of services. These are listed below together with a company profile and reviews. International Shipping All-in-one Service Shipment overview Booking B\/L instruction B\/L proofreading US importer security filing (ISF) Intermodal Services Door to [&hellip;]<\/p>\n","protected":false},"author":1,"featured_media":0,"parent":0,"menu_order":0,"comment_status":"closed","ping_status":"closed","template":"","meta":{"_genesis_hide_title":false,"_genesis_hide_breadcrumbs":false,"_genesis_hide_singular_image":false,"_genesis_hide_footer_widgets":false,"_genesis_custom_body_class":"","_genesis_custom_post_class":"","_genesis_layout":"","footnotes":""},"class_list":{"0":"post-1628","1":"page","2":"type-page","3":"status-publish","5":"entry"},"_links":{"self":[{"href":"https:\/\/moverdb.com\/nb\/wp-json\/wp\/v2\/pages\/1628","targetHints":{"allow":["GET"]}}],"collection":[{"href":"https:\/\/moverdb.com\/nb\/wp-json\/wp\/v2\/pages"}],"about":[{"href":"https:\/\/moverdb.com\/nb\/wp-json\/wp\/v2\/types\/page"}],"author":[{"embeddable":true,"href":"https:\/\/moverdb.com\/nb\/wp-json\/wp\/v2\/users\/1"}],"replies":[{"embeddable":true,"href":"https:\/\/moverdb.com\/nb\/wp-json\/wp\/v2\/comments?post=1628"}],"version-history":[{"count":3,"href":"https:\/\/moverdb.com\/nb\/wp-json\/wp\/v2\/pages\/1628\/revisions"}],"predecessor-version":[{"id":6206,"href":"https:\/\/moverdb.com\/nb\/wp-json\/wp\/v2\/pages\/1628\/revisions\/6206"}],"wp:attachment":[{"href":"https:\/\/moverdb.com\/nb\/wp-json\/wp\/v2\/media?parent=1628"}],"curies":[{"name":"wp","href":"https:\/\/api.w.org\/{rel}","templated":true}]}}