{"id":16251,"date":"2024-05-15T12:46:06","date_gmt":"2024-05-15T12:46:06","guid":{"rendered":"https:\/\/moverdb.com\/?page_id=16251"},"modified":"2026-01-08T15:04:50","modified_gmt":"2026-01-08T15:04:50","slug":"best-places-to-live-estonia","status":"publish","type":"page","link":"https:\/\/moverdb.com\/nb\/moving-to-estonia\/best-places-to-live-estonia\/","title":{"rendered":"De 12 beste stedene \u00e5 bo i Estland"},"content":{"rendered":"<p><a href=\"https:\/\/moverdb.com\/nb\/moving-to-estonia\/\" data-internallinksmanager029f6b8e52c=\"430\" title=\"Flytter du til Estland? 2023 Levekostnader og flyttetips\">Estland<\/a> er et nordeuropeisk land som grenser til Gulf of <a href=\"https:\/\/moverdb.com\/nb\/moving-to-finland\/\" data-internallinksmanager029f6b8e52c=\"345\" title=\"Flytter du til Finland? 2023 Levekostnader og flyttetips\">Finland<\/a> og \u00d8stersj\u00f8en. Estland er kjent for sine spektakul\u00e6re skoger, sjarmerende gamlebyer og rike historie, og har de siste \u00e5rene blitt et popul\u00e6rt reisem\u00e5l for utflyttere som \u00f8nsker \u00e5 bosette seg i landet.<\/p>\n<p>Vi tar en titt p\u00e5 de beste stedene \u00e5 bo i Estland for arbeid, familier, innvandrere og mer.<\/p>\n<p>La oss begynne med \u00e5 ta en titt p\u00e5 de beste stedene \u00e5 bo i Estland.<\/p>\n<div id=\"ez-toc-container\" class=\"ez-toc-v2_0_82_2 ez-toc-wrap-left counter-hierarchy ez-toc-counter ez-toc-transparent ez-toc-container-direction\">\n<div class=\"ez-toc-title-container\">\n<p class=\"ez-toc-title\" style=\"cursor:inherit\">Seksjoner<\/p>\n<span class=\"ez-toc-title-toggle\"><a href=\"#\" class=\"ez-toc-pull-right ez-toc-btn ez-toc-btn-xs ez-toc-btn-default ez-toc-toggle\" aria-label=\"Bytt innholdsfortegnelse\"><span class=\"ez-toc-js-icon-con\"><span class=\"\"><span class=\"eztoc-hide\" style=\"display:none;\">Toggle<\/span><span class=\"ez-toc-icon-toggle-span\"><svg style=\"fill: #999;color:#999\" xmlns=\"http:\/\/www.w3.org\/2000\/svg\" class=\"list-377408\" width=\"20px\" height=\"20px\" viewbox=\"0 0 24 24\" fill=\"none\"><path d=\"M6 6H4v2h2V6zm14 0H8v2h12V6zM4 11h2v2H4v-2zm16 0H8v2h12v-2zM4 16h2v2H4v-2zm16 0H8v2h12v-2z\" fill=\"currentColor\"><\/path><\/svg><svg style=\"fill: #999;color:#999\" class=\"arrow-unsorted-368013\" xmlns=\"http:\/\/www.w3.org\/2000\/svg\" width=\"10px\" height=\"10px\" viewbox=\"0 0 24 24\" version=\"1.2\" baseprofile=\"tiny\"><path d=\"M18.2 9.3l-6.2-6.3-6.2 6.3c-.2.2-.3.4-.3.7s.1.5.3.7c.2.2.4.3.7.3h11c.3 0 .5-.1.7-.3.2-.2.3-.5.3-.7s-.1-.5-.3-.7zM5.8 14.7l6.2 6.3 6.2-6.3c.2-.2.3-.5.3-.7s-.1-.5-.3-.7c-.2-.2-.4-.3-.7-.3h-11c-.3 0-.5.1-.7.3-.2.2-.3.5-.3.7s.1.5.3.7z\"\/><\/svg><\/span><\/span><\/span><\/a><\/span><\/div>\n<nav><ul class='ez-toc-list ez-toc-list-level-1 eztoc-toggle-hide-by-default' ><li class='ez-toc-page-1 ez-toc-heading-level-2'><a class=\"ez-toc-link ez-toc-heading-1\" href=\"https:\/\/moverdb.com\/nb\/moving-to-estonia\/best-places-to-live-estonia\/#Best_Places_To_Live_In_Estonia\" >De beste stedene \u00e5 bo i Estland<\/a><\/li><li class='ez-toc-page-1 ez-toc-heading-level-2'><a class=\"ez-toc-link ez-toc-heading-2\" href=\"https:\/\/moverdb.com\/nb\/moving-to-estonia\/best-places-to-live-estonia\/#Best_Places_To_Live_In_Estonia_for_Work\" >De beste stedene \u00e5 bo i Estland for \u00e5 jobbe<\/a><\/li><li class='ez-toc-page-1 ez-toc-heading-level-2'><a class=\"ez-toc-link ez-toc-heading-3\" href=\"https:\/\/moverdb.com\/nb\/moving-to-estonia\/best-places-to-live-estonia\/#Cheapest_Places_To_Live_In_Estonia\" >Billigste stedene \u00e5 bo i Estland<\/a><\/li><li class='ez-toc-page-1 ez-toc-heading-level-2'><a class=\"ez-toc-link ez-toc-heading-4\" href=\"https:\/\/moverdb.com\/nb\/moving-to-estonia\/best-places-to-live-estonia\/#Best_Places_To_Live_In_Estonia_for_Families\" >De beste stedene \u00e5 bo i Estland for familier<\/a><\/li><li class='ez-toc-page-1 ez-toc-heading-level-2'><a class=\"ez-toc-link ez-toc-heading-5\" href=\"https:\/\/moverdb.com\/nb\/moving-to-estonia\/best-places-to-live-estonia\/#Best_Places_To_Live_In_Estonia_for_Immigrants\" >De beste stedene \u00e5 bo i Estland for innvandrere<\/a><\/li><li class='ez-toc-page-1 ez-toc-heading-level-2'><a class=\"ez-toc-link ez-toc-heading-6\" href=\"https:\/\/moverdb.com\/nb\/moving-to-estonia\/best-places-to-live-estonia\/#Best_Places_To_Live_In_Estonia_for_Retirement\" >De beste stedene \u00e5 bo i Estland for pensjonister<\/a><\/li><li class='ez-toc-page-1 ez-toc-heading-level-2'><a class=\"ez-toc-link ez-toc-heading-7\" href=\"https:\/\/moverdb.com\/nb\/moving-to-estonia\/best-places-to-live-estonia\/#Best_Places_To_Live_In_Estonia_for_Young_Adults\" >De beste stedene \u00e5 bo i Estland for unge voksne<\/a><\/li><li class='ez-toc-page-1 ez-toc-heading-level-2'><a class=\"ez-toc-link ez-toc-heading-8\" href=\"https:\/\/moverdb.com\/nb\/moving-to-estonia\/best-places-to-live-estonia\/#Best_Places_To_Live_In_Estonia_for_Students\" >De beste stedene \u00e5 bo i Estland for studenter<\/a><\/li><li class='ez-toc-page-1 ez-toc-heading-level-2'><a class=\"ez-toc-link ez-toc-heading-9\" href=\"https:\/\/moverdb.com\/nb\/moving-to-estonia\/best-places-to-live-estonia\/#Best_Places_To_Live_In_Estonia_for_Food_and_Nightlife\" >De beste stedene \u00e5 bo i Estland for mat og uteliv<\/a><\/li><li class='ez-toc-page-1 ez-toc-heading-level-2'><a class=\"ez-toc-link ez-toc-heading-10\" href=\"https:\/\/moverdb.com\/nb\/moving-to-estonia\/best-places-to-live-estonia\/#Best_Places_To_Live_In_Estonia_for_Singles\" >De beste stedene \u00e5 bo i Estland for single<\/a><\/li><li class='ez-toc-page-1 ez-toc-heading-level-2'><a class=\"ez-toc-link ez-toc-heading-11\" href=\"https:\/\/moverdb.com\/nb\/moving-to-estonia\/best-places-to-live-estonia\/#Best_Places_To_Live_In_Estonia_for_the_Weather\" >De beste stedene \u00e5 bo i Estland med tanke p\u00e5 v\u00e6ret<\/a><\/li><li class='ez-toc-page-1 ez-toc-heading-level-2'><a class=\"ez-toc-link ez-toc-heading-12\" href=\"https:\/\/moverdb.com\/nb\/moving-to-estonia\/best-places-to-live-estonia\/#Best_Places_To_Live_In_Estonia_Near_Beaches\" >Beste stedene \u00e5 bo i Estland i n\u00e6rheten av strender<\/a><\/li><li class='ez-toc-page-1 ez-toc-heading-level-2'><a class=\"ez-toc-link ez-toc-heading-13\" href=\"https:\/\/moverdb.com\/nb\/moving-to-estonia\/best-places-to-live-estonia\/#Other_Useful_Guides_to_Estonia\" >Andre nyttige guider til Estland<\/a><\/li><\/ul><\/nav><\/div>\n<h2><span class=\"ez-toc-section\" id=\"Best_Places_To_Live_In_Estonia\"><\/span>De beste stedene \u00e5 bo i Estland<span class=\"ez-toc-section-end\"><\/span><\/h2>\n\n<table id=\"tablepress-447\" class=\"tablepress tablepress-id-447\">\n<thead>\n<tr class=\"row-1\">\n\t<th class=\"column-1\">By<\/th><th class=\"column-2\">Begrunnelse<\/th>\n<\/tr>\n<\/thead>\n<tbody class=\"row-striping row-hover\">\n<tr class=\"row-2\">\n\t<td class=\"column-1\">Tallinn<\/td><td class=\"column-2\">Best for arbeid<\/td>\n<\/tr>\n<tr class=\"row-3\">\n\t<td class=\"column-1\">Viljandi<\/td><td class=\"column-2\">Best for overkommelig pris<\/td>\n<\/tr>\n<tr class=\"row-4\">\n\t<td class=\"column-1\">Tallinn<\/td><td class=\"column-2\">Best for familier<\/td>\n<\/tr>\n<tr class=\"row-5\">\n\t<td class=\"column-1\">Parnu<\/td><td class=\"column-2\">Best for innvandrere<\/td>\n<\/tr>\n<tr class=\"row-6\">\n\t<td class=\"column-1\">Hiiumaa<\/td><td class=\"column-2\">Best for pensjonister<\/td>\n<\/tr>\n<tr class=\"row-7\">\n\t<td class=\"column-1\">Tallinn<\/td><td class=\"column-2\">Best for unge voksne<\/td>\n<\/tr>\n<tr class=\"row-8\">\n\t<td class=\"column-1\">Tartu<\/td><td class=\"column-2\">Best for studenter<\/td>\n<\/tr>\n<tr class=\"row-9\">\n\t<td class=\"column-1\">Tallinn<\/td><td class=\"column-2\">Best for mat og uteliv<\/td>\n<\/tr>\n<tr class=\"row-10\">\n\t<td class=\"column-1\">Tartu<\/td><td class=\"column-2\">Best for enslige<\/td>\n<\/tr>\n<tr class=\"row-11\">\n\t<td class=\"column-1\">Viljandi<\/td><td class=\"column-2\">Best for v\u00e6ret<\/td>\n<\/tr>\n<tr class=\"row-12\">\n\t<td class=\"column-1\">Saaremaa<\/td><td class=\"column-2\">Best for strender<\/td>\n<\/tr>\n<\/tbody>\n<\/table>\n<!-- #tablepress-447 from cache -->\n<h2><span class=\"ez-toc-section\" id=\"Best_Places_To_Live_In_Estonia_for_Work\"><\/span>De beste stedene \u00e5 bo i Estland for \u00e5 jobbe<span class=\"ez-toc-section-end\"><\/span><\/h2>\n<p><img loading=\"lazy\" decoding=\"async\" class=\"alignnone size-full wp-image-15229\" src=\"https:\/\/moverdb.com\/wp-content\/uploads\/estonia-tallinn-best-for-work.jpg\" alt=\"\" width=\"1000\" height=\"663\" srcset=\"https:\/\/moverdb.com\/wp-content\/uploads\/estonia-tallinn-best-for-work.jpg 1000w, https:\/\/moverdb.com\/wp-content\/uploads\/estonia-tallinn-best-for-work-300x200.jpg 300w, https:\/\/moverdb.com\/wp-content\/uploads\/estonia-tallinn-best-for-work-18x12.jpg 18w\" sizes=\"auto, (max-width: 1000px) 100vw, 1000px\" \/><\/p>\n<p>Tallinn er hovedstaden i Estland og en av de beste byene for expats som \u00f8nsker \u00e5 flytte til et sted med gode jobbmuligheter. Tallinn ligger ved \u00d8stersj\u00f8en, og er ogs\u00e5 kjent for \u00e5 v\u00e6re et kulturelt knutepunkt for landet og har en unik kulturarv.<\/p>\n<p>De viktigste bransjene i Tallinn er energisektoren, industrisektoren og tjenestesektoren. Det er ogs\u00e5 et stort marked for engelskl\u00e6rere i Estland, og de som er p\u00e5 utkikk etter en jobb innen dette feltet, kan finne mange muligheter.<\/p>\n<p>Tartu er Estlands nest st\u00f8rste by, og er et annet godt alternativ for expats som h\u00e5per \u00e5 finne en jobb.<\/p>\n<h2><span class=\"ez-toc-section\" id=\"Cheapest_Places_To_Live_In_Estonia\"><\/span>Billigste stedene \u00e5 bo i Estland<span class=\"ez-toc-section-end\"><\/span><\/h2>\n<p><img loading=\"lazy\" decoding=\"async\" class=\"alignnone size-full wp-image-15232\" src=\"https:\/\/moverdb.com\/wp-content\/uploads\/estonia-viljandi-best-for-affordability.jpg\" alt=\"\" width=\"1000\" height=\"667\" srcset=\"https:\/\/moverdb.com\/wp-content\/uploads\/estonia-viljandi-best-for-affordability.jpg 1000w, https:\/\/moverdb.com\/wp-content\/uploads\/estonia-viljandi-best-for-affordability-300x200.jpg 300w, https:\/\/moverdb.com\/wp-content\/uploads\/estonia-viljandi-best-for-affordability-18x12.jpg 18w\" sizes=\"auto, (max-width: 1000px) 100vw, 1000px\" \/><\/p>\n<p>Estland regnes for \u00e5 v\u00e6re et ganske rimelig land med lave levekostnader og rimelige boligpriser. Hvis du h\u00e5per \u00e5 flytte med et mindre budsjett, kan Estland v\u00e6re det perfekte landet for deg.<\/p>\n<p>En av de rimeligste byene i Estland er Viljandi, som ligger s\u00f8r i landet mellom P\u00e4rnu og Tartu. Byen har en sjarmerende atmosf\u00e6re med mange gr\u00f8nne omr\u00e5der og vakre innsj\u00f8er.<\/p>\n<p>Viljandi har mye historie, og byen har b\u00e5de slott og museer, i tillegg til at det arrangeres flere festivaler hvert \u00e5r.<\/p>\n<p>P\u00e4rnu er en annen bra by som har rimeligere kostnader enn noen av de andre byene i landet, og som har en morsom og livlig atmosf\u00e6re med gode fasiliteter.<\/p>\n<h2><span class=\"ez-toc-section\" id=\"Best_Places_To_Live_In_Estonia_for_Families\"><\/span>De beste stedene \u00e5 bo i Estland for familier<span class=\"ez-toc-section-end\"><\/span><\/h2>\n<p><img loading=\"lazy\" decoding=\"async\" class=\"alignnone size-full wp-image-15233\" src=\"https:\/\/moverdb.com\/wp-content\/uploads\/estonia-tallinn-best-for-families.jpg\" alt=\"\" width=\"1000\" height=\"667\" srcset=\"https:\/\/moverdb.com\/wp-content\/uploads\/estonia-tallinn-best-for-families.jpg 1000w, https:\/\/moverdb.com\/wp-content\/uploads\/estonia-tallinn-best-for-families-300x200.jpg 300w, https:\/\/moverdb.com\/wp-content\/uploads\/estonia-tallinn-best-for-families-18x12.jpg 18w\" sizes=\"auto, (max-width: 1000px) 100vw, 1000px\" \/><\/p>\n<p>N\u00e5r du skal flytte med familien p\u00e5 slep, er det viktig \u00e5 s\u00f8rge for at stedet du velger har alle de faktorene du trenger for \u00e5 holde familien trygg og lykkelig. Hovedstaden Tallinn er en av de beste byene \u00e5 vurdere for utflyttere som flytter med familien sin.<\/p>\n<p>Byen er kjent som landets kulturelle og sosiale hovedstad, og har rimelige levekostnader samt tilgang til gratis offentlig transport for innbyggerne. Det snakkes mye engelsk i byen, og det finnes flere gode skoler for internasjonale studenter.<\/p>\n<p>Tartu er en annen god by \u00e5 vurdere for familier som flytter ut. Tartu er en universitetsby med en stor studentbefolkning, og er ogs\u00e5 et godt valg for dem som liker utelivet.<\/p>\n<h2><span class=\"ez-toc-section\" id=\"Best_Places_To_Live_In_Estonia_for_Immigrants\"><\/span>De beste stedene \u00e5 bo i Estland for innvandrere<span class=\"ez-toc-section-end\"><\/span><\/h2>\n<p><img loading=\"lazy\" decoding=\"async\" class=\"alignnone size-full wp-image-15235\" src=\"https:\/\/moverdb.com\/wp-content\/uploads\/estonia-parnu-best-for-immigrants.jpg\" alt=\"\" width=\"1000\" height=\"563\" srcset=\"https:\/\/moverdb.com\/wp-content\/uploads\/estonia-parnu-best-for-immigrants.jpg 1000w, https:\/\/moverdb.com\/wp-content\/uploads\/estonia-parnu-best-for-immigrants-300x169.jpg 300w, https:\/\/moverdb.com\/wp-content\/uploads\/estonia-parnu-best-for-immigrants-18x10.jpg 18w\" sizes=\"auto, (max-width: 1000px) 100vw, 1000px\" \/><\/p>\n<p>Parnu ligger i det s\u00f8rvestlige Estland og er f\u00f8rst og fremst kjent som en ferieby. Den ligger omtrent \u00e5tte mil fra sentrum, og de dramatiske strendene trekker til seg mange turister hvert \u00e5r.<\/p>\n<p>Parnu er et godt alternativ for innvandrere som \u00f8nsker \u00e5 unng\u00e5 \u00e5 bo i sentrum og heller vil bo i en mer avslappet by. Innbyggerne i Parnu er vennlige og snakker mye engelsk, og byen er ogs\u00e5 kjent for \u00e5 v\u00e6re en familievennlig by.<\/p>\n<p>Tallinn er et annet godt alternativ for innvandrere. Tallinn er hovedstad, og det finnes et stort samfunn av utflyttere og mange jobbmuligheter.<\/p>\n<h2><span class=\"ez-toc-section\" id=\"Best_Places_To_Live_In_Estonia_for_Retirement\"><\/span>De beste stedene \u00e5 bo i Estland for pensjonister<span class=\"ez-toc-section-end\"><\/span><\/h2>\n<p><img loading=\"lazy\" decoding=\"async\" class=\"alignnone size-full wp-image-15236\" src=\"https:\/\/moverdb.com\/wp-content\/uploads\/estonia-hiiumaa-best-for-retirement.jpg\" alt=\"\" width=\"1000\" height=\"667\" srcset=\"https:\/\/moverdb.com\/wp-content\/uploads\/estonia-hiiumaa-best-for-retirement.jpg 1000w, https:\/\/moverdb.com\/wp-content\/uploads\/estonia-hiiumaa-best-for-retirement-300x200.jpg 300w, https:\/\/moverdb.com\/wp-content\/uploads\/estonia-hiiumaa-best-for-retirement-18x12.jpg 18w\" sizes=\"auto, (max-width: 1000px) 100vw, 1000px\" \/><\/p>\n<p class=\"MuiTypography-root MuiTypography-body1 mui-tw73me-bold-title\" data-automation=\"asset-title\">Hiiumaa er en av de st\u00f8rre \u00f8yene i Estland, og er et godt alternativ for dem som h\u00e5per \u00e5 bli pensjonister i landet. Siden \u00f8ya ligger s\u00e5 avsides til (du kan ta ferge over til fastlandet, eller det finnes en liten flyplass), er den best egnet for dem som flytter hit, eller for dem som har en ekstern arbeidsstilling.<\/p>\n<p data-automation=\"asset-title\">Med sine endel\u00f8se kystlinjer har Hiiumaa flere fyrt\u00e5rn som trekker til seg mange turister, og de som liker \u00e5 v\u00e6re ute i naturen, vil oppdage at det er mange muligheter for utend\u00f8rsaktiviteter. Den ci<\/p>\n<p data-automation=\"asset-title\">For de som er ute etter et litt roligere tempo, er Haapsalu et perfekt valg fordi det er en kystby med enest\u00e5ende natur og spakultur; her finnes det flere gj\u00f8rmebad, trebygninger og restauranter.<\/p>\n<h2 data-automation=\"asset-title\"><span class=\"ez-toc-section\" id=\"Best_Places_To_Live_In_Estonia_for_Young_Adults\"><\/span>De beste stedene \u00e5 bo i Estland for unge voksne<span class=\"ez-toc-section-end\"><\/span><\/h2>\n<p><img loading=\"lazy\" decoding=\"async\" class=\"alignnone size-full wp-image-15245\" src=\"https:\/\/moverdb.com\/wp-content\/uploads\/estonia-tallinn-best-for-young-adults.jpg\" alt=\"\" width=\"1000\" height=\"591\" srcset=\"https:\/\/moverdb.com\/wp-content\/uploads\/estonia-tallinn-best-for-young-adults.jpg 1000w, https:\/\/moverdb.com\/wp-content\/uploads\/estonia-tallinn-best-for-young-adults-300x177.jpg 300w, https:\/\/moverdb.com\/wp-content\/uploads\/estonia-tallinn-best-for-young-adults-18x12.jpg 18w\" sizes=\"auto, (max-width: 1000px) 100vw, 1000px\" \/><\/p>\n<p>Estlands hovedstad Tallinn er uten tvil den beste byen i landet for unge voksne. Det snakkes mye engelsk i landet, og byen regnes ogs\u00e5 som et kulturelt knutepunkt med flere festivaler og arrangementer i l\u00f8pet av \u00e5ret.<\/p>\n<p>Den fantastiske arkitekturen i byen bidrar til sjarmen, og det finnes flere steder man kan opps\u00f8ke for \u00e5 finne nye fellesskap og m\u00f8te likesinnede. Det finnes flere barer, nattklubber og spisesteder rundt om i byen, og Tallinn er en relativt rimelig by sammenlignet med andre europeiske land.<\/p>\n<p>Unge voksne som h\u00e5per \u00e5 komme n\u00e6rmere sj\u00f8en, b\u00f8r vurdere byen Parnu. Kystbyen er ideell for dem som elsker stranden, samtidig som den har alle de rimelige fasilitetene man kan forvente i en moderne by.<\/p>\n<h2><span class=\"ez-toc-section\" id=\"Best_Places_To_Live_In_Estonia_for_Students\"><\/span>De beste stedene \u00e5 bo i Estland for studenter<span class=\"ez-toc-section-end\"><\/span><\/h2>\n<p><img loading=\"lazy\" decoding=\"async\" class=\"alignnone size-full wp-image-15246\" src=\"https:\/\/moverdb.com\/wp-content\/uploads\/estonia-tartu-best-for-students.jpg\" alt=\"\" width=\"1000\" height=\"667\" srcset=\"https:\/\/moverdb.com\/wp-content\/uploads\/estonia-tartu-best-for-students.jpg 1000w, https:\/\/moverdb.com\/wp-content\/uploads\/estonia-tartu-best-for-students-300x200.jpg 300w, https:\/\/moverdb.com\/wp-content\/uploads\/estonia-tartu-best-for-students-18x12.jpg 18w\" sizes=\"auto, (max-width: 1000px) 100vw, 1000px\" \/><\/p>\n<p>Tartu er den beste byen i landet for internasjonale studenter som \u00f8nsker \u00e5 studere i landet. I tillegg til sine fremragende utdanningsinstitusjoner har byen ogs\u00e5 et pulserende natteliv med mange kafeer, klubber og barer.<\/p>\n<p>Byen er hjemsted for universitetet i Tartu, som er en av landets eldste utdanningsinstitusjoner og samarbeider med Erasmus-programmet for \u00e5 st\u00f8tte studenter som \u00f8nsker \u00e5 studere i landet. Tartu ligger n\u00e6r hovedstaden og har en livlig atmosf\u00e6re med en stor studentbefolkning.<\/p>\n<p>Tallinn er en annen god by for internasjonale studenter - byen er hjemsted for Tallinn University of Technology, som for tiden er vertskap for internasjonale studenter fra mer enn 60 land. Hovedstaden er ogs\u00e5 et godt alternativ p\u00e5 grunn av gratis offentlig transport og rimelige boliger.<\/p>\n<h2><span class=\"ez-toc-section\" id=\"Best_Places_To_Live_In_Estonia_for_Food_and_Nightlife\"><\/span>De beste stedene \u00e5 bo i Estland for mat og uteliv<span class=\"ez-toc-section-end\"><\/span><\/h2>\n<p><img loading=\"lazy\" decoding=\"async\" class=\"alignnone size-full wp-image-15248\" src=\"https:\/\/moverdb.com\/wp-content\/uploads\/estonia-tallinn-best-for-food-and-nightlife.jpg\" alt=\"\" width=\"1000\" height=\"678\" srcset=\"https:\/\/moverdb.com\/wp-content\/uploads\/estonia-tallinn-best-for-food-and-nightlife.jpg 1000w, https:\/\/moverdb.com\/wp-content\/uploads\/estonia-tallinn-best-for-food-and-nightlife-300x203.jpg 300w, https:\/\/moverdb.com\/wp-content\/uploads\/estonia-tallinn-best-for-food-and-nightlife-18x12.jpg 18w\" sizes=\"auto, (max-width: 1000px) 100vw, 1000px\" \/><\/p>\n<p>Tallinn er Estlands beste by for b\u00e5de mat- og utelivselskere. Byen har en sjarmerende, men likevel livlig atmosf\u00e6re med arrangementer og utesteder for alle typer festglade mennesker, i tillegg til mange forskjellige spisesteder med b\u00e5de nasjonale og internasjonale retter.<\/p>\n<p>Hovedstaden er kjent for nasjonalretten r\u00e4im (baltisk dvergsild), og mange retter inneholder poteter, fisk og kj\u00f8tt. En av de mest popul\u00e6re rettene er en spesiell sandwich, kiluv\u00f5ileib, som best\u00e5r av sm\u00f8r, agurker, salat, posjerte egg og mye mer.<\/p>\n<p>N\u00e5r det gjelder uteliv, er Tallinn den byen som har det mest aktive og livlige festlivet, med en rekke forskjellige utesteder som barer, klubber og ravefester. Det arrangeres ogs\u00e5 mange festivaler i byen i l\u00f8pet av \u00e5ret, noe som trekker til seg mange turister hvert \u00e5r.<\/p>\n<h2><span class=\"ez-toc-section\" id=\"Best_Places_To_Live_In_Estonia_for_Singles\"><\/span>De beste stedene \u00e5 bo i Estland for single<span class=\"ez-toc-section-end\"><\/span><\/h2>\n<p><img loading=\"lazy\" decoding=\"async\" class=\"alignnone size-full wp-image-15250\" src=\"https:\/\/moverdb.com\/wp-content\/uploads\/estonia-tartu-best-for-singles.jpg\" alt=\"\" width=\"1000\" height=\"749\" srcset=\"https:\/\/moverdb.com\/wp-content\/uploads\/estonia-tartu-best-for-singles.jpg 1000w, https:\/\/moverdb.com\/wp-content\/uploads\/estonia-tartu-best-for-singles-300x225.jpg 300w, https:\/\/moverdb.com\/wp-content\/uploads\/estonia-tartu-best-for-singles-16x12.jpg 16w\" sizes=\"auto, (max-width: 1000px) 100vw, 1000px\" \/><\/p>\n<p>Tartu er en av de beste byene i Estland for single som \u00f8nsker \u00e5 finne nye venner og danne nye fellesskap. Det finnes mange underholdningssteder i byen, som kafeer, vinbarer, teatre, museer og mye mer.<\/p>\n<p>I tillegg til \u00e5 by p\u00e5 et rikt kulturliv, er byen en av de beste n\u00e5r det gjelder levekostnader og rimelige boliger. Det finnes flere ulike nabolag \u00e5 velge mellom i Tartu, og det er allerede etablert et stort expat-samfunn i byen.<\/p>\n<p>Tallinn er en annen god by for dem som h\u00e5per \u00e5 flytte til Estland for \u00e5 f\u00e5 nye venner og etablere et fellesskap med hverandre. Boligene i hovedstaden er rimelige, og det er allerede etablert flere expat-fellesskap i ulike nabolag.<\/p>\n<h2><span class=\"ez-toc-section\" id=\"Best_Places_To_Live_In_Estonia_for_the_Weather\"><\/span>De beste stedene \u00e5 bo i Estland med tanke p\u00e5 v\u00e6ret<span class=\"ez-toc-section-end\"><\/span><\/h2>\n<p><img loading=\"lazy\" decoding=\"async\" class=\"alignnone size-full wp-image-15251\" src=\"https:\/\/moverdb.com\/wp-content\/uploads\/estonia-viljandi-best-for-weather.jpg\" alt=\"\" width=\"1000\" height=\"667\" srcset=\"https:\/\/moverdb.com\/wp-content\/uploads\/estonia-viljandi-best-for-weather.jpg 1000w, https:\/\/moverdb.com\/wp-content\/uploads\/estonia-viljandi-best-for-weather-300x200.jpg 300w, https:\/\/moverdb.com\/wp-content\/uploads\/estonia-viljandi-best-for-weather-18x12.jpg 18w\" sizes=\"auto, (max-width: 1000px) 100vw, 1000px\" \/><\/p>\n<p>De som \u00f8nsker \u00e5 nyte de estiske somrene, oppfordres til \u00e5 flytte til byen Viljandi. Estlands klima er temperert og mildt, med varme somre og ganske strenge vintre.<\/p>\n<p>Siden landet ligger ganske n\u00e6r \u00d8stersj\u00f8en, kan v\u00e6ret v\u00e6re omskiftelig, og det bl\u00e5ser ofte en ganske sterk bris. Viljandi ligger i s\u00f8r, og er et av de bedre alternativene for utflyttere som \u00f8nsker \u00e5 flytte til et sted der de kan nyte solen.<\/p>\n<p>Viljandi er omgitt av fjell, innsj\u00f8er og enest\u00e5ende naturskj\u00f8nnhet, samtidig som det er et viktig kulturelt sted i byen. De som \u00f8nsker \u00e5 v\u00e6re n\u00e6rmere kysten, kan velge mellom de mange \u00f8yene som landet best\u00e5r av, blant annet Hiiumaa Island og Kihnu Island.<\/p>\n<h2><span class=\"ez-toc-section\" id=\"Best_Places_To_Live_In_Estonia_Near_Beaches\"><\/span>Beste stedene \u00e5 bo i Estland i n\u00e6rheten av strender<span class=\"ez-toc-section-end\"><\/span><\/h2>\n<p><img loading=\"lazy\" decoding=\"async\" class=\"alignnone size-full wp-image-15253\" src=\"https:\/\/moverdb.com\/wp-content\/uploads\/estonia-saaremaa-best-for-beaches.jpg\" alt=\"\" width=\"1000\" height=\"563\" srcset=\"https:\/\/moverdb.com\/wp-content\/uploads\/estonia-saaremaa-best-for-beaches.jpg 1000w, https:\/\/moverdb.com\/wp-content\/uploads\/estonia-saaremaa-best-for-beaches-300x169.jpg 300w, https:\/\/moverdb.com\/wp-content\/uploads\/estonia-saaremaa-best-for-beaches-18x10.jpg 18w\" sizes=\"auto, (max-width: 1000px) 100vw, 1000px\" \/><\/p>\n<p>\u00d8sel er Estlands st\u00f8rste \u00f8y, og er et av de beste alternativene for expats som \u00f8nsker \u00e5 tilbringe mest mulig tid langs kysten. Hovedstaden Kuressaare er et popul\u00e6rt sted for dem som er nye p\u00e5 \u00f8ya, og det er lett \u00e5 spasere rundt.<\/p>\n<p>Tuhkana er en av de beste strendene p\u00e5 \u00d8sel, og er et av de beste stedene for bading og annen vannsport. Det finnes mange gallerier, museer og andre kulturelle steder som beboerne kan bes\u00f8ke, i tillegg til spisesteder.<\/p>\n<p>Parnu er et annet utmerket alternativ for dem som \u00f8nsker \u00e5 flytte n\u00e6r kysten. Det er mange strender rundt byen, blant annet P\u00e4rnu Beach, Valgerand og Kabli Beach. Det er ogs\u00e5 mye \u00e5 gj\u00f8re i byen, og levekostnadene er overkommelige.<\/p>\n<h2><span class=\"ez-toc-section\" id=\"Other_Useful_Guides_to_Estonia\"><\/span>Andre nyttige guider til Estland<span class=\"ez-toc-section-end\"><\/span><\/h2>\n<ul>\n<li> <a href=\"https:\/\/moverdb.com\/nb\/moving-to-estonia\/\">Flytter du til Estland? 2023 Levekostnader og flyttetips<\/a><\/li>\n<li> <a href=\"https:\/\/moverdb.com\/nb\/flyttefirmaer\/moving-companies-estonia\/\">4 beste internasjonale flyttefirmaer i Estland<\/a><\/li>\n<li> <a href=\"https:\/\/moverdb.com\/nb\/containertransport\/estland\/\">2026 Priser for sj\u00f8frakt av containere til og fra Estland<\/a><\/li>\n<\/ul>","protected":false},"excerpt":{"rendered":"<p>Estonia is a northern European country that borders the Gulf of Finland and the Baltic Sea. Known for its spectacular woodlands, charming old town and rich history, Estonia has become a popular destination for expats looking to relocate in recent years. We&#8217;ll be taking a look at the best places to live in Estonia for [&hellip;]<\/p>\n","protected":false},"author":1,"featured_media":0,"parent":5702,"menu_order":0,"comment_status":"closed","ping_status":"closed","template":"","meta":{"_genesis_hide_title":false,"_genesis_hide_breadcrumbs":false,"_genesis_hide_singular_image":false,"_genesis_hide_footer_widgets":false,"_genesis_custom_body_class":"","_genesis_custom_post_class":"","_genesis_layout":"","footnotes":""},"class_list":{"0":"post-16251","1":"page","2":"type-page","3":"status-publish","5":"entry"},"_links":{"self":[{"href":"https:\/\/moverdb.com\/nb\/wp-json\/wp\/v2\/pages\/16251","targetHints":{"allow":["GET"]}}],"collection":[{"href":"https:\/\/moverdb.com\/nb\/wp-json\/wp\/v2\/pages"}],"about":[{"href":"https:\/\/moverdb.com\/nb\/wp-json\/wp\/v2\/types\/page"}],"author":[{"embeddable":true,"href":"https:\/\/moverdb.com\/nb\/wp-json\/wp\/v2\/users\/1"}],"replies":[{"embeddable":true,"href":"https:\/\/moverdb.com\/nb\/wp-json\/wp\/v2\/comments?post=16251"}],"version-history":[{"count":2,"href":"https:\/\/moverdb.com\/nb\/wp-json\/wp\/v2\/pages\/16251\/revisions"}],"predecessor-version":[{"id":16253,"href":"https:\/\/moverdb.com\/nb\/wp-json\/wp\/v2\/pages\/16251\/revisions\/16253"}],"up":[{"embeddable":true,"href":"https:\/\/moverdb.com\/nb\/wp-json\/wp\/v2\/pages\/5702"}],"wp:attachment":[{"href":"https:\/\/moverdb.com\/nb\/wp-json\/wp\/v2\/media?parent=16251"}],"curies":[{"name":"wp","href":"https:\/\/api.w.org\/{rel}","templated":true}]}}