{"id":1624,"date":"2017-02-24T09:47:42","date_gmt":"2017-02-24T09:47:42","guid":{"rendered":"http:\/\/moverdb.com\/?page_id=1624"},"modified":"2026-01-08T13:18:22","modified_gmt":"2026-01-08T13:18:22","slug":"gil-stauffer","status":"publish","type":"page","link":"https:\/\/moverdb.com\/nb\/gil-stauffer\/","title":{"rendered":"Gil Stauffer - Internasjonale flyttinger og flytteanmeldelser"},"content":{"rendered":"<p>Gil Stauffer er en spansk <a href=\"https:\/\/moverdb.com\/nb\/international-removals\/\" data-internallinksmanager029f6b8e52c=\"27\" title=\"De 36 beste internasjonale flyttebyr\u00e5ene i Storbritannia\">flyttefirma<\/a> med hovedkontor i <a href=\"https:\/\/moverdb.com\/nb\/moving-to-spain\/moving-to-madrid\/\" data-internallinksmanager029f6b8e52c=\"413\" title=\"Flytter du til Madrid? 2023 Levekostnader og flyttetips\">Madrid<\/a>. Selskapet har mange tjenester \u00e5 tilby sine kunder, og disse er listet opp nedenfor sammen med en selskapsprofil og anmeldelser.<\/p>\n<p><strong>Internasjonale bevegelser<\/strong><\/p>\n<ul>\n<li> Personlig flytteplan<\/li>\n<li> D\u00f8r til d\u00f8r<\/li>\n<li> Sj\u00f8frakt eller luftfrakt<\/li>\n<li> Full pakkingstjeneste, delvis pakking eller selvpakking<\/li>\n<li> Demontering og montering av m\u00f8bler<\/li>\n<li> Utpakkingstjeneste tilgjengelig<\/li>\n<li> Tollklarering og bistand med dokumentasjon<\/li>\n<li> Forsikring ordnet<\/li>\n<li> Kort- og langtidslagring tilgjengelig<\/li>\n<\/ul>\n<p><strong>Nasjonale og lokale tiltak<\/strong><\/p>\n<ul>\n<li> Personlig flytteplan<\/li>\n<li> D\u00f8r til d\u00f8r<\/li>\n<li> Full pakkingstjeneste, delvis pakking eller selvpakking<\/li>\n<li> Utpakkingstjeneste tilgjengelig<\/li>\n<li> Demontering og montering av m\u00f8bler<\/li>\n<li> Rydding av rusk<\/li>\n<li> Forsikring ordnet<\/li>\n<li> Kort- og langtidslagring tilgjengelig<\/li>\n<\/ul>\n<p><strong>Kommersielle flyttinger<\/strong><\/p>\n<ul>\n<li> Logistikkplan<\/li>\n<li> Etter stengetid i bevegelse<\/li>\n<li> D\u00f8r til d\u00f8r<\/li>\n<li> Demontering og remontering av alle m\u00f8bler<\/li>\n<li> Fjerning og reinstallering av datamaskin<\/li>\n<li> Rydding av rusk<\/li>\n<li> Omplassering av personell<\/li>\n<\/ul>\n<p><strong>Flytting av ansatte<\/strong><\/p>\n<ul>\n<li> Arbeidstillatelser<\/li>\n<li> Boligjakt<\/li>\n<li> Spr\u00e5kundervisning<\/li>\n<li> Midlertidige boliger<\/li>\n<li> Leie av m\u00f8bler<\/li>\n<li> Skoles\u00f8k<\/li>\n<li> Hotellreservasjoner<\/li>\n<li> Bankkontoer<\/li>\n<li> Leasing- og leieavtaler<\/li>\n<li> Avtaler om grunnleggende tjenester<\/li>\n<li> Kurs i kultur og skikker<\/li>\n<\/ul>\n<p><strong>Beholdere og lagring<\/strong><\/p>\n<ul>\n<li> Varer lagret i hermetisk forseglede trebeholdere<\/li>\n<li> Sikkerhet d\u00f8gnet rundt<\/li>\n<li> Klimakontrollert<\/li>\n<li> Beholdere behandlet for skadedyrbekjempelse<\/li>\n<li> Forholdsregler ved brann<\/li>\n<\/ul>\n<p><strong>Avdeling for dokumenter<\/strong><\/p>\n<ul>\n<li> Arkiv for dokumenter<\/li>\n<li> Lagring av konfidensiell dokumentasjon<\/li>\n<li> Elektronisk lagring av tilgjengelige arkiver<\/li>\n<li> Sikkerhet p\u00e5 h\u00f8yt niv\u00e5<\/li>\n<li> Klimakontrollert<\/li>\n<\/ul>\n<p><strong>Transport av kunstverk<\/strong><\/p>\n<ul>\n<li> Flyttbare utstillinger<\/li>\n<li> H\u00f8yt niv\u00e5 av teknisk ekspertise<\/li>\n<li> Spesielle h\u00e5ndteringsteknikker<\/li>\n<li> Flyttebilene er klimakontrollert<\/li>\n<\/ul>\n<p><strong>Kurertjeneste<\/strong><\/p>\n<ul>\n<li> Lokalt og internasjonalt<\/li>\n<li> Pakker eller dokumenter<\/li>\n<li> Spor p\u00e5 nettet<\/li>\n<li> Ingen vektgrense<\/li>\n<li> Luftfrakt, sj\u00f8frakt eller landtransport<\/li>\n<\/ul>\n<h2>Gil Stauffer Bedriftsprofil<\/h2>\n<p>Gil Stauffer er et spansk flyttebyr\u00e5 som ble grunnlagt i 1905. Hovedkontoret ligger i Madrid, med 33 kontorer spredt over hele Spania. <a href=\"https:\/\/moverdb.com\/nb\/moving-to-spain\/\" data-internallinksmanager029f6b8e52c=\"266\" title=\"Flytte til Spania? 2023 Levekostnader og flyttetips\">Spania<\/a> og Balearene. Det skryter av at det vil flytte kunder hvor som helst, p\u00e5 hvilken som helst dag i \u00e5ret. Det har kontorer i Europa, de <a href=\"https:\/\/moverdb.com\/nb\/moving-to-the-united-states\/\" data-internallinksmanager029f6b8e52c=\"94\" title=\"Flytte til USA? 2023 Levekostnader og flyttetips\">De forente stater<\/a>, Oseania, Asia og Afrika.<\/p>\n<p>Gil Stauffer er stolt av sin pioner\u00e5nd. P\u00e5 1950-tallet konstruerte selskapet den eneste lastebilen i Spania som kunne transportere enkeltlaster p\u00e5 opptil 200 tonn. Det var ogs\u00e5 en av de f\u00f8rste som tok i bruk Container Express Train System (TECO) for over 70 \u00e5r siden.<\/p>\n<p>Selskapet har spesialiserte oppl\u00e6ringsprogrammer og insisterer p\u00e5 at personalet i den internasjonale avdelingen snakker utmerket engelsk, i tillegg til andre spr\u00e5k. Selskapet har en imponerende bilpark som dekker alle mulige kundebehov.<\/p>\n<p>Selskapet tilbyr sine kunder internasjonale og innenlandske flyttinger, samt bedrifts- og kontorflyttinger og flytting av ansatte.<br \/>\nGil Stauffer har f\u00f8lgende akkrediteringer og tilknytninger:<\/p>\n<ul>\n<li> <a href=\"https:\/\/moverdb.com\/nb\/fidi-faim\/\">FIDI<\/a><\/li>\n<li> <a href=\"https:\/\/moverdb.com\/nb\/iam\/\">IAM<\/a><\/li>\n<li> <a href=\"https:\/\/moverdb.com\/nb\/amsa\/\">AMSA<\/a><\/li>\n<li> <a href=\"https:\/\/moverdb.com\/nb\/fedemac\/\">FEDEMAC<\/a><\/li>\n<li> <a href=\"https:\/\/moverdb.com\/nb\/lacma\/\">LACMA<\/a><\/li>\n<li> PAIMA<\/li>\n<\/ul>\n<h2>Gil Stauffer Selskapsanmeldelser<\/h2>\n<p><strong>Positivt:<\/strong><\/p>\n<ul>\n<li> Ingen tilgjengelig, og ingen attester ble funnet p\u00e5 stedet.<\/li>\n<\/ul>\n<p><strong>Nei:<\/strong><\/p>\n<ul>\n<li> <em>\"Ikke bruk Gil Stauffer til \u00e5 flytte tingene dine. Du vil angre p\u00e5 det.\"<\/em> - Craig Bugden via <a href=\"https:\/\/uk.trustpilot.com\/reviews\/56ec28640000ff00094734c0\" target=\"_blank\" rel=\"noopener\">Trustpilot<\/a><\/li>\n<\/ul>\n<div itemprop=\"review\" itemscope itemtype=\"http:\/\/schema.org\/Review\">\n<span itemprop=\"author\" itemscope=\"\" itemtype=\"http:\/\/schema.org\/Organization\"><span itemprop=\"name\">MoverDB.com<\/span><\/span> Nettstedsgjennomgang for <span itemprop=\"itemreviewed\" itemscope=\"\" itemtype=\"http:\/\/schema.org\/Brand\"><span itemprop=\"name\">Gil Stauffer<\/span><\/span>:<\/p>\n<ol>\n<li> Tydelige kontaktopplysninger p\u00e5 nettstedet (inkludert telefonnummer): <strong>Ja<\/strong><\/li>\n<li> Lett \u00e5 f\u00e5 tak i <a href=\"https:\/\/moverdb.com\/nb\/sitater\/\">internasjonale flyttetilbud<\/a>? (skjema for foresp\u00f8rsel om prisoverslag p\u00e5 nett): <strong>Ja<\/strong>, men bare via e-post (ikke skjema)<\/li>\n<li> Tydelig informasjon p\u00e5 nettstedet: <strong>Noen,<\/strong> Nettstedet har en god del informasjon om tjenestene deres, men g\u00e5r ikke i detalj.<\/li>\n<li> Medlemskap i internasjonalt anerkjente flytteorganisasjoner: <strong>Ja<\/strong>, men disse er ikke oppf\u00f8rt p\u00e5 nettstedet deres<\/li>\n<li> Liste over kunder og\/eller tidligere kundeuttalelser: <strong>Nei,<\/strong> og den eneste anmeldelsen vi kunne finne om dem p\u00e5 engelsk var negativ.<\/li>\n<\/ol>\n<div itemprop=\"reviewRating\" itemscope itemtype=\"http:\/\/schema.org\/Rating\"><meta itemprop=\"worstRating\" content = \"0\" \/><meta itemprop=\"bestRating\" content=\"5\" \/><meta itemprop=\"ratingValue\" content=\"3.5\"><\/div>\n<p><strong>Samlet poengsum: 3,5\/5<\/strong><br \/>\n<strong>Dato for gjennomgang:<\/strong> <span itemprop=\"datePublished\" content=\"2017-02-24\">24\/02\/2017<\/span>\n<\/div>\n<p>Les mer om <a href=\"https:\/\/moverdb.com\/nb\/flyttefirmaer\/\">internasjonale flyttebyr\u00e5er<\/a> og v\u00e5r <a href=\"https:\/\/moverdb.com\/nb\/vurderinger\/\">gjennomgangsprosessen<\/a>.<\/p>\n<p><strong>Nettsted:<\/strong> <a href=\"http:\/\/www.gil-stauffer.com\/?lang=en\" target=\"_blank\" rel=\"noopener\">http:\/\/www.gil-stauffer.com\/<\/a><\/p>","protected":false},"excerpt":{"rendered":"<p>Gil Stauffer is a Spanish removal company with its headquarters in Madrid. The company has many services to offer its customers and these are listed below together with a company profile and reviews. International Moves Personalised moving plan Door to door Sea freight or air freight Full packing service, partial packing or self-packing Disassembly and [&hellip;]<\/p>\n","protected":false},"author":1,"featured_media":0,"parent":0,"menu_order":0,"comment_status":"closed","ping_status":"closed","template":"","meta":{"_genesis_hide_title":false,"_genesis_hide_breadcrumbs":false,"_genesis_hide_singular_image":false,"_genesis_hide_footer_widgets":false,"_genesis_custom_body_class":"","_genesis_custom_post_class":"","_genesis_layout":"","footnotes":""},"class_list":{"0":"post-1624","1":"page","2":"type-page","3":"status-publish","5":"entry"},"_links":{"self":[{"href":"https:\/\/moverdb.com\/nb\/wp-json\/wp\/v2\/pages\/1624","targetHints":{"allow":["GET"]}}],"collection":[{"href":"https:\/\/moverdb.com\/nb\/wp-json\/wp\/v2\/pages"}],"about":[{"href":"https:\/\/moverdb.com\/nb\/wp-json\/wp\/v2\/types\/page"}],"author":[{"embeddable":true,"href":"https:\/\/moverdb.com\/nb\/wp-json\/wp\/v2\/users\/1"}],"replies":[{"embeddable":true,"href":"https:\/\/moverdb.com\/nb\/wp-json\/wp\/v2\/comments?post=1624"}],"version-history":[{"count":3,"href":"https:\/\/moverdb.com\/nb\/wp-json\/wp\/v2\/pages\/1624\/revisions"}],"predecessor-version":[{"id":6215,"href":"https:\/\/moverdb.com\/nb\/wp-json\/wp\/v2\/pages\/1624\/revisions\/6215"}],"wp:attachment":[{"href":"https:\/\/moverdb.com\/nb\/wp-json\/wp\/v2\/media?parent=1624"}],"curies":[{"name":"wp","href":"https:\/\/api.w.org\/{rel}","templated":true}]}}