{"id":1614,"date":"2017-04-27T14:28:26","date_gmt":"2017-04-27T14:28:26","guid":{"rendered":"http:\/\/moverdb.com\/?page_id=1614"},"modified":"2026-01-08T13:18:27","modified_gmt":"2026-01-08T13:18:27","slug":"hamburg-sud","status":"publish","type":"page","link":"https:\/\/moverdb.com\/nb\/hamburg-sud\/","title":{"rendered":"Hamburg S\u00fcd Group - Internasjonale skipsfartstjenester og anmeldelser"},"content":{"rendered":"<p>Hamburg S\u00fcd er et tysk <a href=\"https:\/\/moverdb.com\/nb\/shipping-companies\/\" data-internallinksmanager029f6b8e52c=\"4\" title=\"Topp 10 internasjonale containerrederier\">rederi<\/a> som tilbyr sine kunder en rekke tjenester. Disse er oppf\u00f8rt nedenfor sammen med en selskapsprofil og vurderinger. (<em><strong>Merk:<\/strong> <a href=\"https:\/\/moverdb.com\/nb\/maersk\/\" target=\"_blank\" rel=\"noopener\">Maersk Line<\/a> er i ferd med \u00e5 kj\u00f8pe selskapet<\/em>).<\/p>\n<h3>Internasjonal containerfrakt<\/h3>\n<ul>\n<li> Planlegging av eksperter<\/li>\n<li> D\u00f8r til d\u00f8r<\/li>\n<li> Intermodale tjenester tilgjengelig<\/li>\n<\/ul>\n<p><strong>T\u00f8rrlast<\/strong><\/p>\n<p><strong>Farlig last<\/strong><\/p>\n<ul>\n<li> Hver foresp\u00f8rsel unders\u00f8kes av eksperter<\/li>\n<li> M\u00e5 v\u00e6re i samsvar med lovbestemte forskrifter<\/li>\n<li> Sertifisert sikkerhetsr\u00e5dgiver for farlig gods (DGSA) gir r\u00e5d om alle forsendelser.<\/li>\n<li> Moderne skip for frakt av farlig last<\/li>\n<li> Streng oppmerksomhet p\u00e5 overholdelse av stuing<\/li>\n<\/ul>\n<p><strong>Kj\u00f8lefrakt<\/strong><\/p>\n<ul>\n<li> Frukt, gr\u00f8nnsaker, blomster, planter<\/li>\n<li> Kj\u00f8tt, fisk og sj\u00f8mat<\/li>\n<li> Legemidler, fotografisk materiale og kjemikalier<\/li>\n<li> Meieriprodukter og juice<\/li>\n<li> <a href=\"https:\/\/moverdb.com\/nb\/containertransport\/\">20\u2032 og 40\u2032 containere<\/a><\/li>\n<li> Ubrutt kj\u00f8leforsyningskjede<\/li>\n<li> Atmosf\u00e6restyring for h\u00f8stet frukt og gr\u00f8nnsaker<\/li>\n<li> Multitemperatur-modus<\/li>\n<li> P\u00e6re-modus<\/li>\n<\/ul>\n<p><strong>Spesiell last<\/strong><\/p>\n<ul>\n<li> Break bulk<\/li>\n<li> Utenfor m\u00e5lestokk<\/li>\n<li> H\u00f8y tetthet<\/li>\n<\/ul>\n<p><strong>Andre skipsfartstjenester<\/strong><\/p>\n<ul>\n<li> H\u00e5ndtering av all relevant import- og eksportdokumentasjon<\/li>\n<li> Midlertidig lagring<\/li>\n<li> Oppdeling av st\u00f8rre forsendelser i enkeltsendinger<\/li>\n<li> Merking<\/li>\n<li> Tollklarering for import og eksport<\/li>\n<\/ul>\n<p><strong>Fart\u00f8yer<\/strong><\/p>\n<ul>\n<li> Moderne fl\u00e5te<\/li>\n<li> <a href=\"https:\/\/moverdb.com\/nb\/rederier\/\">Containerskip<\/a><\/li>\n<li> Bulkskip<\/li>\n<li> Produkttankskip<\/li>\n<\/ul>\n<p><strong>Salg av brukte containere<\/strong><\/p>\n<ul>\n<li> Stort utvalg av forskjellige typer containere<\/li>\n<li> Tilgang til brukte containere over hele verden<\/li>\n<li> Beholdere av h\u00f8y kvalitet<\/li>\n<li> Erfarne medarbeidere<\/li>\n<li> Lokal spr\u00e5kst\u00f8tte<\/li>\n<\/ul>\n<p><strong>e-handel<\/strong><\/p>\n<ul>\n<li> Tidsplaner som er n\u00f8yaktige p\u00e5 minuttet<\/li>\n<li> Track &amp; Trace (sporing av containere)<\/li>\n<li> Oversikt over bestillinger<\/li>\n<li> Gjenoppretting av bestillinger<\/li>\n<li> Oversikt over forsendelsesinstruksjoner<\/li>\n<li> Innlevering av nye forsendelsesinstruksjoner<\/li>\n<li> Kontroll av B\/L-utkast<\/li>\n<li> Opprette standardiserte rapporter for en forsendelse<\/li>\n<li> Spor og sporing av gods<\/li>\n<\/ul>\n<h2>Hamburg S\u00fcd selskapsprofil<\/h2>\n<p>Hamburg S\u00fcd ble startet i 1871 av representanter for elleve handelshus i Hamburg og var kjent som Hamburg S\u00fcdamerikanische Dampfschifffahrts-Gesellschaft. I 1914 hadde selskapet 50 dampskip, som alle ble \u00f8delagt under f\u00f8rste verdenskrig. <\/p>\n<p>Selskapet begynte \u00e5 gjenoppbygge i 1920 og starter et cruiseselskap. I 1939 har Hamburg S\u00fcd den st\u00f8rste fl\u00e5ten i verden, totalt 52 skip.<\/p>\n<p>Under andre verdenskrig gikk selskapets fl\u00e5te igjen fullstendig tapt. Hamburg S\u00fcd gjenopptok sakte cruisevirksomheten og diversifiserte seg inn i trampfart. De startet tank- og kj\u00f8leskipsfart, og innen 1971 hadde de g\u00e5tt inn i <a href=\"https:\/\/moverdb.com\/nb\/container-shipping\/\" data-internallinksmanager029f6b8e52c=\"3\" title=\"Diagram over internasjonale fraktrater for containere: April 2026\">containerfrakt<\/a>.<\/p>\n<p>Selskapet er n\u00e5 rangert blant de ti st\u00f8rste containerrederiene i verden. Det har 127 <a href=\"https:\/\/moverdb.com\/nb\/top-10-largest-container-ships-in-2022\/\" data-internallinksmanager029f6b8e52c=\"84\" title=\"De 10 st\u00f8rste containerskipene i 2026\">containerskip<\/a> med en slot-kapasitet p\u00e5 over 600 000 TEU og 50 linjetjenester. Hamburg S\u00fcd har over 6 000 ansatte p\u00e5 250 kontorer over hele verden.<\/p>\n<p>Hamburg S\u00fcd har f\u00f8lgende akkrediteringer og tilknytninger:<\/p>\n<ul>\n<li> <a href=\"https:\/\/moverdb.com\/nb\/world-shipping-council\/\">Verdens skipsfartsr\u00e5d<\/a> (<a href=\"https:\/\/moverdb.com\/nb\/world-shipping-council\/\" data-internallinksmanager029f6b8e52c=\"82\" title=\"Verdens skipsfartsr\u00e5d (WSC) forklart\">WSC<\/a>)<\/li>\n<li> Arbeidsgruppen for ren last (CCWG)<\/li>\n<li> <a href=\"https:\/\/moverdb.com\/nb\/moving-to-the-united-states\/\" data-internallinksmanager029f6b8e52c=\"94\" title=\"Flytte til USA? 2023 Levekostnader og flyttetips\">USA<\/a> Environmental Protection Agency (EPA)<\/li>\n<li> Verband Deutsche Reeder (VDR)<\/li>\n<li> Internasjonalt sikkerhetssertifikat for skipsfart (ISSC)<\/li>\n<li> EIPP Standards Advisory Board<\/li>\n<\/ul>\n<p><strong>Hamburg S\u00fcd-konsernets vurderinger<\/strong><\/p>\n<p><em>I skrivende stund kunne vi ikke finne noen positive eller negative anmeldelser for Hamburg S\u00fcds frakttjenester p\u00e5 nettet.<\/em><\/p>\n<p><strong><\/p>\n<div itemprop=\"review\" itemscope itemtype=\"http:\/\/schema.org\/Review\">\n<span itemprop=\"author\" itemscope=\"\" itemtype=\"http:\/\/schema.org\/Organization\"><span itemprop=\"name\">MoverDB.com<\/span><\/span> Nettstedsgjennomgang for <span itemprop=\"itemreviewed\" itemscope=\"\" itemtype=\"http:\/\/schema.org\/Brand\"><span itemprop=\"name\">Hamburg S\u00fcd<\/span><\/span>:<\/strong> <\/strong>.<\/p>\n<ol>\n<li> Tydelige kontaktopplysninger p\u00e5 nettstedet (inkludert telefonnummer): <strong>Ja<\/strong><\/li>\n<li> Enkelt \u00e5 f\u00e5 tilbud p\u00e5 internasjonal frakt? (Online skjema for foresp\u00f8rsel om pristilbud): <strong>P\u00e5 en m\u00e5te<\/strong>m\u00e5 registrere seg for \u00e5 gj\u00f8re en ny bestilling.<\/li>\n<li> Tydelig informasjon p\u00e5 nettstedet: <strong>Ja,<\/strong> Nettstedet beskriver tydelig alle tjenestene selskapet tilbyr.<\/li>\n<li> Medlemskap i internasjonale anerkjente skipsfartsorganisasjoner: <strong>Ja<\/strong>se ovenfor.<\/li>\n<li> Liste over kunder og\/eller tidligere kundeuttalelser. <strong>Nei,<\/strong> men de lister opp de mange prisene de har vunnet.<\/li>\n<\/ol>\n<div itemprop=\"reviewRating\" itemscope itemtype=\"http:\/\/schema.org\/Rating\"><meta itemprop=\"worstRating\" content = \"0\" \/><meta itemprop=\"bestRating\" content=\"5\" \/><meta itemprop=\"ratingValue\" content=\"4\"><\/div>\n<p><strong>Samlet poengsum: 4\/5<\/strong><br \/>\n<strong>Dato for gjennomgang:<\/strong> <span itemprop=\"datePublished\" content=\"2017-04-27\">27\/04\/2017<\/span>\n<\/div>\n<p>Mer om andre <a href=\"https:\/\/moverdb.com\/nb\/rederier\/\">internasjonale rederier<\/a>, <a href=\"https:\/\/moverdb.com\/nb\/containertransport\/\">satser for containerfrakt<\/a> og v\u00e5r <a href=\"https:\/\/moverdb.com\/nb\/vurderinger\/\">gjennomgangsprosessen<\/a>.<\/p>\n<p><strong>Nettsted:<\/strong> <a href=\"http:\/\/www.hamburgsud.com\" target=\"_blank\" rel=\"noopener\">http:\/\/www.hamburgsud.com<\/a><\/p>","protected":false},"excerpt":{"rendered":"<p>Hamburg S\u00fcd is a German shipping company which offers its customers a range of services. These are listed below together with a company profile and reviews. (Note: Maersk Line is in the process of buying the company). International Container Shipping Planning by experts Door to door Intermodal services available Dry Cargo Hazardous Cargo Each request [&hellip;]<\/p>\n","protected":false},"author":1,"featured_media":0,"parent":0,"menu_order":0,"comment_status":"closed","ping_status":"closed","template":"","meta":{"_genesis_hide_title":false,"_genesis_hide_breadcrumbs":false,"_genesis_hide_singular_image":false,"_genesis_hide_footer_widgets":false,"_genesis_custom_body_class":"","_genesis_custom_post_class":"","_genesis_layout":"","footnotes":""},"class_list":{"0":"post-1614","1":"page","2":"type-page","3":"status-publish","5":"entry"},"_links":{"self":[{"href":"https:\/\/moverdb.com\/nb\/wp-json\/wp\/v2\/pages\/1614","targetHints":{"allow":["GET"]}}],"collection":[{"href":"https:\/\/moverdb.com\/nb\/wp-json\/wp\/v2\/pages"}],"about":[{"href":"https:\/\/moverdb.com\/nb\/wp-json\/wp\/v2\/types\/page"}],"author":[{"embeddable":true,"href":"https:\/\/moverdb.com\/nb\/wp-json\/wp\/v2\/users\/1"}],"replies":[{"embeddable":true,"href":"https:\/\/moverdb.com\/nb\/wp-json\/wp\/v2\/comments?post=1614"}],"version-history":[{"count":4,"href":"https:\/\/moverdb.com\/nb\/wp-json\/wp\/v2\/pages\/1614\/revisions"}],"predecessor-version":[{"id":6217,"href":"https:\/\/moverdb.com\/nb\/wp-json\/wp\/v2\/pages\/1614\/revisions\/6217"}],"wp:attachment":[{"href":"https:\/\/moverdb.com\/nb\/wp-json\/wp\/v2\/media?parent=1614"}],"curies":[{"name":"wp","href":"https:\/\/api.w.org\/{rel}","templated":true}]}}