{"id":1610,"date":"2017-04-24T11:17:52","date_gmt":"2017-04-24T11:17:52","guid":{"rendered":"http:\/\/moverdb.com\/?page_id=1610"},"modified":"2026-01-08T13:18:28","modified_gmt":"2026-01-08T13:18:28","slug":"hapag-lloyd","status":"publish","type":"page","link":"https:\/\/moverdb.com\/nb\/hapag-lloyd\/","title":{"rendered":"Hapag-Lloyd - Internasjonale frakttjenester og anmeldelser"},"content":{"rendered":"<p>Hapag-Lloyd er et globalt <a href=\"https:\/\/moverdb.com\/nb\/shipping-companies\/\" data-internallinksmanager029f6b8e52c=\"4\" title=\"Topp 10 internasjonale containerrederier\">rederi<\/a> med hovedkontor i Hamburg, <a href=\"https:\/\/moverdb.com\/nb\/moving-to-germany\/\" data-internallinksmanager029f6b8e52c=\"321\" title=\"Flytte til Tyskland? 2023 Levekostnader og flyttetips\">Tyskland<\/a>. Det tilbyr sine kunder et bredt spekter av frakt- og logistikkl\u00f8sninger. Disse er oppf\u00f8rt nedenfor sammen med en selskapsprofil og vurderinger.<\/p>\n<h3>Internasjonal skipsfart<\/h3>\n<p><strong>T\u00f8rrlast<\/strong><\/p>\n<ul>\n<li> Bredt utvalg av containerl\u00f8sninger<\/li>\n<li> Raske transittider<\/li>\n<li> P\u00e5litelighet i henhold til tidsplanen<\/li>\n<li> D\u00f8r til d\u00f8r-tjeneste tilbys<\/li>\n<li> Kjemikalietransporter, overholdelse av regelverket<\/li>\n<\/ul>\n<p><strong>Kj\u00f8lefrakt<\/strong><\/p>\n<ul>\n<li> Frukt, gr\u00f8nnsaker, kj\u00f8tt, fisk, blomster<\/li>\n<li> Farmas\u00f8ytiske h\u00f8yverdiprodukter<\/li>\n<li> Kontrollert atmosf\u00e6re<\/li>\n<li> ExtraFresh- og EverFresh-teknologi som brukes for \u00e5 redusere kondensering<\/li>\n<li> Profesjonelle behandlere<\/li>\n<\/ul>\n<p><strong>Farlig gods<\/strong><\/p>\n<ul>\n<li> Persontilpassede l\u00f8sninger for enhver kompleks transport av farlig gods<\/li>\n<li> D\u00f8gnkontinuerlig st\u00f8tte fra eksperter p\u00e5 farlig gods ved alle regionale hovedkontorer (Hamburg, Valparaiso, Piscataway, og <a href=\"https:\/\/moverdb.com\/nb\/moving-to-singapore\/\" data-internallinksmanager029f6b8e52c=\"68\" title=\"Flytte til Singapore? 2023 Levekostnader og flyttetips\">Singapore<\/a>)<\/li>\n<li> Flere eksperter p\u00e5 farlig gods p\u00e5 vakt i helgene<\/li>\n<li> Rask og p\u00e5litelig bestillingskontroll for \u00e5 sikre internasjonale lovkrav og en smidig transport av varer.<\/li>\n<li> Riktig stuing og segregering om bord for \u00e5 sikre en trygg sj\u00f8reise for all last.<\/li>\n<li> Der det er hensiktsmessig, bruke sikre transporttiltak ogs\u00e5 utover kravene i IMDG-koden.<\/li>\n<\/ul>\n<p><strong>Spesiell last<\/strong><\/p>\n<ul>\n<li> Spesialisert team<\/li>\n<li> Breakbulk - eksperter planlegger overdimensjonerte prosjekter<\/li>\n<\/ul>\n<p><strong>Beholdere<\/strong><\/p>\n<ul>\n<li> Oppfylle ISO-krav<\/li>\n<li> T\u00f8rrgods - Standard, Standard High Cube, Standard Hardtop, Standard High Cube Hardtop<\/li>\n<li> Reefer Cargo - Opprettholde temperatur fra -35 \u00b0C til +30 \u00b0C<\/li>\n<li> Lav egenvekt = h\u00f8y nyttelastdesign<\/li>\n<li> Spesialfrakt - Flatrack\/Platform, Flatrack High Cube, Open Top\/Hard Top, Open Top High Cube, Hardtop High Cube.<\/li>\n<\/ul>\n<p><strong>Cruise<\/strong><\/p>\n<ul>\n<li> 125 \u00e5rs erfaring<\/li>\n<li> Verdensomspennende cruise<\/li>\n<\/ul>\n<h2>Hapag-Lloyd selskapsprofil<\/h2>\n<p>Hapag-Lloyd ble grunnlagt i 1970 da Hamburg-Amerikanische Packetfahrt-Actien-Gesellschaft (Hapag) og Norddeutscher Lloyd slo seg sammen. Begge disse selskapene startet p\u00e5 midten av det nittende \u00e5rhundre da utvandringen fra Europa til Amerika tok fart. <a href=\"https:\/\/moverdb.com\/nb\/moving-to-the-united-states\/\" data-internallinksmanager029f6b8e52c=\"94\" title=\"Flytte til USA? 2023 Levekostnader og flyttetips\">De forente stater<\/a> startet for alvor.<\/p>\n<p>I dag betjener Hapag-Lloyd markeder og kunder over hele verden og har et omfattende linjenettverk som forbinder hele verden. Selskapet har over 190 skip som i gjennomsnitt transporterer 7,4 TEU \u00e5rlig. Selskapet har rundt 9 300 ansatte og over 600 kontorer i 120 land over hele verden. <\/p>\n<p>Hapag-Lloyd-fl\u00e5ten har en samlet kapasitet p\u00e5 955 000 TEU og en containerbeholdning p\u00e5 1,5 millioner TEU. Rederiet har en av verdens st\u00f8rste og mest moderne kj\u00f8lecontainerfl\u00e5ter.<\/p>\n<p>Hapag-Lloyd har f\u00f8lgende akkrediteringer og tilknytninger:<\/p>\n<ul>\n<li> Internasjonalt sikkerhetssertifikat for skip (ISSC)<\/li>\n<li> Sikkerhetsstyringssertifikat (SMC)<\/li>\n<li> Konvensjonen om sj\u00f8folks arbeids- og levevilk\u00e5r (MLC)<\/li>\n<li> <a href=\"https:\/\/moverdb.com\/nb\/world-shipping-council\/\">Verdens skipsfartsr\u00e5d<\/a> (<a href=\"https:\/\/moverdb.com\/nb\/world-shipping-council\/\" data-internallinksmanager029f6b8e52c=\"82\" title=\"Verdens skipsfartsr\u00e5d (WSC) forklart\">WSC<\/a>)<\/li>\n<\/ul>\n<h2>Hapag-Lloyd Shipping Anmeldelser<\/h2>\n<p><em>I skrivende stund kunne vi ikke finne noen anmeldelser for Hapag-Lloyds frakttjenester p\u00e5 nettet.<\/em>  <\/p>\n<p><strong><\/p>\n<div itemprop=\"review\" itemscope itemtype=\"http:\/\/schema.org\/Review\">\n<span itemprop=\"author\" itemscope=\"\" itemtype=\"http:\/\/schema.org\/Organization\"><span itemprop=\"name\">MoverDB.com<\/span><\/span> Nettstedsgjennomgang for <span itemprop=\"itemreviewed\" itemscope=\"\" itemtype=\"http:\/\/schema.org\/Brand\"><span itemprop=\"name\">Hapag-Lloyd<\/span><\/span>:<\/strong> <\/strong>.<\/p>\n<ol>\n<li> Tydelige kontaktopplysninger p\u00e5 nettstedet (inkludert telefonnummer): <strong>Ja<\/strong><\/li>\n<li> Lett \u00e5 f\u00e5 tak i <a href=\"https:\/\/moverdb.com\/nb\/container-shipping\/\" data-internallinksmanager029f6b8e52c=\"3\" title=\"Diagram over internasjonale fraktrater for containere: Mars 2026\">internasjonal skipsfart<\/a> tilbud? (skjema for foresp\u00f8rsel om pristilbud p\u00e5 nett): <strong>Ja<\/strong><\/li>\n<li> Tydelig informasjon p\u00e5 nettstedet: <strong>Ja,<\/strong> Nettstedet er sv\u00e6rt detaljert og godt utformet.<\/li>\n<li> Medlemskap i internasjonale anerkjente skipsfartsorganisasjoner: <strong>Ja<\/strong>(se ovenfor).<\/li>\n<li> Liste over kunder og\/eller tidligere kundeuttalelser. <strong>Nei,<\/strong> men de lister opp priser og sertifiseringer.<\/li>\n<\/ol>\n<div itemprop=\"reviewRating\" itemscope itemtype=\"http:\/\/schema.org\/Rating\"><meta itemprop=\"worstRating\" content = \"0\" \/><meta itemprop=\"bestRating\" content=\"5\" \/><meta itemprop=\"ratingValue\" content=\"4.5\"><\/div>\n<p><strong>Samlet poengsum: 4.5\/5<\/strong><br \/>\n<strong>Dato for gjennomgang:<\/strong> <span itemprop=\"datePublished\" content=\"2017-04-24\">24\/04\/2017<\/span>\n<\/div>\n<p>Mer om andre <a href=\"https:\/\/moverdb.com\/nb\/rederier\/\">internasjonale rederier<\/a>, <a href=\"https:\/\/moverdb.com\/nb\/containertransport\/\">kostnader for frakt av containere<\/a> og v\u00e5r <a href=\"https:\/\/moverdb.com\/nb\/vurderinger\/\">gjennomgangsprosessen<\/a>.<\/p>\n<p><strong>Nettsted:<\/strong> <a href=\"https:\/\/www.hapag-lloyd.com\/en\/home.html\" target=\"_blank\" rel=\"noopener\">https:\/\/www.hapag-lloyd.com\/en\/home.html<\/a><\/p>","protected":false},"excerpt":{"rendered":"<p>Hapag-Lloyd is a global shipping company with its head office in Hamburg, Germany. It offers its clients a wide range of shipping and logistics solutions. These are listed below together with a company profile and reviews. International Shipping Dry Cargo Broad range of container solutions Fast transit times On point schedule reliability Door to door [&hellip;]<\/p>\n","protected":false},"author":1,"featured_media":0,"parent":0,"menu_order":0,"comment_status":"closed","ping_status":"closed","template":"","meta":{"_genesis_hide_title":false,"_genesis_hide_breadcrumbs":false,"_genesis_hide_singular_image":false,"_genesis_hide_footer_widgets":false,"_genesis_custom_body_class":"","_genesis_custom_post_class":"","_genesis_layout":"","footnotes":""},"class_list":{"0":"post-1610","1":"page","2":"type-page","3":"status-publish","5":"entry"},"_links":{"self":[{"href":"https:\/\/moverdb.com\/nb\/wp-json\/wp\/v2\/pages\/1610","targetHints":{"allow":["GET"]}}],"collection":[{"href":"https:\/\/moverdb.com\/nb\/wp-json\/wp\/v2\/pages"}],"about":[{"href":"https:\/\/moverdb.com\/nb\/wp-json\/wp\/v2\/types\/page"}],"author":[{"embeddable":true,"href":"https:\/\/moverdb.com\/nb\/wp-json\/wp\/v2\/users\/1"}],"replies":[{"embeddable":true,"href":"https:\/\/moverdb.com\/nb\/wp-json\/wp\/v2\/comments?post=1610"}],"version-history":[{"count":3,"href":"https:\/\/moverdb.com\/nb\/wp-json\/wp\/v2\/pages\/1610\/revisions"}],"predecessor-version":[{"id":6218,"href":"https:\/\/moverdb.com\/nb\/wp-json\/wp\/v2\/pages\/1610\/revisions\/6218"}],"wp:attachment":[{"href":"https:\/\/moverdb.com\/nb\/wp-json\/wp\/v2\/media?parent=1610"}],"curies":[{"name":"wp","href":"https:\/\/api.w.org\/{rel}","templated":true}]}}