{"id":1592,"date":"2017-04-21T13:39:38","date_gmt":"2017-04-21T13:39:38","guid":{"rendered":"http:\/\/moverdb.com\/?page_id=1592"},"modified":"2026-01-08T14:40:07","modified_gmt":"2026-01-08T14:40:07","slug":"maersk","status":"publish","type":"page","link":"https:\/\/moverdb.com\/nb\/maersk\/","title":{"rendered":"Maersk Line - Internasjonale skipsfartstjenester og anmeldelser"},"content":{"rendered":"<p>Maersk Line, er en del av A.P. Moller-Maersk Group, et verdensomspennende rederi. <a href=\"https:\/\/moverdb.com\/nb\/shipping-companies\/\" data-internallinksmanager029f6b8e52c=\"4\" title=\"Topp 10 internasjonale containerrederier\">rederi<\/a> med base i K\u00f8benhavn, <a href=\"https:\/\/moverdb.com\/nb\/moving-to-denmark\/\" data-internallinksmanager029f6b8e52c=\"335\" title=\"Flytter du til Danmark? 2023 Levekostnader og flyttetips\">Danmark<\/a>. Det tilbyr sine kunder et bredt spekter av tjenester som er oppf\u00f8rt nedenfor, sammen med en selskapsprofil og vurderinger.<\/p>\n<p><strong>Internasjonale frakt- og forsendelsestjenester<\/strong><\/p>\n<ul>\n<li> T\u00f8rrlast<\/li>\n<li> D\u00f8r til d\u00f8r<\/li>\n<li> 20\u2032 containere med nyttelast opp til 28,2 tonn<\/li>\n<li> 40\u2032 8\u2032 6\u2033 containere med nyttelast opp til 28,8 tonn<\/li>\n<li> 45\u2032 9\u2032 6\u2033 h\u00f8y med en total kapasitet p\u00e5 85 kubikkmeter<\/li>\n<li> B\u00f8ylebjelker som gj\u00f8r det mulig \u00e5 transportere plagg p\u00e5 kleshengere uten ytterligere pakking.<\/li>\n<li> Surringsstenger og surringsringer for \u00e5 gi lasten din ekstra sikkerhet<\/li>\n<li> Lagring tilgjengelig<\/li>\n<li> Tollklarering<\/li>\n<\/ul>\n<p><strong>Kj\u00f8lefrakt<\/strong><\/p>\n<ul>\n<li> Nedkj\u00f8lte fraktcontainere<\/li>\n<li> D\u00f8r til d\u00f8r<\/li>\n<li> Omhyggelig godsh\u00e5ndtering for \u00e5 sikre produktenes ferskhet<\/li>\n<li> Unik containerdesign sikrer maksimal nyttelast<\/li>\n<li> Reduserte CO2-utslipp<\/li>\n<li> Optimal produkttemperatur<\/li>\n<li> Redusert energiforbruk<\/li>\n<li> 3 typer kj\u00f8lecontainere, fra 27 til 67 CBM med lasterom.<\/li>\n<li> Tollklarering<\/li>\n<\/ul>\n<p><strong>Spesiell last<\/strong><\/p>\n<ul>\n<li> Levering til rett tid av Out of Gauge, In Gauge og Break Bulk-gods<\/li>\n<li> Levering til rett tid av spesialgods over hele verden<\/li>\n<li> Eksperter p\u00e5 spesialfrakt i alle tidssoner for umiddelbar respons og st\u00f8tte.<\/li>\n<li> Toppmoderne fl\u00e5te med flate stativer og \u00e5pne topper, tilgjengelig hvor og n\u00e5r du trenger dem<\/li>\n<li> D\u00f8r til d\u00f8r<\/li>\n<li> Lagring tilgjengelig<\/li>\n<li> Tollklarering<\/li>\n<\/ul>\n<p><strong>Landtransporttjenester<\/strong><\/p>\n<ul>\n<li> Fullservicetransportl\u00f8sning<\/li>\n<li> D\u00f8r til d\u00f8r<\/li>\n<li> Rettidig henting og levering<\/li>\n<li> Stort nettverk av leverand\u00f8rer av kvalitetstransport<\/li>\n<li> One-stop-shopping som kombinerer dine land- og sj\u00f8transportbehov<\/li>\n<li> Kontinuerlig overv\u00e5king og kvalitetssikring<\/li>\n<li> Forsikring ordnet<\/li>\n<\/ul>\n<p><strong>Brukte containere til salgs<\/strong><\/p>\n<ul>\n<li> Bruk for lagring, et kontor, et hus, til og med et sv\u00f8mmebasseng<\/li>\n<li> Tilgang til lageret for \u00e5 dekke dine behov<\/li>\n<li> Et omfattende nettverk av brukte containere<\/li>\n<li> Enkle systemer p\u00e5 plass for \u00e5 overholde avhentingsplanen din<\/li>\n<li> Garantert containerkvalitet<\/li>\n<\/ul>\n<h2>Maersk Line<\/h2>\n<p>Maersk Line ble grunnlagt i 1928. Maersk Line eies av A.P. M\u00f8ller-M\u00e6rsk-konsernet og er et av verdens st\u00f8rste rederier. <a href=\"https:\/\/moverdb.com\/nb\/rederier\/\">st\u00f8rste containerrederi<\/a>, kjent for sin fleksibilitet, p\u00e5litelighet og milj\u00f8effektive tjenester. <\/p>\n<p>Hovedkontoret ligger i K\u00f8benhavn i Danmark. Selskapet har over 630 skip med en kapasitet p\u00e5 3,3 millioner TEU som betjener 59 000 kunder over hele verden.<\/p>\n<p>I fjor fraktet Maersk ca. 12 millioner containere rundt om i verden og gjorde 46 000 havneanl\u00f8p i 343 havner. <a href=\"https:\/\/moverdb.com\/nb\/top-49-container-ports\/\" data-internallinksmanager029f6b8e52c=\"80\" title=\"De 49 st\u00f8rste og travleste containerhavnene i 2025\">havner<\/a> i 121 land. Maersk tilbyr flere daglige seilinger p\u00e5 alle st\u00f8rre skipsruter. For at alt skal g\u00e5 knirkefritt, sysselsetter selskapet 7 000 sj\u00f8folk og 25 000 landansatte p\u00e5 374 kontorer over hele verden.<\/p>\n<p>Maersk har forpliktet seg til \u00e5 gi tilbake til samfunnet og st\u00f8tter prosjekter over hele verden som faller inn under tre globale ordninger - katastrofehjelp og beredskap, milj\u00f8vern og oppmuntring til entrepren\u00f8rskap i underprivilegerte lokalsamfunn.<\/p>\n<p>Maersk Line har f\u00f8lgende akkrediteringer og tilknytninger:<\/p>\n<ul>\n<li> International Air and Shipping Association (IASA)<\/li>\n<li> <a href=\"https:\/\/moverdb.com\/nb\/internasjonal-kammer-skipsfart\/\">Det internasjonale skipsfartskammeret<\/a> (<a href=\"https:\/\/moverdb.com\/nb\/international-chamber-shipping\/\" data-internallinksmanager029f6b8e52c=\"78\" title=\"Det internasjonale skipsfartskammeret (ICS) forklart\">ICS<\/a>)<\/li>\n<li> WTOs globale allianse for handelsforenkling<\/li>\n<li> Sikkerhet for menneskeliv til sj\u00f8s (SOLAS)<\/li>\n<li> Sammenslutningen av nasjonale sammenslutninger av skipsmeglere og agenter (FONASBA)<\/li>\n<\/ul>\n<h2>Maersk Line-selskapsvurderinger<\/h2>\n<p><em>I skrivende stund kunne vi ikke finne noen anmeldelser p\u00e5 nettet for Maersk Lines skipsfartstjenester.<\/em><\/p>\n<p><strong><\/p>\n<div itemprop=\"review\" itemscope itemtype=\"http:\/\/schema.org\/Review\">\n<span itemprop=\"author\" itemscope=\"\" itemtype=\"http:\/\/schema.org\/Organization\"><span itemprop=\"name\">MoverDB.com<\/span><\/span> Nettstedsgjennomgang for <span itemprop=\"itemreviewed\" itemscope=\"\" itemtype=\"http:\/\/schema.org\/Brand\"><span itemprop=\"name\">Maersk Line<\/span><\/span>:<\/strong> <\/strong>.<\/p>\n<ol>\n<li> Tydelige kontaktopplysninger p\u00e5 nettstedet (inkludert telefonnummer): <strong>Ja<\/strong><\/li>\n<li> Lett \u00e5 f\u00e5 tak i <a href=\"https:\/\/moverdb.com\/nb\/container-shipping\/\" data-internallinksmanager029f6b8e52c=\"3\" title=\"Diagram over internasjonale fraktrater for containere: Mai 2026\">internasjonal skipsfart<\/a> tilbud? (skjema for foresp\u00f8rsel om pristilbud p\u00e5 nett): <strong>Ja<\/strong><\/li>\n<li> Tydelig informasjon p\u00e5 nettstedet: <strong>Ja,<\/strong> Nettstedet beskriver tydelig alle tjenestene selskapet tilbyr.<\/li>\n<li> Medlemskap i internasjonale anerkjente skipsfartsorganisasjoner: <strong>Ja<\/strong>, men ikke mange er oppf\u00f8rt p\u00e5 nettstedet deres.<\/li>\n<li> Liste over kunder og\/eller tidligere kundeuttalelser. <strong>Nei,<\/strong> det er ingen oppf\u00f8rt p\u00e5 nettstedet deres.<\/li>\n<\/ol>\n<div itemprop=\"reviewRating\" itemscope itemtype=\"http:\/\/schema.org\/Rating\"><meta itemprop=\"worstRating\" content = \"0\" \/><meta itemprop=\"bestRating\" content=\"5\" \/><meta itemprop=\"ratingValue\" content=\"4\"><\/div>\n<p><strong>Samlet poengsum: 4\/5<\/strong><br \/>\n<strong>Dato for gjennomgang:<\/strong> <span itemprop=\"datePublished\" content=\"2017-04-21\">21\/04\/2017<\/span>\n<\/div>\n<p>Mer om andre <a href=\"https:\/\/moverdb.com\/nb\/rederier\/\">internasjonale rederier<\/a>, <a href=\"https:\/\/moverdb.com\/nb\/containertransport\/\">satser for containerfrakt<\/a> og v\u00e5r <a href=\"https:\/\/moverdb.com\/nb\/vurderinger\/\">gjennomgangsprosessen<\/a>.<\/p>\n<p><strong>Nettsted:<\/strong> <a href=\"https:\/\/www2.maerskline.com\/\" target=\"_blank\" rel=\"noopener\">https:\/\/www2.maerskline.com\/<\/a><\/p>","protected":false},"excerpt":{"rendered":"<p>Maersk Line, is part of A.P. Moller\u2013Maersk Group, a worldwide shipping company based in Copenhagen, Denmark. It offers its customers a wide range of services which are listed below, together with a company profile and reviews. International Freight and Shipping Services Dry Cargo Door to door 20&#8242; containers with payload up to 28.2 metric tons [&hellip;]<\/p>\n","protected":false},"author":1,"featured_media":0,"parent":0,"menu_order":0,"comment_status":"closed","ping_status":"closed","template":"","meta":{"_genesis_hide_title":false,"_genesis_hide_breadcrumbs":false,"_genesis_hide_singular_image":false,"_genesis_hide_footer_widgets":false,"_genesis_custom_body_class":"","_genesis_custom_post_class":"","_genesis_layout":"","footnotes":""},"class_list":{"0":"post-1592","1":"page","2":"type-page","3":"status-publish","5":"entry"},"_links":{"self":[{"href":"https:\/\/moverdb.com\/nb\/wp-json\/wp\/v2\/pages\/1592","targetHints":{"allow":["GET"]}}],"collection":[{"href":"https:\/\/moverdb.com\/nb\/wp-json\/wp\/v2\/pages"}],"about":[{"href":"https:\/\/moverdb.com\/nb\/wp-json\/wp\/v2\/types\/page"}],"author":[{"embeddable":true,"href":"https:\/\/moverdb.com\/nb\/wp-json\/wp\/v2\/users\/1"}],"replies":[{"embeddable":true,"href":"https:\/\/moverdb.com\/nb\/wp-json\/wp\/v2\/comments?post=1592"}],"version-history":[{"count":7,"href":"https:\/\/moverdb.com\/nb\/wp-json\/wp\/v2\/pages\/1592\/revisions"}],"predecessor-version":[{"id":13172,"href":"https:\/\/moverdb.com\/nb\/wp-json\/wp\/v2\/pages\/1592\/revisions\/13172"}],"wp:attachment":[{"href":"https:\/\/moverdb.com\/nb\/wp-json\/wp\/v2\/media?parent=1592"}],"curies":[{"name":"wp","href":"https:\/\/api.w.org\/{rel}","templated":true}]}}