{"id":1578,"date":"2017-04-21T14:09:10","date_gmt":"2017-04-21T14:09:10","guid":{"rendered":"http:\/\/moverdb.com\/?page_id=1578"},"modified":"2026-01-08T14:40:13","modified_gmt":"2026-01-08T14:40:13","slug":"mediterranean-shipping-company","status":"publish","type":"page","link":"https:\/\/moverdb.com\/nb\/mediterranean-shipping-company\/","title":{"rendered":"Mediterranean Shipping Company - Internasjonale tjenester og anmeldelser"},"content":{"rendered":"<p>Middelhavet <a href=\"https:\/\/moverdb.com\/nb\/shipping-companies\/\" data-internallinksmanager029f6b8e52c=\"4\" title=\"Topp 10 internasjonale containerrederier\">Rederi<\/a> (MSC) tilbyr sine kunder et bredt spekter av shipping- og andre tjenester. Disse er oppf\u00f8rt nedenfor, sammen med en selskapsprofil og vurderinger.<\/p>\n<h3>Internasjonal skipsfart<\/h3>\n<p><strong>T\u00f8rrlast<\/strong><\/p>\n<ul>\n<li> Standard 20ft, 40ft eller 40ft high cube containere<\/li>\n<li> Overdimensjonert last og stykkgods<\/li>\n<li> Ukentlige og regelmessige frakttjenester til globale destinasjoner<\/li>\n<li> Tollklarering og dokumentasjon<\/li>\n<\/ul>\n<p><strong>Kj\u00f8lefrakt<\/strong><\/p>\n<ul>\n<li> Skreddersydde helhetlige transportl\u00f8sninger<\/li>\n<li> Ukentlige og regelmessige frakttjenester til globale destinasjoner<\/li>\n<li> Ekspertise innen transport av kj\u00f8le- og frysevarer<\/li>\n<li> Inspeksjon f\u00f8r avreise: <\/li>\n<li> S\u00f8rg for at beholderen rengj\u00f8res for \u00e5 fjerne smuss og lukt.<\/li>\n<li> Kontroller for \u00e5 sikre at innsiden av beholderen er i henhold til spesifikasjonene for n\u00e6ringsmiddelkvalitet.<\/li>\n<li> Kontroller for \u00e5 sikre at maskiner fungerer i henhold til bransjestandarden<\/li>\n<li> Forsikre deg om at beholdertemperaturen er senket til riktig valgt punkt.<\/li>\n<li> Tollklarering og dokumentasjon<\/li>\n<\/ul>\n<p><strong>Out of Gauge- og Breakbulk-tjenester<\/strong><\/p>\n<ul>\n<li> Ekspertteam for godslogistikk i prosjektet<\/li>\n<li> Laste, surre og sikre lasten p\u00e5 opprinnelsesstedet ditt. <a href=\"https:\/\/moverdb.com\/nb\/top-49-container-ports\/\" data-internallinksmanager029f6b8e52c=\"80\" title=\"De 49 st\u00f8rste og travleste containerhavnene i 2025\">port<\/a> eller n\u00e6rliggende depot<\/li>\n<li> Innsamling og levering innenlands ved hjelp av ulike typer utstyr<\/li>\n<li> Arrangering av politi\/innlandstransportvarsling ved behov<\/li>\n<li> Stuveri, havnesurring og havnelagringsfasiliteter<\/li>\n<li> Spesialutstyr<\/li>\n<li> Konkurransedyktige priser<\/li>\n<li> Tollklarering og dokumentasjon<\/li>\n<\/ul>\n<p><strong>Intermodal transport<\/strong><\/p>\n<ul>\n<li> D\u00f8r til d\u00f8r<\/li>\n<li> Fra fabrikk til forbruker<\/li>\n<li> Kombinasjon av tilgjengelige transportmidler for \u00e5 oppfylle leveringsforpliktelser<\/li>\n<\/ul>\n<p><strong>Container- og lastelagring<\/strong><\/p>\n<ul>\n<li> Globalt nettverk og lager og lagring<\/li>\n<li> Bist\u00e5 med distribusjonsnettverk<\/li>\n<li> Omfattende tjenester og fasiliteter for plukking\/pakking, t\u00f8mming\/palletering og lagring av bulkstabler.<\/li>\n<\/ul>\n<p><strong>Krysshandel<\/strong><\/p>\n<ul>\n<li> Send fra en hvilken som helst opprinnelse til en hvilken som helst destinasjon<\/li>\n<li> T\u00f8rrlast<\/li>\n<li> Kj\u00f8lefrakt<\/li>\n<li> Utenfor m\u00e5lestokk<\/li>\n<li> Verdifull og farlig last<\/li>\n<li> H\u00e5ndtering av dokumentasjon<\/li>\n<li> Sporing<\/li>\n<li> Tollklarering<\/li>\n<\/ul>\n<p><strong>Lastetilhengere<\/strong><\/p>\n<ul>\n<li> Stiv<\/li>\n<li> Flatt lasteplan<\/li>\n<li> Tipper<\/li>\n<li> Lav lastebil<\/li>\n<li> Tilhenger med containerl\u00f8ft<\/li>\n<li> Aggregat tilhenger<\/li>\n<\/ul>\n<p><strong>Containerutstyr<\/strong><\/p>\n<ul>\n<li> 20ft \/ 40ft standard og high cube containere<\/li>\n<li> 20 fot \/ 40 fot containere med \u00e5pen topp<\/li>\n<li> 20 fots \/ 40 fots og high cube kj\u00f8lecontainere<\/li>\n<li> 20ft \/ 40ft flatracks<\/li>\n<li> 20 fot \/ 40 fot plattformer<\/li>\n<li> 20 fot \/ 40 fot containere med \u00e5pen topp<\/li>\n<\/ul>\n<h2>Mediterranean Shipping Company (MSC)<\/h2>\n<p>Mediterranean Shipping Company er et privateid globalt <a href=\"https:\/\/moverdb.com\/nb\/rederier\/\">internasjonalt rederi<\/a> som har v\u00e6rt i drift i over 40 \u00e5r. Det ble grunnlagt i Napoli av Gianluigi Aponte og drives fortsatt av Aponte-familien. Det globale hovedkontoret ligger i <a href=\"https:\/\/moverdb.com\/nb\/moving-to-switzerland\/moving-to-geneva\/\" data-internallinksmanager029f6b8e52c=\"416\" title=\"Flytter du til Gen\u00e8ve? 2023 Levekostnader og flyttetips\">Gen\u00e8ve<\/a> og har 480 kontorer i 150 land og over 60 000 ansatte over hele verden.<\/p>\n<p>MSCs fl\u00e5te best\u00e5r av 500 containerskip med en kapasitet p\u00e5 rundt 3,0 millioner TEU. Hvert \u00e5r anl\u00f8per selskapet 315 havner over hele verden og leverer alle typer last.<\/p>\n<p>Mediterranean Shipping Company har f\u00f8lgende akkrediteringer og tilknytninger:<\/p>\n<ul>\n<li> Sikkerhet for menneskeliv til sj\u00f8s (SOLAS)<\/li>\n<li> International Air and Shipping Association (IASA)<\/li>\n<li> <a href=\"https:\/\/moverdb.com\/nb\/internasjonal-kammer-skipsfart\/\">Det internasjonale skipsfartskammeret<\/a> (<a href=\"https:\/\/moverdb.com\/nb\/international-chamber-shipping\/\" data-internallinksmanager029f6b8e52c=\"78\" title=\"Det internasjonale skipsfartskammeret (ICS) forklart\">ICS<\/a>)<\/li>\n<li> Sammenslutningen av nasjonale sammenslutninger av skipsmeglere og agenter (FONASBA)<\/li>\n<\/ul>\n<p><strong>Anmeldelser av rederier i Middelhavet<\/strong><\/p>\n<p><em>I skrivende stund kunne vi ikke finne noen anmeldelser for Mediterranean Shipping Company's frakttjenester p\u00e5 nettet.<\/em> <\/p>\n<div itemprop=\"review\" itemscope itemtype=\"http:\/\/schema.org\/Review\">\n<strong><span itemprop=\"author\" itemscope=\"\" itemtype=\"http:\/\/schema.org\/Organization\"><span itemprop=\"name\">MoverDB.com<\/span><\/span> Nettstedsgjennomgang for <span itemprop=\"itemreviewed\" itemscope=\"\" itemtype=\"http:\/\/schema.org\/Brand\"><span itemprop=\"name\">Mediterranean Shipping Company<\/span><\/span>:<\/strong><\/p>\n<ol>\n<li> Tydelige kontaktopplysninger p\u00e5 nettstedet (inkludert telefonnummer): <strong>Ja<\/strong><\/li>\n<li> Lett \u00e5 f\u00e5 tak i <a href=\"https:\/\/moverdb.com\/nb\/container-shipping\/\" data-internallinksmanager029f6b8e52c=\"3\" title=\"Diagram over internasjonale fraktrater for containere: Mai 2026\">internasjonal skipsfart<\/a> tilbud? (skjema for foresp\u00f8rsel om pristilbud p\u00e5 nett): <strong>Ja<\/strong><\/li>\n<li> Tydelig informasjon p\u00e5 nettstedet: <strong>Ja,<\/strong> Nettstedet har et vell av informasjon om internasjonal skipsfart.<\/li>\n<li> Medlemskap i internasjonale anerkjente skipsfartsorganisasjoner: <strong>Ja<\/strong>.<\/li>\n<li> Liste over kunder og\/eller tidligere kundeuttalelser. <strong>Ja,<\/strong> de har et begrenset antall casestudier p\u00e5 sitt omr\u00e5de.<\/li>\n<\/ol>\n<div itemprop=\"reviewRating\" itemscope itemtype=\"http:\/\/schema.org\/Rating\"><meta itemprop=\"worstRating\" content = \"0\" \/><meta itemprop=\"bestRating\" content=\"5\" \/><meta itemprop=\"ratingValue\" content=\"5\"><\/div>\n<p><strong>Samlet poengsum: 5\/5<\/strong><br \/>\n<strong>Dato for gjennomgang:<\/strong> <span itemprop=\"datePublished\" content=\"2017-04-21\">21\/04\/2017<\/span>\n<\/div>\n<p>Mer om andre <a href=\"https:\/\/moverdb.com\/nb\/rederier\/\">internasjonale rederier<\/a>, <a href=\"https:\/\/moverdb.com\/nb\/containertransport\/\">satser for containerfrakt<\/a> og v\u00e5r <a href=\"https:\/\/moverdb.com\/nb\/vurderinger\/\">gjennomgangsprosessen<\/a>.<\/p>\n<p><strong>Nettsted:<\/strong> <a href=\"https:\/\/www.msc.com\/\" target=\"_blank\" rel=\"noopener\">https:\/\/www.msc.com\/<\/a><\/p>","protected":false},"excerpt":{"rendered":"<p>Mediterranean Shipping Company (MSC) offers its customers a wide range of shipping and other services. These are listed below, together with a company profile and reviews. International Shipping Dry Cargo Standard 20ft, 40ft or 40ft high cube containers Oversized and breakbulk cargo Weekly and regular shipping services to global destinations Customs clearance and documentation Reefer [&hellip;]<\/p>\n","protected":false},"author":1,"featured_media":0,"parent":0,"menu_order":0,"comment_status":"closed","ping_status":"closed","template":"","meta":{"_genesis_hide_title":false,"_genesis_hide_breadcrumbs":false,"_genesis_hide_singular_image":false,"_genesis_hide_footer_widgets":false,"_genesis_custom_body_class":"","_genesis_custom_post_class":"","_genesis_layout":"","footnotes":""},"class_list":{"0":"post-1578","1":"page","2":"type-page","3":"status-publish","5":"entry"},"_links":{"self":[{"href":"https:\/\/moverdb.com\/nb\/wp-json\/wp\/v2\/pages\/1578","targetHints":{"allow":["GET"]}}],"collection":[{"href":"https:\/\/moverdb.com\/nb\/wp-json\/wp\/v2\/pages"}],"about":[{"href":"https:\/\/moverdb.com\/nb\/wp-json\/wp\/v2\/types\/page"}],"author":[{"embeddable":true,"href":"https:\/\/moverdb.com\/nb\/wp-json\/wp\/v2\/users\/1"}],"replies":[{"embeddable":true,"href":"https:\/\/moverdb.com\/nb\/wp-json\/wp\/v2\/comments?post=1578"}],"version-history":[{"count":6,"href":"https:\/\/moverdb.com\/nb\/wp-json\/wp\/v2\/pages\/1578\/revisions"}],"predecessor-version":[{"id":13177,"href":"https:\/\/moverdb.com\/nb\/wp-json\/wp\/v2\/pages\/1578\/revisions\/13177"}],"wp:attachment":[{"href":"https:\/\/moverdb.com\/nb\/wp-json\/wp\/v2\/media?parent=1578"}],"curies":[{"name":"wp","href":"https:\/\/api.w.org\/{rel}","templated":true}]}}