{"id":1570,"date":"2017-02-24T09:05:40","date_gmt":"2017-02-24T09:05:40","guid":{"rendered":"http:\/\/moverdb.com\/?page_id=1570"},"modified":"2026-01-08T15:20:24","modified_gmt":"2026-01-08T15:20:24","slug":"mudanzas-gou","status":"publish","type":"page","link":"https:\/\/moverdb.com\/nb\/mudanzas-gou\/","title":{"rendered":"Mudanzas Gou - Internasjonale flytteanmeldelser"},"content":{"rendered":"<p>Mudanzas Gou er en meksikansk <a href=\"https:\/\/moverdb.com\/nb\/moving-companies\/\" data-internallinksmanager029f6b8e52c=\"79\" title=\"Topp 25 internasjonale flyttebyr\u00e5er p\u00e5 nettet\">flyttefirma<\/a> som tilbyr sine kunder et bredt spekter av tjenester som er oppf\u00f8rt nedenfor, sammen med en selskapsprofil og vurderinger.<\/p>\n<p><strong>Internasjonale bevegelser<\/strong><\/p>\n<ul>\n<li> D\u00f8r til d\u00f8r<\/li>\n<li> Full pakkingstjeneste, skj\u00f8r pakking eller gj\u00f8r-det-selv-pakking<\/li>\n<li> Demontering og montering av m\u00f8bler<\/li>\n<li> Tollklarering og bistand med dokumentasjon<\/li>\n<li> Forsikring ordnet<\/li>\n<li> Utpakkingstjeneste tilgjengelig<\/li>\n<li> Kort- og langtidslagring tilgjengelig<\/li>\n<\/ul>\n<p><strong>Flytting innenlands og langdistanse<\/strong><\/p>\n<ul>\n<li> D\u00f8r til d\u00f8r<\/li>\n<li> Full pakkingstjeneste, skj\u00f8r pakking eller gj\u00f8r-det-selv-pakking<\/li>\n<li> Demontering og montering av m\u00f8bler<\/li>\n<li> Forsikring ordnet<\/li>\n<li> Utpakkingstjeneste tilgjengelig<\/li>\n<li> Langtids- og korttidslagring tilgjengelig<\/li>\n<\/ul>\n<p><strong>Kommersielle flyttinger<\/strong><\/p>\n<ul>\n<li> Etter stengetid i bevegelse<\/li>\n<li> Logistikkplan<\/li>\n<li> IT i bevegelse<\/li>\n<li> Demontering og remontering av alle m\u00f8bler<\/li>\n<\/ul>\n<p><strong>Spesialtransport og skipsfart<\/strong><\/p>\n<ul>\n<li> <a href=\"https:\/\/moverdb.com\/nb\/bil-transport-frakt\/\">Biler<\/a><\/li>\n<li> Varebiler<\/li>\n<li> Motorsykler<\/li>\n<li> Pansrede kj\u00f8ret\u00f8y<\/li>\n<li> Innsamlingsbiler<\/li>\n<li> Variert maskinpark<\/li>\n<li> Motorb\u00e5ter<\/li>\n<li> Seilb\u00e5ter<\/li>\n<li> Medisinsk utstyr og sykehus<\/li>\n<li> Utdanningsinstitusjoner<\/li>\n<li> Kunst og antikviteter<\/li>\n<li> Spesialisert utstyr<\/li>\n<\/ul>\n<p><strong>Lagring<\/strong><\/p>\n<ul>\n<li> Lang og kort sikt<\/li>\n<li> Sikkerhet d\u00f8gnet rundt<\/li>\n<li> Beholdningssystem<\/li>\n<li> Klimakontrollert tilgjengelig<\/li>\n<li> Bekjempelse av skadedyr<\/li>\n<li> Brannsystem<\/li>\n<li> Lagring av arkiv<\/li>\n<\/ul>\n<h2>Mudanzas Gou Bedriftsprofil<\/h2>\n<p>Mudanzas Gou er en av de eldste i Europa. <a href=\"https:\/\/moverdb.com\/nb\/moving-companies\/moving-companies-mexico\/\" data-internallinksmanager029f6b8e52c=\"288\" title=\"18 beste internasjonale flyttefirmaer i Mexico\">flyttefirmaer i Mexico<\/a>, der det ble grunnlagt i 1900. Det har n\u00e5 10 kontorer i Mexico og forbindelser med agenter over hele verden. Gou var en av grunnleggerne av <a href=\"https:\/\/moverdb.com\/nb\/fidi-faim\/\" data-internallinksmanager029f6b8e52c=\"16\" title=\"FIDI &amp; FAIM (FIDI-akkreditert internasjonal spedit\u00f8r) forklart\">FIDI<\/a>, OMNI, <a href=\"https:\/\/moverdb.com\/nb\/lacma\/\" data-internallinksmanager029f6b8e52c=\"28\" title=\"Latinamerikanske og karibiske internasjonale flyttebyr\u00e5ers forening (LACMA)\">LACMA<\/a>, AMI og <a href=\"https:\/\/moverdb.com\/nb\/amsa\/\" data-internallinksmanager029f6b8e52c=\"5\" title=\"American Moving &amp; Storage Association (AMSA) forklart\">AMSA<\/a>.<\/p>\n<p>Gou er stolt av sin personlige service og insisterer p\u00e5 \u00e5 snakke med hver enkelt kunde ansikt til ansikt for \u00e5 gi dem best mulig service. Alle kj\u00f8ret\u00f8yene har satellittsporing og lastes og kj\u00f8res av eget personell.<\/p>\n<p>Mudanzas Gou har f\u00f8lgende akkrediteringer og tilknytninger:<\/p>\n<ul>\n<li> <a href=\"https:\/\/moverdb.com\/nb\/fidi-faim\/\">F\u00e9d\u00e9ration Internationale des D\u00e9m\u00e9nageurs Internationaux (Den internasjonale f\u00f8derasjonen av internasjonale d\u00e9m\u00e9nageurs)<\/a> (FIDI)<\/li>\n<li> Overseas Moving Network International (OMNI)<\/li>\n<li> <a href=\"https:\/\/moverdb.com\/nb\/lacma\/\">Latin-American and Caribbean International Movers Association<\/a> (LACMA)<\/li>\n<li> <a href=\"https:\/\/moverdb.com\/nb\/hgfaa\/\">Household Goods Forwarders Association of America<\/a> (HHGFA)<\/li>\n<li> <a href=\"https:\/\/moverdb.com\/nb\/amsa\/\" target=\"_blank\" rel=\"noopener\">American Moving and Storage Association<\/a> (AMSA)<\/li>\n<li> Den panamerikanske internasjonale flytteorganisasjonen (PAIMA)<\/li>\n<li> <a href=\"https:\/\/moverdb.com\/nb\/fidi-faim\/\">FAIM<\/a><\/li>\n<li> Toll- og handelspartnerskap mot terrorisme (C-PAT)<\/li>\n<\/ul>\n<h2>Mudanzas Gou Anmeldelser<\/h2>\n<p>Vi kunne ikke finne noen engelskspr\u00e5klige anmeldelser for Mudanzas Gou p\u00e5 nettet, og det ser heller ikke ut til at de har kundeuttalelser p\u00e5 nettstedet.<\/p>\n<div itemprop=\"review\" itemscope itemtype=\"http:\/\/schema.org\/Review\">\n<span itemprop=\"author\" itemscope=\"\" itemtype=\"http:\/\/schema.org\/Organization\"><span itemprop=\"name\">MoverDB.com<\/span><\/span> Nettstedsgjennomgang for <span itemprop=\"itemreviewed\" itemscope=\"\" itemtype=\"http:\/\/schema.org\/Brand\"><span itemprop=\"name\">Mudanzas Gou<\/span><\/span>:<\/p>\n<ol>\n<li> Tydelige kontaktopplysninger p\u00e5 nettstedet (inkludert telefonnummer): <strong>Ja<\/strong><\/li>\n<li> Lett \u00e5 f\u00e5 tak i <a href=\"https:\/\/moverdb.com\/nb\/sitater\/\">bevegelige sitater<\/a>? (skjema for foresp\u00f8rsel om prisoverslag p\u00e5 nett): <strong>Ja<\/strong><\/li>\n<li> Tydelig informasjon p\u00e5 nettstedet: <strong>Ja,<\/strong> Selv om den er grunnleggende, beskriver den tjenestene deres b\u00e5de p\u00e5 engelsk og spansk.<\/li>\n<li> Medlemskap i internasjonalt anerkjente flytteorganisasjoner: <strong>Ja<\/strong>, (mange se ovenfor)<\/li>\n<li> Liste over kunder og\/eller tidligere kundeuttalelser: <strong>Nei,<\/strong> kunne vi ikke finne noen anmeldelser eller kundeuttalelser.<\/li>\n<\/ol>\n<div itemprop=\"reviewRating\" itemscope itemtype=\"http:\/\/schema.org\/Rating\"><meta itemprop=\"worstRating\" content = \"0\" \/><meta itemprop=\"bestRating\" content=\"5\" \/><meta itemprop=\"ratingValue\" content=\"4\"><\/div>\n<p><strong>Samlet poengsum: 4\/5<\/strong><br \/>\n<strong>Dato for gjennomgang:<\/strong> <span itemprop=\"datePublished\" content=\"2017-02-24\">24\/02\/2017<\/span>\n<\/div>\n<p>Les mer om <a href=\"https:\/\/moverdb.com\/nb\/flyttefirmaer\/\">internasjonale flyttebyr\u00e5er<\/a> og v\u00e5r <a href=\"https:\/\/moverdb.com\/nb\/vurderinger\/\">gjennomgangsprosessen<\/a>.<\/p>\n<p><strong>Nettsteder:<\/strong> Spansk: <a href=\"http:\/\/www.mudanzasgou.com.mx\/\" target=\"_blank\" rel=\"noopener\">http:\/\/www.mudanzasgou.com.mx\/<\/a> engelsk: <a href=\"http:\/\/www.mudanzasgou.com\/\" target=\"_blank\" rel=\"noopener\">http:\/\/www.mudanzasgou.com\/<\/a><\/p>","protected":false},"excerpt":{"rendered":"<p>Mudanzas Gou is a Mexican moving company which offers its clients a wide range of services which are listed below, together with a company profile and reviews. International Moves Door to door Full packing service, fragile packing or DIY packing Disassembly and reassembly of furniture Customs clearance and assistance with documentation Insurance arranged Unpacking service [&hellip;]<\/p>\n","protected":false},"author":1,"featured_media":0,"parent":0,"menu_order":0,"comment_status":"closed","ping_status":"closed","template":"","meta":{"_genesis_hide_title":false,"_genesis_hide_breadcrumbs":false,"_genesis_hide_singular_image":false,"_genesis_hide_footer_widgets":false,"_genesis_custom_body_class":"","_genesis_custom_post_class":"","_genesis_layout":"","footnotes":""},"class_list":{"0":"post-1570","1":"page","2":"type-page","3":"status-publish","5":"entry"},"_links":{"self":[{"href":"https:\/\/moverdb.com\/nb\/wp-json\/wp\/v2\/pages\/1570","targetHints":{"allow":["GET"]}}],"collection":[{"href":"https:\/\/moverdb.com\/nb\/wp-json\/wp\/v2\/pages"}],"about":[{"href":"https:\/\/moverdb.com\/nb\/wp-json\/wp\/v2\/types\/page"}],"author":[{"embeddable":true,"href":"https:\/\/moverdb.com\/nb\/wp-json\/wp\/v2\/users\/1"}],"replies":[{"embeddable":true,"href":"https:\/\/moverdb.com\/nb\/wp-json\/wp\/v2\/comments?post=1570"}],"version-history":[{"count":4,"href":"https:\/\/moverdb.com\/nb\/wp-json\/wp\/v2\/pages\/1570\/revisions"}],"predecessor-version":[{"id":6222,"href":"https:\/\/moverdb.com\/nb\/wp-json\/wp\/v2\/pages\/1570\/revisions\/6222"}],"wp:attachment":[{"href":"https:\/\/moverdb.com\/nb\/wp-json\/wp\/v2\/media?parent=1570"}],"curies":[{"name":"wp","href":"https:\/\/api.w.org\/{rel}","templated":true}]}}