{"id":1568,"date":"2017-02-01T16:22:03","date_gmt":"2017-02-01T16:22:03","guid":{"rendered":"http:\/\/moverdb.com\/?page_id=1568"},"modified":"2026-01-08T14:40:03","modified_gmt":"2026-01-08T14:40:03","slug":"leo-packers-movers","status":"publish","type":"page","link":"https:\/\/moverdb.com\/nb\/leo-packers-movers\/","title":{"rendered":"Leo Packers and Movers - internasjonale flytteanmeldelser"},"content":{"rendered":"<p>Leo Packers and Movers er basert i Bangalore, <a href=\"https:\/\/moverdb.com\/nb\/moving-to-india\/\" data-internallinksmanager029f6b8e52c=\"356\" title=\"Flytter du til India? 2023 Levekostnader og flyttetips\">India<\/a>. Selskapet tilbyr sine kunder et bredt spekter av tjenester som er oppf\u00f8rt nedenfor, sammen med en selskapsprofil og vurderinger.<\/p>\n<p><strong>Internasjonale bevegelser<\/strong><\/p>\n<ul>\n<li> D\u00f8r til d\u00f8r<\/li>\n<li> D\u00f8r til terminal<\/li>\n<li> Full pakketjeneste, skj\u00f8re gjenstander eller gj\u00f8r-det-selv-pakking<\/li>\n<li> Demontering og montering av m\u00f8bler<\/li>\n<li> Full utpakkingstjeneste tilgjengelig<\/li>\n<li> Fjerning av rusk<\/li>\n<li> Langtids- og korttidslagring tilgjengelig<\/li>\n<li> Tollklarering og bistand med dokumentasjon<\/li>\n<li> Luftfrakt<\/li>\n<li> Sj\u00f8frakt<\/li>\n<li> Forsikring ordnet<\/li>\n<\/ul>\n<p><strong>Flytting av boliger<\/strong><\/p>\n<ul>\n<li> D\u00f8r til d\u00f8r<\/li>\n<li> Full pakkingstjeneste tilgjengelig<\/li>\n<li> Demontering og montering av m\u00f8bler<\/li>\n<li> Utpakkingstjeneste tilgjengelig<\/li>\n<li> Fjerning av rusk<\/li>\n<li> Spesialbygde containerbiler<\/li>\n<li> Langtids- og korttidslagring<\/li>\n<li> Forsikring ordnet<\/li>\n<\/ul>\n<p><strong>Bedriftsflytting<\/strong><\/p>\n<ul>\n<li> D\u00f8r til d\u00f8r-tjeneste<\/li>\n<li> Demontering og montering av m\u00f8bler<\/li>\n<li> Full service pakking<\/li>\n<li> Riktig merking<\/li>\n<li> Oppsett av arbeidsstasjoner<\/li>\n<li> Etter stengetid og i helgene<\/li>\n<li> Fjerning av rusk<\/li>\n<\/ul>\n<p><strong>Lagring<\/strong><\/p>\n<ul>\n<li> Skreddersydde individuelle hytter<\/li>\n<li> St\u00f8vfri, Termittfri, Luktfri (skadedyrkontrollert)<\/li>\n<li> RCC-bygningen med fasiliteter i f\u00f8rste etasje<\/li>\n<li> Selveierlagre<\/li>\n<li> Sikkerhet d\u00f8gnet rundt<\/li>\n<li> Overv\u00e5kning<\/li>\n<\/ul>\n<h2>Leo Packers and Movers Bedriftsprofil<\/h2>\n<p>Leo Packers and Movers \u00e5pnet d\u00f8rene i 1975 i Bangalore i India. Selskapet drives fortsatt av grunnleggerfamilien Shah, og har n\u00e5 tre generasjoner som jobber der. Selskapet er et uavhengig flytteselskap og er kjent i India som et av de beste selskapene for flytting av husholdninger og bedrifter, b\u00e5de lokalt, regionalt og internasjonalt.<\/p>\n<p>Selskapet tror p\u00e5 \u00e5 fremme og opprettholde et godt forhold til kundene sine. De vet at kostnader er en viktig faktor og streber etter \u00e5 holde prisene nede, samtidig som de opprettholder utmerket service. Leo Packers and Movers sier at hver flytting er forskjellig, og derfor tilpasses hver flytting for \u00e5 passe kunden.<\/p>\n<p>Leo Packers and Movers har f\u00f8lgende akkrediteringer og tilknytninger: -<\/p>\n<ul>\n<li> Ikke nevnt p\u00e5 selskapets nettsted<\/li>\n<\/ul>\n<h2>Leo Packers and Movers anmeldelser<\/h2>\n<p><strong>Positivt:<\/strong><\/p>\n<ul>\n<li> <em>\"Medlemmene av teamet oppf\u00f8rte seg ikke bare bra, men holdt seg ogs\u00e5 til oppgaven sin og var fokuserte og t\u00e5lmodige i arbeidet sitt.\"<\/em> rarami20000 via <a href=\"http:\/\/www.mouthshut.com\/review\/Leo-Packers-and-Movers-Hyderabad-review-mmqtqrslsnm\" target=\"_blank\" rel=\"noopener\">MouthShut.com<\/a>\n<\/ul>\n<p><strong>Nei:<\/strong><\/p>\n<ul>\n<li> <em>\"Disse menneskene er de verste typene, f\u00f8rst tar de pengene fra deg, og etter det vil de aldri h\u00f8re p\u00e5 deg.\"<\/em> subbu2001978 via <a href=\"http:\/\/www.mouthshut.com\/review\/Leo-Packers-and-Movers-Hyderabad-review-sqtrrrmoqqm\" target=\"_blank\" rel=\"noopener\">MouthShut.com<\/a><\/li>\n<\/ul>\n<div itemprop=\"review\" itemscope itemtype=\"http:\/\/schema.org\/Review\">\n<span itemprop=\"author\" itemscope=\"\" itemtype=\"http:\/\/schema.org\/Organization\"><span itemprop=\"name\">MoverDB.com<\/span><\/span> Nettstedsgjennomgang for <span itemprop=\"itemreviewed\" itemscope=\"\" itemtype=\"http:\/\/schema.org\/Brand\"><span itemprop=\"name\">Leo Packers and Movers<\/span><\/span>:<\/p>\n<ol>\n<li> Tydelige kontaktopplysninger p\u00e5 nettstedet (inkludert telefonnummer): <strong>Ja<\/strong><\/li>\n<li> Lett \u00e5 f\u00e5 tak i <a href=\"https:\/\/moverdb.com\/nb\/sitater\/\">internasjonale flyttetilbud<\/a>? (skjema for foresp\u00f8rsel om prisoverslag p\u00e5 nett): <strong>Ja<\/strong><\/li>\n<li> Tydelig informasjon p\u00e5 nettstedet: <strong>Begrenset<\/strong> nettstedet gir bare begrenset informasjon om tjenestene deres.<\/li>\n<li> Medlemskap i internasjonalt anerkjente flytteorganisasjoner: <strong>Ikke oppf\u00f8rt<\/strong><\/li>\n<li> Liste over kunder og\/eller tidligere kundeuttalelser. <strong>Nei,<\/strong> men de har et galleri med bilder.<\/li>\n<\/ol>\n<div itemprop=\"reviewRating\" itemscope itemtype=\"http:\/\/schema.org\/Rating\"><meta itemprop=\"worstRating\" content = \"0\" \/><meta itemprop=\"bestRating\" content=\"5\" \/><meta itemprop=\"ratingValue\" content=\"3\"><\/div>\n<p><strong>Samlet poengsum: 3\/5<\/strong><br \/>\n<strong>Dato for gjennomgang:<\/strong> <span itemprop=\"datePublished\" content=\"2017-02-01\">01\/02\/2017<\/span>\n<\/div>\n<p>Les mer om <a href=\"https:\/\/moverdb.com\/nb\/flyttefirmaer\/\">internasjonale flyttebyr\u00e5er<\/a> og v\u00e5r <a href=\"https:\/\/moverdb.com\/nb\/vurderinger\/\">gjennomgangsprosessen<\/a>.<\/p>\n<p><strong>Nettsted:<\/strong> <a href=\"http:\/\/www.leopackersindia.com\/\" target=\"_blank\" rel=\"noopener\">http:\/\/www.leopackersindia.com\/<\/a><\/p>","protected":false},"excerpt":{"rendered":"<p>Leo Packers and Movers is based in Bangalore, India. The company offers its customers a wide range of services which are listed below, together with a company profile and reviews. International Moves Door to door Door to terminal Full packing service, fragile items or DIY packing Dismantling and reassembly of furniture Full unpacking service available [&hellip;]<\/p>\n","protected":false},"author":1,"featured_media":0,"parent":0,"menu_order":0,"comment_status":"closed","ping_status":"closed","template":"","meta":{"_genesis_hide_title":false,"_genesis_hide_breadcrumbs":false,"_genesis_hide_singular_image":false,"_genesis_hide_footer_widgets":false,"_genesis_custom_body_class":"","_genesis_custom_post_class":"","_genesis_layout":"","footnotes":""},"class_list":{"0":"post-1568","1":"page","2":"type-page","3":"status-publish","5":"entry"},"_links":{"self":[{"href":"https:\/\/moverdb.com\/nb\/wp-json\/wp\/v2\/pages\/1568","targetHints":{"allow":["GET"]}}],"collection":[{"href":"https:\/\/moverdb.com\/nb\/wp-json\/wp\/v2\/pages"}],"about":[{"href":"https:\/\/moverdb.com\/nb\/wp-json\/wp\/v2\/types\/page"}],"author":[{"embeddable":true,"href":"https:\/\/moverdb.com\/nb\/wp-json\/wp\/v2\/users\/1"}],"replies":[{"embeddable":true,"href":"https:\/\/moverdb.com\/nb\/wp-json\/wp\/v2\/comments?post=1568"}],"version-history":[{"count":3,"href":"https:\/\/moverdb.com\/nb\/wp-json\/wp\/v2\/pages\/1568\/revisions"}],"predecessor-version":[{"id":13170,"href":"https:\/\/moverdb.com\/nb\/wp-json\/wp\/v2\/pages\/1568\/revisions\/13170"}],"wp:attachment":[{"href":"https:\/\/moverdb.com\/nb\/wp-json\/wp\/v2\/media?parent=1568"}],"curies":[{"name":"wp","href":"https:\/\/api.w.org\/{rel}","templated":true}]}}