{"id":1558,"date":"2017-07-10T10:38:01","date_gmt":"2017-07-10T10:38:01","guid":{"rendered":"http:\/\/moverdb.com\/?page_id=1558"},"modified":"2026-01-08T15:20:30","modified_gmt":"2026-01-08T15:20:30","slug":"packimpex","status":"publish","type":"page","link":"https:\/\/moverdb.com\/nb\/packimpex\/","title":{"rendered":"Packimpex - Internasjonal flytting og flytteanmeldelser"},"content":{"rendered":"<p>Packimpex er en relokaliserings- og <a href=\"https:\/\/moverdb.com\/nb\/international-removals\/\" data-internallinksmanager029f6b8e52c=\"27\" title=\"De 36 beste internasjonale flyttebyr\u00e5ene i Storbritannia\">flyttefirma<\/a> basert i <a href=\"https:\/\/moverdb.com\/nb\/moving-to-bern\/\" data-internallinksmanager029f6b8e52c=\"262\" title=\"Flytte til Bern? 2023 Levekostnader og flyttetips\">Bern<\/a>, <a href=\"https:\/\/moverdb.com\/nb\/moving-to-switzerland\/\" data-internallinksmanager029f6b8e52c=\"327\" title=\"Flytte til Sveits? 2023 Levekostnader og flyttetips\">Sveits<\/a>. Selskapet tilbyr sine kunder en rekke tjenester som er listet opp nedenfor, sammen med en selskapsprofil og anmeldelser.<\/p>\n<p><strong>Internasjonale bevegelser<\/strong><\/p>\n<ul>\n<li> Dedikert flytteansvarlig<\/li>\n<li> Full pakking, delvis pakking eller gj\u00f8r-det-selv-pakking<\/li>\n<li> Flerspr\u00e5klige pakkere<\/li>\n<li> Gjenbrukbar og resirkulerbar emballasje der det er mulig<\/li>\n<li> Luft-, vei- eller sj\u00f8transport<\/li>\n<li> Flytting av kj\u00e6ledyr<\/li>\n<li> <a href=\"https:\/\/moverdb.com\/nb\/bil-transport-frakt\/\">Biler<\/a><\/li>\n<li> Langtids- og korttidslagring<\/li>\n<li> Hjelp med fortolling og dokumentasjon<\/li>\n<li> Full utpakkingstjeneste tilgjengelig<\/li>\n<li> Forsikring ordnet<\/li>\n<\/ul>\n<p><strong>Destinasjonstjenester - Sveits<\/strong><\/p>\n<ul>\n<li> R\u00e5dgivning<\/li>\n<li> Immigrasjonstjenester<\/li>\n<li> Orienteringstur<\/li>\n<li> Ankomsttjeneste<\/li>\n<li> Midlertidig innkvartering ordnet<\/li>\n<li> Hjem s\u00f8k<\/li>\n<li> Bistand til utdanning og barnepass<\/li>\n<li> Bosetting i tjenester<\/li>\n<li> St\u00f8tteprogram for integrering<\/li>\n<li> Biler - importere eller kj\u00f8pe<\/li>\n<li> Gruppen beveger seg<\/li>\n<li> Avgangstjenester<\/li>\n<\/ul>\n<p><strong>Boligtjenester for bedrifter<\/strong><\/p>\n<ul>\n<li> Administrasjon av reservasjoner<\/li>\n<li> Forvaltning av leiligheter<\/li>\n<li> Utgiftsstyring<\/li>\n<li> St\u00f8tte til bytte av leietaker<\/li>\n<li> Sambruk av bedriftsleiligheter<\/li>\n<li> Leie av m\u00f8bler<\/li>\n<li> H\u00e5ndtering av m\u00f8bler<\/li>\n<li> M\u00f8blerte leiligheter fra Packimpex<\/li>\n<\/ul>\n<p><strong>Lokale bevegelser<\/strong><\/p>\n<ul>\n<li> D\u00f8r til d\u00f8r<\/li>\n<li> Full service flytting<\/li>\n<li> Begrenset tjenesteflytting<\/li>\n<li> Langtids- og korttidslagring<\/li>\n<li> Utpakkingstjeneste tilgjengelig<\/li>\n<li> Forsikring som tilbys<\/li>\n<li> Fjerning av rusk<\/li>\n<\/ul>\n<h2>Packimpex selskapsprofil<\/h2>\n<p>Packimpex begynte \u00e5 konsentrere seg om internasjonale flyttinger i 1977 og er n\u00e5 forl\u00f8peren innen internasjonal flytting og relokalisering i Sveits. Selskapet har ti kontorer p\u00e5 forskjellige steder i Sveits og ett kontor i <a href=\"https:\/\/moverdb.com\/nb\/moving-to-germany\/\" data-internallinksmanager029f6b8e52c=\"321\" title=\"Flytte til Tyskland? 2023 Levekostnader og flyttetips\">Tyskland<\/a>. Packimpex har over 300 ansatte, som de sier alle er eksperter p\u00e5 sitt eget felt. Selskapet har sitt eget oppl\u00e6ringsakademi for \u00e5 holde seg oppdatert p\u00e5 de nyeste innovasjonene innen flyttebransjen.<\/p>\n<p>Over 60% av Sveits' 100 st\u00f8rste selskaper bruker Packimpex til sine lokale flyttinger og omplasseringer av ansatte. Packimpex er en del av UniGroup Relocation Network, som gir dem tilgang til flyttebyr\u00e5er i 63 land og 1200 steder. Selskapet eier ogs\u00e5 40 m\u00f8blerte leiligheter i st\u00f8rre byer i Sveits som leies ut til selskaper og deres utenlandske ansatte.<\/p>\n<p>Packimpex er stolt av sin milj\u00f8vennlige forretningsmodell og resirkulerer emballasjen der det er mulig. De har til enhver tid ulike klimakompensasjonsprosjekter p\u00e5 gang for \u00e5 redusere selskapets karbonavtrykk.<\/p>\n<p>Packimpex har f\u00f8lgende akkrediteringer og tilknytninger:<\/p>\n<ul>\n<li> <a href=\"https:\/\/moverdb.com\/nb\/fidi-faim\/\">FIDI<\/a><\/li>\n<li> <a href=\"https:\/\/moverdb.com\/nb\/fidi-faim\/\" data-internallinksmanager029f6b8e52c=\"16\" title=\"FIDI &amp; FAIM (FIDI-akkreditert internasjonal spedit\u00f8r) forklart\">FAIM<\/a>-ISO<\/li>\n<li> UniGroup Relocation Network<\/li>\n<li> OMNI<\/li>\n<li> <a href=\"https:\/\/moverdb.com\/nb\/arbeidstaker-flytting-rad\/\">R\u00e5det for omplassering av arbeidsplasser<\/a> (<a href=\"https:\/\/moverdb.com\/nb\/employee-relocation-council\/\" data-internallinksmanager029f6b8e52c=\"83\" title=\"Worldwide Employee Relocation Council (ERC) Forklaret\">ERC<\/a>)<\/li>\n<li> <a href=\"https:\/\/moverdb.com\/nb\/eura\/\">European Relocation Association<\/a> (<a href=\"https:\/\/moverdb.com\/nb\/eura\/\" data-internallinksmanager029f6b8e52c=\"13\" title=\"European Relocation Association (EuRA) Forklaret\">EURA<\/a>)<\/li>\n<li> ISO 9001<\/li>\n<li> ISO 14001<\/li>\n<li> ISO 27001<\/li>\n<\/ul>\n<h2>Packimpex vurderinger<\/h2>\n<p><strong>Positivt:<\/strong><\/p>\n<p><em>\"Disse gutta var flotte. Jeg har ingen anelse om <a href=\"https:\/\/moverdb.com\/nb\/flyttekostnader\/\" target=\"_blank\" rel=\"noopener\">kostnad<\/a> da selskapet tok seg av dette, men den forsiktigheten de viste da de pakket huset mitt i <a href=\"https:\/\/moverdb.com\/nb\/moving-to-london\/\" target=\"_blank\" rel=\"noopener\">London<\/a> og de var veldig n\u00f8ye med \u00e5 sette sammen alt p\u00e5 denne siden.\"<\/em> - via <a href=\"https:\/\/www.englishforum.ch\/housing-general\/131431-packimpex-review.html\" target=\"_blank\" rel=\"noopener\">Engelsk Forum Sveits<\/a><\/p>\n<p><strong>Nei: <\/strong><\/p>\n<p><em>\"Ekstremt d\u00e5rlig h\u00e5ndtering av avreiseordninger\"<\/em> - Anu via <a href=\"https:\/\/www.facebook.com\/pg\/packimpex\/reviews\/?ref=page_internal\" target=\"_blank\" rel=\"noopener\">Facebook<\/a><\/p>\n<div itemprop=\"review\" itemscope itemtype=\"http:\/\/schema.org\/Review\">\n<span itemprop=\"author\" itemscope=\"\" itemtype=\"http:\/\/schema.org\/Organization\"><span itemprop=\"name\">MoverDB.com<\/span><\/span> Nettstedsgjennomgang for <span itemprop=\"itemreviewed\" itemscope=\"\" itemtype=\"http:\/\/schema.org\/Brand\"><span itemprop=\"name\">Packimpex<\/span><\/span>:<\/p>\n<ol>\n<li> Tydelige kontaktopplysninger p\u00e5 nettstedet (inkludert telefonnummer): <strong>Ja<\/strong><\/li>\n<li> Lett \u00e5 f\u00e5 tak i <a href=\"https:\/\/moverdb.com\/nb\/sitater\/\">internasjonale flyttetilbud<\/a>? (skjema for foresp\u00f8rsel om prisoverslag p\u00e5 nett): <strong>Ja<\/strong><\/li>\n<li> Tydelig informasjon p\u00e5 nettstedet: <strong>Ja,<\/strong> Nettstedet beskriver tydelig alle tjenestene de tilbyr.<\/li>\n<li> Medlemskap i internasjonale anerkjente flytteorganisasjoner: <strong>Ja<\/strong>, (se ovenfor)<\/li>\n<li> Liste over kunder og\/eller tidligere kundeuttalelser. <strong>Nei,<\/strong> men de fleste nettanmeldelser for selskapet ser ut til \u00e5 v\u00e6re positive.<\/li>\n<\/ol>\n<div itemprop=\"reviewRating\" itemscope itemtype=\"http:\/\/schema.org\/Rating\"><meta itemprop=\"worstRating\" content = \"0\" \/><meta itemprop=\"bestRating\" content=\"5\" \/><meta itemprop=\"ratingValue\" content=\"4.5\"><\/div>\n<p><strong>Samlet poengsum: 4.5\/5<\/strong><br \/>\n<strong>Dato for gjennomgang:<\/strong> <span itemprop=\"datePublished\" content=\"2017-07-10\">10\/07\/2017<\/span>\n<\/div>\n<p>Les mer om <a href=\"https:\/\/moverdb.com\/nb\/flyttefirmaer\/\">internasjonale flyttebyr\u00e5er<\/a> og v\u00e5r <a href=\"https:\/\/moverdb.com\/nb\/vurderinger\/\">gjennomgangsprosessen forklart<\/a>.<\/p>\n<p><strong>Nettsted:<\/strong> <a href=\"http:\/\/www.packimpex.ch\/\" target=\"_blank\" rel=\"noopener\">http:\/\/www.packimpex.ch\/<\/a><\/p>","protected":false},"excerpt":{"rendered":"<p>Packimpex is a relocation and removal company based in Bern, Switzerland. It offers its clients a range of services which are listed below, together with a company profile and reviews. International Moves Dedicated move manager Full packing service, partial packing or DIY packing Multilingual packers Reusable and recyclable packing where possible Air, road or sea [&hellip;]<\/p>\n","protected":false},"author":1,"featured_media":0,"parent":0,"menu_order":0,"comment_status":"closed","ping_status":"closed","template":"","meta":{"_genesis_hide_title":false,"_genesis_hide_breadcrumbs":false,"_genesis_hide_singular_image":false,"_genesis_hide_footer_widgets":false,"_genesis_custom_body_class":"","_genesis_custom_post_class":"","_genesis_layout":"","footnotes":""},"class_list":{"0":"post-1558","1":"page","2":"type-page","3":"status-publish","5":"entry"},"_links":{"self":[{"href":"https:\/\/moverdb.com\/nb\/wp-json\/wp\/v2\/pages\/1558","targetHints":{"allow":["GET"]}}],"collection":[{"href":"https:\/\/moverdb.com\/nb\/wp-json\/wp\/v2\/pages"}],"about":[{"href":"https:\/\/moverdb.com\/nb\/wp-json\/wp\/v2\/types\/page"}],"author":[{"embeddable":true,"href":"https:\/\/moverdb.com\/nb\/wp-json\/wp\/v2\/users\/1"}],"replies":[{"embeddable":true,"href":"https:\/\/moverdb.com\/nb\/wp-json\/wp\/v2\/comments?post=1558"}],"version-history":[{"count":4,"href":"https:\/\/moverdb.com\/nb\/wp-json\/wp\/v2\/pages\/1558\/revisions"}],"predecessor-version":[{"id":6228,"href":"https:\/\/moverdb.com\/nb\/wp-json\/wp\/v2\/pages\/1558\/revisions\/6228"}],"wp:attachment":[{"href":"https:\/\/moverdb.com\/nb\/wp-json\/wp\/v2\/media?parent=1558"}],"curies":[{"name":"wp","href":"https:\/\/api.w.org\/{rel}","templated":true}]}}