{"id":1548,"date":"2017-02-01T15:00:53","date_gmt":"2017-02-01T15:00:53","guid":{"rendered":"http:\/\/moverdb.com\/?page_id=1548"},"modified":"2026-01-08T15:20:43","modified_gmt":"2026-01-08T15:20:43","slug":"sirva","status":"publish","type":"page","link":"https:\/\/moverdb.com\/nb\/sirva\/","title":{"rendered":"SIRVA - Vurderinger av internasjonal flytting og relokalisering"},"content":{"rendered":"<p>SIRVA er et globalt relokaliseringsselskap med hovedkontor i <a href=\"https:\/\/moverdb.com\/nb\/moving-to-the-united-states\/moving-to-illinois\/\" data-internallinksmanager029f6b8e52c=\"401\" title=\"Flytter du til Illinois? 2023 Levekostnader og flyttetips\">Illinois<\/a>. Selskapet tilbyr en rekke flyttetjenester til bedrifter og privatpersoner. Disse er listet opp nedenfor sammen med en bedriftsprofil og anmeldelser.<\/p>\n<p><strong>Internasjonal flytting<\/strong><\/p>\n<ul>\n<li> Verdensomspennende nettverk av ressurser i bevegelse<\/li>\n<li> Spor forsendelsen din d\u00f8gnet rundt<\/li>\n<li> Husunders\u00f8kelse for \u00e5 fastsl\u00e5 emballasjekrav osv.<\/li>\n<li> Forsikring ordnet<\/li>\n<li> Personlig koordinator vil bist\u00e5 med n\u00f8dvendig dokumentasjon<\/li>\n<li> Pakking og lasting<\/li>\n<li> Tollklarering<\/li>\n<li> Levering og utpakking<\/li>\n<li> Engelsktalende mannskapsledere vil v\u00e6re tilgjengelig for \u00e5 hjelpe deg ved levering.<\/li>\n<li> Alle gjenstander vil bli n\u00f8ye losset og kryssjekket med inventarlisten din og vil bli plassert i de riktige rommene.<\/li>\n<li> Skj\u00f8re gjenstander, for eksempel glass og <a href=\"https:\/\/moverdb.com\/nb\/moving-to-china\/\" data-internallinksmanager029f6b8e52c=\"357\" title=\"Flytter du til Kina? 2023 Levekostnader og flyttetips\">Kina<\/a>skal pakkes ut p\u00e5 flate overflater<\/li>\n<li> Alt emballasjemateriale og avfall vil raskt bli fjernet fra hjemmet ditt.<\/li>\n<\/ul>\n<p><strong>Flyttetjenester for bedrifter<\/strong><\/p>\n<ul>\n<li> Bosetting i tjenester<\/li>\n<li> Visum og arbeidstillatelser<\/li>\n<li> Skole- og hjemmes\u00f8k<\/li>\n<li> Kulturell informasjon<\/li>\n<li> Bistand til partner\/ektefelle<\/li>\n<li> Spesialisert pakking<\/li>\n<\/ul>\n<p><strong>Flyttetjenester<\/strong><\/p>\n<ul>\n<li> Flytting av husholdning<\/li>\n<li> Bedriftsflytting<\/li>\n<li> Lokal flytting<\/li>\n<li> Flytting mellom stater<\/li>\n<li> Internasjonal flytting<\/li>\n<li> Personlig flytteplan<\/li>\n<\/ul>\n<h2>SIRVA Bedriftsprofil<\/h2>\n<p>Sirva Inc ble stiftet i 1997 og er et selskap som tilbyr flytte- og relokaliseringstjenester til bedrifter og enkeltpersoner. Selskapet opererer i mer enn 170 land i over 1 400 byer, og de nordamerikanske merkevarene er blant annet <a href=\"https:\/\/moverdb.com\/nb\/allierte-van-linjer\/\">Allied Van Lines<\/a> og <a href=\"https:\/\/moverdb.com\/nb\/north-american-van-lines\/\">Nordamerikanske varebilruter<\/a>.<\/p>\n<p>Sirva utf\u00f8rer rundt 385 000 flyttinger per \u00e5r i 43 land over hele verden. Disse inkluderer bedriftskunder s\u00e5 vel som milit\u00e6rt og offentlig personell.<\/p>\n<p>Sirva har f\u00f8lgende akkrediteringer og tilknytninger:<\/p>\n<ul>\n<li> <a href=\"https:\/\/moverdb.com\/nb\/iam\/\">International Association of Movers<\/a> (<a href=\"https:\/\/moverdb.com\/nb\/iam\/\" data-internallinksmanager029f6b8e52c=\"23\" title=\"International Association of Movers (IAM) Forklaret\">IAM<\/a>)<\/li>\n<\/ul>\n<h2>SIRVA-vurderinger<\/h2>\n<p><strong>Positivt:<\/strong><\/p>\n<ul>\n<li> <em>\"Mannen min og jeg hadde en fantastisk opplevelse med \u00e5 bruke Sirva-l\u00e5net da vi nylig flyttet.\"<\/em> Karlee via <a href=\"https:\/\/www.reputada.com\/company\/sirva.com\" target=\"_blank\" rel=\"noopener\">Reputada<\/a>.\n<\/ul>\n<p><strong>Nei:<\/strong><\/p>\n<ul>\n<li> <em>\"Alt sammen for at mitt svar ikke skal bli sett p\u00e5 som noen form for \"\u00e6rekrenkelse\", vil jeg gj\u00f8re mitt beste for \u00e5 bare skildre det som skjedde, og fors\u00f8ke \u00e5 bruke s\u00e5 entusiastiske ord som det med rimelighet kan forventes.\" <\/em> - Lilaora via <a href=\"https:\/\/www.trulia.com\/voices\/Home_Selling\/Has_anyone_dealt_with_a_relocation_firm_called_SIR-29232\" target=\"_blank\" rel=\"noopener\">Trulia<\/a>.\n<\/ul>\n<p>For SIRVA-merker b\u00f8r du ogs\u00e5 lese <a href=\"https:\/\/moverdb.com\/nb\/allierte-van-linjer\/\">Allied Van Lines vurderinger<\/a> og <a href=\"https:\/\/moverdb.com\/nb\/north-american-van-lines\/\">North American Van Lines vurderinger<\/a>.<\/p>\n<div itemprop=\"review\" itemscope itemtype=\"http:\/\/schema.org\/Review\">\n<span itemprop=\"author\" itemscope=\"\" itemtype=\"http:\/\/schema.org\/Organization\"><span itemprop=\"name\">MoverDB.com<\/span><\/span> Nettstedsgjennomgang for <span itemprop=\"itemreviewed\" itemscope=\"\" itemtype=\"http:\/\/schema.org\/Brand\"><span itemprop=\"name\">SIRVA<\/span><\/span>:<\/p>\n<ol>\n<li> Tydelige kontaktopplysninger p\u00e5 nettstedet (inkludert telefonnummer): <strong>Ja<\/strong><\/li>\n<li> Lett \u00e5 f\u00e5 tak i <a href=\"https:\/\/moverdb.com\/nb\/sitater\/\">internasjonale flyttetilbud<\/a>? (skjema for foresp\u00f8rsel om prisoverslag p\u00e5 nett): <strong>Ja<\/strong><\/li>\n<li> Tydelig informasjon p\u00e5 nettstedet: <strong>Ja,<\/strong> Nettstedet beskriver tydelig alle tjenestene de tilbyr.<\/li>\n<li> Medlemskap i internasjonalt anerkjente flytteorganisasjoner: <strong>Ja<\/strong>, (men bare IAM)<\/li>\n<li> Liste over kunder og\/eller tidligere kundeuttalelser. <strong>Ja,<\/strong> de har en seksjon for casestudier p\u00e5 nettstedet sitt. Det finnes imidlertid et begrenset antall anmeldelser p\u00e5 nettet, og de fleste er n\u00f8ytrale eller negative.<\/li>\n<\/ol>\n<div itemprop=\"reviewRating\" itemscope itemtype=\"http:\/\/schema.org\/Rating\"><meta itemprop=\"worstRating\" content = \"0\" \/><meta itemprop=\"bestRating\" content=\"5\" \/><meta itemprop=\"ratingValue\" content=\"4.5\"><\/div>\n<p><strong>Samlet poengsum: 4.5\/5<\/strong><br \/>\n<strong>Dato for gjennomgang:<\/strong> <span itemprop=\"datePublished\" content=\"2016-02-01\">01\/02\/2017<\/span>\n<\/div>\n<p>Les mer om <a href=\"https:\/\/moverdb.com\/nb\/flyttefirmaer\/\">internasjonale flyttebyr\u00e5er<\/a> og v\u00e5r <a href=\"https:\/\/moverdb.com\/nb\/vurderinger\/\">gjennomgangsprosessen<\/a>.<\/p>\n<p><strong>Nettsted:<\/strong> <a href=\"https:\/\/www.sirva.com\/\" target=\"_blank\" rel=\"noopener\">https:\/\/www.sirva.com\/<\/a> <\/p>","protected":false},"excerpt":{"rendered":"<p>SIRVA is a global relocation company with its head office in Illinois. It offers its corporate and individual clients a variety of moving services. These are listed below together with a company profile and reviews. International Moving Worldwide network of moving resources Track your shipment 24\/7 House survey to ascertain packing requirements etc Insurance arranged [&hellip;]<\/p>\n","protected":false},"author":1,"featured_media":0,"parent":0,"menu_order":0,"comment_status":"closed","ping_status":"closed","template":"","meta":{"_genesis_hide_title":false,"_genesis_hide_breadcrumbs":false,"_genesis_hide_singular_image":false,"_genesis_hide_footer_widgets":false,"_genesis_custom_body_class":"","_genesis_custom_post_class":"","_genesis_layout":"","footnotes":""},"class_list":{"0":"post-1548","1":"page","2":"type-page","3":"status-publish","5":"entry"},"_links":{"self":[{"href":"https:\/\/moverdb.com\/nb\/wp-json\/wp\/v2\/pages\/1548","targetHints":{"allow":["GET"]}}],"collection":[{"href":"https:\/\/moverdb.com\/nb\/wp-json\/wp\/v2\/pages"}],"about":[{"href":"https:\/\/moverdb.com\/nb\/wp-json\/wp\/v2\/types\/page"}],"author":[{"embeddable":true,"href":"https:\/\/moverdb.com\/nb\/wp-json\/wp\/v2\/users\/1"}],"replies":[{"embeddable":true,"href":"https:\/\/moverdb.com\/nb\/wp-json\/wp\/v2\/comments?post=1548"}],"version-history":[{"count":5,"href":"https:\/\/moverdb.com\/nb\/wp-json\/wp\/v2\/pages\/1548\/revisions"}],"predecessor-version":[{"id":6239,"href":"https:\/\/moverdb.com\/nb\/wp-json\/wp\/v2\/pages\/1548\/revisions\/6239"}],"wp:attachment":[{"href":"https:\/\/moverdb.com\/nb\/wp-json\/wp\/v2\/media?parent=1548"}],"curies":[{"name":"wp","href":"https:\/\/api.w.org\/{rel}","templated":true}]}}