{"id":1542,"date":"2017-02-01T16:45:14","date_gmt":"2017-02-01T16:45:14","guid":{"rendered":"http:\/\/moverdb.com\/?page_id=1542"},"modified":"2026-01-08T15:30:38","modified_gmt":"2026-01-08T15:30:38","slug":"vip-transport","status":"publish","type":"page","link":"https:\/\/moverdb.com\/nb\/vip-transport\/","title":{"rendered":"VIP-transport - Internasjonale flytteanmeldelser"},"content":{"rendered":"<p>VIP Transports hovedkontor ligger i Corona, CA. Selskapet tilbyr sine kunder en rekke flyttetjenester som er oppf\u00f8rt nedenfor, sammen med en selskapsprofil og anmeldelser.<\/p>\n<p><strong>Internasjonale bevegelser<\/strong><\/p>\n<p>Tjenester f\u00f8r tildeling<\/p>\n<ul>\n<li>Visum- og innvandringstjenester<\/li>\n<li>Forh\u00e5ndsvisning av tur og omr\u00e5deorientering<\/li>\n<li>Informasjon om land og kultur<\/li>\n<\/ul>\n<p>Flyttetjenester<\/p>\n<ul>\n<li>Planlegging f\u00f8r flytting<\/li>\n<li>Transport av eiendeler<\/li>\n<li>H\u00e5ndtering av flyttingen<\/li>\n<li>Sporing av forsendelser<\/li>\n<\/ul>\n<p>Internasjonale destinasjonstjenester<\/p>\n<ul>\n<li>Kultur- og spr\u00e5koppl\u00e6ring<\/li>\n<li>Bistand til skoler<\/li>\n<li>St\u00f8tte til partner\/ektefelle<\/li>\n<li>Bosetting i tjeneste<\/li>\n<li>Bistand ved avreise<\/li>\n<\/ul>\n<p>Beskyttelsestjenester<\/p>\n<ul>\n<li>Vektmultiplikator<\/li>\n<li>Inventar av h\u00f8y verdi<\/li>\n<li>Spesifisert verdsatt varelager<\/li>\n<\/ul>\n<p>Boligbistand<\/p>\n<ul>\n<li>Tjenester for \u00e5 finne hjem<\/li>\n<li>Midlertidig innkvartering<\/li>\n<li>Forvaltning av eiendom og leieforhold<\/li>\n<\/ul>\n<p><strong>Hjemflyttinger<\/strong><\/p>\n<ul>\n<li>Lokal, langdistanse og internasjonal flytting<\/li>\n<li>Lagring og klimakontrollert lagring<\/li>\n<li>Tilpassede kasser<\/li>\n<li>Pakke- og utpakkingstjenester<\/li>\n<li>Biltransport<\/li>\n<li>Nettverk, PC og teateroppkobling<\/li>\n<li>Eiendomsmeglingstjenester<\/li>\n<li>Tjenester med hvite hansker<\/li>\n<\/ul>\n<p><strong>Bedriftsflytting<\/strong><\/p>\n<ul>\n<li>Personlig koordinator<\/li>\n<li>D\u00f8r til d\u00f8r<\/li>\n<li>Full service pakking og utpakking<\/li>\n<li>Langtids- og korttidslagring<\/li>\n<li>Omfattende rapport og utgiftssporing<\/li>\n<li>Niv\u00e5delt tjenestetilbud<\/li>\n<li>Fleksible tjenester for tilskuddsbaserte utgifter<\/li>\n<li>Tilpassede velkomstbrosjyrer<\/li>\n<li>Online sporing<\/li>\n<li>Dedikert kontoansvarlig utelukkende for ansatte<\/li>\n<li>Midlertidige boliger<\/li>\n<\/ul>\n<p><strong>Spesialiserte tjenester<\/strong><\/p>\n<ul>\n<li>Flytting og frakt av vin<\/li>\n<li>Tilpassede kasser<\/li>\n<li>Tjeneste for hvite hansker<\/li>\n<li>Samleobjekter av h\u00f8y verdi<\/li>\n<li>Transport av medisinsk utstyr<\/li>\n<li>Elektronikk og robotteknologi<\/li>\n<li>Gjestfrihet og helsetjenester<\/li>\n<li>Musikk og underholdning<\/li>\n<li>Luft- og romfartslogistikk<\/li>\n<li>Flytting av idrettsut\u00f8vere og idrettslag<\/li>\n<li>Tjeneste til Hawaii-\u00f8yene<\/li>\n<li>Flytting av laboratorium<\/li>\n<li>Kunst og antikviteter<\/li>\n<li>Milit\u00e6ret og GSA<\/li>\n<li>Flytting av universiteter og akademiske institusjoner<\/li>\n<\/ul>\n<p><strong>Logistikk<\/strong><\/p>\n<ul>\n<li>Logistikk\/ LTL\/ Lastebil<\/li>\n<li>Lagring og distribusjon<\/li>\n<li>Fl\u00e5tekapasiteter<\/li>\n<li>Messetjenester<\/li>\n<li>Kommersiell flytting<\/li>\n<li>Flatbanetjenester<\/li>\n<li>Riggingstjenester<\/li>\n<li><a href=\"https:\/\/moverdb.com\/nb\/container-shipping\/\" data-internallinksmanager029f6b8e52c=\"3\" title=\"Diagram over internasjonale fraktrater for containere: April 2026\">Internasjonal skipsfart<\/a><\/li>\n<\/ul>\n<p><strong>Lagring<\/strong><\/p>\n<ul>\n<li>Lang og kort sikt<\/li>\n<li>Klimakontrollert med minimum UV-belysning<\/li>\n<li>Privat lagring av vin<\/li>\n<li>24 timers sikkerhet<\/li>\n<li>Strenge brann-, alarm- og sikkerhetstester<\/li>\n<li>Private klimatiserte rom tilgjengelig med sikrede kodeinngangssystemer.<\/li>\n<\/ul>\n<h2>Profil for VIP-transportselskap<\/h2>\n<p>VIP Transport er en del av UniGroup, som er morselskapet til <a href=\"https:\/\/moverdb.com\/nb\/mayflower-transitt\/\">Mayflower Transit<\/a> og <a href=\"https:\/\/moverdb.com\/nb\/united-van-lines\/\">United Van Lines<\/a>. Selskapet, som ble startet i 1982, transporterer mennesker og varer over hele verden og benytter seg av UniGroups agentnettverk. <\/p>\n<p>I <a href=\"https:\/\/moverdb.com\/nb\/moving-to-the-united-states\/\" data-internallinksmanager029f6b8e52c=\"94\" title=\"Flytte til USA? 2023 Levekostnader og flyttetips\">De forente stater<\/a> alene, er det 1 100 agenter \u00e5 ringe til, og internasjonalt er det over 1 350 agenter. VIP Transport har ogs\u00e5 tilgang til 46 millioner kvadratmeter lager, hvorav 7 millioner er klimakontrollert.<\/p>\n<p>VIP Transport har en spesialisert kj\u00f8ret\u00f8yfl\u00e5te som omfatter klimakontrollerte trailere, laboratoriebiler med generator og flate lastebiler med spesielle lastekapasiteter. Selskapet f\u00f8lger et strengt milj\u00f8program for \u00e5 minimere sitt karbonavtrykk.<br \/>\nVIP Transport har f\u00f8lgende akkrediteringer og tilknytninger:<\/p>\n<ul>\n<li> <a href=\"https:\/\/moverdb.com\/nb\/amsa\/\">American Moving and Storage Association<\/a> (<a href=\"https:\/\/moverdb.com\/nb\/amsa\/\" data-internallinksmanager029f6b8e52c=\"5\" title=\"American Moving &amp; Storage Association (AMSA) forklart\">AMSA<\/a>)<\/li>\n<li> <a href=\"https:\/\/moverdb.com\/nb\/felgpromover\/\">ProMover<\/a><\/li>\n<li> Better Business Bureau (BBB) A+<\/li>\n<li> WBENC-sertifisert<\/li>\n<li> ISO 9001<\/li>\n<\/ul>\n<h2>VIP-transportanmeldelser<\/h2>\n<p><strong>Positivt:<\/strong><\/p>\n<ul>\n<li> <em>\"Den <a href=\"https:\/\/moverdb.com\/nb\/moving-to-los-angeles\/\">Los Angeles<\/a> Clippers og VIP Transport har hatt et fantastisk forhold gjennom \u00e5rene. De har alltid v\u00e6rt klare til \u00e5 hjelpe oss med flyttingen av flere viktige spillere og har gjort det uten en klage fra noen av spillerne.\"<\/em> - via <a href=\"http:\/\/www.viptransport.com\/testimonials\/\" target=\"_blank\" rel=\"noopener\">bedriftsuttalelse<\/a> side.<\/li>\n<li> <em>\"Disse gutta f\u00e5r 10 av 10.  Fra det f\u00f8rste kontaktpunktet til jobben var fullf\u00f8rt, fikk vi \"A-1 Service\".  \"<\/em> - Robert via <a href=\"https:\/\/www.yelp.com\/biz\/vip-transport-corona-6?hrid=nuC3r_2wy6HRLOm4owqitg&#038;utm_campaign=www_review_share_popup&#038;utm_medium=copy_link&#038;utm_source=(direct)\" target=\"_blank\" rel=\"noopener\">Yelp<\/a><\/li>\n<li> <em>\"Jeg hadde en flott opplevelse med VIP!\"<\/em> - Michelle via <a href=\"https:\/\/www.mymovingreviews.com\/movers\/vip-transport-781#53376\" target=\"_blank\" rel=\"noopener\">MyMovingReviews<\/a><\/li>\n<\/ul>\n<p><strong>Nei:<\/strong><\/p>\n<ul>\n<li><em>\"Jeg skulle \u00f8nske jeg kunne gi dem null stjerner.\"<\/em> - Nancy T via <a href=\"https:\/\/www.yelp.com\/biz\/vip-transport-corona-6?hrid=DvJSu2LKWnFvj2WuqZXtoQ&#038;utm_campaign=www_review_share_popup&#038;utm_medium=copy_link&#038;utm_source=(direct)\" target=\"_blank\" rel=\"noopener\">Yelp<\/a><\/li>\n<li> <em>\"Jeg valgte Mayflower\/VIP Transport p\u00e5 grunn av representanten som kom for \u00e5 gj\u00f8re et estimat p\u00e5 stedet. Forklaringene hans ga mest mening for meg i forhold til andre estimater. Det viste seg imidlertid at vektestimatet hans var 3,5 kilo h\u00f8yere enn den faktiske vekten min.\"<\/em> - Ruthie via <a href=\"https:\/\/www.mymovingreviews.com\/movers\/vip-transport-781#50382\" target=\"_blank\" rel=\"noopener\">MyMovingReviews<\/a><\/li>\n<\/ul>\n<div itemprop=\"review\" itemscope itemtype=\"http:\/\/schema.org\/Review\">\n<span itemprop=\"author\" itemscope=\"\" itemtype=\"http:\/\/schema.org\/Organization\"><span itemprop=\"name\">MoverDB.com<\/span><\/span> Nettstedsgjennomgang for <span itemprop=\"itemreviewed\" itemscope=\"\" itemtype=\"http:\/\/schema.org\/Brand\"><span itemprop=\"name\">VIP-transport<\/span><\/span>:<\/p>\n<ol>\n<li> Tydelige kontaktopplysninger p\u00e5 nettstedet (inkludert telefonnummer): <strong>Ja<\/strong><\/li>\n<li> Lett \u00e5 f\u00e5 tak i <a href=\"https:\/\/moverdb.com\/nb\/sitater\/\">internasjonale flyttetilbud<\/a>? (skjema for foresp\u00f8rsel om prisoverslag p\u00e5 nett): <strong>Ja<\/strong><\/li>\n<li> Tydelig informasjon p\u00e5 nettstedet: <strong>Ja,<\/strong> nettstedet inneholder mye detaljert informasjon om flytting.<\/li>\n<li> Medlemskap i internasjonalt anerkjente flytteorganisasjoner: <strong>Ja<\/strong>, (se ovenfor)<\/li>\n<li> Liste over kunder og\/eller tidligere kundeuttalelser. <strong>Ja,<\/strong> mange positive kundeuttalelser finnes p\u00e5 nettstedet deres, og de har for det meste positive anmeldelser andre steder p\u00e5 nettet.<\/li>\n<\/ol>\n<div itemprop=\"reviewRating\" itemscope itemtype=\"http:\/\/schema.org\/Rating\"><meta itemprop=\"worstRating\" content = \"0\" \/><meta itemprop=\"bestRating\" content=\"5\" \/><meta itemprop=\"ratingValue\" content=\"5\"><\/div>\n<p><strong>Samlet poengsum: 5\/5<\/strong><br \/>\n<strong>Dato for gjennomgang:<\/strong> <span itemprop=\"datePublished\" content=\"2017-02-01\">01\/02\/2017<\/span>\n<\/div>\n<p>Les mer om <a href=\"https:\/\/moverdb.com\/nb\/flyttefirmaer\/\">internasjonale flyttebyr\u00e5er<\/a> og v\u00e5r <a href=\"https:\/\/moverdb.com\/nb\/vurderinger\/\">gjennomgangsprosessen<\/a>.<\/p>\n<p><strong>Nettsteder:<\/strong> <a href=\"http:\/\/www.viptransport.com\/\" target=\"_blank\" rel=\"noopener\">http:\/\/www.viptransport.com\/<\/a><\/p>","protected":false},"excerpt":{"rendered":"<p>VIP Transport&#8217;s head office is in Corona, CA. The company offers its clients a variety of moving services which are listed below, together with a company profile and reviews. International Moves Pre-assignment Services Visa and immigration services Preview trip and area orientation Country and culture information Moving Services Pre-move planning Transportation of belongings Managing the [&hellip;]<\/p>\n","protected":false},"author":1,"featured_media":0,"parent":0,"menu_order":0,"comment_status":"closed","ping_status":"closed","template":"","meta":{"_genesis_hide_title":false,"_genesis_hide_breadcrumbs":false,"_genesis_hide_singular_image":false,"_genesis_hide_footer_widgets":false,"_genesis_custom_body_class":"","_genesis_custom_post_class":"","_genesis_layout":"","footnotes":""},"class_list":{"0":"post-1542","1":"page","2":"type-page","3":"status-publish","5":"entry"},"_links":{"self":[{"href":"https:\/\/moverdb.com\/nb\/wp-json\/wp\/v2\/pages\/1542","targetHints":{"allow":["GET"]}}],"collection":[{"href":"https:\/\/moverdb.com\/nb\/wp-json\/wp\/v2\/pages"}],"about":[{"href":"https:\/\/moverdb.com\/nb\/wp-json\/wp\/v2\/types\/page"}],"author":[{"embeddable":true,"href":"https:\/\/moverdb.com\/nb\/wp-json\/wp\/v2\/users\/1"}],"replies":[{"embeddable":true,"href":"https:\/\/moverdb.com\/nb\/wp-json\/wp\/v2\/comments?post=1542"}],"version-history":[{"count":5,"href":"https:\/\/moverdb.com\/nb\/wp-json\/wp\/v2\/pages\/1542\/revisions"}],"predecessor-version":[{"id":6250,"href":"https:\/\/moverdb.com\/nb\/wp-json\/wp\/v2\/pages\/1542\/revisions\/6250"}],"wp:attachment":[{"href":"https:\/\/moverdb.com\/nb\/wp-json\/wp\/v2\/media?parent=1542"}],"curies":[{"name":"wp","href":"https:\/\/api.w.org\/{rel}","templated":true}]}}